{"id":16408,"date":"2022-11-17T12:50:38","date_gmt":"2022-11-17T12:50:38","guid":{"rendered":"https:\/\/www.ehu.eus\/cdsea\/web\/?page_id=16408"},"modified":"2022-11-17T12:52:25","modified_gmt":"2022-11-17T12:52:25","slug":"16408-2","status":"publish","type":"page","link":"https:\/\/www.ehu.eus\/cdsea\/web\/index.php\/16408-2\/","title":{"rendered":"Participaci\u00f3n en la jornada sobre modelos de gesti\u00f3n forestal sostenibles"},"content":{"rendered":"[vc_row][vc_column][vc_column_text]<p><\/p>\n<p><span style=\"font-size: 14pt;\"><strong>Participaci\u00f3n en la jornada sobre modelos de gesti\u00f3n forestal sostenibles<\/strong><\/span><\/p>\n<p>Los d\u00edas 15 y 16 de noviembre de 2022 Ibone Ametzaga, directora de la c\u00e1tedra UNESCO de desarrollo sostenible y educaci\u00f3n ambiental participara en las jornadas <strong>jornadas sobre Modelos de gesti\u00f3n forestal sostenibles<\/strong>, que se llevar\u00e1n a cabo en Bizkaia Aretoa (UPV\/EHU), Bilbao.<\/p>\n<a href=\"https:\/\/www.ehu.eus\/cdsea\/web\/wp-content\/uploads\/2017\/03\/Bosque-sostenibles.pdf\" class=\"pdfemb-viewer\" style=\"width: 650px; height: 900px; \" data-width=\"650\" data-height=\"900\"  data-toolbar=\"top\" data-toolbar-fixed=\"off\">Bosque sostenibles<br\/><\/a>\n<p><\/p>[\/vc_column_text][\/vc_column][\/vc_row]","protected":false},"excerpt":{"rendered":"<p>[vc_row][vc_column][vc_column_text] Participaci\u00f3n en la jornada sobre modelos de gesti\u00f3n forestal sostenibles Los d\u00edas 15 y 16 de noviembre de 2022 Ibone Ametzaga, directora de la c\u00e1tedra UNESCO de desarrollo sostenible y educaci\u00f3n ambiental participara en las jornadas jornadas sobre Modelos de gesti\u00f3n forestal sostenibles, que se llevar\u00e1n a cabo en Bizkaia Aretoa (UPV\/EHU), Bilbao. [\/vc_column_text][\/vc_column][\/vc_row]<\/p>\n","protected":false},"author":4,"featured_media":0,"parent":0,"menu_order":0,"comment_status":"closed","ping_status":"closed","template":"","meta":{"footnotes":""},"class_list":["post-16408","page","type-page","status-publish","hentry"],"_links":{"self":[{"href":"https:\/\/www.ehu.eus\/cdsea\/web\/index.php\/wp-json\/wp\/v2\/pages\/16408"}],"collection":[{"href":"https:\/\/www.ehu.eus\/cdsea\/web\/index.php\/wp-json\/wp\/v2\/pages"}],"about":[{"href":"https:\/\/www.ehu.eus\/cdsea\/web\/index.php\/wp-json\/wp\/v2\/types\/page"}],"author":[{"embeddable":true,"href":"https:\/\/www.ehu.eus\/cdsea\/web\/index.php\/wp-json\/wp\/v2\/users\/4"}],"replies":[{"embeddable":true,"href":"https:\/\/www.ehu.eus\/cdsea\/web\/index.php\/wp-json\/wp\/v2\/comments?post=16408"}],"version-history":[{"count":3,"href":"https:\/\/www.ehu.eus\/cdsea\/web\/index.php\/wp-json\/wp\/v2\/pages\/16408\/revisions"}],"predecessor-version":[{"id":16415,"href":"https:\/\/www.ehu.eus\/cdsea\/web\/index.php\/wp-json\/wp\/v2\/pages\/16408\/revisions\/16415"}],"wp:attachment":[{"href":"https:\/\/www.ehu.eus\/cdsea\/web\/index.php\/wp-json\/wp\/v2\/media?parent=16408"}],"curies":[{"name":"wp","href":"https:\/\/api.w.org\/{rel}","templated":true}]}}