{"id":166,"date":"2016-11-15T15:04:03","date_gmt":"2016-11-15T15:04:03","guid":{"rendered":"http:\/\/www.ehu.eus\/cdsea\/cdseawp\/?page_id=166"},"modified":"2024-10-14T15:17:37","modified_gmt":"2024-10-14T13:17:37","slug":"difusion","status":"publish","type":"page","link":"https:\/\/www.ehu.eus\/cdsea\/web\/index.php\/difusion\/","title":{"rendered":"Difusi\u00f3n"},"content":{"rendered":"\n<div class=\"wp-block-media-text is-stacked-on-mobile\" style=\"grid-template-columns:31% auto\"><figure class=\"wp-block-media-text__media\"><img loading=\"lazy\" decoding=\"async\" width=\"456\" height=\"342\" src=\"http:\/\/www.ehu.eus\/cdsea\/web\/wp-content\/uploads\/2016\/11\/Difusio\u0301n.jpg\" alt=\"\" class=\"wp-image-1250 size-full\" srcset=\"https:\/\/www.ehu.eus\/cdsea\/web\/wp-content\/uploads\/2016\/11\/Difusio\u0301n.jpg 456w, https:\/\/www.ehu.eus\/cdsea\/web\/wp-content\/uploads\/2016\/11\/Difusio\u0301n-300x225.jpg 300w\" sizes=\"(max-width: 456px) 100vw, 456px\" \/><\/figure><div class=\"wp-block-media-text__content\">\n<p><span style=\"font-size: 12pt;\">La C\u00e1tedra UNESCO sobre Desarrollo Sostenible y Educaci\u00f3n Ambiental de la UPV\/EHU, organiza <strong>Conferencias y Seminarios<\/strong>, con el fin de <strong>difundir conocimientos sobre desarrollo sostenible y educaci\u00f3n ambiental<\/strong> y reunir a las personas interesadas en dicho tema.<\/span><\/p>\n\n\n\n<p><span style=\"font-size: 12pt;\">Adem\u00e1s, la C\u00e1tedra participa en <strong>reuniones y congresos<\/strong> con intenci\u00f3n de adquirir conocimientos recientes sobre acciones que se est\u00e9n desarrollando en otras \u00e1reas europeas y del mundo, posibilitando as\u00ed, <strong>dar a conocer la C\u00e1tedra, adem\u00e1s de optar a futuras colaboraciones con otras entidades.<\/strong><\/span><\/p>\n<\/div><\/div>\n\n\n\n<div class=\"wp-block-columns is-layout-flex wp-container-core-columns-is-layout-1 wp-block-columns-is-layout-flex\">\n<div class=\"wp-block-column is-layout-flow wp-block-column-is-layout-flow\">\n<div class=\"wp-block-buttons is-content-justification-center is-layout-flex wp-container-core-buttons-is-layout-1 wp-block-buttons-is-layout-flex\">\n<div class=\"wp-block-button has-custom-width wp-block-button__width-75\"><a class=\"wp-block-button__link has-contrast-color has-text-color has-background has-link-color wp-element-button\" href=\"https:\/\/www.ehu.eus\/cdsea\/web\/index.php\/difusion\/prensa-y-radio\/\" style=\"background:linear-gradient(180deg,rgb(103,194,43) 0%,rgb(30,216,101) 100%)\"><strong>Prensa y Radio<\/strong><\/a><\/div>\n<\/div>\n<\/div>\n\n\n\n<div class=\"wp-block-column is-layout-flow wp-block-column-is-layout-flow\">\n<div class=\"wp-block-buttons is-content-justification-center is-layout-flex wp-container-core-buttons-is-layout-2 wp-block-buttons-is-layout-flex\">\n<div class=\"wp-block-button has-custom-width wp-block-button__width-75\"><a class=\"wp-block-button__link has-contrast-color has-text-color has-background has-link-color wp-element-button\" href=\"https:\/\/www.ehu.eus\/cdsea\/web\/index.php\/difusion\/videos\/\" style=\"background:linear-gradient(180deg,rgb(103,194,43) 0%,rgb(19,235,73) 100%)\"><strong>Videos<\/strong><\/a><\/div>\n<\/div>\n<\/div>\n\n\n\n<div class=\"wp-block-column is-layout-flow wp-block-column-is-layout-flow\">\n<div class=\"wp-block-buttons is-content-justification-center is-layout-flex wp-container-core-buttons-is-layout-3 wp-block-buttons-is-layout-flex\">\n<div class=\"wp-block-button has-custom-width wp-block-button__width-75\"><a class=\"wp-block-button__link has-contrast-color has-text-color has-background has-link-color wp-element-button\" href=\"https:\/\/www.ehu.eus\/cdsea\/web\/index.php\/acceso-alumnado\/eventos\/\" style=\"background:linear-gradient(180deg,rgb(103,194,43) 0%,rgb(20,222,84) 100%)\">Eventos<\/a><\/div>\n<\/div>\n<\/div>\n<\/div>\n","protected":false},"excerpt":{"rendered":"<p>La C\u00e1tedra UNESCO sobre Desarrollo Sostenible y Educaci\u00f3n Ambiental de la UPV\/EHU, organiza Conferencias y Seminarios, con el fin de difundir conocimientos sobre desarrollo sostenible y educaci\u00f3n ambiental y reunir a las personas interesadas en dicho tema. Adem\u00e1s, la C\u00e1tedra participa en reuniones y congresos con intenci\u00f3n de adquirir conocimientos recientes sobre acciones que se [&hellip;]<\/p>\n","protected":false},"author":1,"featured_media":0,"parent":0,"menu_order":0,"comment_status":"closed","ping_status":"closed","template":"","meta":{"footnotes":""},"class_list":["post-166","page","type-page","status-publish","hentry"],"_links":{"self":[{"href":"https:\/\/www.ehu.eus\/cdsea\/web\/index.php\/wp-json\/wp\/v2\/pages\/166"}],"collection":[{"href":"https:\/\/www.ehu.eus\/cdsea\/web\/index.php\/wp-json\/wp\/v2\/pages"}],"about":[{"href":"https:\/\/www.ehu.eus\/cdsea\/web\/index.php\/wp-json\/wp\/v2\/types\/page"}],"author":[{"embeddable":true,"href":"https:\/\/www.ehu.eus\/cdsea\/web\/index.php\/wp-json\/wp\/v2\/users\/1"}],"replies":[{"embeddable":true,"href":"https:\/\/www.ehu.eus\/cdsea\/web\/index.php\/wp-json\/wp\/v2\/comments?post=166"}],"version-history":[{"count":6,"href":"https:\/\/www.ehu.eus\/cdsea\/web\/index.php\/wp-json\/wp\/v2\/pages\/166\/revisions"}],"predecessor-version":[{"id":18501,"href":"https:\/\/www.ehu.eus\/cdsea\/web\/index.php\/wp-json\/wp\/v2\/pages\/166\/revisions\/18501"}],"wp:attachment":[{"href":"https:\/\/www.ehu.eus\/cdsea\/web\/index.php\/wp-json\/wp\/v2\/media?parent=166"}],"curies":[{"name":"wp","href":"https:\/\/api.w.org\/{rel}","templated":true}]}}