{"id":16841,"date":"2023-05-02T08:56:01","date_gmt":"2023-05-02T08:56:01","guid":{"rendered":"https:\/\/www.ehu.eus\/cdsea\/web\/?page_id=16841"},"modified":"2025-06-11T11:16:41","modified_gmt":"2025-06-11T09:16:41","slug":"preinscripcion-master-medio-ambiente-desarrollo-sostenible-y-ods","status":"publish","type":"page","link":"https:\/\/www.ehu.eus\/cdsea\/web\/index.php\/preinscripcion-master-medio-ambiente-desarrollo-sostenible-y-ods\/","title":{"rendered":"Preinscripci\u00f3n M\u00e1ster Medio Ambiente, Desarrollo Sostenible y ODS"},"content":{"rendered":"<p>El d\u00eda 22 de mayo se han abierto las preinscripciones para el M\u00e1ster Propio que lleva desarrollando la C\u00e1tedra Unesco de Desarrollo Sostenible y Educaci\u00f3n Ambiental durante los \u00faltimos a\u00f1os.<\/p>\n<p>Para preinscribiros, ten\u00e9is que seguir el siguiente enlace:<\/p>\n<p><a href=\"https:\/\/www.ehu.eus\/es\/web\/masterrak-eta-graduondokoak\/titulos-propios\/preinscripcion-y-matricula\/preinscripcion-y-admision\">https:\/\/www.ehu.eus\/es\/web\/masterrak-eta-graduondokoak\/titulos-propios\/preinscripcion-y-matricula\/preinscripcion-y-admision<\/a><\/p>\n<p>Si necesit\u00e1is informaci\u00f3n sobre el m\u00e1ster, aqu\u00ed la tenemos disponible:<\/p>\n<p><a href=\"https:\/\/www.ehu.eus\/es\/web\/graduondokoak\/master-medio-ambiente-sostenibilidad-ods\">https:\/\/www.ehu.eus\/es\/web\/graduondokoak\/master-medio-ambiente-sostenibilidad-ods<\/a><\/p>\n<p><img loading=\"lazy\" decoding=\"async\" class=\"size-medium wp-image-16860 aligncenter\" src=\"http:\/\/www.ehu.eus\/cdsea\/web\/wp-content\/uploads\/2017\/03\/maser-ods-23-300x167.png\" alt=\"\" width=\"300\" height=\"167\" srcset=\"https:\/\/www.ehu.eus\/cdsea\/web\/wp-content\/uploads\/2017\/03\/maser-ods-23-300x167.png 300w, https:\/\/www.ehu.eus\/cdsea\/web\/wp-content\/uploads\/2017\/03\/maser-ods-23-1024x569.png 1024w, https:\/\/www.ehu.eus\/cdsea\/web\/wp-content\/uploads\/2017\/03\/maser-ods-23-768x427.png 768w, https:\/\/www.ehu.eus\/cdsea\/web\/wp-content\/uploads\/2017\/03\/maser-ods-23-1536x853.png 1536w, https:\/\/www.ehu.eus\/cdsea\/web\/wp-content\/uploads\/2017\/03\/maser-ods-23-600x333.png 600w, https:\/\/www.ehu.eus\/cdsea\/web\/wp-content\/uploads\/2017\/03\/maser-ods-23.png 1597w\" sizes=\"(max-width: 300px) 100vw, 300px\" \/><\/p>\n","protected":false},"excerpt":{"rendered":"<p>El d\u00eda 22 de mayo se han abierto las preinscripciones para el M\u00e1ster Propio que lleva desarrollando la C\u00e1tedra Unesco de Desarrollo Sostenible y Educaci\u00f3n Ambiental durante los \u00faltimos a\u00f1os. Para preinscribiros, ten\u00e9is que seguir el siguiente enlace: https:\/\/www.ehu.eus\/es\/web\/masterrak-eta-graduondokoak\/titulos-propios\/preinscripcion-y-matricula\/preinscripcion-y-admision Si necesit\u00e1is informaci\u00f3n sobre el m\u00e1ster, aqu\u00ed la tenemos disponible: https:\/\/www.ehu.eus\/es\/web\/graduondokoak\/master-medio-ambiente-sostenibilidad-ods<\/p>\n","protected":false},"author":4,"featured_media":0,"parent":0,"menu_order":0,"comment_status":"closed","ping_status":"closed","template":"","meta":{"footnotes":""},"class_list":["post-16841","page","type-page","status-publish","hentry"],"_links":{"self":[{"href":"https:\/\/www.ehu.eus\/cdsea\/web\/index.php\/wp-json\/wp\/v2\/pages\/16841"}],"collection":[{"href":"https:\/\/www.ehu.eus\/cdsea\/web\/index.php\/wp-json\/wp\/v2\/pages"}],"about":[{"href":"https:\/\/www.ehu.eus\/cdsea\/web\/index.php\/wp-json\/wp\/v2\/types\/page"}],"author":[{"embeddable":true,"href":"https:\/\/www.ehu.eus\/cdsea\/web\/index.php\/wp-json\/wp\/v2\/users\/4"}],"replies":[{"embeddable":true,"href":"https:\/\/www.ehu.eus\/cdsea\/web\/index.php\/wp-json\/wp\/v2\/comments?post=16841"}],"version-history":[{"count":7,"href":"https:\/\/www.ehu.eus\/cdsea\/web\/index.php\/wp-json\/wp\/v2\/pages\/16841\/revisions"}],"predecessor-version":[{"id":18872,"href":"https:\/\/www.ehu.eus\/cdsea\/web\/index.php\/wp-json\/wp\/v2\/pages\/16841\/revisions\/18872"}],"wp:attachment":[{"href":"https:\/\/www.ehu.eus\/cdsea\/web\/index.php\/wp-json\/wp\/v2\/media?parent=16841"}],"curies":[{"name":"wp","href":"https:\/\/api.w.org\/{rel}","templated":true}]}}