{"id":16910,"date":"2023-06-13T11:33:36","date_gmt":"2023-06-13T11:33:36","guid":{"rendered":"https:\/\/www.ehu.eus\/cdsea\/web\/?page_id=16910"},"modified":"2023-06-13T11:33:37","modified_gmt":"2023-06-13T11:33:37","slug":"participacion-en-la-asamblea-general-de-las-naciones-unidas","status":"publish","type":"page","link":"https:\/\/www.ehu.eus\/cdsea\/web\/index.php\/participacion-en-la-asamblea-general-de-las-naciones-unidas\/","title":{"rendered":"Participaci\u00f3n en la Asamblea General de las Naciones Unidas"},"content":{"rendered":"\n<p>El 24 de abril de 2023, M\u00aa Estrella S\u00e1nchez Corchero, en representaci\u00f3n de la C\u00e1tedra UNESCO sobre desarrollo Sostenible y Educaci\u00f3n Ambiental (UPV\/EHU), particip\u00f3 en la Asamblea General de las Naciones Unidas en su sede de Nueva York, con motivo de la celebraci\u00f3n del D\u00eda de la Tierra. Desde 2009 hasta la actualidad se han realizado 12 entrevistas interactivas. A lo largo de estas 12 entrevistas se ha puesto de manifiesto la necesidad de un cambio paradigm\u00e1tico desde el antropocentrismo actual que permitir\u00e1 a la humanidad vivir en armon\u00eda con la Naturaleza<\/p>\n\n\n\n<p>La Resoluci\u00f3n 77\/169, de 14 de diciembre de 2022, de la Asamblea General, estableci\u00f3 como objetivo de la entrevista de este a\u00f1o la orden del Secretario General de celebrar una cumbre el 22 de abril de 2024 del pr\u00f3ximo a\u00f1o. Convoc\u00f3 la \u201cAsamblea de la Tierra\u201d para debatir sobre la eficacia de la implantaci\u00f3n de los Objetivos de Desarrollo Sostenible y la Agenda 2030, a partir de aportaciones y propuestas. la mejora del alumnado de universidades de todo el mundo y, en segundo lugar, la valoraci\u00f3n de la Naturaleza sobre los avances de las acciones interdisciplinares.<\/p>\n\n\n\n<p>A continuaci\u00f3n, se presentan unos enlaces que recogen la participaci\u00f3n de Estrella S\u00e1nchez Corchero:<\/p>\n\n\n\n<p>Texto:<a href=\"http:\/\/files.harmonywithnatureun.org\/uploads\/upload1400.pdf\" target=\"_blank\" rel=\"noreferrer noopener\">http:\/\/files.harmonywithnatureun.org\/uploads\/upload1400.pdf<\/a><br><br>Grabaci\u00f3n<br><a href=\"https:\/\/media.un.org\/en\/asset\/k1p\/k1plsgcocz?kalturaStartTime=7845\" target=\"_blank\" rel=\"noreferrer noopener\">https:\/\/media.un.org\/en\/asset\/k1p\/k1plsgcocz?kalturaStartTime=7845<\/a><br><br>Panel de expertos<br><a href=\"http:\/\/www.harmonywithnatureun.org\/experts\/\" target=\"_blank\" rel=\"noreferrer noopener\">http:\/\/www.harmonywithnatureun.org\/experts\/<\/a><\/p>\n","protected":false},"excerpt":{"rendered":"<p>El 24 de abril de 2023, M\u00aa Estrella S\u00e1nchez Corchero, en representaci\u00f3n de la C\u00e1tedra UNESCO sobre desarrollo Sostenible y Educaci\u00f3n Ambiental (UPV\/EHU), particip\u00f3 en la Asamblea General de las Naciones Unidas en su sede de Nueva York, con motivo de la celebraci\u00f3n del D\u00eda de la Tierra. Desde 2009 hasta la actualidad se han [&hellip;]<\/p>\n","protected":false},"author":4,"featured_media":0,"parent":0,"menu_order":0,"comment_status":"closed","ping_status":"closed","template":"","meta":{"footnotes":""},"class_list":["post-16910","page","type-page","status-publish","hentry"],"_links":{"self":[{"href":"https:\/\/www.ehu.eus\/cdsea\/web\/index.php\/wp-json\/wp\/v2\/pages\/16910"}],"collection":[{"href":"https:\/\/www.ehu.eus\/cdsea\/web\/index.php\/wp-json\/wp\/v2\/pages"}],"about":[{"href":"https:\/\/www.ehu.eus\/cdsea\/web\/index.php\/wp-json\/wp\/v2\/types\/page"}],"author":[{"embeddable":true,"href":"https:\/\/www.ehu.eus\/cdsea\/web\/index.php\/wp-json\/wp\/v2\/users\/4"}],"replies":[{"embeddable":true,"href":"https:\/\/www.ehu.eus\/cdsea\/web\/index.php\/wp-json\/wp\/v2\/comments?post=16910"}],"version-history":[{"count":1,"href":"https:\/\/www.ehu.eus\/cdsea\/web\/index.php\/wp-json\/wp\/v2\/pages\/16910\/revisions"}],"predecessor-version":[{"id":16912,"href":"https:\/\/www.ehu.eus\/cdsea\/web\/index.php\/wp-json\/wp\/v2\/pages\/16910\/revisions\/16912"}],"wp:attachment":[{"href":"https:\/\/www.ehu.eus\/cdsea\/web\/index.php\/wp-json\/wp\/v2\/media?parent=16910"}],"curies":[{"name":"wp","href":"https:\/\/api.w.org\/{rel}","templated":true}]}}