{"id":16924,"date":"2023-06-29T07:14:51","date_gmt":"2023-06-29T07:14:51","guid":{"rendered":"https:\/\/www.ehu.eus\/cdsea\/web\/?page_id=16924"},"modified":"2024-08-14T12:12:33","modified_gmt":"2024-08-14T10:12:33","slug":"actividades-2021-2","status":"publish","type":"page","link":"https:\/\/www.ehu.eus\/cdsea\/web\/index.php\/actividades-2021-2\/","title":{"rendered":"Actividades 2022"},"content":{"rendered":"\n<div class=\"wp-block-columns alignwide is-layout-flex wp-container-core-columns-is-layout-1 wp-block-columns-is-layout-flex\">\n<div class=\"wp-block-column is-layout-flow wp-block-column-is-layout-flow\" style=\"flex-basis:33.33%\"><nav class=\"has-background has-base-background-color is-responsive items-justified-center wp-block-navigation is-content-justification-center is-layout-flex wp-container-core-navigation-is-layout-1 wp-block-navigation-is-layout-flex\" aria-label=\"Men\u00fa Agenda Actividades\" \n\t\t data-wp-interactive=\"core\/navigation\" data-wp-context='{\"overlayOpenedBy\":{\"click\":false,\"hover\":false,\"focus\":false},\"type\":\"overlay\",\"roleAttribute\":\"\",\"ariaLabel\":\"Men\\u00fa\"}'><button aria-haspopup=\"dialog\" aria-label=\"Abrir el men\u00fa\" class=\"wp-block-navigation__responsive-container-open \" \n\t\t\t\tdata-wp-on-async--click=\"actions.openMenuOnClick\"\n\t\t\t\tdata-wp-on--keydown=\"actions.handleMenuKeydown\"\n\t\t\t><svg width=\"24\" height=\"24\" xmlns=\"http:\/\/www.w3.org\/2000\/svg\" viewBox=\"0 0 24 24\" aria-hidden=\"true\" focusable=\"false\"><rect x=\"4\" y=\"7.5\" width=\"16\" height=\"1.5\" \/><rect x=\"4\" y=\"15\" width=\"16\" height=\"1.5\" \/><\/svg><\/button>\n\t\t\t\t<div class=\"wp-block-navigation__responsive-container  has-background has-base-background-color\"  id=\"modal-1\" \n\t\t\t\tdata-wp-class--has-modal-open=\"state.isMenuOpen\"\n\t\t\t\tdata-wp-class--is-menu-open=\"state.isMenuOpen\"\n\t\t\t\tdata-wp-watch=\"callbacks.initMenu\"\n\t\t\t\tdata-wp-on--keydown=\"actions.handleMenuKeydown\"\n\t\t\t\tdata-wp-on-async--focusout=\"actions.handleMenuFocusout\"\n\t\t\t\ttabindex=\"-1\"\n\t\t\t>\n\t\t\t\t\t<div class=\"wp-block-navigation__responsive-close\" tabindex=\"-1\">\n\t\t\t\t\t\t<div class=\"wp-block-navigation__responsive-dialog\" \n\t\t\t\tdata-wp-bind--aria-modal=\"state.ariaModal\"\n\t\t\t\tdata-wp-bind--aria-label=\"state.ariaLabel\"\n\t\t\t\tdata-wp-bind--role=\"state.roleAttribute\"\n\t\t\t>\n\t\t\t\t\t\t\t<button aria-label=\"Cerrar el men\u00fa\" class=\"wp-block-navigation__responsive-container-close\" \n\t\t\t\tdata-wp-on-async--click=\"actions.closeMenuOnClick\"\n\t\t\t><svg xmlns=\"http:\/\/www.w3.org\/2000\/svg\" viewBox=\"0 0 24 24\" width=\"24\" height=\"24\" aria-hidden=\"true\" focusable=\"false\"><path d=\"M13 11.8l6.1-6.3-1-1-6.1 6.2-6.1-6.2-1 1 6.1 6.3-6.5 6.7 1 1 6.5-6.6 6.5 6.6 1-1z\"><\/path><\/svg><\/button>\n\t\t\t\t\t\t\t<div class=\"wp-block-navigation__responsive-container-content\" \n\t\t\t\tdata-wp-watch=\"callbacks.focusFirstElement\"\n\t\t\t id=\"modal-1-content\">\n\t\t\t\t\t\t\t\t<ul class=\"wp-block-navigation__container has-background has-base-background-color is-responsive items-justified-center wp-block-navigation\"><li data-wp-context=\"{ &quot;submenuOpenedBy&quot;: { &quot;click&quot;: false, &quot;hover&quot;: false, &quot;focus&quot;: false }, &quot;type&quot;: &quot;submenu&quot; }\" data-wp-interactive=\"core\/navigation\" data-wp-on--focusout=\"actions.handleMenuFocusout\" data-wp-on--keydown=\"actions.handleMenuKeydown\" data-wp-on-async--mouseenter=\"actions.openMenuOnHover\" data-wp-on-async--mouseleave=\"actions.closeMenuOnHover\" data-wp-watch=\"callbacks.initMenu\" tabindex=\"-1\" class=\" wp-block-navigation-item has-child open-on-hover-click wp-block-navigation-submenu\"><a class=\"wp-block-navigation-item__content\" href=\"https:\/\/www.ehu.eus\/cdsea\/web\/index.php\/agenda-de-actividades-2018\/\">Agenda de actividades<\/a><button data-wp-bind--aria-expanded=\"state.isMenuOpen\" data-wp-on-async--click=\"actions.toggleMenuOnClick\" aria-label=\"Submen\u00fa de Agenda de actividades\" class=\"wp-block-navigation__submenu-icon wp-block-navigation-submenu__toggle\" ><svg xmlns=\"http:\/\/www.w3.org\/2000\/svg\" width=\"12\" height=\"12\" viewBox=\"0 0 12 12\" fill=\"none\" aria-hidden=\"true\" focusable=\"false\"><path d=\"M1.50002 4L6.00002 8L10.5 4\" stroke-width=\"1.5\"><\/path><\/svg><\/button><ul data-wp-on-async--focus=\"actions.openMenuOnFocus\" class=\"wp-block-navigation__submenu-container has-background has-base-background-color wp-block-navigation-submenu\"><li class=\" wp-block-navigation-item wp-block-navigation-link\"><a class=\"wp-block-navigation-item__content\"  href=\"https:\/\/www.ehu.eus\/cdsea\/web\/index.php\/actividades-2021-2-2\/\"><span class=\"wp-block-navigation-item__label\">Actividades 2023<\/span><\/a><\/li><li class=\" wp-block-navigation-item wp-block-navigation-link\"><a class=\"wp-block-navigation-item__content\"  href=\"https:\/\/www.ehu.eus\/cdsea\/web\/index.php\/actividades-2021-2\/\"><span class=\"wp-block-navigation-item__label\">Actividades 2022<\/span><\/a><\/li><li class=\" wp-block-navigation-item wp-block-navigation-link\"><a class=\"wp-block-navigation-item__content\"  href=\"https:\/\/www.ehu.eus\/cdsea\/web\/index.php\/actividades-2021\/\"><span class=\"wp-block-navigation-item__label\">Actividades 2021<\/span><\/a><\/li><li class=\" wp-block-navigation-item wp-block-navigation-link\"><a class=\"wp-block-navigation-item__content\"  href=\"https:\/\/www.ehu.eus\/cdsea\/web\/index.php\/actividades-2020\/\"><span class=\"wp-block-navigation-item__label\">Actividades 2020<\/span><\/a><\/li><li class=\" wp-block-navigation-item wp-block-navigation-link\"><a class=\"wp-block-navigation-item__content\"  href=\"https:\/\/www.ehu.eus\/cdsea\/web\/index.php\/agenda-de-actividades-2019\/\"><span class=\"wp-block-navigation-item__label\">Actividades 2019<\/span><\/a><\/li><li class=\" wp-block-navigation-item wp-block-navigation-link\"><a class=\"wp-block-navigation-item__content\"  href=\"https:\/\/www.ehu.eus\/cdsea\/web\/index.php\/agenda-de-actividades-2018-2\/\"><span class=\"wp-block-navigation-item__label\">Actividades 2018<\/span><\/a><\/li><li class=\" wp-block-navigation-item wp-block-navigation-link\"><a class=\"wp-block-navigation-item__content\"  href=\"https:\/\/www.ehu.eus\/cdsea\/web\/index.php\/agenda-de-actividades-2017-2\/\"><span class=\"wp-block-navigation-item__label\">Actividades 2017<\/span><\/a><\/li><li class=\" wp-block-navigation-item wp-block-navigation-link\"><a class=\"wp-block-navigation-item__content\"  href=\"https:\/\/www.ehu.eus\/cdsea\/web\/index.php\/actividades-2016\/\"><span class=\"wp-block-navigation-item__label\">Actividades 2016<\/span><\/a><\/li><\/ul><\/li><\/ul>\n\t\t\t\t\t\t\t<\/div>\n\t\t\t\t\t\t<\/div>\n\t\t\t\t\t<\/div>\n\t\t\t\t<\/div><\/nav><\/div>\n\n\n\n<div class=\"wp-block-column is-layout-flow wp-block-column-is-layout-flow\" style=\"flex-basis:66.66%\">\n<figure class=\"wp-block-table\"><table class=\"has-gradient-3-gradient-background has-background\"><tbody><tr><td><strong>ACTIVIDADES DE LA C\u00c1TEDRA<\/strong><\/td><\/tr><\/tbody><\/table><\/figure>\n\n\n\n<ul class=\"wp-block-list\">\n<li><strong>26\/12\/22: <\/strong><a href=\"https:\/\/mailchi.mp\/0977f02ecc9b\/berriak-noticias-news-ecosistemas-euskadi-2021-11476029\"><strong>Boletin 6 Servicios Ecosist\u00e9micos Diciembre<\/strong><\/a><\/li>\n\n\n\n<li><strong>08\/11\/22: <\/strong><strong><a href=\"http:\/\/www.ehu.eus\/cdsea\/web\/wp-content\/uploads\/2017\/03\/Curso-online-SE-e-IV-2022.pdf\">Curso Online Servicios de los Ecosistemas e Infraestructura Verde<\/a><\/strong><\/li>\n\n\n\n<li><strong>04\/11\/22: <\/strong><a href=\"https:\/\/mailchi.mp\/70a6c8385dde\/berriak-noticias-news-ecosistemas-euskadi-2021-11469405\"><strong>Boletin 4 Servicios Ecosist\u00e9micos Octubre<\/strong><\/a><\/li>\n\n\n\n<li><strong>14\/10\/22: <\/strong><strong><a href=\"https:\/\/www.ehu.eus\/cdsea\/web\/index.php\/ciudad-inclusiva-y-saludable\/\">19,20 y 27\/10\/2022 kultur etxea (Leioa<em>). Ciudad inclusiva y saludable<\/em><\/a><\/strong><\/li>\n\n\n\n<li><strong>29\/09\/22:<\/strong> <a href=\"https:\/\/www.ehu.eus\/es\/web\/graduondokoak\/master-medio-ambiente-sostenibilidad-ods\/matricula\">Abierto el plazo de matriculaci\u00f3n para el M\u00e1ster en medio Ambiente, Sostenibilidad y ODS (UPV\/EHU).\u00a0<\/a><\/li>\n\n\n\n<li><strong>05\/07\/22: <\/strong><a href=\"https:\/\/www.ehu.eus\/es\/web\/graduondokoak\/master-medio-ambiente-sostenibilidad-ods\/matricula\"><strong>Abierto plazo de preinscripci\u00f3n del M\u00e1ster en Medio Ambiente, Sostenibilidad y ODS<\/strong><\/a><\/li>\n\n\n\n<li><strong>01\/06\/22: <\/strong><strong><a href=\"https:\/\/mailchi.mp\/922cd8c7d060\/berriak-noticias-news-ecosistemas-euskadi-2021-11448957\">Boletin 1 Servicios Ecosist\u00e9micos Mayo<\/a><\/strong><\/li>\n\n\n\n<li><strong>24\/05\/22: <\/strong><a href=\"https:\/\/www.ehu.eus\/cdsea\/web\/index.php\/campus-bizia-lab-cbl-21-22-sesiones-tematicas-espacios-sostenibles\/\"><strong>Campus Bizia LAB. CBL 21-22. Sesiones tem\u00e1ticas. Espacios Sostenibles.<\/strong><\/a><\/li>\n\n\n\n<li><strong>05\/05\/22: <\/strong><a href=\"http:\/\/www.ehu.eus\/cdsea\/web\/index.php\/naturalizar-la-ciudad-genera-bienestar-y-salud-a-las-personas\/\"><strong>Charla: <\/strong><strong><em>Naturalizar la ciudad genera bienestar y salud a las personas<\/em><\/strong><\/a><\/li>\n\n\n\n<li><strong>28\/04\/22: <\/strong><strong><a href=\"http:\/\/www.ehu.eus\/cdsea\/web\/index.php\/jornada-tematica-renatur\/\">Jornada tem\u00e1tica RENATUR. Discusi\u00f3n del Plan de Acci\u00f3n en Bizkaia<\/a><\/strong><\/li>\n\n\n\n<li><strong>27\/04\/22: <\/strong><a href=\"http:\/\/www.ehu.eus\/cdsea\/web\/index.php\/programa-marco-ambiental-euskadi-2030\/\"><strong>Asistencia a la Jornada de lanzamiento del proyecto PMA 2030<\/strong><\/a><\/li>\n\n\n\n<li><strong>01\/03\/22: <\/strong><strong><a href=\"http:\/\/www.ehu.eus\/cdsea\/web\/index.php\/jornada-de-presentacion-del-proyecto-life-redbosques_clima\/\">Jornada de presentaci\u00f3n del Proyecto LIFE RedBosques_Clima<\/a><\/strong><\/li>\n\n\n\n<li><strong>04\/01\/22: <\/strong><a href=\"https:\/\/mailchi.mp\/b9af60295da7\/berriak-noticias-news-ecosistemas-euskadi-2021-3\">Bolet\u00edn 3 Diciembre Servicios de los Ecosistemas\u00a0<\/a><\/li>\n<\/ul>\n\n\n\n<figure class=\"wp-block-table\"><table class=\"has-gradient-3-gradient-background has-background\"><tbody><tr><td><strong>ACTIVIDADES EN LAS QUE PARTICIPA LA C\u00c1TEDRA<\/strong><\/td><\/tr><\/tbody><\/table><\/figure>\n\n\n\n<ul class=\"wp-block-list\">\n<li><strong>15\/11\/22: <\/strong><strong><a href=\"https:\/\/www.ehu.eus\/cdsea\/web\/index.php\/16408-2\/\">Participaci\u00f3n en la jornada sobre modelos de gesti\u00f3n forestal sostenibles<\/a><\/strong><\/li>\n\n\n\n<li><strong>15\/11\/22: <\/strong><strong><a href=\"https:\/\/www.ehu.eus\/cdsea\/web\/index.php\/16390-2\/\">Participaci\u00f3n en la ZIENTZIA ASTEA 2022 \/ Semana de la Ciencia, la Tecnolog\u00eda y la Innovaci\u00f3n, en Barakaldo.<\/a><\/strong><\/li>\n\n\n\n<li><strong>02\/11\/22: <\/strong><a href=\"https:\/\/www.ehu.eus\/cdsea\/web\/index.php\/participacion-en-el-programa-faktoria\/\"><strong>Ibone Ametzaga acud\u00edo a EITB para participar en el programa Faktoria. Esta vez se habl\u00f3 sobre los Micropl\u00e1sticos.<\/strong><\/a><\/li>\n\n\n\n<li><strong>29\/10\/22: <\/strong><a href=\"https:\/\/www.ehu.eus\/cdsea\/web\/index.php\/podcast-sobre-regeneracion-del-terreno-forestal-tras-un-incendio\/\"><strong>Podcast sobre regeneraci\u00f3n del terreno forestal tras un incendio. Ibone Ametzaga<\/strong>.<\/a><\/li>\n\n\n\n<li><strong>20\/10\/22: <\/strong><a href=\"https:\/\/www.ehu.eus\/cdsea\/web\/index.php\/encuentro-educacion-climatica-para-el-futuro-que-queremos\/\">Encuentro en BBK KLIMA. ASTEKLIMA. Educaci\u00f3n clim\u00e1tica para el futuro que queremos<\/a><\/li>\n\n\n\n<li><strong>15\/10\/22: <\/strong>CONGRESO ESP Europe<\/li>\n\n\n\n<li><strong>29\/09\/22: <\/strong><a href=\"https:\/\/www.ehu.eus\/cdsea\/web\/index.php\/faktoria-magazine\/\">Participaci\u00f3n en el programa \u201cFaktoria Magazine<\/a><\/li>\n\n\n\n<li><strong>21\/09\/22: <\/strong><strong><a href=\"https:\/\/www.ehu.eus\/cdsea\/web\/index.php\/jornadas-internacionales-sobre-alimentacion-saludable-y-sostenible\/\">Jornadas Internacionales sobre Alimentaci\u00f3n Saludable y Sostenible<\/a><\/strong><\/li>\n\n\n\n<li><strong>20\/09\/22: <\/strong><a href=\"https:\/\/www.ehu.eus\/cdsea\/web\/index.php\/curso-online-de-cooperacion-universitaria-al-desarrollo-9a-edicion\/\"><strong>Curso online de Cooperaci\u00f3n universitaria al desarrollo (9\u00aa edici\u00f3n)<\/strong><\/a><\/li>\n\n\n\n<li><strong>10\/09\/22: <\/strong><a href=\"https:\/\/www.ehu.eus\/cdsea\/web\/index.php\/congreso-13-ser-europe\/\"><strong>Congreso 13 SER Europe<\/strong><\/a><\/li>\n\n\n\n<li><strong>05\/09\/22:\u00a0<\/strong><strong><a href=\"https:\/\/www.uik.eus\/es\/curso\/ods-educacion-paradigma-economia-ecologica-biomimesis-derechos-naturaleza\">Los ODS en la Educaci\u00f3n desde el paradigma de la Econom\u00eda Ecol\u00f3gica, la Biomimesis y los Derechos de la Naturaleza<\/a><\/strong><\/li>\n\n\n\n<li><strong>02\/09\/22: <\/strong><a href=\"https:\/\/www.ehu.eus\/cdsea\/web\/index.php\/congreso-microclimate-ecology-biogeography\/\"><strong>CONGRESO MICROCLIMATE ECOLOGY &amp; BIOGEOGRAPHY<\/strong><\/a><\/li>\n\n\n\n<li><strong>13\/07\/22: <\/strong><strong><a href=\"https:\/\/www.ehu.eus\/cdsea\/web\/index.php\/iale-2022-european-landscape-ecology\/\">Asistencia al congreso IALE 2022 European Landscape Ecology<\/a><\/strong><\/li>\n\n\n\n<li><strong>09\/06\/22: <\/strong><strong><a href=\"https:\/\/www.ehu.eus\/cdsea\/web\/index.php\/gipuzkoa-think-tank-el-trabajo-del-futuro\/\">Reuni\u00f3n: Gipuzkoa Think Tank \u2013 El trabajo del futuro<\/a><\/strong><\/li>\n\n\n\n<li><strong>08\/06\/22: <\/strong><a href=\"https:\/\/www.ehu.eus\/cdsea\/web\/index.php\/basque-environment-ocean-week-bilbao\/\"><strong>Basque Environment Ocean Week Bilbao<\/strong><\/a><\/li>\n\n\n\n<li><strong>06\/06\/22: <\/strong><strong><a href=\"http:\/\/www.ehu.eus\/cdsea\/web\/index.php\/basque-environment-ocean-week\/\">Basque Environment Ocean Week<\/a><\/strong><\/li>\n\n\n\n<li><strong>05\/05\/22: <\/strong><a href=\"http:\/\/www.ehu.eus\/cdsea\/web\/index.php\/de-la-dinamica-de-contaminantes-al-ciclo-del-agua\/\"><strong>5 y 12 de mayo Webinars \u201cDe la din\u00e1mica de contaminantes al ciclo del agua\u201d<\/strong><\/a><\/li>\n\n\n\n<li><strong>22\/04\/22: <\/strong><strong><a href=\"http:\/\/www.ehu.eus\/cdsea\/web\/index.php\/the-planet-app\/\">La UPV\/EHU lanza un reto de vida sostenible con The Planet App con el objetivo de que su comunidad universitaria reduzca su huella de carbono. \u00a1An\u00edmate y gana premios!<\/a><\/strong><\/li>\n\n\n\n<li><strong>06\/04\/22: <\/strong><a href=\"http:\/\/www.ehu.eus\/cdsea\/web\/index.php\/asistencia-a-seminario-web-titulado-divulgacion-cientifica-educacion-y-ciudadania\/\"><strong>Asistencia a Seminario web \u201cDivulgaci\u00f3n cient\u00edfica: educaci\u00f3n y ciudadan\u00eda\u201d<\/strong><\/a><\/li>\n\n\n\n<li><strong>30\/03\/22: <\/strong><a href=\"http:\/\/www.ehu.eus\/cdsea\/web\/index.php\/asistencia-a-iv-seminario-internacional-jolasbide-2022-educacion-para-la-sostenibilidad\/\">Asistencia a IV Seminario Internacional jolasBIDE 2022. <em>Educaci\u00f3n para la sostenibilidad<\/em><\/a><\/li>\n\n\n\n<li><strong>28\/03\/22: <\/strong><a href=\"http:\/\/www.ehu.eus\/cdsea\/web\/index.php\/el-avance-de-los-ods-en-los-municipios-de-euskadi\/\">El avance de los ODS en los municipios de Euskadi.<\/a><\/li>\n\n\n\n<li><strong>23\/03\/22: <\/strong><a href=\"http:\/\/www.ehu.eus\/cdsea\/web\/index.php\/participacion-en-el-congreso-innovacion-y-proyectos-para-el-desarrollo-sustentable\/\"><strong>Participaci\u00f3n en el congreso Innovaci\u00f3n y proyectos para el Desarrollo Sustentable<\/strong><\/a><\/li>\n\n\n\n<li><strong>17\/03\/22: <\/strong><a href=\"http:\/\/www.ehu.eus\/cdsea\/web\/index.php\/think-tank-green-recovery-guipuzkoa\/\"><strong>Think-Tank<\/strong> <strong>GREEN RECOVERY GIPUZKOA<\/strong><\/a><\/li>\n\n\n\n<li><strong>01\/02\/22: <\/strong><a href=\"http:\/\/www.ehu.eus\/cdsea\/web\/index.php\/think-tank-green-recovery-gipuzkoa\/\">Think-Tank GREEN RECOVERY GIPUZKOA<\/a><\/li>\n<\/ul>\n<\/div>\n<\/div>\n","protected":false},"excerpt":{"rendered":"<p>ACTIVIDADES DE LA C\u00c1TEDRA ACTIVIDADES EN LAS QUE PARTICIPA LA C\u00c1TEDRA<\/p>\n","protected":false},"author":4,"featured_media":0,"parent":0,"menu_order":0,"comment_status":"closed","ping_status":"closed","template":"","meta":{"footnotes":""},"class_list":["post-16924","page","type-page","status-publish","hentry"],"_links":{"self":[{"href":"https:\/\/www.ehu.eus\/cdsea\/web\/index.php\/wp-json\/wp\/v2\/pages\/16924"}],"collection":[{"href":"https:\/\/www.ehu.eus\/cdsea\/web\/index.php\/wp-json\/wp\/v2\/pages"}],"about":[{"href":"https:\/\/www.ehu.eus\/cdsea\/web\/index.php\/wp-json\/wp\/v2\/types\/page"}],"author":[{"embeddable":true,"href":"https:\/\/www.ehu.eus\/cdsea\/web\/index.php\/wp-json\/wp\/v2\/users\/4"}],"replies":[{"embeddable":true,"href":"https:\/\/www.ehu.eus\/cdsea\/web\/index.php\/wp-json\/wp\/v2\/comments?post=16924"}],"version-history":[{"count":3,"href":"https:\/\/www.ehu.eus\/cdsea\/web\/index.php\/wp-json\/wp\/v2\/pages\/16924\/revisions"}],"predecessor-version":[{"id":18167,"href":"https:\/\/www.ehu.eus\/cdsea\/web\/index.php\/wp-json\/wp\/v2\/pages\/16924\/revisions\/18167"}],"wp:attachment":[{"href":"https:\/\/www.ehu.eus\/cdsea\/web\/index.php\/wp-json\/wp\/v2\/media?parent=16924"}],"curies":[{"name":"wp","href":"https:\/\/api.w.org\/{rel}","templated":true}]}}