{"id":16964,"date":"2023-07-03T11:32:18","date_gmt":"2023-07-03T11:32:18","guid":{"rendered":"https:\/\/www.ehu.eus\/cdsea\/web\/?page_id=16964"},"modified":"2023-07-03T11:32:19","modified_gmt":"2023-07-03T11:32:19","slug":"proyecto-boost","status":"publish","type":"page","link":"https:\/\/www.ehu.eus\/cdsea\/web\/index.php\/proyecto-boost\/","title":{"rendered":"Proyecto BOOST"},"content":{"rendered":"\n<p><strong>Proyecto BOOST. <\/strong>A partir del 3 de mayo Ana Berreteaga participar\u00e1 en el proyecto BOOST de educaci\u00f3n ambiental para desarrollar el prototipo de la plataforma digital del Centro de Innovaci\u00f3n, Capacitaci\u00f3n y Gesti\u00f3n del Conocimiento.<\/p>\n","protected":false},"excerpt":{"rendered":"<p>Proyecto BOOST. A partir del 3 de mayo Ana Berreteaga participar\u00e1 en el proyecto BOOST de educaci\u00f3n ambiental para desarrollar el prototipo de la plataforma digital del Centro de Innovaci\u00f3n, Capacitaci\u00f3n y Gesti\u00f3n del Conocimiento.<\/p>\n","protected":false},"author":4,"featured_media":0,"parent":0,"menu_order":0,"comment_status":"closed","ping_status":"closed","template":"","meta":{"footnotes":""},"class_list":["post-16964","page","type-page","status-publish","hentry"],"_links":{"self":[{"href":"https:\/\/www.ehu.eus\/cdsea\/web\/index.php\/wp-json\/wp\/v2\/pages\/16964"}],"collection":[{"href":"https:\/\/www.ehu.eus\/cdsea\/web\/index.php\/wp-json\/wp\/v2\/pages"}],"about":[{"href":"https:\/\/www.ehu.eus\/cdsea\/web\/index.php\/wp-json\/wp\/v2\/types\/page"}],"author":[{"embeddable":true,"href":"https:\/\/www.ehu.eus\/cdsea\/web\/index.php\/wp-json\/wp\/v2\/users\/4"}],"replies":[{"embeddable":true,"href":"https:\/\/www.ehu.eus\/cdsea\/web\/index.php\/wp-json\/wp\/v2\/comments?post=16964"}],"version-history":[{"count":1,"href":"https:\/\/www.ehu.eus\/cdsea\/web\/index.php\/wp-json\/wp\/v2\/pages\/16964\/revisions"}],"predecessor-version":[{"id":16966,"href":"https:\/\/www.ehu.eus\/cdsea\/web\/index.php\/wp-json\/wp\/v2\/pages\/16964\/revisions\/16966"}],"wp:attachment":[{"href":"https:\/\/www.ehu.eus\/cdsea\/web\/index.php\/wp-json\/wp\/v2\/media?parent=16964"}],"curies":[{"name":"wp","href":"https:\/\/api.w.org\/{rel}","templated":true}]}}