{"id":16997,"date":"2023-07-05T08:34:45","date_gmt":"2023-07-05T08:34:45","guid":{"rendered":"https:\/\/www.ehu.eus\/cdsea\/web\/?page_id=16997"},"modified":"2023-07-13T11:47:29","modified_gmt":"2023-07-13T11:47:29","slug":"encuentro-sobre-universidades-y-custodia-del-territorio","status":"publish","type":"page","link":"https:\/\/www.ehu.eus\/cdsea\/web\/index.php\/encuentro-sobre-universidades-y-custodia-del-territorio\/","title":{"rendered":"Encuentro sobre Universidades y custodia del territorio"},"content":{"rendered":"[vc_row][vc_column][vc_column_text]<p><\/p>\n<p style=\"text-align: justify;\">Los d\u00edas 29 y 30 de mayo representantes de la C\u00e1tedra UNESCO sobre Desarrollo Sostenible y Educaci\u00f3n Ambiental de la Universidad del Pa\u00eds Vasco (UPV\/EHU), han participado en Madrid en la Fundaci\u00f3n Biodiversidad del Ministerio para la Transici\u00f3n Ecol\u00f3gica y el Reto Demogr\u00e1fico, en el primer encuentro sobre \u201c<strong>Universidades y custodia del territorio<\/strong>\u201d organizado por la Universidad de Granada.<\/p>\n<p style=\"text-align: justify;\"><\/p>\n<p style=\"text-align: justify;\"><\/p>\n<p style=\"text-align: justify;\">Este encuentro ha marcado el comienzo de un trabajo en conjunto con varias universidades, entre las que se encuentra la Universidad del Pa\u00eds Vasco, en el que se va a impulsar la innovaci\u00f3n en la educaci\u00f3n a trav\u00e9s de la custodia del territorio, es decir, a trav\u00e9s de la firma de acuerdos voluntarios entre propietarios de terrenos y entidades de custodia, con el fin de promover la biodiversidad, la salud de los ecosistemas y el bienestar.<\/p>\n<p style=\"text-align: justify;\"><\/p>\n<p style=\"text-align: justify;\"><\/p>\n<p style=\"text-align: justify;\"><strong>M\u00e1s informaci\u00f3n:<\/strong><\/p>\n<p style=\"text-align: justify;\"><a href=\"https:\/\/www.custodia-territorio.es\/novedades\/las-universidades-impulsan-la-custodia-del-territorio-como-herramienta-de-conservacion\">https:\/\/www.custodia-territorio.es\/novedades\/las-universidades-impulsan-la-custodia-del-territorio-como-herramienta-de-conservacion<\/a><\/p>\n<p>&nbsp;<\/p>\n<a href=\"https:\/\/www.ehu.eus\/cdsea\/web\/wp-content\/uploads\/2017\/03\/Las-universidades-impulsan-la-custodia-del-territorio-como-herramienta-de-conservacion.pdf\" class=\"pdfemb-viewer\" style=\"width: 650px; height: 900px; \" data-width=\"650\" data-height=\"900\"  data-toolbar=\"top\" data-toolbar-fixed=\"off\">Las universidades impulsan la custodia del territorio como herramienta de conservaci\u00f3n<br\/><\/a>\n<p><\/p>\n<p><\/p>\n<p><\/p>[\/vc_column_text][\/vc_column][\/vc_row]","protected":false},"excerpt":{"rendered":"<p>[vc_row][vc_column][vc_column_text] Los d\u00edas 29 y 30 de mayo representantes de la C\u00e1tedra UNESCO sobre Desarrollo Sostenible y Educaci\u00f3n Ambiental de la Universidad del Pa\u00eds Vasco (UPV\/EHU), han participado en Madrid en la Fundaci\u00f3n Biodiversidad del Ministerio para la Transici\u00f3n Ecol\u00f3gica y el Reto Demogr\u00e1fico, en el primer encuentro sobre \u201cUniversidades y custodia del territorio\u201d organizado [&hellip;]<\/p>\n","protected":false},"author":4,"featured_media":0,"parent":0,"menu_order":0,"comment_status":"closed","ping_status":"closed","template":"","meta":{"footnotes":""},"class_list":["post-16997","page","type-page","status-publish","hentry"],"_links":{"self":[{"href":"https:\/\/www.ehu.eus\/cdsea\/web\/index.php\/wp-json\/wp\/v2\/pages\/16997"}],"collection":[{"href":"https:\/\/www.ehu.eus\/cdsea\/web\/index.php\/wp-json\/wp\/v2\/pages"}],"about":[{"href":"https:\/\/www.ehu.eus\/cdsea\/web\/index.php\/wp-json\/wp\/v2\/types\/page"}],"author":[{"embeddable":true,"href":"https:\/\/www.ehu.eus\/cdsea\/web\/index.php\/wp-json\/wp\/v2\/users\/4"}],"replies":[{"embeddable":true,"href":"https:\/\/www.ehu.eus\/cdsea\/web\/index.php\/wp-json\/wp\/v2\/comments?post=16997"}],"version-history":[{"count":3,"href":"https:\/\/www.ehu.eus\/cdsea\/web\/index.php\/wp-json\/wp\/v2\/pages\/16997\/revisions"}],"predecessor-version":[{"id":17005,"href":"https:\/\/www.ehu.eus\/cdsea\/web\/index.php\/wp-json\/wp\/v2\/pages\/16997\/revisions\/17005"}],"wp:attachment":[{"href":"https:\/\/www.ehu.eus\/cdsea\/web\/index.php\/wp-json\/wp\/v2\/media?parent=16997"}],"curies":[{"name":"wp","href":"https:\/\/api.w.org\/{rel}","templated":true}]}}