{"id":17013,"date":"2023-09-08T08:52:03","date_gmt":"2023-09-08T08:52:03","guid":{"rendered":"https:\/\/www.ehu.eus\/cdsea\/web\/?page_id=17013"},"modified":"2023-09-08T08:56:45","modified_gmt":"2023-09-08T08:56:45","slug":"articuo-revista-ecosistemas","status":"publish","type":"page","link":"https:\/\/www.ehu.eus\/cdsea\/web\/index.php\/articuo-revista-ecosistemas\/","title":{"rendered":"Art\u00edculo Revista Ecosistemas"},"content":{"rendered":"[vc_row][vc_column][vc_column_text]<p><\/p>\n<p><strong><span style=\"font-size: 14pt;\">Art\u00edculo en la revista Ecosistemas<\/span> <br \/><\/strong><\/p>\n<p>Ibone Ametzaga (coordinadora de la C\u00e1tedra UNESCO sobre desarrollo Sostenible y educaci\u00f3n ambiental, junto con Isabel Albizu (investigadora del Instituto Vasco de Investigaci\u00f3n y Desarrollo Agrario NEIKER y Ainhoa Urkijo (investigadora del Departamento de Biolog\u00eda Vegetal y Ecolog\u00eda Universidad del Pa\u00eds Vasco (UPV\/EHU). Han publicado recientemente un art\u00edculo en la revista Ecosistemas titulado: \u201c<em>Silvopastoralismo en la ZEC de Gorbeia (Pa\u00eds Vasco): selecci\u00f3n espacial y temporal de h\u00e1bitats forestales<\/em>\u201d<\/p>\n<p><strong><a href=\"http:\/\/www.ehu.eus\/cdsea\/web\/wp-content\/uploads\/2017\/03\/2456-Texto-del-articulo-13096-1-10-20230726.pdf\">http:\/\/www.ehu.eus\/cdsea\/web\/wp-content\/uploads\/2017\/03\/2456-Texto-del-articulo-13096-1-10-20230726.pdf<\/a><\/strong><\/p>\n<p><\/p>[\/vc_column_text][\/vc_column][\/vc_row]","protected":false},"excerpt":{"rendered":"<p>[vc_row][vc_column][vc_column_text] Art\u00edculo en la revista Ecosistemas Ibone Ametzaga (coordinadora de la C\u00e1tedra UNESCO sobre desarrollo Sostenible y educaci\u00f3n ambiental, junto con Isabel Albizu (investigadora del Instituto Vasco de Investigaci\u00f3n y Desarrollo Agrario NEIKER y Ainhoa Urkijo (investigadora del Departamento de Biolog\u00eda Vegetal y Ecolog\u00eda Universidad del Pa\u00eds Vasco (UPV\/EHU). Han publicado recientemente un art\u00edculo en [&hellip;]<\/p>\n","protected":false},"author":4,"featured_media":0,"parent":0,"menu_order":0,"comment_status":"closed","ping_status":"closed","template":"","meta":{"footnotes":""},"class_list":["post-17013","page","type-page","status-publish","hentry"],"_links":{"self":[{"href":"https:\/\/www.ehu.eus\/cdsea\/web\/index.php\/wp-json\/wp\/v2\/pages\/17013"}],"collection":[{"href":"https:\/\/www.ehu.eus\/cdsea\/web\/index.php\/wp-json\/wp\/v2\/pages"}],"about":[{"href":"https:\/\/www.ehu.eus\/cdsea\/web\/index.php\/wp-json\/wp\/v2\/types\/page"}],"author":[{"embeddable":true,"href":"https:\/\/www.ehu.eus\/cdsea\/web\/index.php\/wp-json\/wp\/v2\/users\/4"}],"replies":[{"embeddable":true,"href":"https:\/\/www.ehu.eus\/cdsea\/web\/index.php\/wp-json\/wp\/v2\/comments?post=17013"}],"version-history":[{"count":3,"href":"https:\/\/www.ehu.eus\/cdsea\/web\/index.php\/wp-json\/wp\/v2\/pages\/17013\/revisions"}],"predecessor-version":[{"id":17022,"href":"https:\/\/www.ehu.eus\/cdsea\/web\/index.php\/wp-json\/wp\/v2\/pages\/17013\/revisions\/17022"}],"wp:attachment":[{"href":"https:\/\/www.ehu.eus\/cdsea\/web\/index.php\/wp-json\/wp\/v2\/media?parent=17013"}],"curies":[{"name":"wp","href":"https:\/\/api.w.org\/{rel}","templated":true}]}}