{"id":17122,"date":"2023-11-01T18:42:40","date_gmt":"2023-11-01T18:42:40","guid":{"rendered":"https:\/\/www.ehu.eus\/cdsea\/web\/?page_id=17122"},"modified":"2023-11-01T18:42:41","modified_gmt":"2023-11-01T18:42:41","slug":"noche-europea-de-los-investigadores","status":"publish","type":"page","link":"https:\/\/www.ehu.eus\/cdsea\/web\/index.php\/noche-europea-de-los-investigadores\/","title":{"rendered":"Noche Europea de los Investigadores"},"content":{"rendered":"\n<p>Representantes de la C\u00e1tedra UNESCO sobre Desarrollo Sostenible y Educaci\u00f3n Ambiental de la UPV\/EHU participaron en la<a href=\"https:\/\/www.ikertzaileengaua-ehu.org\/\"> Noche Europea de las Investigadoras y de los Investigadores<\/a> organizada por la Universidad del Pa\u00eds Vasco (UPV\/EHU) en <strong>Bilbao<\/strong>, uno de los m\u00e1s grandes eventos de divulgaci\u00f3n cient\u00edfica de Europa que este a\u00f1o ha tenido lugar el <strong>29 de septiembre<\/strong>. Sus principales objetivos son acercar la figura de las y los investigadores a la ciudadan\u00eda para que se conozca su trabajo y los beneficios que aportan a la sociedad.<\/p>\n","protected":false},"excerpt":{"rendered":"<p>Representantes de la C\u00e1tedra UNESCO sobre Desarrollo Sostenible y Educaci\u00f3n Ambiental de la UPV\/EHU participaron en la Noche Europea de las Investigadoras y de los Investigadores organizada por la Universidad del Pa\u00eds Vasco (UPV\/EHU) en Bilbao, uno de los m\u00e1s grandes eventos de divulgaci\u00f3n cient\u00edfica de Europa que este a\u00f1o ha tenido lugar el 29 [&hellip;]<\/p>\n","protected":false},"author":4,"featured_media":0,"parent":0,"menu_order":0,"comment_status":"closed","ping_status":"closed","template":"","meta":{"footnotes":""},"class_list":["post-17122","page","type-page","status-publish","hentry"],"_links":{"self":[{"href":"https:\/\/www.ehu.eus\/cdsea\/web\/index.php\/wp-json\/wp\/v2\/pages\/17122"}],"collection":[{"href":"https:\/\/www.ehu.eus\/cdsea\/web\/index.php\/wp-json\/wp\/v2\/pages"}],"about":[{"href":"https:\/\/www.ehu.eus\/cdsea\/web\/index.php\/wp-json\/wp\/v2\/types\/page"}],"author":[{"embeddable":true,"href":"https:\/\/www.ehu.eus\/cdsea\/web\/index.php\/wp-json\/wp\/v2\/users\/4"}],"replies":[{"embeddable":true,"href":"https:\/\/www.ehu.eus\/cdsea\/web\/index.php\/wp-json\/wp\/v2\/comments?post=17122"}],"version-history":[{"count":1,"href":"https:\/\/www.ehu.eus\/cdsea\/web\/index.php\/wp-json\/wp\/v2\/pages\/17122\/revisions"}],"predecessor-version":[{"id":17124,"href":"https:\/\/www.ehu.eus\/cdsea\/web\/index.php\/wp-json\/wp\/v2\/pages\/17122\/revisions\/17124"}],"wp:attachment":[{"href":"https:\/\/www.ehu.eus\/cdsea\/web\/index.php\/wp-json\/wp\/v2\/media?parent=17122"}],"curies":[{"name":"wp","href":"https:\/\/api.w.org\/{rel}","templated":true}]}}