{"id":17125,"date":"2023-11-01T18:43:16","date_gmt":"2023-11-01T18:43:16","guid":{"rendered":"https:\/\/www.ehu.eus\/cdsea\/web\/?page_id=17125"},"modified":"2023-11-01T18:43:17","modified_gmt":"2023-11-01T18:43:17","slug":"soiluzioak","status":"publish","type":"page","link":"https:\/\/www.ehu.eus\/cdsea\/web\/index.php\/soiluzioak\/","title":{"rendered":"Soiluzioak"},"content":{"rendered":"\n<p>Representantes de la C\u00e1tedra UNESCO sobre Desarrollo Sostenible y Educaci\u00f3n Ambiental de la UPV\/EHU asistieron al <strong>Congreso de Protecci\u00f3n del Suelo de Euskadi \u201cSoiluzionak\u201d<\/strong> celebrado en Bilbao del <strong>10 al 11 de octubre<\/strong> Impulsado por el Gobierno Vasco con el objetivo de reflexionar sobre los retos de la protecci\u00f3n del suelo desde las diferentes perspectivas, y conocer buenas pr\u00e1cticas para su protecci\u00f3n, tanto regionales como europeas.<\/p>\n","protected":false},"excerpt":{"rendered":"<p>Representantes de la C\u00e1tedra UNESCO sobre Desarrollo Sostenible y Educaci\u00f3n Ambiental de la UPV\/EHU asistieron al Congreso de Protecci\u00f3n del Suelo de Euskadi \u201cSoiluzionak\u201d celebrado en Bilbao del 10 al 11 de octubre Impulsado por el Gobierno Vasco con el objetivo de reflexionar sobre los retos de la protecci\u00f3n del suelo desde las diferentes perspectivas, [&hellip;]<\/p>\n","protected":false},"author":4,"featured_media":0,"parent":0,"menu_order":0,"comment_status":"closed","ping_status":"closed","template":"","meta":{"footnotes":""},"class_list":["post-17125","page","type-page","status-publish","hentry"],"_links":{"self":[{"href":"https:\/\/www.ehu.eus\/cdsea\/web\/index.php\/wp-json\/wp\/v2\/pages\/17125"}],"collection":[{"href":"https:\/\/www.ehu.eus\/cdsea\/web\/index.php\/wp-json\/wp\/v2\/pages"}],"about":[{"href":"https:\/\/www.ehu.eus\/cdsea\/web\/index.php\/wp-json\/wp\/v2\/types\/page"}],"author":[{"embeddable":true,"href":"https:\/\/www.ehu.eus\/cdsea\/web\/index.php\/wp-json\/wp\/v2\/users\/4"}],"replies":[{"embeddable":true,"href":"https:\/\/www.ehu.eus\/cdsea\/web\/index.php\/wp-json\/wp\/v2\/comments?post=17125"}],"version-history":[{"count":1,"href":"https:\/\/www.ehu.eus\/cdsea\/web\/index.php\/wp-json\/wp\/v2\/pages\/17125\/revisions"}],"predecessor-version":[{"id":17127,"href":"https:\/\/www.ehu.eus\/cdsea\/web\/index.php\/wp-json\/wp\/v2\/pages\/17125\/revisions\/17127"}],"wp:attachment":[{"href":"https:\/\/www.ehu.eus\/cdsea\/web\/index.php\/wp-json\/wp\/v2\/media?parent=17125"}],"curies":[{"name":"wp","href":"https:\/\/api.w.org\/{rel}","templated":true}]}}