{"id":17131,"date":"2023-11-01T18:44:11","date_gmt":"2023-11-01T18:44:11","guid":{"rendered":"https:\/\/www.ehu.eus\/cdsea\/web\/?page_id=17131"},"modified":"2023-11-01T18:55:34","modified_gmt":"2023-11-01T18:55:34","slug":"entrevista-elcorreo","status":"publish","type":"page","link":"https:\/\/www.ehu.eus\/cdsea\/web\/index.php\/entrevista-elcorreo\/","title":{"rendered":"Entrevista ElCorreo"},"content":{"rendered":"[vc_row][vc_column][vc_column_text]<p><\/p>\n<p>Ibone Ametzaga Arregi directora de la C\u00e1tedra Unesco sobre desarrollo Sostenible y educaci\u00f3n ambiental de la UPV\/EHU ha sido entrevistada por el <strong>Peri\u00f3dico El Correo<\/strong> para hablar sobre la situaci\u00f3n que vive hoy en d\u00eda Bilbao en relaci\u00f3n con el suelo natural y los servicios de los ecosistemas que se est\u00e1n perdiendo, la cual ha quedado plasmada en la noticia <a href=\"https:\/\/www.elcorreo.com\/bizkaia\/bilbao-puede-perder-suelo-natural-20231014233216-nt.html\">\u201cBilbao no puede perder m\u00e1s suelo natural\u201d<\/a> publicada en <strong>ElCorreo<\/strong> el <strong>14 de octubre<\/strong>.<\/p>\n<p><\/p>[\/vc_column_text][\/vc_column][\/vc_row]","protected":false},"excerpt":{"rendered":"<p>[vc_row][vc_column][vc_column_text] Ibone Ametzaga Arregi directora de la C\u00e1tedra Unesco sobre desarrollo Sostenible y educaci\u00f3n ambiental de la UPV\/EHU ha sido entrevistada por el Peri\u00f3dico El Correo para hablar sobre la situaci\u00f3n que vive hoy en d\u00eda Bilbao en relaci\u00f3n con el suelo natural y los servicios de los ecosistemas que se est\u00e1n perdiendo, la cual [&hellip;]<\/p>\n","protected":false},"author":4,"featured_media":0,"parent":0,"menu_order":0,"comment_status":"closed","ping_status":"closed","template":"","meta":{"footnotes":""},"class_list":["post-17131","page","type-page","status-publish","hentry"],"_links":{"self":[{"href":"https:\/\/www.ehu.eus\/cdsea\/web\/index.php\/wp-json\/wp\/v2\/pages\/17131"}],"collection":[{"href":"https:\/\/www.ehu.eus\/cdsea\/web\/index.php\/wp-json\/wp\/v2\/pages"}],"about":[{"href":"https:\/\/www.ehu.eus\/cdsea\/web\/index.php\/wp-json\/wp\/v2\/types\/page"}],"author":[{"embeddable":true,"href":"https:\/\/www.ehu.eus\/cdsea\/web\/index.php\/wp-json\/wp\/v2\/users\/4"}],"replies":[{"embeddable":true,"href":"https:\/\/www.ehu.eus\/cdsea\/web\/index.php\/wp-json\/wp\/v2\/comments?post=17131"}],"version-history":[{"count":3,"href":"https:\/\/www.ehu.eus\/cdsea\/web\/index.php\/wp-json\/wp\/v2\/pages\/17131\/revisions"}],"predecessor-version":[{"id":17181,"href":"https:\/\/www.ehu.eus\/cdsea\/web\/index.php\/wp-json\/wp\/v2\/pages\/17131\/revisions\/17181"}],"wp:attachment":[{"href":"https:\/\/www.ehu.eus\/cdsea\/web\/index.php\/wp-json\/wp\/v2\/media?parent=17131"}],"curies":[{"name":"wp","href":"https:\/\/api.w.org\/{rel}","templated":true}]}}