{"id":17140,"date":"2023-11-01T18:46:01","date_gmt":"2023-11-01T18:46:01","guid":{"rendered":"https:\/\/www.ehu.eus\/cdsea\/web\/?page_id=17140"},"modified":"2023-11-01T18:46:02","modified_gmt":"2023-11-01T18:46:02","slug":"xvi-congreso-nacional-de-la-aeet","status":"publish","type":"page","link":"https:\/\/www.ehu.eus\/cdsea\/web\/index.php\/xvi-congreso-nacional-de-la-aeet\/","title":{"rendered":"XVI Congreso Nacional de la AEET"},"content":{"rendered":"\n<p>Representantes de la C\u00e1tedra UNESCO sobre Desarrollo Sostenible y Educaci\u00f3n Ambiental de la UPV\/EHU asistieron al <strong>XVI Congreso Nacional de la AEET celebrado en Almer\u00eda del 16 al 20 de octubre <\/strong>con la presentaci\u00f3n de las comunicaciones orales \u201cEvaluaci\u00f3n de la Infraestructura Verde-Azul a escala municipal\u201d y \u201cRecuperaci\u00f3n de la biodiversidad vegetal mediante la repoblaci\u00f3n de bosque aut\u00f3ctono\u00bb y el poster \u201cFactores que afectan a la diversidad y composici\u00f3n vegetal en los sistemas forestales de Bizkaia (Pa\u00eds Vasco)\u201d para dar a conocer entre otros el trabajo desarrollado dentro del proyecto \u201cEvaluaci\u00f3n de los Servicios de los Ecosistemas de Euskadi\u201d.<\/p>\n","protected":false},"excerpt":{"rendered":"<p>Representantes de la C\u00e1tedra UNESCO sobre Desarrollo Sostenible y Educaci\u00f3n Ambiental de la UPV\/EHU asistieron al XVI Congreso Nacional de la AEET celebrado en Almer\u00eda del 16 al 20 de octubre con la presentaci\u00f3n de las comunicaciones orales \u201cEvaluaci\u00f3n de la Infraestructura Verde-Azul a escala municipal\u201d y \u201cRecuperaci\u00f3n de la biodiversidad vegetal mediante la repoblaci\u00f3n [&hellip;]<\/p>\n","protected":false},"author":4,"featured_media":0,"parent":0,"menu_order":0,"comment_status":"closed","ping_status":"closed","template":"","meta":{"footnotes":""},"class_list":["post-17140","page","type-page","status-publish","hentry"],"_links":{"self":[{"href":"https:\/\/www.ehu.eus\/cdsea\/web\/index.php\/wp-json\/wp\/v2\/pages\/17140"}],"collection":[{"href":"https:\/\/www.ehu.eus\/cdsea\/web\/index.php\/wp-json\/wp\/v2\/pages"}],"about":[{"href":"https:\/\/www.ehu.eus\/cdsea\/web\/index.php\/wp-json\/wp\/v2\/types\/page"}],"author":[{"embeddable":true,"href":"https:\/\/www.ehu.eus\/cdsea\/web\/index.php\/wp-json\/wp\/v2\/users\/4"}],"replies":[{"embeddable":true,"href":"https:\/\/www.ehu.eus\/cdsea\/web\/index.php\/wp-json\/wp\/v2\/comments?post=17140"}],"version-history":[{"count":1,"href":"https:\/\/www.ehu.eus\/cdsea\/web\/index.php\/wp-json\/wp\/v2\/pages\/17140\/revisions"}],"predecessor-version":[{"id":17142,"href":"https:\/\/www.ehu.eus\/cdsea\/web\/index.php\/wp-json\/wp\/v2\/pages\/17140\/revisions\/17142"}],"wp:attachment":[{"href":"https:\/\/www.ehu.eus\/cdsea\/web\/index.php\/wp-json\/wp\/v2\/media?parent=17140"}],"curies":[{"name":"wp","href":"https:\/\/api.w.org\/{rel}","templated":true}]}}