{"id":17143,"date":"2023-11-01T18:46:44","date_gmt":"2023-11-01T18:46:44","guid":{"rendered":"https:\/\/www.ehu.eus\/cdsea\/web\/?page_id=17143"},"modified":"2023-11-01T18:46:45","modified_gmt":"2023-11-01T18:46:45","slug":"asistencia-evento-cuidemos-a-los-que-nos-traen-los-alimentos","status":"publish","type":"page","link":"https:\/\/www.ehu.eus\/cdsea\/web\/index.php\/asistencia-evento-cuidemos-a-los-que-nos-traen-los-alimentos\/","title":{"rendered":"Asistencia evento \u00abCuidemos a los que nos traen los alimentos\u00bb"},"content":{"rendered":"\n<p>Ibone Ametzaga Arregi directora de la C\u00e1tedra Unesco sobre desarrollo Sostenible y educaci\u00f3n ambiental de la UPV\/EHU imparti\u00f3 una charla el <strong>21 de octubre<\/strong>, en Bilbao dentro del <strong>evento \u201cCuidemos a los que nos traen los alimentos\u201d<\/strong> en relaci\u00f3n con la sesi\u00f3n \u201cSilvicultura, gesti\u00f3n del bosque y del agua\u201d junto a otros expertos en la materia para dar a conocer el trabajo que se est\u00e1 realizando en este \u00e1mbito en Euskadi en relaci\u00f3n con los Servicios de los Ecosistemas que ofrecen los bosques naturales. Este evento fue organizado por el grupo \u201cVida M\u00e1s Sana\u201d cuyo objetivo es organizar y \u200bpromover eventos para el bienestar y \u200bsalud de las personas.<\/p>\n","protected":false},"excerpt":{"rendered":"<p>Ibone Ametzaga Arregi directora de la C\u00e1tedra Unesco sobre desarrollo Sostenible y educaci\u00f3n ambiental de la UPV\/EHU imparti\u00f3 una charla el 21 de octubre, en Bilbao dentro del evento \u201cCuidemos a los que nos traen los alimentos\u201d en relaci\u00f3n con la sesi\u00f3n \u201cSilvicultura, gesti\u00f3n del bosque y del agua\u201d junto a otros expertos en la [&hellip;]<\/p>\n","protected":false},"author":4,"featured_media":0,"parent":0,"menu_order":0,"comment_status":"closed","ping_status":"closed","template":"","meta":{"footnotes":""},"class_list":["post-17143","page","type-page","status-publish","hentry"],"_links":{"self":[{"href":"https:\/\/www.ehu.eus\/cdsea\/web\/index.php\/wp-json\/wp\/v2\/pages\/17143"}],"collection":[{"href":"https:\/\/www.ehu.eus\/cdsea\/web\/index.php\/wp-json\/wp\/v2\/pages"}],"about":[{"href":"https:\/\/www.ehu.eus\/cdsea\/web\/index.php\/wp-json\/wp\/v2\/types\/page"}],"author":[{"embeddable":true,"href":"https:\/\/www.ehu.eus\/cdsea\/web\/index.php\/wp-json\/wp\/v2\/users\/4"}],"replies":[{"embeddable":true,"href":"https:\/\/www.ehu.eus\/cdsea\/web\/index.php\/wp-json\/wp\/v2\/comments?post=17143"}],"version-history":[{"count":1,"href":"https:\/\/www.ehu.eus\/cdsea\/web\/index.php\/wp-json\/wp\/v2\/pages\/17143\/revisions"}],"predecessor-version":[{"id":17145,"href":"https:\/\/www.ehu.eus\/cdsea\/web\/index.php\/wp-json\/wp\/v2\/pages\/17143\/revisions\/17145"}],"wp:attachment":[{"href":"https:\/\/www.ehu.eus\/cdsea\/web\/index.php\/wp-json\/wp\/v2\/media?parent=17143"}],"curies":[{"name":"wp","href":"https:\/\/api.w.org\/{rel}","templated":true}]}}