{"id":17266,"date":"2023-11-21T14:25:36","date_gmt":"2023-11-21T14:25:36","guid":{"rendered":"https:\/\/www.ehu.eus\/cdsea\/web\/?page_id=17266"},"modified":"2023-11-21T14:26:35","modified_gmt":"2023-11-21T14:26:35","slug":"jornada-horizonte-2024-del-proyecto-boost-del-gobierno-vasco","status":"publish","type":"page","link":"https:\/\/www.ehu.eus\/cdsea\/web\/index.php\/jornada-horizonte-2024-del-proyecto-boost-del-gobierno-vasco\/","title":{"rendered":"Jornada horizonte 2024 del Proyecto BOOST del Gobierno Vasco"},"content":{"rendered":"[vc_row][vc_column][vc_column_text]<p><\/p>\n<p><strong>Jornada horizonte 2024 del Proyecto BOOST del Gobierno Vasco<\/strong><\/p>\n<p><\/p>\n<p><\/p>\n<p>Investigadores de la C\u00e1tedra UNESCO sobre desarrollo Sostenible y Educaci\u00f3n Ambiental participan en la jornada 2024 del proyecto \u201cBOOST\u201d promovido por el Gobierno Vasco y relacionado con el Decreto 130\/2022 de impulso a la educaci\u00f3n ambiental para la sostenibilidad en la Comunidad Aut\u00f3noma del Pa\u00eds Vasco. La jornada ha tenido lugar el 20\/11\/2023 en el palacio Euskalduna de Bilbao durante la ma\u00f1ana y el mediod\u00eda.<\/p>\n<p><\/p>[\/vc_column_text][\/vc_column][\/vc_row]","protected":false},"excerpt":{"rendered":"<p>[vc_row][vc_column][vc_column_text] Jornada horizonte 2024 del Proyecto BOOST del Gobierno Vasco Investigadores de la C\u00e1tedra UNESCO sobre desarrollo Sostenible y Educaci\u00f3n Ambiental participan en la jornada 2024 del proyecto \u201cBOOST\u201d promovido por el Gobierno Vasco y relacionado con el Decreto 130\/2022 de impulso a la educaci\u00f3n ambiental para la sostenibilidad en la Comunidad Aut\u00f3noma del Pa\u00eds [&hellip;]<\/p>\n","protected":false},"author":4,"featured_media":0,"parent":0,"menu_order":0,"comment_status":"closed","ping_status":"closed","template":"","meta":{"footnotes":""},"class_list":["post-17266","page","type-page","status-publish","hentry"],"_links":{"self":[{"href":"https:\/\/www.ehu.eus\/cdsea\/web\/index.php\/wp-json\/wp\/v2\/pages\/17266"}],"collection":[{"href":"https:\/\/www.ehu.eus\/cdsea\/web\/index.php\/wp-json\/wp\/v2\/pages"}],"about":[{"href":"https:\/\/www.ehu.eus\/cdsea\/web\/index.php\/wp-json\/wp\/v2\/types\/page"}],"author":[{"embeddable":true,"href":"https:\/\/www.ehu.eus\/cdsea\/web\/index.php\/wp-json\/wp\/v2\/users\/4"}],"replies":[{"embeddable":true,"href":"https:\/\/www.ehu.eus\/cdsea\/web\/index.php\/wp-json\/wp\/v2\/comments?post=17266"}],"version-history":[{"count":2,"href":"https:\/\/www.ehu.eus\/cdsea\/web\/index.php\/wp-json\/wp\/v2\/pages\/17266\/revisions"}],"predecessor-version":[{"id":17272,"href":"https:\/\/www.ehu.eus\/cdsea\/web\/index.php\/wp-json\/wp\/v2\/pages\/17266\/revisions\/17272"}],"wp:attachment":[{"href":"https:\/\/www.ehu.eus\/cdsea\/web\/index.php\/wp-json\/wp\/v2\/media?parent=17266"}],"curies":[{"name":"wp","href":"https:\/\/api.w.org\/{rel}","templated":true}]}}