{"id":17350,"date":"2023-11-30T08:25:46","date_gmt":"2023-11-30T08:25:46","guid":{"rendered":"https:\/\/www.ehu.eus\/cdsea\/web\/?page_id=17350"},"modified":"2023-11-30T08:25:50","modified_gmt":"2023-11-30T08:25:50","slug":"euskal-hiria-kongresua","status":"publish","type":"page","link":"https:\/\/www.ehu.eus\/cdsea\/web\/index.php\/euskal-hiria-kongresua\/","title":{"rendered":"Euskal Hiria Kongresua"},"content":{"rendered":"\n<p>Euskal Hiria Kongresua. XXII edici\u00f3n.<\/p>\n\n\n\n<p>Investigadores de la C\u00e1tedra UNESCO sobre desarrollo Sostenible y Educaci\u00f3n Ambiental (UPV\/EHU) acuden al XXII edici\u00f3n del Congreso Euskal Hiria.<\/p>\n\n\n\n<figure class=\"wp-block-embed is-type-wp-embed is-provider-kursaal-donostia-san-sebastian wp-block-embed-kursaal-donostia-san-sebastian\"><div class=\"wp-block-embed__wrapper\">\n<blockquote class=\"wp-embedded-content\" data-secret=\"djtcMwEtKq\"><a href=\"https:\/\/www.kursaal.eus\/es\/agenda\/euskal-hiria-2023-congreso-sobre-reto-demografico\/\">Euskal Hiria 2023<\/a><\/blockquote><iframe loading=\"lazy\" class=\"wp-embedded-content\" sandbox=\"allow-scripts\" security=\"restricted\" style=\"position: absolute; clip: rect(1px, 1px, 1px, 1px);\" title=\"\u00abEuskal Hiria 2023\u00bb \u2014 Kursaal Donostia - San Sebasti\u00e1n\" src=\"https:\/\/www.kursaal.eus\/es\/agenda\/euskal-hiria-2023-congreso-sobre-reto-demografico\/embed\/#?secret=6JXQ0Xp7bY#?secret=djtcMwEtKq\" data-secret=\"djtcMwEtKq\" width=\"500\" height=\"282\" frameborder=\"0\" marginwidth=\"0\" marginheight=\"0\" scrolling=\"no\"><\/iframe>\n<\/div><\/figure>\n","protected":false},"excerpt":{"rendered":"<p>Euskal Hiria Kongresua. XXII edici\u00f3n. Investigadores de la C\u00e1tedra UNESCO sobre desarrollo Sostenible y Educaci\u00f3n Ambiental (UPV\/EHU) acuden al XXII edici\u00f3n del Congreso Euskal Hiria.<\/p>\n","protected":false},"author":4,"featured_media":0,"parent":0,"menu_order":0,"comment_status":"closed","ping_status":"closed","template":"","meta":{"footnotes":""},"class_list":["post-17350","page","type-page","status-publish","hentry"],"_links":{"self":[{"href":"https:\/\/www.ehu.eus\/cdsea\/web\/index.php\/wp-json\/wp\/v2\/pages\/17350"}],"collection":[{"href":"https:\/\/www.ehu.eus\/cdsea\/web\/index.php\/wp-json\/wp\/v2\/pages"}],"about":[{"href":"https:\/\/www.ehu.eus\/cdsea\/web\/index.php\/wp-json\/wp\/v2\/types\/page"}],"author":[{"embeddable":true,"href":"https:\/\/www.ehu.eus\/cdsea\/web\/index.php\/wp-json\/wp\/v2\/users\/4"}],"replies":[{"embeddable":true,"href":"https:\/\/www.ehu.eus\/cdsea\/web\/index.php\/wp-json\/wp\/v2\/comments?post=17350"}],"version-history":[{"count":1,"href":"https:\/\/www.ehu.eus\/cdsea\/web\/index.php\/wp-json\/wp\/v2\/pages\/17350\/revisions"}],"predecessor-version":[{"id":17352,"href":"https:\/\/www.ehu.eus\/cdsea\/web\/index.php\/wp-json\/wp\/v2\/pages\/17350\/revisions\/17352"}],"wp:attachment":[{"href":"https:\/\/www.ehu.eus\/cdsea\/web\/index.php\/wp-json\/wp\/v2\/media?parent=17350"}],"curies":[{"name":"wp","href":"https:\/\/api.w.org\/{rel}","templated":true}]}}