{"id":177,"date":"2016-11-15T15:07:14","date_gmt":"2016-11-15T15:07:14","guid":{"rendered":"http:\/\/www.ehu.eus\/cdsea\/cdseawp\/?page_id=177"},"modified":"2024-08-14T12:28:20","modified_gmt":"2024-08-14T10:28:20","slug":"actividades-2016","status":"publish","type":"page","link":"https:\/\/www.ehu.eus\/cdsea\/web\/index.php\/actividades-2016\/","title":{"rendered":"Actividades 2016"},"content":{"rendered":"\n<div class=\"wp-block-columns alignwide is-layout-flex wp-container-core-columns-is-layout-1 wp-block-columns-is-layout-flex\">\n<div class=\"wp-block-column is-layout-flow wp-block-column-is-layout-flow\" style=\"flex-basis:33.33%\"><nav class=\"has-background has-base-background-color is-responsive items-justified-center wp-block-navigation is-content-justification-center is-layout-flex wp-container-core-navigation-is-layout-1 wp-block-navigation-is-layout-flex\" aria-label=\"Men\u00fa Agenda Actividades\" \n\t\t data-wp-interactive=\"core\/navigation\" data-wp-context='{\"overlayOpenedBy\":{\"click\":false,\"hover\":false,\"focus\":false},\"type\":\"overlay\",\"roleAttribute\":\"\",\"ariaLabel\":\"Men\\u00fa\"}'><button aria-haspopup=\"dialog\" aria-label=\"Abrir el men\u00fa\" class=\"wp-block-navigation__responsive-container-open \" \n\t\t\t\tdata-wp-on-async--click=\"actions.openMenuOnClick\"\n\t\t\t\tdata-wp-on--keydown=\"actions.handleMenuKeydown\"\n\t\t\t><svg width=\"24\" height=\"24\" xmlns=\"http:\/\/www.w3.org\/2000\/svg\" viewBox=\"0 0 24 24\" aria-hidden=\"true\" focusable=\"false\"><rect x=\"4\" y=\"7.5\" width=\"16\" height=\"1.5\" \/><rect x=\"4\" y=\"15\" width=\"16\" height=\"1.5\" \/><\/svg><\/button>\n\t\t\t\t<div class=\"wp-block-navigation__responsive-container  has-background has-base-background-color\"  id=\"modal-1\" \n\t\t\t\tdata-wp-class--has-modal-open=\"state.isMenuOpen\"\n\t\t\t\tdata-wp-class--is-menu-open=\"state.isMenuOpen\"\n\t\t\t\tdata-wp-watch=\"callbacks.initMenu\"\n\t\t\t\tdata-wp-on--keydown=\"actions.handleMenuKeydown\"\n\t\t\t\tdata-wp-on-async--focusout=\"actions.handleMenuFocusout\"\n\t\t\t\ttabindex=\"-1\"\n\t\t\t>\n\t\t\t\t\t<div class=\"wp-block-navigation__responsive-close\" tabindex=\"-1\">\n\t\t\t\t\t\t<div class=\"wp-block-navigation__responsive-dialog\" \n\t\t\t\tdata-wp-bind--aria-modal=\"state.ariaModal\"\n\t\t\t\tdata-wp-bind--aria-label=\"state.ariaLabel\"\n\t\t\t\tdata-wp-bind--role=\"state.roleAttribute\"\n\t\t\t>\n\t\t\t\t\t\t\t<button aria-label=\"Cerrar el men\u00fa\" class=\"wp-block-navigation__responsive-container-close\" \n\t\t\t\tdata-wp-on-async--click=\"actions.closeMenuOnClick\"\n\t\t\t><svg xmlns=\"http:\/\/www.w3.org\/2000\/svg\" viewBox=\"0 0 24 24\" width=\"24\" height=\"24\" aria-hidden=\"true\" focusable=\"false\"><path d=\"M13 11.8l6.1-6.3-1-1-6.1 6.2-6.1-6.2-1 1 6.1 6.3-6.5 6.7 1 1 6.5-6.6 6.5 6.6 1-1z\"><\/path><\/svg><\/button>\n\t\t\t\t\t\t\t<div class=\"wp-block-navigation__responsive-container-content\" \n\t\t\t\tdata-wp-watch=\"callbacks.focusFirstElement\"\n\t\t\t id=\"modal-1-content\">\n\t\t\t\t\t\t\t\t<ul class=\"wp-block-navigation__container has-background has-base-background-color is-responsive items-justified-center wp-block-navigation\"><li data-wp-context=\"{ &quot;submenuOpenedBy&quot;: { &quot;click&quot;: false, &quot;hover&quot;: false, &quot;focus&quot;: false }, &quot;type&quot;: &quot;submenu&quot; }\" data-wp-interactive=\"core\/navigation\" data-wp-on--focusout=\"actions.handleMenuFocusout\" data-wp-on--keydown=\"actions.handleMenuKeydown\" data-wp-on-async--mouseenter=\"actions.openMenuOnHover\" data-wp-on-async--mouseleave=\"actions.closeMenuOnHover\" data-wp-watch=\"callbacks.initMenu\" tabindex=\"-1\" class=\" wp-block-navigation-item has-child open-on-hover-click wp-block-navigation-submenu\"><a class=\"wp-block-navigation-item__content\" href=\"https:\/\/www.ehu.eus\/cdsea\/web\/index.php\/agenda-de-actividades-2018\/\">Agenda de actividades<\/a><button data-wp-bind--aria-expanded=\"state.isMenuOpen\" data-wp-on-async--click=\"actions.toggleMenuOnClick\" aria-label=\"Submen\u00fa de Agenda de actividades\" class=\"wp-block-navigation__submenu-icon wp-block-navigation-submenu__toggle\" ><svg xmlns=\"http:\/\/www.w3.org\/2000\/svg\" width=\"12\" height=\"12\" viewBox=\"0 0 12 12\" fill=\"none\" aria-hidden=\"true\" focusable=\"false\"><path d=\"M1.50002 4L6.00002 8L10.5 4\" stroke-width=\"1.5\"><\/path><\/svg><\/button><ul data-wp-on-async--focus=\"actions.openMenuOnFocus\" class=\"wp-block-navigation__submenu-container has-background has-base-background-color wp-block-navigation-submenu\"><li class=\" wp-block-navigation-item wp-block-navigation-link\"><a class=\"wp-block-navigation-item__content\"  href=\"https:\/\/www.ehu.eus\/cdsea\/web\/index.php\/actividades-2021-2-2\/\"><span class=\"wp-block-navigation-item__label\">Actividades 2023<\/span><\/a><\/li><li class=\" wp-block-navigation-item wp-block-navigation-link\"><a class=\"wp-block-navigation-item__content\"  href=\"https:\/\/www.ehu.eus\/cdsea\/web\/index.php\/actividades-2021-2\/\"><span class=\"wp-block-navigation-item__label\">Actividades 2022<\/span><\/a><\/li><li class=\" wp-block-navigation-item wp-block-navigation-link\"><a class=\"wp-block-navigation-item__content\"  href=\"https:\/\/www.ehu.eus\/cdsea\/web\/index.php\/actividades-2021\/\"><span class=\"wp-block-navigation-item__label\">Actividades 2021<\/span><\/a><\/li><li class=\" wp-block-navigation-item wp-block-navigation-link\"><a class=\"wp-block-navigation-item__content\"  href=\"https:\/\/www.ehu.eus\/cdsea\/web\/index.php\/actividades-2020\/\"><span class=\"wp-block-navigation-item__label\">Actividades 2020<\/span><\/a><\/li><li class=\" wp-block-navigation-item wp-block-navigation-link\"><a class=\"wp-block-navigation-item__content\"  href=\"https:\/\/www.ehu.eus\/cdsea\/web\/index.php\/agenda-de-actividades-2019\/\"><span class=\"wp-block-navigation-item__label\">Actividades 2019<\/span><\/a><\/li><li class=\" wp-block-navigation-item wp-block-navigation-link\"><a class=\"wp-block-navigation-item__content\"  href=\"https:\/\/www.ehu.eus\/cdsea\/web\/index.php\/agenda-de-actividades-2018-2\/\"><span class=\"wp-block-navigation-item__label\">Actividades 2018<\/span><\/a><\/li><li class=\" wp-block-navigation-item wp-block-navigation-link\"><a class=\"wp-block-navigation-item__content\"  href=\"https:\/\/www.ehu.eus\/cdsea\/web\/index.php\/agenda-de-actividades-2017-2\/\"><span class=\"wp-block-navigation-item__label\">Actividades 2017<\/span><\/a><\/li><li class=\" wp-block-navigation-item wp-block-navigation-link\"><a class=\"wp-block-navigation-item__content\"  href=\"https:\/\/www.ehu.eus\/cdsea\/web\/index.php\/actividades-2016\/\"><span class=\"wp-block-navigation-item__label\">Actividades 2016<\/span><\/a><\/li><\/ul><\/li><\/ul>\n\t\t\t\t\t\t\t<\/div>\n\t\t\t\t\t\t<\/div>\n\t\t\t\t\t<\/div>\n\t\t\t\t<\/div><\/nav><\/div>\n\n\n\n<div class=\"wp-block-column is-layout-flow wp-block-column-is-layout-flow\" style=\"flex-basis:66.66%\">\n<h3 class=\"wp-block-heading has-gradient-3-gradient-background has-background has-medium-font-size\"><strong>ACTIVIDADES ORGANIZADAS POR LA C\u00c1TEDRA<\/strong><\/h3>\n\n\n\n<p><img loading=\"lazy\" decoding=\"async\" src=\"http:\/\/www.ehu.eus\/cdsea\/web\/wp-content\/uploads\/2017\/03\/Organizadas.png\" alt=\"\" width=\"17\" height=\"18\">&nbsp;<em><strong><a href=\"http:\/\/ufrr.br\/roa\/index.php\/21-volume-4-numero-1\" target=\"_blank\" rel=\"noreferrer noopener\">Nueva publicaci\u00f3n en la revista Olhares Amaz\u00f4nicos:<\/a><\/strong> mayo.<\/em><a href=\"http:\/\/ufrr.br\/roa\/index.php\/21-volume-4-numero-1\" target=\"_blank\" rel=\"noreferrer noopener\"><\/a><\/p>\n\n\n\n<h3 class=\"wp-block-heading has-gradient-3-gradient-background has-background has-medium-font-size\">&nbsp;<strong>ACTIVIDADES EN LAS QUE HA PARTICIPADO LA C\u00c1TEDRA<\/strong><\/h3>\n\n\n\n<p><strong><em><a href=\"http:\/\/www.conference.ifas.ufl.edu\/aces\/index.html\"><\/a><\/em><\/strong><a href=\"http:\/\/www.conference.ifas.ufl.edu\/aces\/index.html\"><strong><em>Congreso \u201cACES a Community on Ecosystem Services: Implementation, Advances and Challenges\u201d:<\/em><\/strong><\/a><a href=\"http:\/\/www.conference.ifas.ufl.edu\/aces\/index.html\"><\/a><em>del 5 al 9 de diciembre en Jacksonville (Florida, USA). P\u00f3ster.<\/em><\/p>\n\n\n\n<p><img loading=\"lazy\" decoding=\"async\" src=\"http:\/\/www.ehu.eus\/cdsea\/web\/wp-content\/uploads\/2017\/03\/Asistencia1.png\" alt=\"\" width=\"17\" height=\"17\"> <strong><a href=\"http:\/\/regioresources21.eli-web.com\/index.php?article=program&amp;lang=english\" target=\"_blank\" rel=\"noreferrer noopener\"><em>Ponencia invitada al \u201cRegioResources 21: A cross disciplinary dialogue on sustainable development of regional resources\u201d<\/em><\/a>: <\/strong>del 19 al 21 de octubre <em>en Lugo, Espa\u00f1a.&nbsp;<\/em><strong><a href=\"http:\/\/www.ehu.eus\/cdsea\/web\/wp-content\/uploads\/2017\/02\/2016_Lugo.pdf\" target=\"_blank\" rel=\"noreferrer noopener\"><em>Ponencia.<\/em><\/a><\/strong><\/p>\n\n\n\n<p><img loading=\"lazy\" decoding=\"async\" src=\"http:\/\/www.ehu.eus\/cdsea\/web\/wp-content\/uploads\/2017\/03\/Asistencia1.png\" alt=\"\" width=\"17\" height=\"17\">&nbsp; <strong><a href=\"http:\/\/www.greeninfrastructure-zaragoza.com\/es\/\" target=\"_blank\" rel=\"noreferrer noopener\"><em>Congreso \u201cCaminando hacia la Infraestructura Verde: Presente y futuro\u201d<\/em><\/a>: <\/strong>del 20 al 21 de octubre <em>en Zaragoza.&nbsp;<\/em><strong><a href=\"http:\/\/www.ehu.eus\/cdsea\/web\/wp-content\/uploads\/2017\/02\/Poster_Zaragoza.pdf\" target=\"_blank\" rel=\"noreferrer noopener\"><em>P\u00f3ster.<\/em><\/a><\/strong><\/p>\n\n\n\n<p><img loading=\"lazy\" decoding=\"async\" src=\"http:\/\/www.ehu.eus\/cdsea\/web\/wp-content\/uploads\/2017\/03\/Asistencia1.png\" alt=\"\" width=\"17\" height=\"17\"> <strong><a href=\"http:\/\/www.euskadi.eus\/evento\/foro-de-biodiversidad\/web01-s2ing\/es\/\" target=\"_blank\" rel=\"noreferrer noopener\"><em>1\u00ba Foro Social de Biodiversidad de Euskadi 2016<\/em><\/a>:<\/strong> el 14 de octubre <em>en Bilbao.<\/em><\/p>\n\n\n\n<p><img loading=\"lazy\" decoding=\"async\" src=\"http:\/\/www.ehu.eus\/cdsea\/web\/wp-content\/uploads\/2017\/03\/Asistencia1.png\" alt=\"\" width=\"17\" height=\"17\"> <strong><a href=\"http:\/\/www.esconference2016.eu\/86157#.V-khkzUwBD0\" target=\"_blank\" rel=\"noreferrer noopener\"><em>European Ecosystem Services Conference<\/em><\/a>: <\/strong>del 19 al 23 de septiembre en <em>Amberes (B\u00e9lgica). <\/em><strong><a href=\"http:\/\/www.ehu.eus\/cdsea\/web\/wp-content\/uploads\/2017\/02\/Poster_Amberes.pdf\" target=\"_blank\" rel=\"noreferrer noopener\"><em>P\u00f3ster.<\/em><\/a><\/strong><\/p>\n\n\n\n<p><strong>&nbsp;<a href=\"http:\/\/www.jakiunde.eus\/actividades\/erronkak\/d\/e\/16-de-septiembre-ordenacion-territorial-y-globalizacion-podemos-mantener-nuestra-identidad\/\" target=\"_blank\" rel=\"noreferrer noopener\"><em>Jornada \u00abOrdenaci\u00f3n territorial y Globalizaci\u00f3n: \u00bfpodemos mantener nuestra identidad?<\/em><\/a>: el 16 de septiembre <\/strong><em>en Getxo.<\/em><\/p>\n\n\n\n<p><img loading=\"lazy\" decoding=\"async\" src=\"http:\/\/www.ehu.eus\/cdsea\/web\/wp-content\/uploads\/2017\/03\/Asistencia1.png\" alt=\"\" width=\"17\" height=\"17\">&nbsp;<strong><a href=\"http:\/\/www.ehu.eus\/cdsea\/web\/index.php\/participacion-de-la-catedra-en-la-40a-sesion-del-comite-de-patrimonio-mundial\/\" target=\"_blank\" rel=\"noreferrer noopener\"><em>40th World Heritage Convention:<\/em><\/a> <\/strong><em>del 10 al 20 de julio en Estambul.<\/em><\/p>\n\n\n\n<p><img loading=\"lazy\" decoding=\"async\" src=\"http:\/\/www.ehu.eus\/cdsea\/web\/wp-content\/uploads\/2017\/03\/Asistencia1.png\" alt=\"\" width=\"17\" height=\"17\"> <em><strong><a href=\"http:\/\/www.ue4sd.eu\/gibraltar\" target=\"_blank\" rel=\"noreferrer noopener\">2016 UE4SD Conference: <\/a><\/strong>del 27 al 29 de junio en Gibraltar. <strong><a href=\"http:\/\/www.ehu.eus\/cdsea\/web\/wp-content\/uploads\/2017\/02\/Gibraltar-2016.pdf\" target=\"_blank\" rel=\"noreferrer noopener\">Ponencia.<\/a><\/strong><\/em><\/p>\n\n\n\n<p><img loading=\"lazy\" decoding=\"async\" src=\"http:\/\/www.ehu.eus\/cdsea\/web\/wp-content\/uploads\/2017\/03\/Asistencia1.png\" alt=\"\" width=\"17\" height=\"17\"> <em><strong><a href=\"http:\/\/www.utad.pt\/vPT\/Area2\/eventos\/Conferencias_Douro\/Paginas\/conf_douro.aspx\" target=\"_blank\" rel=\"noreferrer noopener\">Confer\u00eancias do Douro 2016: <\/a><\/strong>el 20 de junio en Portugal. <strong><a href=\"http:\/\/www.ehu.eus\/cdsea\/web\/wp-content\/uploads\/2017\/02\/Douro2016.pdf\" target=\"_blank\" rel=\"noreferrer noopener\">Ponencia.<\/a><\/strong><\/em><\/p>\n\n\n\n<p><img loading=\"lazy\" decoding=\"async\" src=\"http:\/\/www.ehu.eus\/cdsea\/web\/wp-content\/uploads\/2017\/03\/Asistencia1.png\" alt=\"\" width=\"17\" height=\"17\"> <em><strong><a href=\"http:\/\/www.ehu.eus\/cdsea\/web\/wp-content\/uploads\/2017\/01\/CursoREdNatura.pdf\" target=\"_blank\" rel=\"noreferrer noopener\">Curso del IVAP \u00abRed Natura 2000 en Euskadi: Experiencias pr\u00e1cticas\u00bb<\/a><\/strong>: el 17 de junio en Donostia. <strong><a href=\"http:\/\/www.ehu.eus\/cdsea\/web\/wp-content\/uploads\/2017\/01\/CursoIVAP2016.pdf\" target=\"_blank\" rel=\"noreferrer noopener\">Ponencia.<\/a><\/strong><\/em><\/p>\n\n\n\n<p><img loading=\"lazy\" decoding=\"async\" src=\"http:\/\/www.ehu.eus\/cdsea\/web\/wp-content\/uploads\/2017\/03\/Asistencia1.png\" alt=\"\" width=\"17\" height=\"17\"> <em><strong><a href=\"http:\/\/www.ehu.eus\/cdsea\/web\/wp-content\/uploads\/2017\/01\/ehuGuneDOT-1.pdf\" target=\"_blank\" rel=\"noreferrer noopener\">Workshop ehuGune \u00abRevisi\u00f3n de las DOT: la contribuci\u00f3n cr\u00edtica de la Universidad\u00bb: <\/a><\/strong>el 8 de junio en Bilbao.<\/em><\/p>\n\n\n\n<p><img loading=\"lazy\" decoding=\"async\" src=\"http:\/\/www.ehu.eus\/cdsea\/web\/wp-content\/uploads\/2017\/03\/Asistencia1.png\" alt=\"\" width=\"17\" height=\"17\">&nbsp;<em><strong><a href=\"http:\/\/bilbohiria.eus\/42324#prettyPhoto\" target=\"_blank\" rel=\"noreferrer noopener\">Entrevista de la Coordinadora General de la C\u00e1tedra UNESCO, Miren Onaindia, en Bilbo Hiria irratia:<\/a><\/strong> el 26 de mayo en Bilbao.<\/em><\/p>\n\n\n\n<p><img loading=\"lazy\" decoding=\"async\" src=\"http:\/\/www.ehu.eus\/cdsea\/web\/wp-content\/uploads\/2017\/03\/Asistencia1.png\" alt=\"\" width=\"17\" height=\"17\"> <em><strong><a href=\"http:\/\/www.ehu.eus\/cdsea\/web\/images\/CursoArgentina.jpg\" target=\"_blank\" rel=\"noreferrer noopener\">Visita de Miren Onaindia a la Universidad Nacional de la Pampa (Argentina): <\/a><\/strong>del 1 al 15 de mayo. <strong><a href=\"http:\/\/www.ehu.eus\/cdsea\/web\/images\/Argentina1.jpg\" target=\"_blank\" rel=\"noreferrer noopener\">Fotografia.<\/a><\/strong><\/em><\/p>\n\n\n\n<p><img loading=\"lazy\" decoding=\"async\" src=\"http:\/\/www.ehu.eus\/cdsea\/web\/wp-content\/uploads\/2017\/03\/Asistencia1.png\" alt=\"\" width=\"17\" height=\"17\"> <em><strong><a href=\"http:\/\/www.ehu.eus\/cdsea\/web\/wp-content\/uploads\/2017\/01\/CursoArgentina.jpg\" target=\"_blank\" rel=\"noreferrer noopener\">Simposio internacional sobre Biomimesis<\/a>: <\/strong>del 27 al 29 de abril en Letizia (Colombia).<strong> <a href=\"http:\/\/www.ehu.eus\/cdsea\/web\/wp-content\/uploads\/2017\/01\/Colombia.pdf\" target=\"_blank\" rel=\"noreferrer noopener\">Ponencia<\/a>. <a href=\"http:\/\/www.ehu.eus\/cdsea\/web\/wp-content\/uploads\/2017\/01\/Letizia.jpg\" target=\"_blank\" rel=\"noreferrer noopener\">Fotograf\u00eda.<\/a><a href=\"http:\/\/ruv.unad.edu.co\/index.php\/academica\/administrando-el-futuro\/4441-conversatorio-biomimesis-segunda-parte\" target=\"_blank\" rel=\"noreferrer noopener\">Entrevista en radio.<\/a><\/strong><\/em><\/p>\n\n\n\n<p><img loading=\"lazy\" decoding=\"async\" src=\"http:\/\/www.ehu.eus\/cdsea\/web\/wp-content\/uploads\/2017\/03\/Asistencia1.png\" alt=\"\" width=\"17\" height=\"17\"> <em><a href=\"http:\/\/conferences.sustainablecities.eu\/basquecountry2016\/es\/\" target=\"_blank\" rel=\"noreferrer noopener\"><strong>8\u00aa Conferencia Europea de Ciudades y Pueblos Sostenibles <\/strong><\/a>dentro del plenario 3 en la&nbsp;<a href=\"http:\/\/www.ehu.eus\/cdsea\/web\/wp-content\/uploads\/2017\/01\/ICLEI.jpg\" target=\"_blank\" rel=\"noreferrer noopener\"><strong> Sesi\u00f3n tem\u00e1tica 10: Ciudades naturalizadas: <\/strong><\/a><\/em><em>del 27 al 29 de abril en Bilbao. <\/em><strong><em><a href=\"http:\/\/www.ehu.eus\/cdsea\/web\/wp-content\/uploads\/2017\/01\/ICLEI.jpg\" target=\"_blank\" rel=\"noreferrer noopener\">Fotograf\u00eda<\/a><\/em><\/strong><\/p>\n\n\n\n<p><img loading=\"lazy\" decoding=\"async\" src=\"http:\/\/www.ehu.eus\/cdsea\/web\/wp-content\/uploads\/2017\/03\/Asistencia1.png\" alt=\"\" width=\"17\" height=\"17\"><em><strong><a href=\"http:\/\/www.sustainableweek.com\/foro.html\" target=\"_blank\" rel=\"noreferrer noopener\"> I Foro Sustainable Week: <\/a><\/strong><\/em><em>el 27 de abril en Bilbao.<\/em><\/p>\n\n\n\n<p><img loading=\"lazy\" decoding=\"async\" src=\"http:\/\/www.ehu.eus\/cdsea\/web\/wp-content\/uploads\/2017\/03\/Asistencia1.png\" alt=\"\" width=\"17\" height=\"17\"> <em><a href=\"http:\/\/www.irekia.euskadi.eus\/es\/news\/32167-euskadi-flandes-comparten-estrategia-sobre-biodiversidad-red-natura-2000\" target=\"_blank\" rel=\"noreferrer noopener\"><strong>Reuniones mantenidas con una delegaci\u00f3n del Gobierno de Flandes que visita Euskadi para compartir buenas pr\u00e1cticas: <\/strong><\/a><\/em><em>el 22 de abril en Bilbao. <strong><a href=\"http:\/\/www.ehu.eus\/cdsea\/web\/wp-content\/uploads\/2017\/01\/flanders.pdf\" target=\"_blank\" rel=\"noreferrer noopener\">Ponencia.&nbsp;<\/a><\/strong><\/em><\/p>\n\n\n\n<p><img loading=\"lazy\" decoding=\"async\" src=\"http:\/\/www.ehu.eus\/cdsea\/web\/wp-content\/uploads\/2017\/03\/Asistencia1.png\" alt=\"\" width=\"17\" height=\"17\"> <em><strong><a href=\"ftp:\/\/ftp.geo.euskadi.net\/cartografia\/Medio_Ambiente\/Servicios_Ecosistemas\/\" target=\"_blank\" rel=\"noreferrer noopener\">Publicaci\u00f3n de la nueva cartograf\u00eda de servicios de los ecosistemas de Euskadi en geoeuskadi: <\/a><\/strong>22 de abril.<\/em><\/p>\n\n\n\n<p><img loading=\"lazy\" decoding=\"async\" src=\"http:\/\/www.ehu.eus\/cdsea\/web\/wp-content\/uploads\/2017\/03\/Asistencia1.png\" alt=\"\" width=\"17\" height=\"17\"> <em><strong><a href=\"http:\/\/www.ehu.eus\/cdsea\/web\/wp-content\/uploads\/2017\/01\/ue4sd.pdf\" target=\"_blank\" rel=\"noreferrer noopener\">Reuni\u00f3n mantenida por las universidades espa\u00f1olas dentro del proyecto europeo UE4SD: <\/a><\/strong>del 13 al 15 de abril en Granada.<\/em><\/p>\n\n\n\n<p><img loading=\"lazy\" decoding=\"async\" src=\"http:\/\/www.ehu.eus\/cdsea\/web\/wp-content\/uploads\/2017\/03\/Asistencia1.png\" alt=\"\" width=\"17\" height=\"17\"> <em><strong><a href=\"http:\/\/www.ehu.eus\/cdsea\/web\/wp-content\/uploads\/2017\/01\/CampusBIZIA.pdf\" target=\"_blank\" rel=\"noreferrer noopener\">Seminario \u00abCAMPUS BIZIA\u00bb: <\/a><\/strong><\/em><em>el 8 de abril en Leioa.<\/em><\/p>\n\n\n\n<p><img loading=\"lazy\" decoding=\"async\" src=\"http:\/\/www.ehu.eus\/cdsea\/web\/wp-content\/uploads\/2017\/03\/Asistencia1.png\" alt=\"\" width=\"17\" height=\"17\">&nbsp;<em><strong><a href=\"http:\/\/www.ivcongresomundialreservabiosfera.pe\/index.php\/es\/\" target=\"_blank\" rel=\"noreferrer noopener\">4\u00ba Congreso Mundial de Reservas de Biosfera: <\/a><\/strong>del 14 al 17 de marzo en Lima (Per\u00fa). Ponencias en diversos talleres: <a href=\"http:\/\/www.ehu.eus\/cdsea\/web\/wp-content\/uploads\/2017\/01\/Infraestructuraverde.pdf\" target=\"_blank\" rel=\"noreferrer noopener\">Redes cient\u00edficas<\/a>; <a href=\"http:\/\/www.ehu.eus\/cdsea\/web\/wp-content\/uploads\/2017\/01\/Urdaibai.pdf\" target=\"_blank\" rel=\"noreferrer noopener\">Reserva de la Biosfera de Urdaibai<\/a>; <a href=\"http:\/\/www.ehu.eus\/cdsea\/web\/wp-content\/uploads\/2017\/01\/Infraestructuraverde.pdf\" target=\"_blank\" rel=\"noreferrer noopener\">Infraestructura Verde. <\/a><a href=\"http:\/\/www.ehu.eus\/cdsea\/web\/wp-content\/uploads\/2017\/01\/Lima2016.jpg\" target=\"_blank\" rel=\"noreferrer noopener\">Fotograf\u00eda<\/a><\/em><\/p>\n\n\n\n<p><img loading=\"lazy\" decoding=\"async\" src=\"http:\/\/www.ehu.eus\/cdsea\/web\/wp-content\/uploads\/2017\/03\/Asistencia1.png\" alt=\"\" width=\"17\" height=\"17\"> <em><strong><a href=\"http:\/\/www.elmundoempresarial.es\/noticias\/es\/1602\/1\/4981\/El-futuro-de-la-Naturaleza-est%C3%A1-en-tus-manos.htm\" target=\"_blank\" rel=\"noreferrer noopener\">Publicaci\u00f3n del art\u00edculo \u00abEl futuro de la naturaleza est\u00e1 en tus manos\u00bb&nbsp; escrito por Miren Onaindia en el NewBusiness, el Mundo Empresarial<\/a>: <\/strong>el 27 de febrero del 2016.<\/em><\/p>\n\n\n\n<p><img loading=\"lazy\" decoding=\"async\" src=\"http:\/\/www.ehu.eus\/cdsea\/web\/wp-content\/uploads\/2017\/03\/Asistencia1.png\" alt=\"\" width=\"17\" height=\"17\">&nbsp; <em><strong><a href=\"http:\/\/sostenibles.tv\/?p=1435&amp;lang=eu\" target=\"_blank\" rel=\"noreferrer noopener\">Video de SOStenible tv sobre la C\u00e1tedra UNESCO sobre Desarrollo Sostenible y Educaci\u00f3n Ambiental de la UPV\/EHU:<\/a> <\/strong>17 de febrero.<\/em><\/p>\n\n\n\n<p><img loading=\"lazy\" decoding=\"async\" src=\"http:\/\/www.ehu.eus\/cdsea\/web\/wp-content\/uploads\/2017\/03\/Asistencia1.png\" alt=\"\" width=\"17\" height=\"17\"> <em><strong><a href=\"http:\/\/www.irekia.euskadi.eus\/es\/news\/30777-centenar-agentes-publicos-privados-elaboran-nueva-estrategia-biodiversidad-del-pais-vasco-2030\" target=\"_blank\" rel=\"noreferrer noopener\">Foro de participaci\u00f3n para la elaboraci\u00f3n de la Estrategia de Biodiversidad de la Comunidad Aut\u00f3noma del Pa\u00eds Vasco 2030: <\/a><\/strong><\/em><em>10 de febrero en Bilbao.<\/em><\/p>\n<\/div>\n<\/div>\n","protected":false},"excerpt":{"rendered":"<p>ACTIVIDADES ORGANIZADAS POR LA C\u00c1TEDRA &nbsp;Nueva publicaci\u00f3n en la revista Olhares Amaz\u00f4nicos: mayo. &nbsp;ACTIVIDADES EN LAS QUE HA PARTICIPADO LA C\u00c1TEDRA Congreso \u201cACES a Community on Ecosystem Services: Implementation, Advances and Challenges\u201d:del 5 al 9 de diciembre en Jacksonville (Florida, USA). P\u00f3ster. Ponencia invitada al \u201cRegioResources 21: A cross disciplinary dialogue on sustainable development of [&hellip;]<\/p>\n","protected":false},"author":1,"featured_media":0,"parent":0,"menu_order":0,"comment_status":"closed","ping_status":"closed","template":"","meta":{"footnotes":""},"class_list":["post-177","page","type-page","status-publish","hentry"],"_links":{"self":[{"href":"https:\/\/www.ehu.eus\/cdsea\/web\/index.php\/wp-json\/wp\/v2\/pages\/177"}],"collection":[{"href":"https:\/\/www.ehu.eus\/cdsea\/web\/index.php\/wp-json\/wp\/v2\/pages"}],"about":[{"href":"https:\/\/www.ehu.eus\/cdsea\/web\/index.php\/wp-json\/wp\/v2\/types\/page"}],"author":[{"embeddable":true,"href":"https:\/\/www.ehu.eus\/cdsea\/web\/index.php\/wp-json\/wp\/v2\/users\/1"}],"replies":[{"embeddable":true,"href":"https:\/\/www.ehu.eus\/cdsea\/web\/index.php\/wp-json\/wp\/v2\/comments?post=177"}],"version-history":[{"count":1,"href":"https:\/\/www.ehu.eus\/cdsea\/web\/index.php\/wp-json\/wp\/v2\/pages\/177\/revisions"}],"predecessor-version":[{"id":18182,"href":"https:\/\/www.ehu.eus\/cdsea\/web\/index.php\/wp-json\/wp\/v2\/pages\/177\/revisions\/18182"}],"wp:attachment":[{"href":"https:\/\/www.ehu.eus\/cdsea\/web\/index.php\/wp-json\/wp\/v2\/media?parent=177"}],"curies":[{"name":"wp","href":"https:\/\/api.w.org\/{rel}","templated":true}]}}