{"id":17769,"date":"2024-04-02T10:37:56","date_gmt":"2024-04-02T10:37:56","guid":{"rendered":"https:\/\/www.ehu.eus\/cdsea\/web\/?page_id=17769"},"modified":"2024-08-14T11:58:57","modified_gmt":"2024-08-14T09:58:57","slug":"actividades-2021-2-2","status":"publish","type":"page","link":"https:\/\/www.ehu.eus\/cdsea\/web\/index.php\/actividades-2021-2-2\/","title":{"rendered":"Actividades 2023"},"content":{"rendered":"\n<div class=\"wp-block-columns alignwide is-layout-flex wp-container-core-columns-is-layout-1 wp-block-columns-is-layout-flex\">\n<div class=\"wp-block-column is-vertically-aligned-top is-layout-flow wp-block-column-is-layout-flow\" style=\"flex-basis:33.33%\"><nav class=\"has-background has-base-background-color has-medium-font-size is-responsive items-justified-center wp-block-navigation has-medium-font-size is-content-justification-center is-layout-flex wp-container-core-navigation-is-layout-1 wp-block-navigation-is-layout-flex\" aria-label=\"Men\u00fa Agenda Actividades\" \n\t\t data-wp-interactive=\"core\/navigation\" data-wp-context='{\"overlayOpenedBy\":{\"click\":false,\"hover\":false,\"focus\":false},\"type\":\"overlay\",\"roleAttribute\":\"\",\"ariaLabel\":\"Men\\u00fa\"}'><button aria-haspopup=\"dialog\" aria-label=\"Abrir el men\u00fa\" class=\"wp-block-navigation__responsive-container-open \" \n\t\t\t\tdata-wp-on-async--click=\"actions.openMenuOnClick\"\n\t\t\t\tdata-wp-on--keydown=\"actions.handleMenuKeydown\"\n\t\t\t><svg width=\"24\" height=\"24\" xmlns=\"http:\/\/www.w3.org\/2000\/svg\" viewBox=\"0 0 24 24\" aria-hidden=\"true\" focusable=\"false\"><rect x=\"4\" y=\"7.5\" width=\"16\" height=\"1.5\" \/><rect x=\"4\" y=\"15\" width=\"16\" height=\"1.5\" \/><\/svg><\/button>\n\t\t\t\t<div class=\"wp-block-navigation__responsive-container  has-background has-base-background-color\"  id=\"modal-1\" \n\t\t\t\tdata-wp-class--has-modal-open=\"state.isMenuOpen\"\n\t\t\t\tdata-wp-class--is-menu-open=\"state.isMenuOpen\"\n\t\t\t\tdata-wp-watch=\"callbacks.initMenu\"\n\t\t\t\tdata-wp-on--keydown=\"actions.handleMenuKeydown\"\n\t\t\t\tdata-wp-on-async--focusout=\"actions.handleMenuFocusout\"\n\t\t\t\ttabindex=\"-1\"\n\t\t\t>\n\t\t\t\t\t<div class=\"wp-block-navigation__responsive-close\" tabindex=\"-1\">\n\t\t\t\t\t\t<div class=\"wp-block-navigation__responsive-dialog\" \n\t\t\t\tdata-wp-bind--aria-modal=\"state.ariaModal\"\n\t\t\t\tdata-wp-bind--aria-label=\"state.ariaLabel\"\n\t\t\t\tdata-wp-bind--role=\"state.roleAttribute\"\n\t\t\t>\n\t\t\t\t\t\t\t<button aria-label=\"Cerrar el men\u00fa\" class=\"wp-block-navigation__responsive-container-close\" \n\t\t\t\tdata-wp-on-async--click=\"actions.closeMenuOnClick\"\n\t\t\t><svg xmlns=\"http:\/\/www.w3.org\/2000\/svg\" viewBox=\"0 0 24 24\" width=\"24\" height=\"24\" aria-hidden=\"true\" focusable=\"false\"><path d=\"M13 11.8l6.1-6.3-1-1-6.1 6.2-6.1-6.2-1 1 6.1 6.3-6.5 6.7 1 1 6.5-6.6 6.5 6.6 1-1z\"><\/path><\/svg><\/button>\n\t\t\t\t\t\t\t<div class=\"wp-block-navigation__responsive-container-content\" \n\t\t\t\tdata-wp-watch=\"callbacks.focusFirstElement\"\n\t\t\t id=\"modal-1-content\">\n\t\t\t\t\t\t\t\t<ul class=\"wp-block-navigation__container has-background has-base-background-color has-medium-font-size is-responsive items-justified-center wp-block-navigation has-medium-font-size\"><li data-wp-context=\"{ &quot;submenuOpenedBy&quot;: { &quot;click&quot;: false, &quot;hover&quot;: false, &quot;focus&quot;: false }, &quot;type&quot;: &quot;submenu&quot; }\" data-wp-interactive=\"core\/navigation\" data-wp-on--focusout=\"actions.handleMenuFocusout\" data-wp-on--keydown=\"actions.handleMenuKeydown\" data-wp-on-async--mouseenter=\"actions.openMenuOnHover\" data-wp-on-async--mouseleave=\"actions.closeMenuOnHover\" data-wp-watch=\"callbacks.initMenu\" tabindex=\"-1\" class=\"has-medium-font-size wp-block-navigation-item has-child open-on-hover-click wp-block-navigation-submenu\"><a class=\"wp-block-navigation-item__content\" href=\"https:\/\/www.ehu.eus\/cdsea\/web\/index.php\/agenda-de-actividades-2018\/\">Agenda de actividades<\/a><button data-wp-bind--aria-expanded=\"state.isMenuOpen\" data-wp-on-async--click=\"actions.toggleMenuOnClick\" aria-label=\"Submen\u00fa de Agenda de actividades\" class=\"wp-block-navigation__submenu-icon wp-block-navigation-submenu__toggle\" ><svg xmlns=\"http:\/\/www.w3.org\/2000\/svg\" width=\"12\" height=\"12\" viewBox=\"0 0 12 12\" fill=\"none\" aria-hidden=\"true\" focusable=\"false\"><path d=\"M1.50002 4L6.00002 8L10.5 4\" stroke-width=\"1.5\"><\/path><\/svg><\/button><ul data-wp-on-async--focus=\"actions.openMenuOnFocus\" class=\"wp-block-navigation__submenu-container has-background has-base-background-color wp-block-navigation-submenu\"><li class=\"has-medium-font-size wp-block-navigation-item wp-block-navigation-link\"><a class=\"wp-block-navigation-item__content\"  href=\"https:\/\/www.ehu.eus\/cdsea\/web\/index.php\/actividades-2021-2-2\/\"><span class=\"wp-block-navigation-item__label\">Actividades 2023<\/span><\/a><\/li><li class=\"has-medium-font-size wp-block-navigation-item wp-block-navigation-link\"><a class=\"wp-block-navigation-item__content\"  href=\"https:\/\/www.ehu.eus\/cdsea\/web\/index.php\/actividades-2021-2\/\"><span class=\"wp-block-navigation-item__label\">Actividades 2022<\/span><\/a><\/li><li class=\"has-medium-font-size wp-block-navigation-item wp-block-navigation-link\"><a class=\"wp-block-navigation-item__content\"  href=\"https:\/\/www.ehu.eus\/cdsea\/web\/index.php\/actividades-2021\/\"><span class=\"wp-block-navigation-item__label\">Actividades 2021<\/span><\/a><\/li><li class=\"has-medium-font-size wp-block-navigation-item wp-block-navigation-link\"><a class=\"wp-block-navigation-item__content\"  href=\"https:\/\/www.ehu.eus\/cdsea\/web\/index.php\/actividades-2020\/\"><span class=\"wp-block-navigation-item__label\">Actividades 2020<\/span><\/a><\/li><li class=\"has-medium-font-size wp-block-navigation-item wp-block-navigation-link\"><a class=\"wp-block-navigation-item__content\"  href=\"https:\/\/www.ehu.eus\/cdsea\/web\/index.php\/agenda-de-actividades-2019\/\"><span class=\"wp-block-navigation-item__label\">Actividades 2019<\/span><\/a><\/li><li class=\"has-medium-font-size wp-block-navigation-item wp-block-navigation-link\"><a class=\"wp-block-navigation-item__content\"  href=\"https:\/\/www.ehu.eus\/cdsea\/web\/index.php\/agenda-de-actividades-2018-2\/\"><span class=\"wp-block-navigation-item__label\">Actividades 2018<\/span><\/a><\/li><li class=\"has-medium-font-size wp-block-navigation-item wp-block-navigation-link\"><a class=\"wp-block-navigation-item__content\"  href=\"https:\/\/www.ehu.eus\/cdsea\/web\/index.php\/agenda-de-actividades-2017-2\/\"><span class=\"wp-block-navigation-item__label\">Actividades 2017<\/span><\/a><\/li><li class=\"has-medium-font-size wp-block-navigation-item wp-block-navigation-link\"><a class=\"wp-block-navigation-item__content\"  href=\"https:\/\/www.ehu.eus\/cdsea\/web\/index.php\/actividades-2016\/\"><span class=\"wp-block-navigation-item__label\">Actividades 2016<\/span><\/a><\/li><\/ul><\/li><\/ul>\n\t\t\t\t\t\t\t<\/div>\n\t\t\t\t\t\t<\/div>\n\t\t\t\t\t<\/div>\n\t\t\t\t<\/div><\/nav><\/div>\n\n\n\n<div class=\"wp-block-column is-layout-flow wp-block-column-is-layout-flow\" style=\"flex-basis:66.66%\">\n<figure class=\"wp-block-table\"><table class=\"has-gradient-3-gradient-background has-background\"><tbody><tr><td><strong>ACTIVIDADES DE LA C\u00c1TEDRA<\/strong><\/td><\/tr><\/tbody><\/table><\/figure>\n\n\n\n<ul class=\"wp-block-list\">\n<li><strong>22\/12\/23: <\/strong><strong><a href=\"https:\/\/mailchi.mp\/e7a9bd919035\/berriak-noticias-news-ecosistemas-euskadi-2021-12722518\">Bolet\u00edn 3- 2023 Servicios de los Ecosistemas.<\/a><\/strong><\/li>\n\n\n\n<li><strong>19\/12\/23: <\/strong><strong><a href=\"https:\/\/www.ehu.eus\/cdsea\/web\/index.php\/guia-metodologica-servicios-ecosistemas-euskadi\/\">Gu\u00eda metodol\u00f3gica para el cartografiado de los Servicios de los Ecosistemas en Euskadi.\u00a0<\/a><\/strong><\/li>\n\n\n\n<li><strong>15\/11\/23: <\/strong><strong><a href=\"https:\/\/docs.google.com\/forms\/d\/e\/1FAIpQLSckWGBIANA6BLcYlqX_NZJJbX2_gc2e_bLxWqC2q8BcJ1D8Ew\/viewform\">Curso Servicios de los Ecosistemas e Infraestructura Verde. Inscripciones abiertas. Comienzo 27 de Noviembre.\u00a0<\/a><\/strong><\/li>\n\n\n\n<li><strong>13\/11\/23: <\/strong><strong><a href=\"https:\/\/mailchi.mp\/3afc65768d67\/berriak-noticias-news-ecosistemas-euskadi-2021-12717452\">Boletin 2-2023 Servicios de los Ecosistemas<\/a><\/strong><\/li>\n\n\n\n<li><strong>06\/11\/23: <\/strong><strong><a href=\"http:\/\/rerb.oapn.es\/documentacion-y-difusion\/boletines\">Boletin n\u00ba37 Comit\u00e9 Espa\u00f1ol del Programa MaB y de la Red de Reservas de Biosfera Espa\u00f1olas<\/a><\/strong><\/li>\n\n\n\n<li><strong>14\/10\/23: <\/strong><a href=\"https:\/\/www.ehu.eus\/cdsea\/web\/index.php\/entrevista-elcorreo\/\">Noticia publicada por el <strong>Peri\u00f3dico El Correo<\/strong>, titulada \u201c<strong>Bilbao no puede perder m\u00e1s suelo natural\u201d<\/strong><\/a><\/li>\n\n\n\n<li><strong>11\/09\/23: <\/strong><strong><a href=\"https:\/\/www.ehu.eus\/cdsea\/web\/index.php\/preinscripcion-master-medio-ambiente-desarrollo-sostenible-y-ods\/\">Contin\u00faa <\/a><\/strong><a href=\"https:\/\/www.ehu.eus\/cdsea\/web\/index.php\/preinscripcion-master-medio-ambiente-desarrollo-sostenible-y-ods\/\"><strong>abierto plazo de preinscripci\u00f3n del M\u00e1ster en Medio Ambiente, Sostenibilidad y ODS<\/strong><\/a><\/li>\n\n\n\n<li><strong>08\/09\/23: <\/strong><strong><a href=\"https:\/\/www.ehu.eus\/cdsea\/web\/index.php\/articuo-revista-ecosistemas\/\">Art\u00edculo en la revista Ecosistemas titulado: \u201c<em>Silvopastoralismo en la ZEC de Gorbeia (Pa\u00eds Vasco): selecci\u00f3n espacial y temporal de h\u00e1bitats forestales<\/em>\u201d<\/a><\/strong><\/li>\n\n\n\n<li><strong>28\/07\/23: <\/strong><strong><a href=\"https:\/\/www.ehu.eus\/cdsea\/web\/index.php\/charla-no-hay-suelo-b\/\">Charla en curso de Verano \u201cNo hay suelo B: Reforcemos la investigaci\u00f3n y apostemos por la Educaci\u00f3n Ambiental<\/a><\/strong><\/li>\n\n\n\n<li><strong>03\/07\/23: <\/strong><strong><a href=\"https:\/\/mailchi.mp\/7526d47dccaa\/berriak-noticias-news-ecosistemas-euskadi-2021-12702376\">Boletin 1-2023 Servicios de los Ecosistemas<\/a><\/strong><\/li>\n\n\n\n<li><strong>14\/06\/23: <\/strong><strong><a href=\"https:\/\/www.ehu.eus\/cdsea\/web\/index.php\/publicaciones\/libros\/\"><em>Nuevo libro publicado por Itziar Alkorta y Carlos A. Garbisu. Mensajeras ocultas del apocalipsis.<\/em><\/a><\/strong><\/li>\n\n\n\n<li><strong>02\/05\/23: <\/strong><a href=\"https:\/\/www.ehu.eus\/cdsea\/web\/index.php\/preinscripcion-master-medio-ambiente-desarrollo-sostenible-y-ods\/\"><strong>Abierto plazo de preinscripci\u00f3n del M\u00e1ster en Medio Ambiente, Sostenibilidad y ODS<\/strong><\/a><\/li>\n\n\n\n<li><strong>24\/04\/23:\u00a0<\/strong><a href=\"https:\/\/www.ehu.eus\/cdsea\/web\/index.php\/curso-soluciones-basadas-en-la-naturaleza\/\"><strong>Curso Soluciones Basadas en la Naturaleza<\/strong><\/a><\/li>\n\n\n\n<li><strong>24\/04\/23: <\/strong><a href=\"https:\/\/www.ehu.eus\/cdsea\/web\/index.php\/participacion-en-la-asamblea-general-de-las-naciones-unidas\/\"><strong>Asistencia a la Asamblea General de las Naciones Unidas.<\/strong><\/a><\/li>\n\n\n\n<li><strong>14\/04\/23: <\/strong><strong><a href=\"https:\/\/www.ehu.eus\/cdsea\/web\/index.php\/donana-teleberri\/\">Ibone Ametzaga en Teleberri (eitb). \u201cLos expertos advierten sobre los efectos que acarrear\u00e1 que Do\u00f1ana se siga secando\u201d<\/a><\/strong><\/li>\n\n\n\n<li><strong>07\/04\/23: <\/strong><strong><a href=\"https:\/\/www.cristinaenea.eus\/es\/mnu\/00040-iraunkortasunaren-eta-klimaren-behatokia-apunte-koadernoak\">Cuaderno de Apuntes \u201cCristina Enea Fundazioa\u201d<\/a><\/strong><\/li>\n\n\n\n<li><strong>22\/03\/23: <\/strong><strong><a href=\"https:\/\/www.ehu.eus\/cdsea\/web\/index.php\/elcorreo\/\">ElCorreo \u201cMedio centenar de \u00e1rboles estrenan el corredor verde de Mar\u00eda D\u00edaz de Haro\u201d<\/a><\/strong><\/li>\n\n\n\n<li><strong>01\/03\/23: <\/strong><strong><a href=\"https:\/\/www.ehu.eus\/cdsea\/web\/index.php\/publicaciones\/revista-forum-de-sostenibilidad\/\">Publicaci\u00f3n de la revista Forum de Sostenibilidad n\u00ba10\u00a0<\/a><\/strong><\/li>\n\n\n\n<li><strong>10\/02\/23: <\/strong><strong><a href=\"https:\/\/www.ehu.eus\/cdsea\/web\/index.php\/cristina-enea\/\">Publicaci\u00f3n de la Fundaci\u00f3n Cristina Enea \u201cLos beneficios de la naturaleza\u201d<\/a><\/strong><\/li>\n<\/ul>\n\n\n\n<figure class=\"wp-block-table\"><table class=\"has-gradient-3-gradient-background has-background\"><tbody><tr><td><strong>ACTIVIDADES EN LAS QUE PARTICIPA LA C\u00c1TEDRA<\/strong><\/td><\/tr><\/tbody><\/table><\/figure>\n\n\n\n<ul class=\"wp-block-list\">\n<li><strong>27\/11\/23: <\/strong><strong><a href=\"https:\/\/www.ehu.eus\/cdsea\/web\/index.php\/euskal-hiria-kongresua\/\">Euskal Hiria Kongresua. XXII edici\u00f3n.\u00a0<\/a><\/strong><\/li>\n\n\n\n<li><strong>21\/11\/23: <\/strong><strong><a href=\"https:\/\/www.ehu.eus\/cdsea\/web\/index.php\/jornada-horizonte-2024-del-proyecto-boost-del-gobierno-vasco\/\">Jornada horizonte 2024 del Proyecto BOOST del Gobierno Vasco<\/a><\/strong><\/li>\n\n\n\n<li><strong>16\/11\/23: <\/strong><strong><a href=\"https:\/\/www.ehu.eus\/cdsea\/web\/index.php\/congreso-final-del-proyecto-life-via-de-la-plata\/\">Congreso final del proyecto LIFE V\u00eda de la Plata.<\/a><\/strong><\/li>\n\n\n\n<li><strong>21\/10\/23: <\/strong><strong><a href=\"https:\/\/www.ehu.eus\/cdsea\/web\/index.php\/asistencia-evento-cuidemos-a-los-que-nos-traen-los-alimentos\/\">Jornadas \u201c<em>Cuidemos a quien nos traen alimentos<\/em>\u201c<\/a><\/strong><\/li>\n\n\n\n<li><strong>16\/10\/23: <\/strong><strong><a href=\"https:\/\/www.ehu.eus\/cdsea\/web\/index.php\/xvi-congreso-nacional-de-la-aeet\/\">Participaci\u00f3n en el XVI Congreso Nacional de la AEET celebrado en Almer\u00eda del 16 al 20 de octubre<\/a><\/strong><\/li>\n\n\n\n<li><strong>16\/10\/23: <\/strong><a href=\"https:\/\/erran.eus\/baztan\/1697457670601-ekosistemen-zerbitzuak-ezagutzeko-ibilaldia-egin-dute-elizondon\">Ibone Ametzaga participa la excursi\u00f3n organizada en Elizondo sobre servicios de los ecosistemas <strong>\u201c<\/strong><strong><em>Ekosistemen zerbitzuak ezagutzeko ibilaldia\u201d<\/em><\/strong><\/a><\/li>\n\n\n\n<li><strong>15\/10\/23: <\/strong><a href=\"https:\/\/www.ehu.eus\/cdsea\/web\/index.php\/entrevista-cadena-ser\/\">Participaci\u00f3n en el podcast titulado <em>\u201c<\/em><strong><em>El bosque se regenera un a\u00f1o despu\u00e9s del incendio de Balmaseda\u201d <\/em><\/strong>de la <strong>Cadena SER<\/strong> en el programa A vivir Euskadi<\/a><\/li>\n\n\n\n<li><strong>14\/10\/23: <\/strong><a href=\"https:\/\/www.ehu.eus\/cdsea\/web\/index.php\/entrevista-en-la-radio-xorroxik\/\">Participaci\u00f3n en la radio <strong>Xorroxik<\/strong> en una entrevista t\u00edtulada: <strong><em>Arbolak hirugarren sektoreko langileak dira?<\/em><\/strong><em>.<\/em><\/a><\/li>\n\n\n\n<li><strong>14\/10\/23: <\/strong><strong><a href=\"https:\/\/www.ehu.eus\/cdsea\/web\/index.php\/herri-berdea-eta-bizigarria\/\">Participaci\u00f3n en el evento \u201cHerri Berdea eta Bizigarria\u201d<\/a><\/strong><\/li>\n\n\n\n<li><strong>10\/10\/23: <\/strong><strong><a href=\"https:\/\/www.ehu.eus\/cdsea\/web\/index.php\/soiluzioak\/\">Congreso de Protecci\u00f3n del Suelo de Euskadi \u201cSoiluzioak\u201d<\/a><\/strong><\/li>\n\n\n\n<li><strong>29\/09\/23: <\/strong><strong><a href=\"https:\/\/www.ehu.eus\/cdsea\/web\/index.php\/noche-europea-de-los-investigadores\/\">Noche Europea de los Investigadores<\/a><\/strong><\/li>\n\n\n\n<li><strong>29\/05\/23: <\/strong><a href=\"https:\/\/www.ehu.eus\/cdsea\/web\/index.php\/encuentro-sobre-universidades-y-custodia-del-territorio\/\"><strong>Encuentro sobre \u201cUniversidades y custodia del territorio<\/strong><\/a><\/li>\n\n\n\n<li><strong>26\/05\/23: <\/strong><strong><a href=\"https:\/\/www.ehu.eus\/cdsea\/web\/index.php\/jornadas-elkarlab-2030\/\">Jornadas Elkarlab 2030: Agentes de cambio para la localizaci\u00f3n de la agenda 2030<\/a><\/strong><\/li>\n\n\n\n<li><strong>23\/05\/23: <\/strong><strong><a href=\"http:\/\/www.ehu.eus\/cdsea\/web\/wp-content\/uploads\/2017\/03\/Decreto-130_2022.pdf\">I<\/a><\/strong><a href=\"http:\/\/www.ehu.eus\/cdsea\/web\/wp-content\/uploads\/2017\/03\/Decreto-130_2022.pdf\"><strong>mpulso a la educaci\u00f3n ambiental para la sostenibilidad en la Comunidad Aut\u00f3noma del Pa\u00eds Vasco<\/strong><\/a><\/li>\n\n\n\n<li><strong>22\/05\/23: <\/strong><a href=\"https:\/\/fundacion-biodiversidad.es\/actualidad_home\/la-proteccion-y-restauracion-de-la-biodiversidad-claves-para-nuestro-bienestar\/\"><strong>D\u00eda internacional de la Diversidad Biol\u00f3gica<\/strong><\/a><\/li>\n\n\n\n<li><strong>03\/05\/23: <\/strong><a href=\"https:\/\/www.ehu.eus\/cdsea\/web\/index.php\/boost\/\"><strong>Proyecto BOOST: Una treintena de empresas, ONG y centros educativos impulsar\u00e1 la educaci\u00f3n ambiental hacia la sostenibilidad<\/strong><\/a><\/li>\n\n\n\n<li><strong>21\/03\/23: <\/strong><strong><a href=\"https:\/\/www.ehu.eus\/cdsea\/web\/index.php\/analisis-del-pgou-getxoko-habitaren-bilakaera-eta-etorkizuna\/\">An\u00e1lisis del PGOU \u201cGetxoko habitaren bilakaera eta etorkizuna\u201d<\/a><\/strong><\/li>\n\n\n\n<li><strong>02\/03\/23: <\/strong><strong><a href=\"https:\/\/www.ehu.eus\/cdsea\/web\/index.php\/jornada-retos-del-sector-primario\/\">Jornada Retos del sector primario<\/a><\/strong><\/li>\n\n\n\n<li><strong>08\/02\/23: <\/strong><a href=\"https:\/\/www.ehu.eus\/cdsea\/web\/index.php\/cadena-ser-naturaleza-bilbao\/\"><strong>Ibone Ametzaga en Cadena SER. Naturaleza entorno a Bilbao<\/strong><\/a><\/li>\n\n\n\n<li><strong>07\/02\/23: <\/strong><a href=\"https:\/\/www.ehu.eus\/cdsea\/web\/index.php\/jornada-las-mujeres-en-bizkaia-talento-cultura-de-la-cooperacion-y-proyeccion-social\/\"><strong>Jornada Las mujeres en Bizkaia Talento, Cultura de la Cooperaci\u00f3n y Proyecci\u00f3n Social<\/strong><\/a><\/li>\n\n\n\n<li><strong>05\/02\/23: <\/strong><a href=\"https:\/\/www.ehu.eus\/cdsea\/web\/index.php\/faktoria-magazine-2\/\"><strong>Faktoria Magazine<\/strong><\/a><\/li>\n\n\n\n<li><strong>01\/02\/23: <\/strong><strong><a href=\"https:\/\/www.ehu.eus\/cdsea\/web\/index.php\/concurso-fotografico-medio-ambiente-y-derechos-humanos-red-por-la-sostenibilidad-ambiental-en-lucha-contra-la-pobreza\/\">Concurso fotogr\u00e1fico \u201cMedio Ambiente y Derechos Humanos\u201d Red por la Sostenibilidad Ambiental en lucha contra la pobreza<\/a><\/strong><\/li>\n<\/ul>\n<\/div>\n<\/div>\n","protected":false},"excerpt":{"rendered":"<p>ACTIVIDADES DE LA C\u00c1TEDRA ACTIVIDADES EN LAS QUE PARTICIPA LA C\u00c1TEDRA<\/p>\n","protected":false},"author":4,"featured_media":0,"parent":0,"menu_order":0,"comment_status":"closed","ping_status":"closed","template":"","meta":{"footnotes":""},"class_list":["post-17769","page","type-page","status-publish","hentry"],"_links":{"self":[{"href":"https:\/\/www.ehu.eus\/cdsea\/web\/index.php\/wp-json\/wp\/v2\/pages\/17769"}],"collection":[{"href":"https:\/\/www.ehu.eus\/cdsea\/web\/index.php\/wp-json\/wp\/v2\/pages"}],"about":[{"href":"https:\/\/www.ehu.eus\/cdsea\/web\/index.php\/wp-json\/wp\/v2\/types\/page"}],"author":[{"embeddable":true,"href":"https:\/\/www.ehu.eus\/cdsea\/web\/index.php\/wp-json\/wp\/v2\/users\/4"}],"replies":[{"embeddable":true,"href":"https:\/\/www.ehu.eus\/cdsea\/web\/index.php\/wp-json\/wp\/v2\/comments?post=17769"}],"version-history":[{"count":4,"href":"https:\/\/www.ehu.eus\/cdsea\/web\/index.php\/wp-json\/wp\/v2\/pages\/17769\/revisions"}],"predecessor-version":[{"id":18165,"href":"https:\/\/www.ehu.eus\/cdsea\/web\/index.php\/wp-json\/wp\/v2\/pages\/17769\/revisions\/18165"}],"wp:attachment":[{"href":"https:\/\/www.ehu.eus\/cdsea\/web\/index.php\/wp-json\/wp\/v2\/media?parent=17769"}],"curies":[{"name":"wp","href":"https:\/\/api.w.org\/{rel}","templated":true}]}}