{"id":17795,"date":"2024-04-02T11:12:26","date_gmt":"2024-04-02T11:12:26","guid":{"rendered":"https:\/\/www.ehu.eus\/cdsea\/web\/?page_id=17795"},"modified":"2024-04-02T11:29:19","modified_gmt":"2024-04-02T11:29:19","slug":"herramienta-para-la-evaluacion-de-la-infraestructura-verde-azul-a-escala-municipal-en-euskadi","status":"publish","type":"page","link":"https:\/\/www.ehu.eus\/cdsea\/web\/index.php\/herramienta-para-la-evaluacion-de-la-infraestructura-verde-azul-a-escala-municipal-en-euskadi\/","title":{"rendered":"Herramienta para la Evaluaci\u00f3n de la Infraestructura Verde-Azul a escala municipal en Euskadi"},"content":{"rendered":"[vc_row][vc_column][vc_column_text]<p><\/p>\n<h1><span style=\"font-size: 14pt;\"><strong>Herramienta para la Evaluaci\u00f3n de la Infraestructura Verde-Azul a escala municipal en Euskadi<\/strong><\/span><\/h1>\n<p style=\"text-align: justify;\">En los \u00faltimos a\u00f1os ha surgido un <strong>nuevo modelo de gesti\u00f3n del territorio y de los recursos naturales<\/strong>, denominado <strong>Infraestructura Verde-Azul.<\/strong> La Infraestructura Verde-Azul es una red estrat\u00e9gicamente planificada de zonas naturales y seminaturales de alta calidad (ecosistemas terrestres y acu\u00e1ticos), dise\u00f1ada y gestionada para proporcionar la mayor cantidad de <strong>Servicios de los Ecosistemas<\/strong> y proteger la biodiversidad, tanto en \u00e1reas rurales como urbanas. Este modelo lleva asociado dos herramientas te\u00f3rico-pr\u00e1cticas: <strong>las Soluciones Basadas en la Naturaleza y la restauraci\u00f3n ecol\u00f3gica<\/strong>. Las Soluciones Basadas en la Naturaleza son soluciones m\u00e1s rentables, eficientes, duraderas, din\u00e1micas e innovadoras, que las soluciones grises utilizadas hasta el momento, y al igual que la restauraci\u00f3n ecol\u00f3gica, pueden ayudar a los municipios <strong>a adaptarse o mitigar los efectos del cambio clim\u00e1tico y aumentar su biodiversidad,<\/strong> tanto a escala urbana como rural. La Infraestructura Verde-Azul se desarrolla a distintas escalas (urbana\/periurbana, municipal, regional, nacional y europea); sin embargo, <strong>los municipios constituyen el eje vertebrador en el desarrollo de la misma<\/strong> y, sin su participaci\u00f3n e implicaci\u00f3n, no ser\u00eda posible un verdadero desarrollo de la misma.<\/p>\n<p style=\"text-align: justify;\"><\/p>\n<p style=\"text-align: justify;\"><\/p>\n<p style=\"text-align: justify;\">Por ello, dentro del <strong>proyecto \u201cEvaluaci\u00f3n de los Servicios de los Ecosistemas de Euskadi\u201d financiado por el Gobierno Vasco,<\/strong> se ha desarrollado una herramienta con el objetivo de que los municipios puedan evaluar la Infraestructura Verde-Azul potencial que poseen,as\u00ed como evaluar qu\u00e9 actuaciones son las m\u00e1s adecuadas desarrollar en sus municipios para aumentar y mejorar esa Infraestructura Verde-Azul en <strong>f<\/strong>unci\u00f3n de las necesidades que posean en sus territorios.<\/p>\n<p style=\"text-align: justify;\"><\/p>\n<p style=\"text-align: justify;\"><\/p>\n<p style=\"text-align: justify;\">La herramienta ha sido desarrollada en formato Excel para que sea f\u00e1cilmente utilizable por todos los usuarios potenciales y consta de 6 pasos:<\/p>\n<p style=\"text-align: justify;\"><\/p>\n<p style=\"text-align: justify;\"><\/p>\n<ul class=\"wp-block-list\" style=\"text-align: justify;\">\n<li style=\"list-style-type: none;\">\n<ul>\n<li><strong>Paso 1. Presentaci\u00f3n de la herramienta<\/strong><\/li>\n<\/ul>\n<\/li>\n<\/ul>\n<p style=\"text-align: justify;\"><\/p>\n<p style=\"text-align: justify;\"><\/p>\n<ul style=\"text-align: justify;\">\n<li style=\"list-style-type: none;\">\n<ul>\n<li><strong>Paso 2. Diagn\u00f3stico de<\/strong><strong> la Infraestructura Verde-Azul definida en el territorio a otras escalas (Euskadi, Territorio Hist\u00f3rico y \u00c1rea Funcional). <\/strong>Se ofrece informaci\u00f3n al usuario sobre los elementos que forman parte de la Infraestructura Verde-Azul definida a otras escalas dentro del municipio seleccionado, para que sirvan como base para definir su propia Infraestructura Verde-Azul.<\/li>\n<\/ul>\n<\/li>\n<\/ul>\n<p style=\"text-align: justify;\"><\/p>\n<p style=\"text-align: justify;\"><\/p>\n<ul style=\"text-align: justify;\">\n<li style=\"list-style-type: none;\">\n<ul>\n<li><strong>Paso 3. Diagn\u00f3stico de la Infraestructura Verde-Azul potencial que hay en el municipio. <\/strong>Se ofrece informaci\u00f3n al usuario sobre los elementos potenciales que posee el municipio seleccionado y pueden formar parte, tanto de la Infraestructura Verde-Azul urbana\/periurbana como de la no urbana.<\/li>\n<\/ul>\n<\/li>\n<\/ul>\n<p style=\"text-align: justify;\"><\/p>\n<p style=\"text-align: justify;\"><\/p>\n<ul style=\"text-align: justify;\">\n<li style=\"list-style-type: none;\">\n<ul>\n<li><strong>Paso 4. Evaluaci\u00f3n de la Infraestructura Verde-Azul potencial que hay en el municipio. <\/strong>Se le indica al usuario si l<strong>a Infraestructura Verde-Azul potencial (<\/strong>no urbana, urbana\/periurbana y el arbolado urbano)que se encuentra en el municipio seleccionado cumple con los criterios de cantidad, calidad, accesibilidad, conectividad y multifuncionalidad.<\/li>\n<\/ul>\n<\/li>\n<\/ul>\n<p style=\"text-align: justify;\"><\/p>\n<p style=\"text-align: justify;\"><\/p>\n<p style=\"text-align: justify;\"><\/p>\n<p style=\"text-align: justify;\"><strong>Paso 4a. Evaluaci\u00f3n de la Infraestructura Verde-Azul potencial que hay en el municipio seg\u00fan los datos introducidos por el usuario. <\/strong>En este paso, los usuarios que posean informaci\u00f3n dentro de su municipio en relaci\u00f3n con las \u00e1reas verdes o el arbolado urbano, podr\u00e1n introducir los datos para ser analizados por la herramienta y obtener una evaluaci\u00f3n de los mismos.<\/p>\n<p style=\"text-align: justify;\"><\/p>\n<p style=\"text-align: justify;\"><\/p>\n<ul class=\"wp-block-list\" style=\"text-align: justify;\">\n<li style=\"list-style-type: none;\">\n<ul>\n<li><strong>Paso 5. Evaluaci\u00f3n de las presiones que sufren los Servicios de los Ecosistemas urbanos en el municipio. <\/strong>Se ofrece informaci\u00f3n a los usuarios sobre en qu\u00e9 nivel (Alto, Medio o Bajo) se encuentran las presiones que sufren los Servicios de los Ecosistemas urbanos dentro del municipio seleccionado. Las presiones que se analizan son la urbanizaci\u00f3n, el cambio clim\u00e1tico, la demanda de agua, la contaminaci\u00f3n atmosf\u00e9rica, el riesgo de inundaciones, tanto en medio fluvial como por subida del nivel de mar, la contaminaci\u00f3n ac\u00fastica y el riesgo de olas de calor para la salud<strong>.<\/strong><\/li>\n<\/ul>\n<\/li>\n<\/ul>\n<p style=\"text-align: justify;\"><\/p>\n<p style=\"text-align: justify;\"><\/p>\n<ul style=\"text-align: justify;\">\n<li style=\"list-style-type: none;\">\n<ul>\n<li><strong>Paso 6. Identificaci\u00f3n de las actuaciones\/Soluciones Basadas en la Naturaleza a desarrollar para aumentar o mejorar la Infraestructura Verde-Azul en el municipio.<\/strong> Se ofrece al usuario una propuesta de actuaciones\/Soluciones Basadas en la Naturaleza a desarrollar en base a la evaluaci\u00f3n de los Servicios de los Ecosistemas y presiones que se ha obtenido en el municipio seleccionado. Adem\u00e1s, se puede introducir informaci\u00f3n concreta sobre las actuaciones a desarrollar en el municipio para <strong>evaluarlas y priorizarlas<\/strong>, en base a la multifuncionalidad que posee cada una. Por otro lado, se ofrece informaci\u00f3n en relaci\u00f3n a las actuaciones\/Soluciones Basadas en la Naturaleza que se puede desarrollar en cada \u00e1rea (bosque, prado, humedal, urbano, etc.), as\u00ed como los Servicios de los Ecosistemas que ofrecen, informaci\u00f3n a tener en cuenta a la hora de realizar dichas actuaciones, ejemplos de algunas de ellas realizadas principalmente en Euskadi y posibles fuentes de informaci\u00f3n que pueden serles \u00fatiles a los usuarios para llevarlas a cabo.<\/li>\n<\/ul>\n<\/li>\n<\/ul>\n<p style=\"text-align: justify;\"><\/p>\n<p style=\"text-align: justify;\"><\/p>\n<p style=\"text-align: justify;\"><\/p>\n<p style=\"text-align: justify;\">\u00a0\u00a0\u00a0\u00a0 Esta herramienta lleva asociada una gu\u00eda en la que se explica paso por paso la herramienta, as\u00ed como la metodolog\u00eda y la informaci\u00f3n utilizada para desarrollarla.<\/p>\n<p style=\"text-align: justify;\"><\/p>\n<p style=\"text-align: justify;\"><\/p>\n<p style=\"text-align: justify;\">Para utilizar la herramienta o ver la gu\u00eda pinche en los siguientes enlaces:<\/p>\n<p style=\"text-align: justify;\"><\/p>\n<p style=\"text-align: justify;\"><\/p>\n<ul class=\"wp-block-list\" style=\"text-align: justify;\">\n<li style=\"list-style-type: none;\">\n<ul>\n<li><a href=\"http:\/\/www.ehu.eus\/cdsea\/web\/wp-content\/uploads\/2017\/03\/Modelo_Final_2022.xlsx\"><strong>Herramienta para la evaluaci\u00f3n de la\u00a0Infraestructura Verde-Azul\u00a0a escala municipal en Euskadi<\/strong><\/a><\/li>\n<\/ul>\n<\/li>\n<\/ul>\n<p style=\"text-align: justify;\"><\/p>\n<p style=\"text-align: justify;\"><\/p>\n<ul>\n<li style=\"list-style-type: none;\">\n<ul>\n<li style=\"text-align: justify;\"><a href=\"http:\/\/www.ehu.eus\/cdsea\/web\/wp-content\/uploads\/2017\/03\/Guia_Modelo_2022.pdf\"><strong>Gu\u00eda de la herramienta para la evaluaci\u00f3n de la\u00a0Infraestructura Verde-Azul\u00a0a escala municipal en Euskadi<\/strong><\/a><\/li>\n<\/ul>\n<\/li>\n<\/ul>\n<p><\/p>\n<p><\/p>[\/vc_column_text][\/vc_column][\/vc_row]","protected":false},"excerpt":{"rendered":"<p>[vc_row][vc_column][vc_column_text] Herramienta para la Evaluaci\u00f3n de la Infraestructura Verde-Azul a escala municipal en Euskadi En los \u00faltimos a\u00f1os ha surgido un nuevo modelo de gesti\u00f3n del territorio y de los recursos naturales, denominado Infraestructura Verde-Azul. La Infraestructura Verde-Azul es una red estrat\u00e9gicamente planificada de zonas naturales y seminaturales de alta calidad (ecosistemas terrestres y acu\u00e1ticos), [&hellip;]<\/p>\n","protected":false},"author":4,"featured_media":0,"parent":0,"menu_order":0,"comment_status":"closed","ping_status":"closed","template":"","meta":{"footnotes":""},"class_list":["post-17795","page","type-page","status-publish","hentry"],"_links":{"self":[{"href":"https:\/\/www.ehu.eus\/cdsea\/web\/index.php\/wp-json\/wp\/v2\/pages\/17795"}],"collection":[{"href":"https:\/\/www.ehu.eus\/cdsea\/web\/index.php\/wp-json\/wp\/v2\/pages"}],"about":[{"href":"https:\/\/www.ehu.eus\/cdsea\/web\/index.php\/wp-json\/wp\/v2\/types\/page"}],"author":[{"embeddable":true,"href":"https:\/\/www.ehu.eus\/cdsea\/web\/index.php\/wp-json\/wp\/v2\/users\/4"}],"replies":[{"embeddable":true,"href":"https:\/\/www.ehu.eus\/cdsea\/web\/index.php\/wp-json\/wp\/v2\/comments?post=17795"}],"version-history":[{"count":5,"href":"https:\/\/www.ehu.eus\/cdsea\/web\/index.php\/wp-json\/wp\/v2\/pages\/17795\/revisions"}],"predecessor-version":[{"id":17813,"href":"https:\/\/www.ehu.eus\/cdsea\/web\/index.php\/wp-json\/wp\/v2\/pages\/17795\/revisions\/17813"}],"wp:attachment":[{"href":"https:\/\/www.ehu.eus\/cdsea\/web\/index.php\/wp-json\/wp\/v2\/media?parent=17795"}],"curies":[{"name":"wp","href":"https:\/\/api.w.org\/{rel}","templated":true}]}}