{"id":17925,"date":"2024-06-11T10:32:07","date_gmt":"2024-06-11T10:32:07","guid":{"rendered":"https:\/\/www.ehu.eus\/cdsea\/web\/?page_id=17925"},"modified":"2024-06-11T10:32:10","modified_gmt":"2024-06-11T10:32:10","slug":"basque-environmental-ocean-week-2024","status":"publish","type":"page","link":"https:\/\/www.ehu.eus\/cdsea\/web\/index.php\/basque-environmental-ocean-week-2024\/","title":{"rendered":"Basque environmental Ocean week 2024"},"content":{"rendered":"\n<p>El 8 de mayo Ibone Ametzaga directora de la C\u00e1tedra UNESCO sobre Desarrollo Sostenible y Educaci\u00f3n ambiental acudi\u00f3 a BEOW 2024.<\/p>\n\n\n\n<figure class=\"wp-block-embed\"><div class=\"wp-block-embed__wrapper\">\nhttps:\/\/www.basqueenvironmentandoceanweek.com\/\n<\/div><\/figure>\n","protected":false},"excerpt":{"rendered":"<p>El 8 de mayo Ibone Ametzaga directora de la C\u00e1tedra UNESCO sobre Desarrollo Sostenible y Educaci\u00f3n ambiental acudi\u00f3 a BEOW 2024.<\/p>\n","protected":false},"author":4,"featured_media":0,"parent":0,"menu_order":0,"comment_status":"closed","ping_status":"closed","template":"","meta":{"footnotes":""},"class_list":["post-17925","page","type-page","status-publish","hentry"],"_links":{"self":[{"href":"https:\/\/www.ehu.eus\/cdsea\/web\/index.php\/wp-json\/wp\/v2\/pages\/17925"}],"collection":[{"href":"https:\/\/www.ehu.eus\/cdsea\/web\/index.php\/wp-json\/wp\/v2\/pages"}],"about":[{"href":"https:\/\/www.ehu.eus\/cdsea\/web\/index.php\/wp-json\/wp\/v2\/types\/page"}],"author":[{"embeddable":true,"href":"https:\/\/www.ehu.eus\/cdsea\/web\/index.php\/wp-json\/wp\/v2\/users\/4"}],"replies":[{"embeddable":true,"href":"https:\/\/www.ehu.eus\/cdsea\/web\/index.php\/wp-json\/wp\/v2\/comments?post=17925"}],"version-history":[{"count":1,"href":"https:\/\/www.ehu.eus\/cdsea\/web\/index.php\/wp-json\/wp\/v2\/pages\/17925\/revisions"}],"predecessor-version":[{"id":17927,"href":"https:\/\/www.ehu.eus\/cdsea\/web\/index.php\/wp-json\/wp\/v2\/pages\/17925\/revisions\/17927"}],"wp:attachment":[{"href":"https:\/\/www.ehu.eus\/cdsea\/web\/index.php\/wp-json\/wp\/v2\/media?parent=17925"}],"curies":[{"name":"wp","href":"https:\/\/api.w.org\/{rel}","templated":true}]}}