{"id":17972,"date":"2024-06-18T12:12:36","date_gmt":"2024-06-18T12:12:36","guid":{"rendered":"https:\/\/www.ehu.eus\/cdsea\/web\/?page_id=17972"},"modified":"2024-06-19T10:25:39","modified_gmt":"2024-06-19T10:25:39","slug":"curso-de-verano-sobre-paisaje","status":"publish","type":"page","link":"https:\/\/www.ehu.eus\/cdsea\/web\/index.php\/curso-de-verano-sobre-paisaje\/","title":{"rendered":"Curso de Verano sobre Paisaje"},"content":{"rendered":"[vc_row][vc_column][vc_column_text]<p><\/p>\n<p><strong>VII. edici\u00f3n del anual Curso de Verano sobre Paisaje. Paisajes de margen. Criterios paisaj\u00edsticos de protecci\u00f3n, gesti\u00f3n y ordenaci\u00f3n de los espacios perif\u00e9ricos. UIK (UPV\/EHU)<\/strong><\/p>\n<p><\/p>\n<p><\/p>\n<p>Investigadoras de la C\u00e1tedra UNESCO sobre desarrollo Sostenible y Educaci\u00f3n Ambiental (UPV\/EHU) participan como ponentes en el curso de verano Paisajes de margen. Criterios paisaj\u00edsticos de protecci\u00f3n, gesti\u00f3n y ordenaci\u00f3n de los espacios perif\u00e9ricos. Organizado por la UIK (UPV\/EHU) y codirigido por la Direcci\u00f3n de Planificaci\u00f3n Territorial y Agenda Urbana de Gobierno Vasco y la C\u00e1tedra UNESCO de Paisajes Culturales y Patrimonio (UPV\/EHU). Beatriz Fernandez de Manuel present\u00f3 la comunicaci\u00f3n Titulada \u201cRenaturalizar entornos periurbanos genera salud y bienestar a las personas\u201d<\/p>\n<p><a href=\"https:\/\/www.uik.eus\/es\/curso\/paisajes-margen-criterios-paisajisticos-proteccion-gestion-ordenacion-espacios-perifericos\">https:\/\/www.uik.eus\/es\/curso\/paisajes-margen-criterios-paisajisticos-proteccion-gestion-ordenacion-espacios-perifericos<\/a><\/p>\n<a href=\"https:\/\/www.ehu.eus\/cdsea\/web\/wp-content\/uploads\/2017\/03\/paisajes-perifericos.pdf\" class=\"pdfemb-viewer\" style=\"width: 650px; height: 900px; \" data-width=\"650\" data-height=\"900\"  data-toolbar=\"top\" data-toolbar-fixed=\"off\">paisajes perifericos<br\/><\/a>\n<p><\/p>\n<p><\/p>\n<p><\/p>[\/vc_column_text][\/vc_column][\/vc_row]","protected":false},"excerpt":{"rendered":"<p>[vc_row][vc_column][vc_column_text] VII. edici\u00f3n del anual Curso de Verano sobre Paisaje. Paisajes de margen. Criterios paisaj\u00edsticos de protecci\u00f3n, gesti\u00f3n y ordenaci\u00f3n de los espacios perif\u00e9ricos. UIK (UPV\/EHU) Investigadoras de la C\u00e1tedra UNESCO sobre desarrollo Sostenible y Educaci\u00f3n Ambiental (UPV\/EHU) participan como ponentes en el curso de verano Paisajes de margen. Criterios paisaj\u00edsticos de protecci\u00f3n, gesti\u00f3n y [&hellip;]<\/p>\n","protected":false},"author":4,"featured_media":0,"parent":0,"menu_order":0,"comment_status":"closed","ping_status":"closed","template":"","meta":{"footnotes":""},"class_list":["post-17972","page","type-page","status-publish","hentry"],"_links":{"self":[{"href":"https:\/\/www.ehu.eus\/cdsea\/web\/index.php\/wp-json\/wp\/v2\/pages\/17972"}],"collection":[{"href":"https:\/\/www.ehu.eus\/cdsea\/web\/index.php\/wp-json\/wp\/v2\/pages"}],"about":[{"href":"https:\/\/www.ehu.eus\/cdsea\/web\/index.php\/wp-json\/wp\/v2\/types\/page"}],"author":[{"embeddable":true,"href":"https:\/\/www.ehu.eus\/cdsea\/web\/index.php\/wp-json\/wp\/v2\/users\/4"}],"replies":[{"embeddable":true,"href":"https:\/\/www.ehu.eus\/cdsea\/web\/index.php\/wp-json\/wp\/v2\/comments?post=17972"}],"version-history":[{"count":3,"href":"https:\/\/www.ehu.eus\/cdsea\/web\/index.php\/wp-json\/wp\/v2\/pages\/17972\/revisions"}],"predecessor-version":[{"id":18017,"href":"https:\/\/www.ehu.eus\/cdsea\/web\/index.php\/wp-json\/wp\/v2\/pages\/17972\/revisions\/18017"}],"wp:attachment":[{"href":"https:\/\/www.ehu.eus\/cdsea\/web\/index.php\/wp-json\/wp\/v2\/media?parent=17972"}],"curies":[{"name":"wp","href":"https:\/\/api.w.org\/{rel}","templated":true}]}}