{"id":18212,"date":"2024-09-02T14:38:51","date_gmt":"2024-09-02T12:38:51","guid":{"rendered":"https:\/\/www.ehu.eus\/cdsea\/web\/?page_id=18212"},"modified":"2024-09-02T14:39:39","modified_gmt":"2024-09-02T12:39:39","slug":"erasmus-cc-believe-2","status":"publish","type":"page","link":"https:\/\/www.ehu.eus\/cdsea\/web\/index.php\/erasmus-cc-believe-2\/","title":{"rendered":"ERASMUS+ CC Believe"},"content":{"rendered":"\n<p><strong>Encuentro de trabajo del proyecto ERASMUS+ CC Believe.<\/strong><\/p>\n\n\n\n<p class=\"has-text-align-left\">Los d\u00edas 25, 26 y 27 de junio, en el Bizkaia Aretoa, se realizar\u00e1 el primer encuentro presencial del equipo de trabajo del proyecto ERASMUS+ CC Believe, al cual asistir\u00e1n miembros del proyecto de Polonia y la Universidad del Pa\u00eds Vasco, los cuales trabajar\u00e1n en la conceptualizaci\u00f3n y desarrollo de un Serius Game para ayudar al los y las j\u00f3venes a desarrollar el prensameinto cr\u00edtico ante las noticias falsas relacionadas con el Cambio Clim\u00e1tico.<\/p>\n","protected":false},"excerpt":{"rendered":"<p>Encuentro de trabajo del proyecto ERASMUS+ CC Believe. Los d\u00edas 25, 26 y 27 de junio, en el Bizkaia Aretoa, se realizar\u00e1 el primer encuentro presencial del equipo de trabajo del proyecto ERASMUS+ CC Believe, al cual asistir\u00e1n miembros del proyecto de Polonia y la Universidad del Pa\u00eds Vasco, los cuales trabajar\u00e1n en la conceptualizaci\u00f3n [&hellip;]<\/p>\n","protected":false},"author":4,"featured_media":0,"parent":0,"menu_order":0,"comment_status":"closed","ping_status":"closed","template":"","meta":{"footnotes":""},"class_list":["post-18212","page","type-page","status-publish","hentry"],"_links":{"self":[{"href":"https:\/\/www.ehu.eus\/cdsea\/web\/index.php\/wp-json\/wp\/v2\/pages\/18212"}],"collection":[{"href":"https:\/\/www.ehu.eus\/cdsea\/web\/index.php\/wp-json\/wp\/v2\/pages"}],"about":[{"href":"https:\/\/www.ehu.eus\/cdsea\/web\/index.php\/wp-json\/wp\/v2\/types\/page"}],"author":[{"embeddable":true,"href":"https:\/\/www.ehu.eus\/cdsea\/web\/index.php\/wp-json\/wp\/v2\/users\/4"}],"replies":[{"embeddable":true,"href":"https:\/\/www.ehu.eus\/cdsea\/web\/index.php\/wp-json\/wp\/v2\/comments?post=18212"}],"version-history":[{"count":2,"href":"https:\/\/www.ehu.eus\/cdsea\/web\/index.php\/wp-json\/wp\/v2\/pages\/18212\/revisions"}],"predecessor-version":[{"id":18216,"href":"https:\/\/www.ehu.eus\/cdsea\/web\/index.php\/wp-json\/wp\/v2\/pages\/18212\/revisions\/18216"}],"wp:attachment":[{"href":"https:\/\/www.ehu.eus\/cdsea\/web\/index.php\/wp-json\/wp\/v2\/media?parent=18212"}],"curies":[{"name":"wp","href":"https:\/\/api.w.org\/{rel}","templated":true}]}}