{"id":18258,"date":"2024-09-10T13:14:09","date_gmt":"2024-09-10T11:14:09","guid":{"rendered":"https:\/\/www.ehu.eus\/cdsea\/web\/?page_id=18258"},"modified":"2024-09-10T13:16:28","modified_gmt":"2024-09-10T11:16:28","slug":"noche-europea-de-los-las-investigadores","status":"publish","type":"page","link":"https:\/\/www.ehu.eus\/cdsea\/web\/index.php\/noche-europea-de-los-las-investigadores\/","title":{"rendered":"Noche Europea de los\/las Investigadores"},"content":{"rendered":"\n<h3 class=\"wp-block-heading\"><strong>Noche Europea de los\/las Investigadores.<\/strong><\/h3>\n\n\n\n<p><strong>Investigadores C\u00e1tedra UNESCO sobre Desarrollo Sostenible y Educaci\u00f3n Ambiental de la UPV\/EHU participar\u00e1n en la Noche europea de los\/las Investigadores\/as que se celebrar\u00e1 en Bilbao el 27 de septiembre.<\/strong><\/p>\n\n\n\n<p><a href=\"https:\/\/www.ikertzaileengaua-ehu.org\/\">Toda la informaci\u00f3n aqu\u00ed. <\/a><\/p>\n","protected":false},"excerpt":{"rendered":"<p>Noche Europea de los\/las Investigadores. Investigadores C\u00e1tedra UNESCO sobre Desarrollo Sostenible y Educaci\u00f3n Ambiental de la UPV\/EHU participar\u00e1n en la Noche europea de los\/las Investigadores\/as que se celebrar\u00e1 en Bilbao el 27 de septiembre. Toda la informaci\u00f3n aqu\u00ed.<\/p>\n","protected":false},"author":4,"featured_media":0,"parent":0,"menu_order":0,"comment_status":"closed","ping_status":"closed","template":"","meta":{"footnotes":""},"class_list":["post-18258","page","type-page","status-publish","hentry"],"_links":{"self":[{"href":"https:\/\/www.ehu.eus\/cdsea\/web\/index.php\/wp-json\/wp\/v2\/pages\/18258"}],"collection":[{"href":"https:\/\/www.ehu.eus\/cdsea\/web\/index.php\/wp-json\/wp\/v2\/pages"}],"about":[{"href":"https:\/\/www.ehu.eus\/cdsea\/web\/index.php\/wp-json\/wp\/v2\/types\/page"}],"author":[{"embeddable":true,"href":"https:\/\/www.ehu.eus\/cdsea\/web\/index.php\/wp-json\/wp\/v2\/users\/4"}],"replies":[{"embeddable":true,"href":"https:\/\/www.ehu.eus\/cdsea\/web\/index.php\/wp-json\/wp\/v2\/comments?post=18258"}],"version-history":[{"count":3,"href":"https:\/\/www.ehu.eus\/cdsea\/web\/index.php\/wp-json\/wp\/v2\/pages\/18258\/revisions"}],"predecessor-version":[{"id":18264,"href":"https:\/\/www.ehu.eus\/cdsea\/web\/index.php\/wp-json\/wp\/v2\/pages\/18258\/revisions\/18264"}],"wp:attachment":[{"href":"https:\/\/www.ehu.eus\/cdsea\/web\/index.php\/wp-json\/wp\/v2\/media?parent=18258"}],"curies":[{"name":"wp","href":"https:\/\/api.w.org\/{rel}","templated":true}]}}