{"id":18332,"date":"2024-09-18T11:27:46","date_gmt":"2024-09-18T09:27:46","guid":{"rendered":"https:\/\/www.ehu.eus\/cdsea\/web\/?page_id=18332"},"modified":"2024-09-18T11:38:41","modified_gmt":"2024-09-18T09:38:41","slug":"unicities-2023","status":"publish","type":"page","link":"https:\/\/www.ehu.eus\/cdsea\/web\/index.php\/unicities-2023\/","title":{"rendered":"UnicitiES 2023"},"content":{"rendered":"\n<p><strong>UnicitiES 2023<\/strong><\/p>\n\n\n\n<p>El 16 de septiembre Ibone Ametzaga (Directora de la C\u00e1tedra UNESCO) acudi\u00f3 al\u00a0acto final del programa unicitiES 2030, desarrollado en colaboraci\u00f3n entre el ayuntamiento de Vitoria-Gasteiz y la Universidad del Pa\u00eds Vasco-Euskal Herriko Unibertsitatea (UPV\/EHU) con la coordinaci\u00f3n de REDS-SDSN Spain. En este binomio universidad-ciudad han participado 6 estudiantes de la UPV que han trabajado con tutores acad\u00e9micos y profesionales municipales con un claro objetivo: conectar el conocimiento acad\u00e9mico y el saber municipal para alcanzar la neutralidad clim\u00e1tica de Vitoria-Gasteiz. Uno de los trabajos del proyecto forma parte de los trabajos finales del Master en medio Ambiente, Sostenibilidad y ODS (UPV\/EHU).<\/p>\n\n\n\n<p>Titulado: \u201cEstudio sociol\u00f3gico de percepci\u00f3n de la calidad de vida del barrio de Lakua, en Vitoria \u2013 Gasteiz\u201d. Realizado por la alumna Ane Fernandez Blanco y&nbsp; dirigido por la profesora Araitz Uskola (UPV\/EHU) y Ana Oregi (Ayuntamiento de Gazteiz).<\/p>\n\n\n\n<figure class=\"wp-block-image size-large\"><img loading=\"lazy\" decoding=\"async\" width=\"1024\" height=\"576\" src=\"http:\/\/www.ehu.eus\/cdsea\/web\/wp-content\/uploads\/2024\/09\/unicities-1024x576.jpg\" alt=\"\" class=\"wp-image-18335\" srcset=\"https:\/\/www.ehu.eus\/cdsea\/web\/wp-content\/uploads\/2024\/09\/unicities-1024x576.jpg 1024w, https:\/\/www.ehu.eus\/cdsea\/web\/wp-content\/uploads\/2024\/09\/unicities-300x169.jpg 300w, https:\/\/www.ehu.eus\/cdsea\/web\/wp-content\/uploads\/2024\/09\/unicities-768x432.jpg 768w, https:\/\/www.ehu.eus\/cdsea\/web\/wp-content\/uploads\/2024\/09\/unicities-1536x864.jpg 1536w, https:\/\/www.ehu.eus\/cdsea\/web\/wp-content\/uploads\/2024\/09\/unicities.jpg 2048w\" sizes=\"(max-width: 1024px) 100vw, 1024px\" \/><\/figure>\n","protected":false},"excerpt":{"rendered":"<p>UnicitiES 2023 El 16 de septiembre Ibone Ametzaga (Directora de la C\u00e1tedra UNESCO) acudi\u00f3 al\u00a0acto final del programa unicitiES 2030, desarrollado en colaboraci\u00f3n entre el ayuntamiento de Vitoria-Gasteiz y la Universidad del Pa\u00eds Vasco-Euskal Herriko Unibertsitatea (UPV\/EHU) con la coordinaci\u00f3n de REDS-SDSN Spain. En este binomio universidad-ciudad han participado 6 estudiantes de la UPV que [&hellip;]<\/p>\n","protected":false},"author":4,"featured_media":0,"parent":0,"menu_order":0,"comment_status":"closed","ping_status":"closed","template":"","meta":{"footnotes":""},"class_list":["post-18332","page","type-page","status-publish","hentry"],"_links":{"self":[{"href":"https:\/\/www.ehu.eus\/cdsea\/web\/index.php\/wp-json\/wp\/v2\/pages\/18332"}],"collection":[{"href":"https:\/\/www.ehu.eus\/cdsea\/web\/index.php\/wp-json\/wp\/v2\/pages"}],"about":[{"href":"https:\/\/www.ehu.eus\/cdsea\/web\/index.php\/wp-json\/wp\/v2\/types\/page"}],"author":[{"embeddable":true,"href":"https:\/\/www.ehu.eus\/cdsea\/web\/index.php\/wp-json\/wp\/v2\/users\/4"}],"replies":[{"embeddable":true,"href":"https:\/\/www.ehu.eus\/cdsea\/web\/index.php\/wp-json\/wp\/v2\/comments?post=18332"}],"version-history":[{"count":3,"href":"https:\/\/www.ehu.eus\/cdsea\/web\/index.php\/wp-json\/wp\/v2\/pages\/18332\/revisions"}],"predecessor-version":[{"id":18340,"href":"https:\/\/www.ehu.eus\/cdsea\/web\/index.php\/wp-json\/wp\/v2\/pages\/18332\/revisions\/18340"}],"wp:attachment":[{"href":"https:\/\/www.ehu.eus\/cdsea\/web\/index.php\/wp-json\/wp\/v2\/media?parent=18332"}],"curies":[{"name":"wp","href":"https:\/\/api.w.org\/{rel}","templated":true}]}}