{"id":18353,"date":"2024-10-04T14:04:44","date_gmt":"2024-10-04T12:04:44","guid":{"rendered":"https:\/\/www.ehu.eus\/cdsea\/web\/?page_id=18353"},"modified":"2024-10-04T14:06:51","modified_gmt":"2024-10-04T12:06:51","slug":"proyecto-cc-believe","status":"publish","type":"page","link":"https:\/\/www.ehu.eus\/cdsea\/web\/index.php\/proyecto-cc-believe\/","title":{"rendered":"Proyecto CC Believe"},"content":{"rendered":"\n<p><strong>2\u00ba encuentro de trabajo del proyecto CC Believe<\/strong><\/p>\n\n\n\n<p>El proyecto CC Believe se encuentra en una fase de trabajo intensivo sobre el prototipo del juego.<\/p>\n\n\n\n<figure class=\"wp-block-image size-full\"><img loading=\"lazy\" decoding=\"async\" width=\"743\" height=\"511\" src=\"https:\/\/www.ehu.eus\/cdsea\/web\/wp-content\/uploads\/2024\/10\/encuentro-CC-believe-.png\" alt=\"\" class=\"wp-image-18358\" srcset=\"https:\/\/www.ehu.eus\/cdsea\/web\/wp-content\/uploads\/2024\/10\/encuentro-CC-believe-.png 743w, https:\/\/www.ehu.eus\/cdsea\/web\/wp-content\/uploads\/2024\/10\/encuentro-CC-believe--300x206.png 300w\" sizes=\"(max-width: 743px) 100vw, 743px\" \/><\/figure>\n\n\n\n<p>Tras la reuni\u00f3n en Bilbao, en junio del presente a\u00f1o, esta vez el equipo celebr\u00f3 un taller de tres d\u00edas en Varsovia, donde se trabaj\u00f3 en los 5 escenarios de juego que se est\u00e1n desarrollando. Cada escenario trata un aspecto diferente del cambio clim\u00e1tico: Incendios forestales, Coches el\u00e9ctricos, P\u00e9rdida de biodiversidad, Tecnolog\u00eda y sociedad, Responsabilidad humana. Todos ellos son importantes para comprender adecuadamente la naturaleza del origen y las consecuencias del cambio clim\u00e1tico, as\u00ed como las medidas para hacerle frente, y har\u00e1n que el resultado final del proyecto sea a\u00fan m\u00e1s atractivo, ya que permitir\u00e1 jugar a 5 juegos diferentes.<\/p>\n\n\n\n<p>En el taller se trabaj\u00f3 en la selecci\u00f3n y creaci\u00f3n de contenidos para cada uno de los escenarios, los cuales persiguen trabajar la desinformaci\u00f3n de alta calidad y los contenidos falsos sobre el tema seleccionado. Tambi\u00e9n se trabaj\u00f3 en el dise\u00f1o del prototipo del juego.<\/p>\n\n\n\n<p>La pr\u00f3xima reuni\u00f3n tendr\u00e1 lugar a finales de este mismo a\u00f1o, al final del trabajo sobre el prototipo del juego.<\/p>\n\n\n\n<figure class=\"wp-block-image size-medium\"><img loading=\"lazy\" decoding=\"async\" width=\"300\" height=\"63\" src=\"https:\/\/www.ehu.eus\/cdsea\/web\/wp-content\/uploads\/2024\/10\/logo-europa-300x63.jpg\" alt=\"\" class=\"wp-image-18359\" srcset=\"https:\/\/www.ehu.eus\/cdsea\/web\/wp-content\/uploads\/2024\/10\/logo-europa-300x63.jpg 300w, https:\/\/www.ehu.eus\/cdsea\/web\/wp-content\/uploads\/2024\/10\/logo-europa.jpg 625w\" sizes=\"(max-width: 300px) 100vw, 300px\" \/><\/figure>\n\n\n\n<p><em>Financiado con fondos de la UE. Los puntos de vista y opiniones expresados son \u00fanicamente los del autor o autores y no reflejan necesariamente los puntos de vista y opiniones de la Uni\u00f3n Europea o de la Agencia Ejecutiva Europea de Educaci\u00f3n y Cultura\u200b (EACEA). Ni la Uni\u00f3n Europea ni la EACEA son responsables de las mismas.<\/em><\/p>\n","protected":false},"excerpt":{"rendered":"<p>2\u00ba encuentro de trabajo del proyecto CC Believe El proyecto CC Believe se encuentra en una fase de trabajo intensivo sobre el prototipo del juego. Tras la reuni\u00f3n en Bilbao, en junio del presente a\u00f1o, esta vez el equipo celebr\u00f3 un taller de tres d\u00edas en Varsovia, donde se trabaj\u00f3 en los 5 escenarios de [&hellip;]<\/p>\n","protected":false},"author":4,"featured_media":0,"parent":0,"menu_order":0,"comment_status":"closed","ping_status":"closed","template":"","meta":{"footnotes":""},"class_list":["post-18353","page","type-page","status-publish","hentry"],"_links":{"self":[{"href":"https:\/\/www.ehu.eus\/cdsea\/web\/index.php\/wp-json\/wp\/v2\/pages\/18353"}],"collection":[{"href":"https:\/\/www.ehu.eus\/cdsea\/web\/index.php\/wp-json\/wp\/v2\/pages"}],"about":[{"href":"https:\/\/www.ehu.eus\/cdsea\/web\/index.php\/wp-json\/wp\/v2\/types\/page"}],"author":[{"embeddable":true,"href":"https:\/\/www.ehu.eus\/cdsea\/web\/index.php\/wp-json\/wp\/v2\/users\/4"}],"replies":[{"embeddable":true,"href":"https:\/\/www.ehu.eus\/cdsea\/web\/index.php\/wp-json\/wp\/v2\/comments?post=18353"}],"version-history":[{"count":2,"href":"https:\/\/www.ehu.eus\/cdsea\/web\/index.php\/wp-json\/wp\/v2\/pages\/18353\/revisions"}],"predecessor-version":[{"id":18360,"href":"https:\/\/www.ehu.eus\/cdsea\/web\/index.php\/wp-json\/wp\/v2\/pages\/18353\/revisions\/18360"}],"wp:attachment":[{"href":"https:\/\/www.ehu.eus\/cdsea\/web\/index.php\/wp-json\/wp\/v2\/media?parent=18353"}],"curies":[{"name":"wp","href":"https:\/\/api.w.org\/{rel}","templated":true}]}}