{"id":18580,"date":"2024-11-11T15:28:40","date_gmt":"2024-11-11T14:28:40","guid":{"rendered":"https:\/\/www.ehu.eus\/cdsea\/web\/?page_id=18580"},"modified":"2024-11-11T15:28:41","modified_gmt":"2024-11-11T14:28:41","slug":"congreso-uhinak-vi-congreso-transfronterizo-sobre-cambio-climatico-y-litoral","status":"publish","type":"page","link":"https:\/\/www.ehu.eus\/cdsea\/web\/index.php\/congreso-uhinak-vi-congreso-transfronterizo-sobre-cambio-climatico-y-litoral\/","title":{"rendered":"Congreso UHINAK, VI Congreso transfronterizo sobre Cambio Clim\u00e1tico y Litoral"},"content":{"rendered":"\n<p>23\/10\/2024. Congreso UHINAK, VI Congreso transfronterizo sobre Cambio Clim\u00e1tico y Litoral. FICOBA (Ir\u00fan). 23 y 24 de octubre.<\/p>\n\n\n\n<p>Lorena Pe\u00f1a, investigadores de la C\u00e1tedra UNESCO sobre Desarrollo Sostenible y Educaci\u00f3n Ambiental (UPV\/EHU) han acudido al Congreso UHINAK, VI Congreso transfronterizo sobre Cambio Clim\u00e1tico y Litoral, donde presentaron el poster:\u00a0\u201c<em>Evaluaci\u00f3n de los Servicios de los Ecosistemas que ofrecen las \u00e1reas recreativas costeras de Bizkaia<\/em>\u201d.<\/p>\n","protected":false},"excerpt":{"rendered":"<p>23\/10\/2024. Congreso UHINAK, VI Congreso transfronterizo sobre Cambio Clim\u00e1tico y Litoral. FICOBA (Ir\u00fan). 23 y 24 de octubre. Lorena Pe\u00f1a, investigadores de la C\u00e1tedra UNESCO sobre Desarrollo Sostenible y Educaci\u00f3n Ambiental (UPV\/EHU) han acudido al Congreso UHINAK, VI Congreso transfronterizo sobre Cambio Clim\u00e1tico y Litoral, donde presentaron el poster:\u00a0\u201cEvaluaci\u00f3n de los Servicios de los Ecosistemas [&hellip;]<\/p>\n","protected":false},"author":4,"featured_media":0,"parent":0,"menu_order":0,"comment_status":"closed","ping_status":"closed","template":"","meta":{"footnotes":""},"class_list":["post-18580","page","type-page","status-publish","hentry"],"_links":{"self":[{"href":"https:\/\/www.ehu.eus\/cdsea\/web\/index.php\/wp-json\/wp\/v2\/pages\/18580"}],"collection":[{"href":"https:\/\/www.ehu.eus\/cdsea\/web\/index.php\/wp-json\/wp\/v2\/pages"}],"about":[{"href":"https:\/\/www.ehu.eus\/cdsea\/web\/index.php\/wp-json\/wp\/v2\/types\/page"}],"author":[{"embeddable":true,"href":"https:\/\/www.ehu.eus\/cdsea\/web\/index.php\/wp-json\/wp\/v2\/users\/4"}],"replies":[{"embeddable":true,"href":"https:\/\/www.ehu.eus\/cdsea\/web\/index.php\/wp-json\/wp\/v2\/comments?post=18580"}],"version-history":[{"count":1,"href":"https:\/\/www.ehu.eus\/cdsea\/web\/index.php\/wp-json\/wp\/v2\/pages\/18580\/revisions"}],"predecessor-version":[{"id":18582,"href":"https:\/\/www.ehu.eus\/cdsea\/web\/index.php\/wp-json\/wp\/v2\/pages\/18580\/revisions\/18582"}],"wp:attachment":[{"href":"https:\/\/www.ehu.eus\/cdsea\/web\/index.php\/wp-json\/wp\/v2\/media?parent=18580"}],"curies":[{"name":"wp","href":"https:\/\/api.w.org\/{rel}","templated":true}]}}