{"id":2029,"date":"2017-01-10T18:47:10","date_gmt":"2017-01-10T18:47:10","guid":{"rendered":"http:\/\/www.ehu.eus\/cdsea\/cdseawp\/?page_id=2029"},"modified":"2024-08-13T14:09:05","modified_gmt":"2024-08-13T12:09:05","slug":"beatriz-fernandez-de-manuel","status":"publish","type":"page","link":"https:\/\/www.ehu.eus\/cdsea\/web\/index.php\/beatriz-fernandez-de-manuel\/","title":{"rendered":"Beatriz Fern\u00e1ndez de Manuel"},"content":{"rendered":"<p style=\"text-align: justify;\">Es licenciada en Ciencias Biol\u00f3gicas por la Universidad de Santiago de Compostela, donde tambi\u00e9n realiz\u00f3 el programa de doctorado \u201cBiodiversidad y conservaci\u00f3n natural\u201d (DEA) y en Ciencias Ambientales por la Universidad del Pa\u00eds Vasco (UPV\/EHU), donde curs\u00f3 el m\u00e1ster de Biodiversidad, Funcionamiento y Gesti\u00f3n de Ecosistemas.<\/p>\n<p style=\"text-align: justify;\"><img loading=\"lazy\" decoding=\"async\" class=\"wp-image-2030 alignnone\" src=\"http:\/\/www.ehu.eus\/cdsea\/web\/wp-content\/uploads\/2017\/01\/Beatriz-Fernndez-de-Manuel-292x300.jpg\" alt=\"beatriz-fernndez-de-manuel\" width=\"200\" height=\"206\" srcset=\"https:\/\/www.ehu.eus\/cdsea\/web\/wp-content\/uploads\/2017\/01\/Beatriz-Fernndez-de-Manuel-292x300.jpg 292w, https:\/\/www.ehu.eus\/cdsea\/web\/wp-content\/uploads\/2017\/01\/Beatriz-Fernndez-de-Manuel-768x790.jpg 768w, https:\/\/www.ehu.eus\/cdsea\/web\/wp-content\/uploads\/2017\/01\/Beatriz-Fernndez-de-Manuel-600x617.jpg 600w, https:\/\/www.ehu.eus\/cdsea\/web\/wp-content\/uploads\/2017\/01\/Beatriz-Fernndez-de-Manuel.jpg 904w\" sizes=\"(max-width: 200px) 100vw, 200px\" \/><\/p>\n<p style=\"text-align: justify;\">Ha realizado el m\u00e1ster de Teledetecci\u00f3n y GIS en el CREAF (Universidad Aut\u00f3noma de Barcelona) y el m\u00e1ster en GIS de ESRI Espa\u00f1a.<\/p>\n<p style=\"text-align: justify;\">Actualmente trabaja como analista GIS, participando en la elaboraci\u00f3n de cartograf\u00eda tem\u00e1tica y administraci\u00f3n de informaci\u00f3n de servidores de mapas web en distintos proyectos, en la integraci\u00f3n de informaci\u00f3n ambiental al GIS y en el an\u00e1lisis espacial de geodatos.<\/p>\n","protected":false},"excerpt":{"rendered":"<p>Es licenciada en Ciencias Biol\u00f3gicas por la Universidad de Santiago de Compostela, donde tambi\u00e9n realiz\u00f3 el programa de doctorado \u201cBiodiversidad y conservaci\u00f3n natural\u201d (DEA) y en Ciencias Ambientales por la Universidad del Pa\u00eds Vasco (UPV\/EHU), donde curs\u00f3 el m\u00e1ster de Biodiversidad, Funcionamiento y Gesti\u00f3n de Ecosistemas. Ha realizado el m\u00e1ster de Teledetecci\u00f3n y GIS en [&hellip;]<\/p>\n","protected":false},"author":1,"featured_media":0,"parent":0,"menu_order":0,"comment_status":"closed","ping_status":"closed","template":"","meta":{"footnotes":""},"class_list":["post-2029","page","type-page","status-publish","hentry"],"_links":{"self":[{"href":"https:\/\/www.ehu.eus\/cdsea\/web\/index.php\/wp-json\/wp\/v2\/pages\/2029"}],"collection":[{"href":"https:\/\/www.ehu.eus\/cdsea\/web\/index.php\/wp-json\/wp\/v2\/pages"}],"about":[{"href":"https:\/\/www.ehu.eus\/cdsea\/web\/index.php\/wp-json\/wp\/v2\/types\/page"}],"author":[{"embeddable":true,"href":"https:\/\/www.ehu.eus\/cdsea\/web\/index.php\/wp-json\/wp\/v2\/users\/1"}],"replies":[{"embeddable":true,"href":"https:\/\/www.ehu.eus\/cdsea\/web\/index.php\/wp-json\/wp\/v2\/comments?post=2029"}],"version-history":[{"count":4,"href":"https:\/\/www.ehu.eus\/cdsea\/web\/index.php\/wp-json\/wp\/v2\/pages\/2029\/revisions"}],"predecessor-version":[{"id":18118,"href":"https:\/\/www.ehu.eus\/cdsea\/web\/index.php\/wp-json\/wp\/v2\/pages\/2029\/revisions\/18118"}],"wp:attachment":[{"href":"https:\/\/www.ehu.eus\/cdsea\/web\/index.php\/wp-json\/wp\/v2\/media?parent=2029"}],"curies":[{"name":"wp","href":"https:\/\/api.w.org\/{rel}","templated":true}]}}