{"id":225,"date":"2016-11-15T15:19:16","date_gmt":"2016-11-15T15:19:16","guid":{"rendered":"http:\/\/www.ehu.eus\/cdsea\/cdseawp\/?page_id=225"},"modified":"2024-12-20T13:49:32","modified_gmt":"2024-12-20T12:49:32","slug":"revista-forum-de-sostenibilidad","status":"publish","type":"page","link":"https:\/\/www.ehu.eus\/cdsea\/web\/index.php\/publicaciones-2\/revista-forum-de-sostenibilidad\/","title":{"rendered":"Revista Forum de Sostenibilidad"},"content":{"rendered":"\n<div class=\"wp-block-media-text alignwide is-stacked-on-mobile\" style=\"grid-template-columns:17% auto\"><figure class=\"wp-block-media-text__media\"><img loading=\"lazy\" decoding=\"async\" width=\"551\" height=\"786\" src=\"http:\/\/www.ehu.eus\/cdsea\/web\/wp-content\/uploads\/2017\/03\/portada-foruma-10.png\" alt=\"\" class=\"wp-image-16823 size-full\" srcset=\"https:\/\/www.ehu.eus\/cdsea\/web\/wp-content\/uploads\/2017\/03\/portada-foruma-10.png 551w, https:\/\/www.ehu.eus\/cdsea\/web\/wp-content\/uploads\/2017\/03\/portada-foruma-10-210x300.png 210w\" sizes=\"(max-width: 551px) 100vw, 551px\" \/><\/figure><div class=\"wp-block-media-text__content\">\n<p><strong>REVISTA N\u00ba10<\/strong><\/p>\n\n\n\n<p>La Agenda de Naciones Unidas 2030 para el Desarrollo Sostenible es un marco id\u00f3neo para comprender la integraci\u00f3n de todos los sectores que implican la consecuci\u00f3n de la sostenibilidad global, entendida como el bienestar para todas las personas y sociedades. En este contexto, se pone de manifiesto la necesidad de un enfoque hol\u00edstico de los aspectos relacionados con la sostenibilidad, en todos los sectores socio pol\u00edticos y ambientales y a todas las escalas espaciales. Siguiendo esta idea, los art\u00edculos presentados en este n\u00famero de la revista son una aportaci\u00f3n a la reflexi\u00f3n global sobre la actual crisis socio-ambiental y un acercamiento a actuaciones en favor de la sostenibilidad en diferentes \u00e1mbito<\/p>\n\n\n\n<p><a href=\"http:\/\/www.ehu.eus\/cdsea\/web\/wp-content\/uploads\/2017\/03\/2-REVISTA-DEFINITIVA-AAFF-Maqueta_Revista_ForumSostenibilidad_2022-Web.pdf\"><strong>Descargar n\u00ba10<\/strong><\/a><\/p>\n<\/div><\/div>\n\n\n\n<div class=\"wp-block-media-text alignwide is-stacked-on-mobile\" style=\"grid-template-columns:17% auto\"><figure class=\"wp-block-media-text__media\"><img loading=\"lazy\" decoding=\"async\" width=\"597\" height=\"846\" src=\"http:\/\/www.ehu.eus\/cdsea\/web\/wp-content\/uploads\/2017\/03\/portada-revista.jpg\" alt=\"\" class=\"wp-image-12413 size-full\" srcset=\"https:\/\/www.ehu.eus\/cdsea\/web\/wp-content\/uploads\/2017\/03\/portada-revista.jpg 597w, https:\/\/www.ehu.eus\/cdsea\/web\/wp-content\/uploads\/2017\/03\/portada-revista-212x300.jpg 212w\" sizes=\"(max-width: 597px) 100vw, 597px\" \/><\/figure><div class=\"wp-block-media-text__content\">\n<p><strong>REVISTA N\u00ba9<\/strong><\/p>\n\n\n\n<p>En este nuevo n\u00famero de la revista Forum se recogen algunas de las aportaciones que se presentaron en el congreso <a href=\"https:\/\/www.uik.eus\/es\/kudeaketa-eta-zientziaren-arteko-zubiak-eraikitzen-iraunkortasunerako-ikerketa-biosfera-erreserbetan\"><em>\u201cConstruyendo puentes entre la ciencia y la gesti\u00f3n. Investigaci\u00f3n para la sostenibilidad en Reservas de la Biosfera\u201d<\/em> <\/a>que se celebr\u00f3 en la Reserva de la Biosfera de Urdaibai del 13 al 15 de noviembre de 2019. El objetivo de dicho congreso fue abrir la interlocuci\u00f3n entre la investigaci\u00f3n y la gesti\u00f3n; es decir, desarrollar un di\u00e1logo para que la investigaci\u00f3n ayude a las necesidades en la gesti\u00f3n y en el desarrollo sostenible.<\/p>\n\n\n\n<p>Dichas aportaciones aparecen en diferentes formatos, pero todas ellas con el mismo objetivo: su aplicabilidad a la gesti\u00f3n.<\/p>\n\n\n\n<p><a href=\"http:\/\/www.ehu.eus\/cdsea\/web\/wp-content\/uploads\/2017\/03\/V.-FINAL-REVISTA-FORUM-9.pdf\"><strong>Descargar n\u00ba9<\/strong><\/a><\/p>\n<\/div><\/div>\n\n\n\n<div class=\"wp-block-media-text alignwide is-stacked-on-mobile\" style=\"grid-template-columns:17% auto\"><figure class=\"wp-block-media-text__media\"><img loading=\"lazy\" decoding=\"async\" width=\"303\" height=\"398\" src=\"http:\/\/www.ehu.eus\/cdsea\/web\/wp-content\/uploads\/2017\/03\/Revistan8.png\" alt=\"\" class=\"wp-image-5880 size-full\" srcset=\"https:\/\/www.ehu.eus\/cdsea\/web\/wp-content\/uploads\/2017\/03\/Revistan8.png 303w, https:\/\/www.ehu.eus\/cdsea\/web\/wp-content\/uploads\/2017\/03\/Revistan8-228x300.png 228w\" sizes=\"(max-width: 303px) 100vw, 303px\" \/><\/figure><div class=\"wp-block-media-text__content\">\n<p><strong>REVISTA N\u00ba<\/strong>8<\/p>\n\n\n\n<p>En este nuevo n\u00famero de la revista Forum de Sostenibilidad se recogen, en formato art\u00edculo, algunas de las aportaciones, tanto comunicaciones como p\u00f3sters, presentadas durante la celebraci\u00f3n de las jornadas \u201cEducaci\u00f3n, base para los Objetivos de Desarrollo Sostenible\u201d celebradas entre el 5 y 7 de septiembre de 2017 en el Bizkaia Aretoa (Bilbao).<\/p>\n\n\n\n<p>Con estos art\u00edculos se suman esfuerzos para contribuir al objetivo previsto en las jornadas de fomentar el intercambio de experiencias y buenas pr\u00e1cticas (en el curriculum, la gesti\u00f3n, la investigaci\u00f3n\u2026) encaminadas a la consecuci\u00f3n de los Objetivos de Desarrollo Sostenible (ODS) en el \u00e1mbito educativo, tanto formal, no formal e informal.<\/p>\n\n\n\n<p><a href=\"http:\/\/www.ehu.eus\/cdsea\/web\/wp-content\/uploads\/2017\/03\/Revista-Forum-8.pdf\"><strong>Descargar N\u00ba8 pdf<\/strong><\/a><\/p>\n<\/div><\/div>\n\n\n\n<div class=\"wp-block-media-text alignwide is-stacked-on-mobile\" style=\"grid-template-columns:17% auto\"><figure class=\"wp-block-media-text__media\"><img loading=\"lazy\" decoding=\"async\" width=\"303\" height=\"398\" src=\"http:\/\/www.ehu.eus\/cdsea\/web\/wp-content\/uploads\/2017\/03\/Revistan8.png\" alt=\"\" class=\"wp-image-5880 size-full\" srcset=\"https:\/\/www.ehu.eus\/cdsea\/web\/wp-content\/uploads\/2017\/03\/Revistan8.png 303w, https:\/\/www.ehu.eus\/cdsea\/web\/wp-content\/uploads\/2017\/03\/Revistan8-228x300.png 228w\" sizes=\"(max-width: 303px) 100vw, 303px\" \/><\/figure><div class=\"wp-block-media-text__content\">\n<p><strong>REVISTA N\u00ba7 (2014-2015)<\/strong><\/p>\n\n\n\n<p>La revista Forum de Sostenibilidad pretende con el presente n\u00famero seguir contribuyendo al conocimiento y al debate que nos permitan avanzar un poco m\u00e1s en el camino hacia la sostenibilidad.<\/p>\n\n\n\n<p>En este caso la tem\u00e1tica se centra en el aspecto de la <strong>cooperaci\u00f3n <\/strong>y se construye en el contexto del proyecto denominado <strong>Colaboraci\u00f3n interunivesitaria-sociedad para la puesta en valor de los ecosistemas de la Reserva de Biosfera Jaragua-Bahoruco-Enriquillo (Rep\u00fablica Dominicana) y La Selle (Hait\u00ed) para la mejora de la calidad de vida de la poblaci\u00f3n local<\/strong>.&nbsp;<strong>ISSN: 1887-9810<\/strong><\/p>\n\n\n\n<p><strong><a href=\"http:\/\/www.ehu.eus\/cdsea\/web\/wp-content\/uploads\/2016\/12\/Revista7.pdf\" target=\"_blank\" rel=\"noreferrer noopener\">Descargar n\u00ba7 pdf<\/a><\/strong><\/p>\n\n\n\n<p><\/p>\n\n\n\n<p><\/p>\n<\/div><\/div>\n\n\n\n<div class=\"wp-block-media-text alignwide is-stacked-on-mobile\" style=\"grid-template-columns:17% auto\"><figure class=\"wp-block-media-text__media\"><img loading=\"lazy\" decoding=\"async\" width=\"303\" height=\"398\" src=\"http:\/\/www.ehu.eus\/cdsea\/web\/wp-content\/uploads\/2017\/03\/Revistan8.png\" alt=\"\" class=\"wp-image-5880 size-full\" srcset=\"https:\/\/www.ehu.eus\/cdsea\/web\/wp-content\/uploads\/2017\/03\/Revistan8.png 303w, https:\/\/www.ehu.eus\/cdsea\/web\/wp-content\/uploads\/2017\/03\/Revistan8-228x300.png 228w\" sizes=\"(max-width: 303px) 100vw, 303px\" \/><\/figure><div class=\"wp-block-media-text__content\">\n<p><strong>REVISTA N\u00ba 6 (2012-2013)<\/strong><\/p>\n\n\n\n<p>Como continuaci\u00f3n al 5\u00ba n\u00famero (2011-2012) de la revista FORUM de Sostenibilidad, esta edici\u00f3n re\u00fane algunos de los trabajos, de \u00e1mbito latinoamericano, expuestos en el marco del <strong>I Congreso internacional \u201cLos caminos de la sustentabilidad\/sostenibilidad\u201d<\/strong> celebrado en Bilbao en&nbsp;junio de 2011.<\/p>\n\n\n\n<p>De Argentina a M\u00e9xico, entre otros pa\u00edses, se presentan experiencias, proyectos y actividades en el \u00e1mbito de la sostenibilidad.<\/p>\n\n\n\n<p><strong>ISSN: 1887-9810<\/strong><\/p>\n\n\n\n<p><strong><a href=\"http:\/\/www.ehu.eus\/cdsea\/web\/wp-content\/uploads\/2016\/12\/Revista-6.pdf\" target=\"_blank\" rel=\"noreferrer noopener\">Descargar n\u00ba6 pdf<\/a><\/strong><\/p>\n<\/div><\/div>\n\n\n\n<div class=\"wp-block-media-text alignwide is-stacked-on-mobile\" style=\"grid-template-columns:17% auto\"><figure class=\"wp-block-media-text__media\"><img loading=\"lazy\" decoding=\"async\" width=\"303\" height=\"398\" src=\"http:\/\/www.ehu.eus\/cdsea\/web\/wp-content\/uploads\/2017\/03\/Revistan8.png\" alt=\"\" class=\"wp-image-5880 size-full\" srcset=\"https:\/\/www.ehu.eus\/cdsea\/web\/wp-content\/uploads\/2017\/03\/Revistan8.png 303w, https:\/\/www.ehu.eus\/cdsea\/web\/wp-content\/uploads\/2017\/03\/Revistan8-228x300.png 228w\" sizes=\"(max-width: 303px) 100vw, 303px\" \/><\/figure><div class=\"wp-block-media-text__content\">\n<p><strong>REVISTA N\u00ba 5 (2011-2012)<\/strong><\/p>\n\n\n\n<p>Este n\u00famero de la revista FORUM de Sostenibilidad recoge algunas de las ponencias, de \u00e1mbito nacional, presentadas durante la celebraci\u00f3n del <strong>I Congreso Internacional \u201cLos caminos de la sustentabilidad\/sostenibilidad\u201d<\/strong> (Bilbao, Junio 2011) como un medio m\u00e1s para difundir las experiencias y casos ah\u00ed expuestos.<\/p>\n\n\n\n<p>Como complemento a este n\u00famero, en el n\u00ba 6 se han publicado las presentaciones de representantes de Latinoam\u00e9rica.<\/p>\n\n\n\n<p><strong>ISSN: 1887-9810<\/strong><\/p>\n\n\n\n<p><strong><a href=\"http:\/\/www.ehu.eus\/cdsea\/web\/wp-content\/uploads\/2016\/12\/Revista5.pdf\" target=\"_blank\" rel=\"noreferrer noopener\">Descargar pdf<\/a><\/strong><\/p>\n<\/div><\/div>\n\n\n\n<div class=\"wp-block-media-text alignwide is-stacked-on-mobile\" style=\"grid-template-columns:17% auto\"><figure class=\"wp-block-media-text__media\"><img loading=\"lazy\" decoding=\"async\" width=\"303\" height=\"398\" src=\"http:\/\/www.ehu.eus\/cdsea\/web\/wp-content\/uploads\/2017\/03\/Revistan8.png\" alt=\"\" class=\"wp-image-5880 size-full\" srcset=\"https:\/\/www.ehu.eus\/cdsea\/web\/wp-content\/uploads\/2017\/03\/Revistan8.png 303w, https:\/\/www.ehu.eus\/cdsea\/web\/wp-content\/uploads\/2017\/03\/Revistan8-228x300.png 228w\" sizes=\"(max-width: 303px) 100vw, 303px\" \/><\/figure><div class=\"wp-block-media-text__content\">\n<p><strong>REVISTA N\u00ba 4 (2010)<\/strong><\/p>\n\n\n\n<p>Dentro de la tem\u00e1tica general de Desarrollo Sostenible, este n\u00famero de la revista se centra principalmente en el an\u00e1lisis de la relaci\u00f3n existente entre el bienestar humano y los ecosistemas bajo el marco conceptual de la <strong>Evaluaci\u00f3n de los Ecosistemas del Milenio.<\/strong><\/p>\n\n\n\n<p>Los distintos art\u00edculos presentados muestran los resultados de estudios llevados a cabo desde distintos enfoques y en diversas regiones, en torno a las <strong>funciones y servicios de los ecosistemas<\/strong>, resaltando la contribuci\u00f3n de \u00e9stos al bienestar humano.<\/p>\n\n\n\n<p><strong>ISSN: 1887-9810<\/strong><\/p>\n\n\n\n<p><strong><a href=\"http:\/\/www.ehu.eus\/cdsea\/web\/wp-content\/uploads\/2016\/12\/Revista4.pdf\" target=\"_blank\" rel=\"noreferrer noopener\">Descargar pdf<\/a><\/strong><\/p>\n<\/div><\/div>\n\n\n\n<div class=\"wp-block-media-text alignwide is-stacked-on-mobile\" style=\"grid-template-columns:17% auto\"><figure class=\"wp-block-media-text__media\"><img loading=\"lazy\" decoding=\"async\" width=\"303\" height=\"398\" src=\"http:\/\/www.ehu.eus\/cdsea\/web\/wp-content\/uploads\/2017\/03\/Revistan8.png\" alt=\"\" class=\"wp-image-5880 size-full\" srcset=\"https:\/\/www.ehu.eus\/cdsea\/web\/wp-content\/uploads\/2017\/03\/Revistan8.png 303w, https:\/\/www.ehu.eus\/cdsea\/web\/wp-content\/uploads\/2017\/03\/Revistan8-228x300.png 228w\" sizes=\"(max-width: 303px) 100vw, 303px\" \/><\/figure><div class=\"wp-block-media-text__content\">\n<p><strong>REVISTA N\u00ba 3 (2009)<\/strong><\/p>\n\n\n\n<p>Dentro de la tem\u00e1tica general de Desarrollo Sostenible,&nbsp;este n\u00famero de la revista se centra principalmente&nbsp;en la <strong>participaci\u00f3n&nbsp;y en la educaci\u00f3n ambiental<\/strong>.<\/p>\n\n\n\n<p>El apartado<strong> \u201can\u00e1lisis\u201d<\/strong> recoge art\u00edculos te\u00f3ricos o de opini\u00f3n sobre&nbsp;este tema. El apartado <strong>\u201cart\u00edculos\u201d<\/strong> se compone de trabajos que describen y analizan los resultados de investigaciones concretas. Finalmente, el apartado <strong>\u201copini\u00f3n\u201d<\/strong> recoge opiniones cient\u00edfico-t\u00e9cnicas sobre el tema propuesto.<\/p>\n\n\n\n<p><strong>ISSN: 1887-9810<\/strong><\/p>\n\n\n\n<p><strong><a href=\"http:\/\/www.ehu.eus\/cdsea\/web\/wp-content\/uploads\/2016\/12\/Revista3.pdf\" target=\"_blank\" rel=\"noreferrer noopener\">Descargar pdf<\/a><\/strong><\/p>\n<\/div><\/div>\n\n\n\n<div class=\"wp-block-media-text alignwide is-stacked-on-mobile\" style=\"grid-template-columns:17% auto\"><figure class=\"wp-block-media-text__media\"><img loading=\"lazy\" decoding=\"async\" width=\"303\" height=\"398\" src=\"http:\/\/www.ehu.eus\/cdsea\/web\/wp-content\/uploads\/2017\/03\/Revistan8.png\" alt=\"\" class=\"wp-image-5880 size-full\" srcset=\"https:\/\/www.ehu.eus\/cdsea\/web\/wp-content\/uploads\/2017\/03\/Revistan8.png 303w, https:\/\/www.ehu.eus\/cdsea\/web\/wp-content\/uploads\/2017\/03\/Revistan8-228x300.png 228w\" sizes=\"(max-width: 303px) 100vw, 303px\" \/><\/figure><div class=\"wp-block-media-text__content\">\n<p><strong>REVISTA N\u00ba 2 (2008)<\/strong><\/p>\n\n\n\n<p>Dentro&nbsp;de la tem\u00e1tica general de Desarrollo Sostenible, este n\u00famero de la revista se centra principalmente&nbsp;en&nbsp;<strong>\u201cel agua\u201d,<\/strong> con motivo de la celebraci\u00f3n de la D\u00e9cada del Agua (2005-2015).<\/p>\n\n\n\n<p>El apartado <strong>\u201can\u00e1lisis\u201d<\/strong> recoge art\u00edculos te\u00f3ricos o de opini\u00f3n sobre este tema. El apartado <strong>\u201cart\u00edculos\u201d<\/strong> se compone de trabajos que describen y analizan los resultados de investigaciones concretas. Finalmente, el apartado <strong>\u201copini\u00f3n\u201d<\/strong> recoge opiniones cient\u00edfico-t\u00e9cnicas sobre el tema propuesto.<\/p>\n\n\n\n<p><strong>ISSN: 1887-9810<\/strong><\/p>\n\n\n\n<p><strong><a href=\"http:\/\/www.ehu.eus\/cdsea\/web\/wp-content\/uploads\/2016\/12\/Revista2.pdf\" target=\"_blank\" rel=\"noreferrer noopener\">Descargar pdf<\/a><\/strong><\/p>\n<\/div><\/div>\n\n\n\n<div class=\"wp-block-media-text alignwide is-stacked-on-mobile\" style=\"grid-template-columns:17% auto\"><figure class=\"wp-block-media-text__media\"><img loading=\"lazy\" decoding=\"async\" width=\"303\" height=\"398\" src=\"http:\/\/www.ehu.eus\/cdsea\/web\/wp-content\/uploads\/2017\/03\/Revistan8.png\" alt=\"\" class=\"wp-image-5880 size-full\" srcset=\"https:\/\/www.ehu.eus\/cdsea\/web\/wp-content\/uploads\/2017\/03\/Revistan8.png 303w, https:\/\/www.ehu.eus\/cdsea\/web\/wp-content\/uploads\/2017\/03\/Revistan8-228x300.png 228w\" sizes=\"(max-width: 303px) 100vw, 303px\" \/><\/figure><div class=\"wp-block-media-text__content\">\n<p><strong>REVISTA N\u00ba 1 (2007)<\/strong><\/p>\n\n\n\n<p>Dentro de la tem\u00e1tica general de Desarrollo Sostenible, la revista se compone de dos tipos de art\u00edculos. El apartado <strong>\u201can\u00e1lisis\u201d<\/strong> recoge art\u00edculos te\u00f3ricos o de opini\u00f3n sobre un tema determinado para cada n\u00famero de la revista. En cada n\u00famero publicado se anunciar\u00e1 el tema seleccionado para el siguiente.<\/p>\n\n\n\n<p>El apartado <strong>\u201cart\u00edculos\u201d<\/strong> se compone de trabajos que describen y analizan los resultados de investigaciones concretas.<\/p>\n\n\n\n<p><strong>ISSN: 1887-9810<\/strong><\/p>\n\n\n\n<p><strong><a href=\"http:\/\/www.ehu.eus\/cdsea\/web\/wp-content\/uploads\/2016\/12\/Revista1.pdf\" target=\"_blank\" rel=\"noreferrer noopener\">Descargar pdf<\/a><\/strong><\/p>\n<\/div><\/div>\n\n\n<div class=\"w-tabs-section-content\">\n<div class=\"w-tabs-section-content-h i-cf\">\n<h3>\u00a0<\/h3>\n<\/div>\n<\/div>\n<p><strong><a href=\"http:\/\/www.ehu.eus\/cdsea\/web\/wp-content\/uploads\/2017\/03\/INSTRUCCIONES-PARA-AUTOR1.pdf\"><img loading=\"lazy\" decoding=\"async\" class=\"alignnone wp-image-9318\" src=\"http:\/\/www.ehu.eus\/cdsea\/web\/wp-content\/uploads\/2017\/03\/iconopdf.jpg\" alt=\"\" width=\"34\" height=\"35\" srcset=\"https:\/\/www.ehu.eus\/cdsea\/web\/wp-content\/uploads\/2017\/03\/iconopdf.jpg 232w, https:\/\/www.ehu.eus\/cdsea\/web\/wp-content\/uploads\/2017\/03\/iconopdf-150x150.jpg 150w\" sizes=\"(max-width: 34px) 100vw, 34px\" \/><\/a>\u00a0 <\/strong><span style=\"font-size: 14pt;\"><strong><span style=\"color: #008000; font-size: 18pt;\">NORMAS PARA AUTOR@S<\/span>\u00a0 <\/strong><\/span>(a partir mayo 2019)<\/p>\n<p style=\"text-align: justify;\">\u00danicamente se publicar\u00e1n los trabajos que guarden relaci\u00f3n directa con la tem\u00e1tica de la revista (Sostenibilidad y Objetivos de Desarrollo Sostenible (ODS), y se ajusten a las normas indicadas m\u00e1s abajo.<\/p>\n<p style=\"text-align: justify;\">La revista FORUM se compone de dos tipos de art\u00edculos:<\/p>\n<ol style=\"text-align: justify;\">\n<li><strong>Art\u00edculos de opini\u00f3n<\/strong>: recoge art\u00edculos te\u00f3ricos o de opini\u00f3n sobre un tema relacionado con la Sostenibilidad y los ODS.<\/li>\n<li><strong>Art\u00edculos de investigaci\u00f3n:<\/strong> se compone de art\u00edculos que describen y analizan los resultados y \/o aplicaciones de investigaciones concretas. Deber\u00e1n tener una metodolog\u00eda y objetivos claros.<\/li>\n<\/ol>\n<p style=\"text-align: justify;\">Se enviar\u00e1 un acuse de recibo a todos los env\u00edos hechos correctamente; si necesita comunicarse con el Consejo de redacci\u00f3n, puede escribir a: <strong><a href=\"mailto:iraunkortasun.katedra@ehu.eus\">iraunkortasun.katedra@ehu.eus<\/a><\/strong><\/p>\n<p style=\"text-align: justify;\">Posteriormente, se comunicar\u00e1 a los autores\/as la aceptaci\u00f3n, en su caso, previa autorizaci\u00f3n del <u>Consejo de redacci\u00f3n<\/u>; y tras su pertinente evaluaci\u00f3n.<\/p>\n<p><span style=\"font-size: 14pt;\"><strong>ESTRUCTURA DE TEXTO:<\/strong><\/span><\/p>\n<p style=\"text-align: justify;\">Los art\u00edculos se enviar\u00e1n en <strong>formato .doc<\/strong>, y en letra <strong>Calibri 12<\/strong>; indic\u00e1ndose en qu\u00e9 categor\u00eda de art\u00edculo se enmarcan (opini\u00f3n \u00f3 investigaci\u00f3n).<\/p>\n<ul>\n<li style=\"text-align: justify;\"><strong>Idioma:<\/strong> se aceptar\u00e1n art\u00edculos en euskara, castellano e ingl\u00e9s.<\/li>\n<li style=\"text-align: justify;\"><strong>Extensi\u00f3n:<\/strong> <em>Art\u00edculos de opini\u00f3n:<\/em> m\u00e1ximo 2.000 palabras. <em>Art\u00edculos de investigaci\u00f3n:<\/em> m\u00e1ximo 4.000 palabras.<\/li>\n<li style=\"text-align: justify;\"><strong>T\u00edtulo y autores:<\/strong> t\u00edtulo del art\u00edculo, nombres y apellidos de los autores\/as, su filiaci\u00f3n, y direcci\u00f3n electr\u00f3nica del autor\/a responsable para poder enviarle las pruebas de maquetaci\u00f3n. Por ejemplo:<\/li>\n<\/ul>\n<table style=\"background-color: #e2ebd8; height: 108px;\" width=\"916\">\n<tbody>\n<tr>\n<td style=\"width: 906.467px;\">N.Apellido<sup>1,2<\/sup>*, N.Apellido<sup>2<\/sup>, N.Apellido<sup>3<\/sup><br \/><span style=\"font-size: 10pt;\"><sup>1<\/sup>Departamento de Biolog\u00eda Vegetal y Ecolog\u00eda, Universidad del Pa\u00eds Vasco\/Euskal Herriko Unibertsitatea (UPV\/EHU).<\/span><br \/><span style=\"font-size: 10pt;\"><sup>2<\/sup>C\u00e1tedra UNESCO sobre Desarrollo Sostenible y Educaci\u00f3n Ambiental de la UPV\/EHU.<\/span><br \/><span style=\"font-size: 10pt;\"><sup>3<\/sup>Departamento de Educaci\u00f3n, Gobierno Vasco\/Eusko Jaurlaritza<\/span><\/td>\n<\/tr>\n<\/tbody>\n<\/table>\n<ul>\n<li><strong>Resumen:<\/strong><em> Art\u00edculos de opini\u00f3n<\/em><em>: <\/em>m\u00e1ximo 100 palabras. <em>Art\u00edculos de investigaci\u00f3n:<\/em> m\u00e1ximo 250 palabras. Incluir entre 4 y 6 palabras clave, en orden alfab\u00e9tico; y separadas por punto y coma (;). Cualquiera que sea el idioma del art\u00edculo, el resumen deber\u00e1 estar en euskara, castellano e ingl\u00e9s.<\/li>\n<li><strong>Cuerpo: <\/strong>Los art\u00edculos de investigaci\u00f3n contendr\u00e1n los siguientes apartados: introducci\u00f3n, metodolog\u00eda, resultados, discusi\u00f3n, conclusiones y bibliograf\u00eda. En los art\u00edculos de opini\u00f3n no ser\u00e1 necesario.<\/li>\n<li><strong> Bibliograf\u00eda:<\/strong> Todas las citas bibliogr\u00e1ficas deber\u00e1n figurar en el texto (y viceversa).<\/li>\n<\/ul>\n<p><em>Las citas en el texto:<\/em><\/p>\n<table style=\"background-color: #e2ebd8; height: 172px;\" width=\"916\">\n<tbody>\n<tr>\n<td style=\"width: 906.467px;\">\n<ul>\n<li>Un\/a autor\/a: (Roberts, 2002)<\/li>\n<li>Dos autores\/as: (Roberts y Guim\u00f3n, 2005)<\/li>\n<li>M\u00e1s de dos autores\/as: (Roberts et al., 2004)<\/li>\n<li>M\u00e1s de una cita en el mismo par\u00e9ntesis: ordenar seg\u00fan fecha (de menor a mayor) (Roberts, 2002; Berlin et al., 2004; Alberts, 2006).<\/li>\n<\/ul>\n<\/td>\n<\/tr>\n<\/tbody>\n<\/table>\n<p><em>La bibliograf\u00eda se presentar\u00e1 al final del trabajo seg\u00fan orden alfab\u00e9tico de la siguiente manera:<\/em><\/p>\n<table style=\"background-color: #e2ebd8; height: 252px;\" width=\"916\">\n<tbody>\n<tr>\n<td style=\"width: 906.467px;\"><strong>a) Libros:<\/strong><br \/>Autor\/a(es\/as). A\u00f1o. <em>T\u00edtulo del libro en cursiva<\/em>. Editorial, Lugar de edici\u00f3n.<br \/><em>Por ejemplo,<\/em><br \/>Novo M. 2002. <em>Globalizaci\u00f3n, crisis ambiental y educaci\u00f3n.<\/em> Ministerio de Educaci\u00f3n, Cultura y Deporte. Madrid.<strong><br \/>b) Art\u00edculos:<\/strong><br \/>Autor\/a(es\/as). A\u00f1o. T\u00edtulo del Art\u00edculo. <em>Nombre de la revista en cursiva<\/em>, volumen: p\u00e1ginas.<br \/><em>Por ejemplo,<\/em><br \/>Harvell C.D., Mitchell C.E., Ward J.R., Altizer S., Dobson A.P., Ostfeld R.S., Samuel M.D. 2002. Climate warming and disease risks for terrestrial and marine biota. <em>Science.<\/em> 296: 2158-2162.<\/td>\n<\/tr>\n<\/tbody>\n<\/table>\n<p style=\"text-align: justify;\">Si el n\u00famero de autores\/as de una publicaci\u00f3n excede de 6, se puede utilizar \u201cet al\u201d (sin cursiva) para referirse al resto de los autores\/as.<\/p>\n<ul>\n<li style=\"text-align: justify;\"><strong>Figuras: <\/strong>se enviar\u00e1n por email al correo de la C\u00e1tedra UNESCO: <a href=\"mailto:iraunkortasun.katedra@ehu.eus\">iraunkortasun.katedra@ehu.eus<\/a>. Deber\u00e1n tener por lo menos 300 ppi (pixels por pulgada). Las figuras se aceptar\u00e1n s\u00f3lo en formato JPG, EPS o TIFF.<\/li>\n<\/ul>\n<ul>\n<li style=\"text-align: justify;\"><strong>Pies de figura y llamadas a figura:<\/strong> las figuras ser\u00e1n numeradas y nombradas como Figura 1, Figura 2,\u2026 La informaci\u00f3n incluida debe ser suficiente para entender la figura, sin que esta informaci\u00f3n est\u00e9 repetida en el texto. No incluir la misma informaci\u00f3n en tabla y gr\u00e1fico. Cuando se trate de micrograf\u00edas, el pie deber\u00e1 incluir la escala. Las llamadas a figura en el texto se escribir\u00e1n como Fig. 1, Fig. 2,\u2026<\/li>\n<\/ul>\n<ul>\n<li style=\"text-align: justify;\"><strong>Tablas:<\/strong> Las tablas ser\u00e1n numeradas. El t\u00edtulo de las tablas debe incluir informaci\u00f3n suficiente para entenderlas.<\/li>\n<li style=\"text-align: justify;\">Se indicar\u00e1 en el texto la <strong>ubicaci\u00f3n <\/strong>de las figuras y tablas.<\/li>\n<\/ul>\n<p><span style=\"font-size: 14pt;\"><strong>D\u00d3NDE ENVIAR:<\/strong><\/span><strong>\u00a0<a href=\"mailto:iraunkortasun.katedra@ehu.eus\">iraunkortasun.katedra@ehu.eus<\/a><\/strong><\/p>\n<p><span style=\"font-size: 14pt;\"><strong>ISSN:<\/strong><strong> 1887-9810<\/strong><\/span><\/p>","protected":false},"excerpt":{"rendered":"<p>REVISTA N\u00ba10 La Agenda de Naciones Unidas 2030 para el Desarrollo Sostenible es un marco id\u00f3neo para comprender la integraci\u00f3n de todos los sectores que implican la consecuci\u00f3n de la sostenibilidad global, entendida como el bienestar para todas las personas y sociedades. En este contexto, se pone de manifiesto la necesidad de un enfoque hol\u00edstico [&hellip;]<\/p>\n","protected":false},"author":1,"featured_media":0,"parent":90,"menu_order":1,"comment_status":"closed","ping_status":"closed","template":"","meta":{"footnotes":""},"class_list":["post-225","page","type-page","status-publish","hentry"],"_links":{"self":[{"href":"https:\/\/www.ehu.eus\/cdsea\/web\/index.php\/wp-json\/wp\/v2\/pages\/225"}],"collection":[{"href":"https:\/\/www.ehu.eus\/cdsea\/web\/index.php\/wp-json\/wp\/v2\/pages"}],"about":[{"href":"https:\/\/www.ehu.eus\/cdsea\/web\/index.php\/wp-json\/wp\/v2\/types\/page"}],"author":[{"embeddable":true,"href":"https:\/\/www.ehu.eus\/cdsea\/web\/index.php\/wp-json\/wp\/v2\/users\/1"}],"replies":[{"embeddable":true,"href":"https:\/\/www.ehu.eus\/cdsea\/web\/index.php\/wp-json\/wp\/v2\/comments?post=225"}],"version-history":[{"count":72,"href":"https:\/\/www.ehu.eus\/cdsea\/web\/index.php\/wp-json\/wp\/v2\/pages\/225\/revisions"}],"predecessor-version":[{"id":18715,"href":"https:\/\/www.ehu.eus\/cdsea\/web\/index.php\/wp-json\/wp\/v2\/pages\/225\/revisions\/18715"}],"up":[{"embeddable":true,"href":"https:\/\/www.ehu.eus\/cdsea\/web\/index.php\/wp-json\/wp\/v2\/pages\/90"}],"wp:attachment":[{"href":"https:\/\/www.ehu.eus\/cdsea\/web\/index.php\/wp-json\/wp\/v2\/media?parent=225"}],"curies":[{"name":"wp","href":"https:\/\/api.w.org\/{rel}","templated":true}]}}