{"id":4094,"date":"2017-06-08T21:37:20","date_gmt":"2017-06-08T21:37:20","guid":{"rendered":"http:\/\/www.ehu.eus\/cdsea\/web\/?page_id=4094"},"modified":"2017-06-22T10:33:08","modified_gmt":"2017-06-22T10:33:08","slug":"agenda-2030-alianzas-para-la-sostenibilidad","status":"publish","type":"page","link":"https:\/\/www.ehu.eus\/cdsea\/web\/index.php\/agenda-2030-alianzas-para-la-sostenibilidad\/","title":{"rendered":"AGENDA 2030 &#8211; Alianzas para la sostenibilidad"},"content":{"rendered":"<p>[vc_row][vc_column][vc_custom_heading text=\u00bbAGENDA 2030 &#8211; Alianzas para la sostenibilidad\u00bb font_container=\u00bbtag:h3|text_align:left|color:%23198c49&#8243; google_fonts=\u00bbfont_family:Droid%20Sans%3Aregular%2C700|font_style:400%20regular%3A400%3Anormal\u00bb][vc_column_text]<\/p>\n<p style=\"text-align: justify;\"><span style=\"font-size: 12pt;\"><img loading=\"lazy\" decoding=\"async\" class=\"size-medium wp-image-4198 alignleft\" src=\"http:\/\/www.ehu.eus\/cdsea\/web\/wp-content\/uploads\/2017\/03\/FOTO-para-evento-AGENDA-2030-1-300x199.png\" alt=\"\" width=\"300\" height=\"199\" srcset=\"https:\/\/www.ehu.eus\/cdsea\/web\/wp-content\/uploads\/2017\/03\/FOTO-para-evento-AGENDA-2030-1-300x199.png 300w, https:\/\/www.ehu.eus\/cdsea\/web\/wp-content\/uploads\/2017\/03\/FOTO-para-evento-AGENDA-2030-1-768x510.png 768w, https:\/\/www.ehu.eus\/cdsea\/web\/wp-content\/uploads\/2017\/03\/FOTO-para-evento-AGENDA-2030-1-600x400.png 600w, https:\/\/www.ehu.eus\/cdsea\/web\/wp-content\/uploads\/2017\/03\/FOTO-para-evento-AGENDA-2030-1.png 945w\" sizes=\"(max-width: 300px) 100vw, 300px\" \/>El martes, 20 de junio, a las 18.30hrs., organizado por AUREN y Gobierno Vasco, tendr\u00e1 lugar en el AZKUNA ZENTROA CAC2, el encuentro \u201cAGENDA 2030. Alianzas para la sostenibilidad\u201d con el objetivo de generar un espacio de conversaci\u00f3n donde visualizar la implementaci\u00f3n de la Agenda 2030 a trav\u00e9s de experiencias concretas y donde debatir sobre c\u00f3mo las alianzas refuerzan y dan sentido a esa implementaci\u00f3n.<\/span><\/p>\n<p style=\"text-align: justify;\"><span style=\"font-size: 12pt;\"><b>PONENTES:<\/b><\/span><\/p>\n<ul>\n<li style=\"text-align: justify;\"><span style=\"font-size: 12pt;\">Empresa: <b>Mario Alonso, Presidente de Auren<\/b><\/span><\/li>\n<li style=\"text-align: justify;\"><span style=\"font-size: 12pt;\">Sector P\u00fablico: <b>Leyre Madariaga, Directora de relaciones exteriores del Gobierno Vasco<\/b><\/span><\/li>\n<li style=\"text-align: justify;\"><span style=\"font-size: 12pt;\">Universidad: <b>Miren Onaindia, Catedr\u00e1tica de Ecolog\u00eda en la UPV<\/b><\/span><\/li>\n<li style=\"text-align: justify;\"><span style=\"font-size: 12pt;\">Sociedad Civil: <b>Arantza Atxa, Directora de UNESCO ETXEA<\/b><\/span><\/li>\n<li style=\"text-align: justify;\"><span style=\"font-size: 12pt;\">Econom\u00eda: <b>Alexander Boto, experto en desarrollo sostenible<\/b><\/span><\/li>\n<\/ul>\n<p style=\"text-align: left;\"><span style=\"font-size: 12pt;\"><span style=\"font-weight: 400;\">M\u00e1s informaci\u00f3n: <\/span><strong><a href=\"mailto:relaciones.exteriores@euskadi.eus\">relaciones.exteriores@euskadi.eus<\/a><\/strong><\/span><\/p>\n<p style=\"text-align: left;\"><span style=\"font-size: 12pt;\"><span style=\"font-weight: 400;\">Inscripciones: <\/span><strong><a href=\"http:\/\/formularios.aurenbioti.com\/?encide=149098&amp;actide=151934&amp;actide=151935\">http:\/\/formularios.aurenbioti.com\/?encide=149098&amp;actide=151934&amp;actide=151935<\/a><\/strong><\/span><\/p>\n<p>[\/vc_column_text][\/vc_column][\/vc_row]<\/p>\n","protected":false},"excerpt":{"rendered":"<p>[vc_row][vc_column][vc_custom_heading text=\u00bbAGENDA 2030 &#8211; Alianzas para la sostenibilidad\u00bb font_container=\u00bbtag:h3|text_align:left|color:%23198c49&#8243; google_fonts=\u00bbfont_family:Droid%20Sans%3Aregular%2C700|font_style:400%20regular%3A400%3Anormal\u00bb][vc_column_text] El martes, 20 de junio, a las 18.30hrs., organizado por AUREN y Gobierno Vasco, tendr\u00e1 lugar en el AZKUNA ZENTROA CAC2, el encuentro \u201cAGENDA 2030. Alianzas para la sostenibilidad\u201d con el objetivo de generar un espacio de conversaci\u00f3n donde visualizar la implementaci\u00f3n de la Agenda [&hellip;]<\/p>\n","protected":false},"author":1,"featured_media":0,"parent":0,"menu_order":0,"comment_status":"closed","ping_status":"closed","template":"","meta":{"footnotes":""},"class_list":["post-4094","page","type-page","status-publish","hentry"],"_links":{"self":[{"href":"https:\/\/www.ehu.eus\/cdsea\/web\/index.php\/wp-json\/wp\/v2\/pages\/4094"}],"collection":[{"href":"https:\/\/www.ehu.eus\/cdsea\/web\/index.php\/wp-json\/wp\/v2\/pages"}],"about":[{"href":"https:\/\/www.ehu.eus\/cdsea\/web\/index.php\/wp-json\/wp\/v2\/types\/page"}],"author":[{"embeddable":true,"href":"https:\/\/www.ehu.eus\/cdsea\/web\/index.php\/wp-json\/wp\/v2\/users\/1"}],"replies":[{"embeddable":true,"href":"https:\/\/www.ehu.eus\/cdsea\/web\/index.php\/wp-json\/wp\/v2\/comments?post=4094"}],"version-history":[{"count":6,"href":"https:\/\/www.ehu.eus\/cdsea\/web\/index.php\/wp-json\/wp\/v2\/pages\/4094\/revisions"}],"predecessor-version":[{"id":4216,"href":"https:\/\/www.ehu.eus\/cdsea\/web\/index.php\/wp-json\/wp\/v2\/pages\/4094\/revisions\/4216"}],"wp:attachment":[{"href":"https:\/\/www.ehu.eus\/cdsea\/web\/index.php\/wp-json\/wp\/v2\/media?parent=4094"}],"curies":[{"name":"wp","href":"https:\/\/api.w.org\/{rel}","templated":true}]}}