{"id":4107,"date":"2017-06-08T21:52:10","date_gmt":"2017-06-08T21:52:10","guid":{"rendered":"http:\/\/www.ehu.eus\/cdsea\/web\/?page_id=4107"},"modified":"2017-06-08T21:52:10","modified_gmt":"2017-06-08T21:52:10","slug":"servicios-de-los-ecosistemas-de-ulia","status":"publish","type":"page","link":"https:\/\/www.ehu.eus\/cdsea\/web\/index.php\/servicios-de-los-ecosistemas-de-ulia\/","title":{"rendered":"SERVICIOS DE LOS ECOSISTEMAS DE UL\u00cdA"},"content":{"rendered":"<p>[vc_row][vc_column][vc_custom_heading text=\u00bbSERVICIOS DE LOS ECOSISTEMAS DE UL\u00cdA\u00bb font_container=\u00bbtag:h3|text_align:left|color:%23198c49&#8243; google_fonts=\u00bbfont_family:Droid%20Sans%3Aregular%2C700|font_style:400%20regular%3A400%3Anormal\u00bb][vc_column_text]<\/p>\n<p style=\"text-align: justify;\"><span style=\"font-size: 12pt;\"><span style=\"font-weight: 400;\">Fundaci\u00f3n Cristina Enea, en colaboraci\u00f3n con la <\/span><strong><a href=\"http:\/\/www.ehu.eus\/cdsea\/web\/\">C\u00e1tedra UNESCO sobre Desarrollo Sostenible y Educaci\u00f3n Ambiental de la UPV\/EHU<\/a><\/strong><span style=\"font-weight: 400;\"> y con el proyecto <\/span><strong><a href=\"http:\/\/www.ehu.eus\/cdsea\/web\/index.php\/investigacion\/servicios-ecosistema-euskadi\/\">Evaluaci\u00f3n de los Servicios de los Ecosistemas de Euskadi<\/a><\/strong><span style=\"font-weight: 400;\">, est\u00e1 l<\/span><span style=\"font-weight: 400;\">levando a cabo un estudio sobre c\u00f3mo percibe la ciudadan\u00eda los beneficios que los ecosistemas de Ulia proporcionan a las personas.\u00a0<\/span><\/span><\/p>\n<p style=\"text-align: justify;\"><span style=\"font-weight: 400; font-size: 12pt;\">Para ello le agradecer\u00edamos que nos ayudara respondiendo a este sencillo cuestionario. Hacerlo no le llevar\u00e1 m\u00e1s de 10 minutos y todos nos podemos beneficiar del resultado de la investigaci\u00f3n.<\/span><\/p>\n<p style=\"text-align: justify;\"><span style=\"font-size: 12pt;\"><span style=\"font-weight: 400;\">M\u00e1s informaci\u00f3n: <\/span><strong><a href=\"http:\/\/www.cristinaenea.eus\/es\/proyectos\/uliako-ekosistemen-zerbitzuak\">http:\/\/www.cristinaenea.eus\/es\/proyectos\/uliako-ekosistemen-zerbitzuak<\/a><\/strong><\/span><\/p>\n<p>[\/vc_column_text][\/vc_column][\/vc_row]<\/p>\n","protected":false},"excerpt":{"rendered":"<p>[vc_row][vc_column][vc_custom_heading text=\u00bbSERVICIOS DE LOS ECOSISTEMAS DE UL\u00cdA\u00bb font_container=\u00bbtag:h3|text_align:left|color:%23198c49&#8243; google_fonts=\u00bbfont_family:Droid%20Sans%3Aregular%2C700|font_style:400%20regular%3A400%3Anormal\u00bb][vc_column_text] Fundaci\u00f3n Cristina Enea, en colaboraci\u00f3n con la C\u00e1tedra UNESCO sobre Desarrollo Sostenible y Educaci\u00f3n Ambiental de la UPV\/EHU y con el proyecto Evaluaci\u00f3n de los Servicios de los Ecosistemas de Euskadi, est\u00e1 llevando a cabo un estudio sobre c\u00f3mo percibe la ciudadan\u00eda los beneficios que los [&hellip;]<\/p>\n","protected":false},"author":1,"featured_media":0,"parent":0,"menu_order":0,"comment_status":"closed","ping_status":"closed","template":"","meta":{"footnotes":""},"class_list":["post-4107","page","type-page","status-publish","hentry"],"_links":{"self":[{"href":"https:\/\/www.ehu.eus\/cdsea\/web\/index.php\/wp-json\/wp\/v2\/pages\/4107"}],"collection":[{"href":"https:\/\/www.ehu.eus\/cdsea\/web\/index.php\/wp-json\/wp\/v2\/pages"}],"about":[{"href":"https:\/\/www.ehu.eus\/cdsea\/web\/index.php\/wp-json\/wp\/v2\/types\/page"}],"author":[{"embeddable":true,"href":"https:\/\/www.ehu.eus\/cdsea\/web\/index.php\/wp-json\/wp\/v2\/users\/1"}],"replies":[{"embeddable":true,"href":"https:\/\/www.ehu.eus\/cdsea\/web\/index.php\/wp-json\/wp\/v2\/comments?post=4107"}],"version-history":[{"count":1,"href":"https:\/\/www.ehu.eus\/cdsea\/web\/index.php\/wp-json\/wp\/v2\/pages\/4107\/revisions"}],"predecessor-version":[{"id":4110,"href":"https:\/\/www.ehu.eus\/cdsea\/web\/index.php\/wp-json\/wp\/v2\/pages\/4107\/revisions\/4110"}],"wp:attachment":[{"href":"https:\/\/www.ehu.eus\/cdsea\/web\/index.php\/wp-json\/wp\/v2\/media?parent=4107"}],"curies":[{"name":"wp","href":"https:\/\/api.w.org\/{rel}","templated":true}]}}