{"id":4183,"date":"2017-06-22T09:46:57","date_gmt":"2017-06-22T09:46:57","guid":{"rendered":"http:\/\/www.ehu.eus\/cdsea\/web\/?page_id=4183"},"modified":"2017-06-22T09:47:50","modified_gmt":"2017-06-22T09:47:50","slug":"plastikozko-itsasoa-mar-de-plastico","status":"publish","type":"page","link":"https:\/\/www.ehu.eus\/cdsea\/web\/index.php\/plastikozko-itsasoa-mar-de-plastico\/","title":{"rendered":"PLASTIKOZKO ITSASOA-MAR DE PL\u00c1STICO"},"content":{"rendered":"<p>[vc_row][vc_column][vc_custom_heading text=\u00bbPLASTIKOZKO ITSASOA-MAR DE PL\u00c1STICO<br \/>\n\u00bb font_container=\u00bbtag:h3|text_align:left|color:%23198c49&#8243; google_fonts=\u00bbfont_family:Droid%20Sans%3Aregular%2C700|font_style:400%20regular%3A400%3Anormal\u00bb][vc_column_text]<\/p>\n<p style=\"text-align: justify;\"><span style=\"font-size: 12pt;\"><a href=\"http:\/\/www.ehu.eus\/cdsea\/web\/wp-content\/uploads\/2017\/03\/FOTO-para-noticia-MAR-SIN-PLASTICO-1.jpg\"><img loading=\"lazy\" decoding=\"async\" class=\"alignleft wp-image-4185 size-medium\" src=\"http:\/\/www.ehu.eus\/cdsea\/web\/wp-content\/uploads\/2017\/03\/FOTO-para-noticia-MAR-SIN-PLASTICO-1-212x300.jpg\" alt=\"\" width=\"212\" height=\"300\" srcset=\"https:\/\/www.ehu.eus\/cdsea\/web\/wp-content\/uploads\/2017\/03\/FOTO-para-noticia-MAR-SIN-PLASTICO-1-212x300.jpg 212w, https:\/\/www.ehu.eus\/cdsea\/web\/wp-content\/uploads\/2017\/03\/FOTO-para-noticia-MAR-SIN-PLASTICO-1-768x1086.jpg 768w, https:\/\/www.ehu.eus\/cdsea\/web\/wp-content\/uploads\/2017\/03\/FOTO-para-noticia-MAR-SIN-PLASTICO-1-724x1024.jpg 724w, https:\/\/www.ehu.eus\/cdsea\/web\/wp-content\/uploads\/2017\/03\/FOTO-para-noticia-MAR-SIN-PLASTICO-1-600x848.jpg 600w, https:\/\/www.ehu.eus\/cdsea\/web\/wp-content\/uploads\/2017\/03\/FOTO-para-noticia-MAR-SIN-PLASTICO-1.jpg 1080w\" sizes=\"(max-width: 212px) 100vw, 212px\" \/><\/a>La C\u00e1tedra UNESCO particip\u00f3 en las jornadas \u201cPLASTIKOZKO ITSASOA-MAR DE PL\u00c1STICO\u201d, que el PIE y la C\u00e1tedra de Cultura Cient\u00edfica del la Universidad del Pa\u00eds Vasco UPV\/EHU, junto con el COBE, la Fundaci\u00f3n Surfrider y la Ekoetxea de Urdaibai organizaron el pasado 8 de junio en el Bizkaia Aretoa de la UPV\/EHU (Bilbao) coincidiendo con el D\u00eda internacional de los oc\u00e9anos, con la ponencia <a href=\"http:\/\/www.ehu.eus\/cdsea\/web\/wp-content\/uploads\/2017\/03\/PONENCIA-para-colgar-de-la-noticia-MAR-DE-PLASTICO.pdf\" target=\"_blank\" rel=\"noopener noreferrer\"><strong><u>\u201cPasemos de ser actores a autores de cambio:\u00a0clave para nuestro bienestar\u201d. <\/u><\/strong><\/a><\/span><\/p>\n<p style=\"text-align: justify;\"><span style=\"font-size: 12pt;\">Mediante esta ponencia, Igone Palacios ilustr\u00f3 la importancia de las decisiones individuales y colectivas para revertir la situaci\u00f3n actual y posibilitar que los ecosistemas acu\u00e1ticos puedan seguir proporcionando a la sociedad un flujo de beneficios que contribuyen a nuestro bienestar.<\/span><\/p>\n<p>[\/vc_column_text][\/vc_column][\/vc_row]<\/p>\n","protected":false},"excerpt":{"rendered":"<p>[vc_row][vc_column][vc_custom_heading text=\u00bbPLASTIKOZKO ITSASOA-MAR DE PL\u00c1STICO \u00bb font_container=\u00bbtag:h3|text_align:left|color:%23198c49&#8243; google_fonts=\u00bbfont_family:Droid%20Sans%3Aregular%2C700|font_style:400%20regular%3A400%3Anormal\u00bb][vc_column_text] La C\u00e1tedra UNESCO particip\u00f3 en las jornadas \u201cPLASTIKOZKO ITSASOA-MAR DE PL\u00c1STICO\u201d, que el PIE y la C\u00e1tedra de Cultura Cient\u00edfica del la Universidad del Pa\u00eds Vasco UPV\/EHU, junto con el COBE, la Fundaci\u00f3n Surfrider y la Ekoetxea de Urdaibai organizaron el pasado 8 de junio en el [&hellip;]<\/p>\n","protected":false},"author":1,"featured_media":0,"parent":0,"menu_order":0,"comment_status":"closed","ping_status":"closed","template":"","meta":{"footnotes":""},"class_list":["post-4183","page","type-page","status-publish","hentry"],"_links":{"self":[{"href":"https:\/\/www.ehu.eus\/cdsea\/web\/index.php\/wp-json\/wp\/v2\/pages\/4183"}],"collection":[{"href":"https:\/\/www.ehu.eus\/cdsea\/web\/index.php\/wp-json\/wp\/v2\/pages"}],"about":[{"href":"https:\/\/www.ehu.eus\/cdsea\/web\/index.php\/wp-json\/wp\/v2\/types\/page"}],"author":[{"embeddable":true,"href":"https:\/\/www.ehu.eus\/cdsea\/web\/index.php\/wp-json\/wp\/v2\/users\/1"}],"replies":[{"embeddable":true,"href":"https:\/\/www.ehu.eus\/cdsea\/web\/index.php\/wp-json\/wp\/v2\/comments?post=4183"}],"version-history":[{"count":2,"href":"https:\/\/www.ehu.eus\/cdsea\/web\/index.php\/wp-json\/wp\/v2\/pages\/4183\/revisions"}],"predecessor-version":[{"id":4189,"href":"https:\/\/www.ehu.eus\/cdsea\/web\/index.php\/wp-json\/wp\/v2\/pages\/4183\/revisions\/4189"}],"wp:attachment":[{"href":"https:\/\/www.ehu.eus\/cdsea\/web\/index.php\/wp-json\/wp\/v2\/media?parent=4183"}],"curies":[{"name":"wp","href":"https:\/\/api.w.org\/{rel}","templated":true}]}}