{"id":4251,"date":"2017-06-23T10:19:27","date_gmt":"2017-06-23T10:19:27","guid":{"rendered":"http:\/\/www.ehu.eus\/cdsea\/web\/?page_id=4251"},"modified":"2017-09-03T19:04:54","modified_gmt":"2017-09-03T19:04:54","slug":"ponentes-jueves-7","status":"publish","type":"page","link":"https:\/\/www.ehu.eus\/cdsea\/web\/index.php\/jornadaseducacion\/programa\/ponentes-jueves-7\/","title":{"rendered":"Ponentes &#8211;  Jueves 7"},"content":{"rendered":"<p>[vc_row css=\u00bb.vc_custom_1492713898867{margin-right: 60px !important;margin-left: 60px !important;}\u00bb][vc_column width=\u00bb1\/6&#8243;][\/vc_column][vc_column width=\u00bb1\/12&#8243;][\/vc_column][vc_column width=\u00bb1\/2&#8243;][us_single_image image=\u00bb4005&#8243; size=\u00bbmedium_large\u00bb align=\u00bbcenter\u00bb][\/vc_column][vc_column width=\u00bb1\/12&#8243;][\/vc_column][vc_column width=\u00bb1\/6&#8243;][ult_createlink title=\u00bbEUS\u00bb btn_link=\u00bburl:http%3A%2F%2Fwww.ehu.eus%2Fcdsea%2Fweb%2Findex.php%2Fhezkuntza_garapen_iraunkorrerako_helburuen_oinarria%2F%3Flang%3Deu|||\u00bb link_hover_style=\u00bbStyle_1&#8243; text_hovercolor=\u00bb#565656&#8243; text_style=\u00bbright\u00bb title_font_size=\u00bbdesktop:10px;\u00bb][ult_createlink title=\u00bbES\u00bb btn_link=\u00bburl:http%3A%2F%2Fwww.ehu.eus%2Fcdsea%2Fweb%2Findex.php%2Fjornadaseducacion%2F|||\u00bb link_hover_style=\u00bbStyle_1&#8243; text_hovercolor=\u00bb#357ebf\u00bb text_style=\u00bbright\u00bb title_font_size=\u00bbdesktop:10px;\u00bb][\/vc_column][vc_column][vc_empty_space height=\u00bb10px\u00bb][vc_wp_custommenu layout=\u00bbhor\u00bb align=\u00bbcenter\u00bb font_size=\u00bb108%\u00bb nav_menu=\u00bb96&#8243;][vc_empty_space height=\u00bb10px\u00bb][vc_empty_space height=\u00bb10px\u00bb][us_separator size=\u00bbsmall\u00bb text=\u00bbPONENCIA CLAUSURA\u00bb][vc_column_text]<img loading=\"lazy\" decoding=\"async\" class=\"alignleft wp-image-4144\" src=\"http:\/\/www.ehu.eus\/cdsea\/web\/wp-content\/uploads\/2017\/03\/Benayas-1-247x300.jpg\" alt=\"\" width=\"150\" height=\"182\" srcset=\"https:\/\/www.ehu.eus\/cdsea\/web\/wp-content\/uploads\/2017\/03\/Benayas-1-247x300.jpg 247w, https:\/\/www.ehu.eus\/cdsea\/web\/wp-content\/uploads\/2017\/03\/Benayas-1-768x934.jpg 768w, https:\/\/www.ehu.eus\/cdsea\/web\/wp-content\/uploads\/2017\/03\/Benayas-1-842x1024.jpg 842w, https:\/\/www.ehu.eus\/cdsea\/web\/wp-content\/uploads\/2017\/03\/Benayas-1-600x730.jpg 600w, https:\/\/www.ehu.eus\/cdsea\/web\/wp-content\/uploads\/2017\/03\/Benayas-1.jpg 1684w\" sizes=\"(max-width: 150px) 100vw, 150px\" \/><\/p>\n<p id=\"javierbenayas\"><span style=\"font-size: 12pt;\"><strong>Javier Benayas del \u00c1lamo<\/strong><\/span><br \/>\n<span style=\"font-size: 12pt;\"><em>Universidad Aut\u00f3noma de Madrid (UAM)<\/em><\/span><\/p>\n<p style=\"text-align: justify;\"><span style=\"font-size: 12pt;\">Profesor Titular del Departamento de Ecolog\u00eda de la Universidad Aut\u00f3noma de Madrid. Ha sido Secretario Ejecutivo de la Comisi\u00f3n Sectorial de Sostenibilidad de la conferencia de Rectores de las Universidades Espa\u00f1olas (CADEP\/CRUE) desde 2007 a 2016. De 1995 a 2003 fue Delegado del Rector de Medio Ambiente y desde 2003 a 2009 Vicerrector de Campus y Calidad Ambiental de la UAM dentro del equipo de gobierno del Rector \u00c1ngel Gabilondo. Actualmente es Subdirector del Instituto Interuniversitario de Investigaci\u00f3n Avanzada sobre Evaluaci\u00f3n de la Ciencia y la Universidad (INAECU) y miembro del Consejo Asesor de la Red Espa\u00f1ola para el Desarrollo Sostenible (REDS).<\/span><\/p>\n<p>[\/vc_column_text][vc_empty_space height=\u00bb10px\u00bb][us_separator size=\u00bbsmall\u00bb text=\u00bbMESA REDONDA: ALIANZAS Y TRANSFORMACIONES NECESARIAS PARA LA CONSECUCI\u00d3N DE LOS ODS\u00bb][vc_empty_space height=\u00bb10px\u00bb][vc_column_text]<img loading=\"lazy\" decoding=\"async\" class=\"alignleft wp-image-4544\" src=\"http:\/\/www.ehu.eus\/cdsea\/web\/wp-content\/uploads\/2017\/06\/Davidpng-249x300.png\" alt=\"\" width=\"150\" height=\"181\" srcset=\"https:\/\/www.ehu.eus\/cdsea\/web\/wp-content\/uploads\/2017\/06\/Davidpng-249x300.png 249w, https:\/\/www.ehu.eus\/cdsea\/web\/wp-content\/uploads\/2017\/06\/Davidpng.png 469w\" sizes=\"(max-width: 150px) 100vw, 150px\" \/><\/p>\n<p id=\"davidalba\"><span style=\"font-size: 12pt;\"><b><i>David Alba Hidalgo<\/i><\/b><\/span><br \/>\n<span style=\"font-size: 12pt;\"><i>Transitando\/UAM<\/i><\/span><\/p>\n<p style=\"text-align: justify;\"><span style=\"font-size: 12pt;\">Doctor en Educaci\u00f3n Ambiental (UAM, 2016), M\u00e1ster en Investigaci\u00f3n, Gesti\u00f3n y Desarrollo Local (UCM, 2002) y Licenciado en Ciencias Ambientales (UAM, 2000). Socio de\u00a0<strong><a href=\"http:\/\/transitando.org\/\" data-saferedirecturl=\"https:\/\/www.google.com\/url?hl=es&amp;q=http:\/\/transitando.org\/&amp;source=gmail&amp;ust=1504546383708000&amp;usg=AFQjCNGgRR62-gl5dmleAKyYkoQbTcibiA\">Transitando: Ecolog\u00eda y Educaci\u00f3n para una Ciudad Sostenible<\/a><\/strong>, donde desarrolla actividades formativas y de consultor\u00eda en ecolog\u00eda urbana y sostenibilidad local. Es investigador colaborador del\u00a0<strong><a href=\"http:\/\/www.idluam.org\/\" data-saferedirecturl=\"https:\/\/www.google.com\/url?hl=es&amp;q=http:\/\/www.idluam.org\/&amp;source=gmail&amp;ust=1504546383708000&amp;usg=AFQjCNGlibF_yrXkMG6g6dG_yxXRf9Cbyg\">Instituto de Derecho Local\u00a0<\/a><\/strong>y del\u00a0<strong><a href=\"http:\/\/www.laboratoriosocioecosistemas.es\/\" data-saferedirecturl=\"https:\/\/www.google.com\/url?hl=es&amp;q=http:\/\/www.laboratoriosocioecosistemas.es\/&amp;source=gmail&amp;ust=1504546383708000&amp;usg=AFQjCNGL7ZZAXFbE_8F8KBCBJmtOtBpUzw\">Laboratoriode Socioecosistemas<\/a><\/strong>, ambos de la Universidad Aut\u00f3noma de Madrid (UAM). Ha participado en diferentes proyectos, estudios, cursos y jornadas sobre educaci\u00f3n, evaluaci\u00f3n y sostenibilidad en el contexto local y universitario.<\/span><\/p>\n<p>[\/vc_column_text][us_separator style=\u00bbdotted\u00bb][vc_column_text]<img loading=\"lazy\" decoding=\"async\" class=\"alignleft wp-image-4143\" src=\"http:\/\/www.ehu.eus\/cdsea\/web\/wp-content\/uploads\/2017\/03\/Amaia-Celaya-300x277.jpg\" alt=\"\" width=\"150\" height=\"138\" srcset=\"https:\/\/www.ehu.eus\/cdsea\/web\/wp-content\/uploads\/2017\/03\/Amaia-Celaya-300x277.jpg 300w, https:\/\/www.ehu.eus\/cdsea\/web\/wp-content\/uploads\/2017\/03\/Amaia-Celaya.jpg 462w\" sizes=\"(max-width: 150px) 100vw, 150px\" \/><\/p>\n<p id=\"amayacelaya\"><span style=\"font-size: 12pt;\"><strong>Amaya Celaya<\/strong><\/span><br \/>\n<span style=\"font-size: 12pt;\"><em>UN-Habitat<\/em><\/span><\/p>\n<p style=\"text-align: justify;\"><span style=\"font-size: 12pt;\">Arquitecta, Dise\u00f1adora Urbana y M\u00e1ster NOHA &#8211; Cooperaci\u00f3n Internacional y Acci\u00f3n Humanitaria-. Me preocupa c\u00f3mo estamos viviendo en el mundo y dejando a la gente en medio de sus dificultades. Me gusta ver c\u00f3mo las buenas propuestas hacen que la gente viva mejor dentro de edificios y ciudades. Estoy por la sostenibilidad, la responsabilidad, la creaci\u00f3n de redes, la planificaci\u00f3n urbana, la arquitectura, y el conocimiento.<\/span><\/p>\n<p style=\"text-align: justify;\"><span style=\"font-size: 12pt;\">Consultora de ONU HABITAT 2016 \/ Experta en el Programa de la Comisi\u00f3n Europea Horizon 2020 &#8211; 2015 \/ Mejor tesis de maestr\u00eda NOHA Deusto 2013-14 \/ Beca SYLFF 2014 \/ LEED Green Associate 2012 \/ Ponente invitada en el m\u00e1ster sobre Medio Ambiente y Sostenibilidad de la UPV\/EHU\/ Consultora sobre Ecodise\u00f1o en BCD, ICAEN y Costruction 21 2010 \/ Co-fundadorA de abar architects 2005.<\/span><\/p>\n<p>[\/vc_column_text][us_separator style=\u00bbdotted\u00bb][vc_column_text]<img loading=\"lazy\" decoding=\"async\" class=\"alignleft wp-image-4146\" src=\"http:\/\/www.ehu.eus\/cdsea\/web\/wp-content\/uploads\/2017\/03\/Juan-Carlos-Va\u0301zquez-200x300.jpg\" alt=\"\" width=\"150\" height=\"225\" srcset=\"https:\/\/www.ehu.eus\/cdsea\/web\/wp-content\/uploads\/2017\/03\/Juan-Carlos-Va\u0301zquez-200x300.jpg 200w, https:\/\/www.ehu.eus\/cdsea\/web\/wp-content\/uploads\/2017\/03\/Juan-Carlos-Va\u0301zquez-684x1024.jpg 684w, https:\/\/www.ehu.eus\/cdsea\/web\/wp-content\/uploads\/2017\/03\/Juan-Carlos-Va\u0301zquez-600x898.jpg 600w, https:\/\/www.ehu.eus\/cdsea\/web\/wp-content\/uploads\/2017\/03\/Juan-Carlos-Va\u0301zquez.jpg 742w\" sizes=\"(max-width: 150px) 100vw, 150px\" \/><\/p>\n<p id=\"jcarlosvazquez\"><span style=\"font-size: 12pt;\"><strong>J. Carlos V\u00e1zquez<\/strong><\/span><br \/>\n<span style=\"font-size: 12pt;\"><em>KCD ONG<\/em><\/span><\/p>\n<p><span style=\"font-size: 12pt;\">Director de Kultura, Communication y Desarrollo KCD ONGD y del Festival Internacional de Cine invisible \u201cFilm Sozialak\u201d de Bilbao.<\/span><\/p>\n<p style=\"text-align: justify;\"><span style=\"font-size: 12pt;\">Desde el a\u00f1o 1988 trabaja en el \u00e1mbito de la Cooperaci\u00f3n internacional y la Educaci\u00f3n para la Transformaci\u00f3n Social EpTS. A lo largo de su trayectoria profesional ha dise\u00f1ado diversas campa\u00f1as de Sensibilizaci\u00f3n y de EpTS fuera y dentro del Pa\u00eds Vasco, participado como jurado en festivales de Cine Social en varias partes del mundo e impartido talleres y conferencias sobre la comunicaci\u00f3n como herramienta de desarrollo.<\/span><\/p>\n<p>[\/vc_column_text][us_separator style=\u00bbdotted\u00bb][vc_column_text]<img loading=\"lazy\" decoding=\"async\" class=\"alignleft wp-image-4258\" src=\"http:\/\/www.ehu.eus\/cdsea\/web\/wp-content\/uploads\/2017\/06\/D.MarioAlonso-199x300.png\" alt=\"\" width=\"150\" height=\"226\" srcset=\"https:\/\/www.ehu.eus\/cdsea\/web\/wp-content\/uploads\/2017\/06\/D.MarioAlonso-199x300.png 199w, https:\/\/www.ehu.eus\/cdsea\/web\/wp-content\/uploads\/2017\/06\/D.MarioAlonso.png 305w\" sizes=\"(max-width: 150px) 100vw, 150px\" \/><\/p>\n<p id=\"marioalonso\"><span style=\"font-size: 12pt;\"><b>Mario Alonso<\/b><\/span><br \/>\n<span style=\"font-size: 12pt;\"><em>AUREN<\/em><\/span><\/p>\n<p style=\"text-align: justify;\"><span style=\"font-size: 12pt;\">Economista y abogado. Auditor de cuentas. Presidente del Instituto de Censores Jurados de Cuentas de Espa\u00f1a. Presidente y socio cofundador de Auren.<\/span><\/p>\n<p style=\"text-align: justify;\"><span style=\"font-size: 12pt;\">\u00c1rbitro de la Corte de Arbitraje de la C\u00e1mara de Comercio e Industria de Madrid.<\/span><\/p>\n<p style=\"text-align: justify;\"><span style=\"font-size: 12pt;\">Miembro de la Junta Directiva de la CEOE, miembro de la Junta Directiva de FENAC y miembro del Consejo Acad\u00e9mico de FIDE.<\/span><\/p>\n<p style=\"text-align: justify;\"><span style=\"font-size: 12pt;\">Profesor de Contabilidad y Auditor\u00eda de cuentas de la Universidad de Alcal\u00e1 de Henares. Vocal y Presidente de la Comisi\u00f3n Econ\u00f3mica del Consejo Social de la Universidad Complutense de Madrid.<\/span><\/p>\n<p>[\/vc_column_text][\/vc_column][\/vc_row]<\/p>\n","protected":false},"excerpt":{"rendered":"<p>[vc_row css=\u00bb.vc_custom_1492713898867{margin-right: 60px !important;margin-left: 60px !important;}\u00bb][vc_column width=\u00bb1\/6&#8243;][\/vc_column][vc_column width=\u00bb1\/12&#8243;][\/vc_column][vc_column width=\u00bb1\/2&#8243;][us_single_image image=\u00bb4005&#8243; size=\u00bbmedium_large\u00bb align=\u00bbcenter\u00bb][\/vc_column][vc_column width=\u00bb1\/12&#8243;][\/vc_column][vc_column width=\u00bb1\/6&#8243;][ult_createlink title=\u00bbEUS\u00bb btn_link=\u00bburl:http%3A%2F%2Fwww.ehu.eus%2Fcdsea%2Fweb%2Findex.php%2Fhezkuntza_garapen_iraunkorrerako_helburuen_oinarria%2F%3Flang%3Deu|||\u00bb link_hover_style=\u00bbStyle_1&#8243; text_hovercolor=\u00bb#565656&#8243; text_style=\u00bbright\u00bb title_font_size=\u00bbdesktop:10px;\u00bb][ult_createlink title=\u00bbES\u00bb btn_link=\u00bburl:http%3A%2F%2Fwww.ehu.eus%2Fcdsea%2Fweb%2Findex.php%2Fjornadaseducacion%2F|||\u00bb link_hover_style=\u00bbStyle_1&#8243; text_hovercolor=\u00bb#357ebf\u00bb text_style=\u00bbright\u00bb title_font_size=\u00bbdesktop:10px;\u00bb][\/vc_column][vc_column][vc_empty_space height=\u00bb10px\u00bb][vc_wp_custommenu layout=\u00bbhor\u00bb align=\u00bbcenter\u00bb font_size=\u00bb108%\u00bb nav_menu=\u00bb96&#8243;][vc_empty_space height=\u00bb10px\u00bb][vc_empty_space height=\u00bb10px\u00bb][us_separator size=\u00bbsmall\u00bb text=\u00bbPONENCIA CLAUSURA\u00bb][vc_column_text] Javier Benayas del \u00c1lamo Universidad Aut\u00f3noma de Madrid (UAM) Profesor Titular del Departamento de Ecolog\u00eda de la Universidad Aut\u00f3noma [&hellip;]<\/p>\n","protected":false},"author":1,"featured_media":0,"parent":3482,"menu_order":0,"comment_status":"closed","ping_status":"closed","template":"","meta":{"footnotes":""},"class_list":["post-4251","page","type-page","status-publish","hentry"],"_links":{"self":[{"href":"https:\/\/www.ehu.eus\/cdsea\/web\/index.php\/wp-json\/wp\/v2\/pages\/4251"}],"collection":[{"href":"https:\/\/www.ehu.eus\/cdsea\/web\/index.php\/wp-json\/wp\/v2\/pages"}],"about":[{"href":"https:\/\/www.ehu.eus\/cdsea\/web\/index.php\/wp-json\/wp\/v2\/types\/page"}],"author":[{"embeddable":true,"href":"https:\/\/www.ehu.eus\/cdsea\/web\/index.php\/wp-json\/wp\/v2\/users\/1"}],"replies":[{"embeddable":true,"href":"https:\/\/www.ehu.eus\/cdsea\/web\/index.php\/wp-json\/wp\/v2\/comments?post=4251"}],"version-history":[{"count":17,"href":"https:\/\/www.ehu.eus\/cdsea\/web\/index.php\/wp-json\/wp\/v2\/pages\/4251\/revisions"}],"predecessor-version":[{"id":4549,"href":"https:\/\/www.ehu.eus\/cdsea\/web\/index.php\/wp-json\/wp\/v2\/pages\/4251\/revisions\/4549"}],"up":[{"embeddable":true,"href":"https:\/\/www.ehu.eus\/cdsea\/web\/index.php\/wp-json\/wp\/v2\/pages\/3482"}],"wp:attachment":[{"href":"https:\/\/www.ehu.eus\/cdsea\/web\/index.php\/wp-json\/wp\/v2\/media?parent=4251"}],"curies":[{"name":"wp","href":"https:\/\/api.w.org\/{rel}","templated":true}]}}