{"id":4267,"date":"2017-06-23T10:58:29","date_gmt":"2017-06-23T10:58:29","guid":{"rendered":"http:\/\/www.ehu.eus\/cdsea\/web\/?page_id=4267"},"modified":"2017-10-13T15:29:51","modified_gmt":"2017-10-13T15:29:51","slug":"klimagune-workshop-2017","status":"publish","type":"page","link":"https:\/\/www.ehu.eus\/cdsea\/web\/index.php\/klimagune-workshop-2017\/","title":{"rendered":"Klimagune Workshop 2017"},"content":{"rendered":"<p>[vc_row][vc_column][vc_custom_heading text=\u00bbKLIMAGUNE WORKSHOP 2017&#8243; font_container=\u00bbtag:h3|text_align:left|color:%23198c49&#8243; google_fonts=\u00bbfont_family:Droid%20Sans%3Aregular%2C700|font_style:400%20regular%3A400%3Anormal\u00bb][vc_column_text]<\/p>\n<p style=\"text-align: justify;\"><span style=\"font-size: 12pt;\">La C\u00e1tedra UNESCO particip\u00f3 en el <em>Klimagune Workshop 2017: Cambio clim\u00e1tico y participaci\u00f3n<\/em> que se celebr\u00f3 el 31 de mayo en el Bizkaia Aretoa en Bilbao. El <strong>Klimagune Workshop<\/strong> se plantea como un <strong>foro de encuentro cient\u00edfico innovador que re\u00fane a diversos perfiles relacionados con el cambio clim\u00e1tico<\/strong> incluyendo a cient\u00edficos, gestores a diferentes escalas, empresas privadas, profesionales de la comunicaci\u00f3n, organizaciones no gubernamentales sobre medio-ambiente, sociedad y desarrollo, y ciudadan\u00eda en general.<\/span><\/p>\n<p style=\"text-align: justify;\"><span style=\"font-size: 12pt;\">El foro pretende entablar un di\u00e1logo constructivo que permita apoyar la integraci\u00f3n del conocimiento cient\u00edfico, la gesti\u00f3n y la participaci\u00f3n social en la lucha frente al cambio clim\u00e1tico superando las barreras disciplinarias y construyendo una visi\u00f3n com\u00fan. Es una iniciativa transdisciplinar porque pretende co-generar un nuevo conocimiento respecto al cambio clim\u00e1tico y transmitirlo a m\u00faltiples audiencias creando un empoderamiento de las mismas.<\/span><\/p>\n<p style=\"text-align: justify;\"><span style=\"font-size: 12pt;\">El encuentro potencia por lo tanto el di\u00e1logo entre los sectores\/\u00e1mbitos relacionados con el cambio clim\u00e1tico e impulsa la creaci\u00f3n de sinergias y posibles marcos de colaboraci\u00f3n entre grupos de investigaci\u00f3n, organismos e instituciones, y sociedad civil, necesarios para abordar esta tem\u00e1tica compleja y urgente.<\/span><\/p>\n<p style=\"text-align: justify;\"><span style=\"font-size: 12pt;\">M\u00e1s informaci\u00f3n:<\/span><\/p>\n<p style=\"text-align: justify;\"><span style=\"font-size: 12pt;\"><a href=\"http:\/\/www.bc3research.org\/klimagune\/workshop\/2017\/presentation_4.html\">http:\/\/www.bc3research.org\/klimagune\/workshop\/2017\/presentation_4.html<\/a><\/span><\/p>\n<p>[\/vc_column_text][\/vc_column][\/vc_row]<\/p>\n","protected":false},"excerpt":{"rendered":"<p>[vc_row][vc_column][vc_custom_heading text=\u00bbKLIMAGUNE WORKSHOP 2017&#8243; font_container=\u00bbtag:h3|text_align:left|color:%23198c49&#8243; google_fonts=\u00bbfont_family:Droid%20Sans%3Aregular%2C700|font_style:400%20regular%3A400%3Anormal\u00bb][vc_column_text] La C\u00e1tedra UNESCO particip\u00f3 en el Klimagune Workshop 2017: Cambio clim\u00e1tico y participaci\u00f3n que se celebr\u00f3 el 31 de mayo en el Bizkaia Aretoa en Bilbao. El Klimagune Workshop se plantea como un foro de encuentro cient\u00edfico innovador que re\u00fane a diversos perfiles relacionados con el cambio clim\u00e1tico incluyendo [&hellip;]<\/p>\n","protected":false},"author":1,"featured_media":0,"parent":0,"menu_order":0,"comment_status":"closed","ping_status":"closed","template":"","meta":{"footnotes":""},"class_list":["post-4267","page","type-page","status-publish","hentry"],"_links":{"self":[{"href":"https:\/\/www.ehu.eus\/cdsea\/web\/index.php\/wp-json\/wp\/v2\/pages\/4267"}],"collection":[{"href":"https:\/\/www.ehu.eus\/cdsea\/web\/index.php\/wp-json\/wp\/v2\/pages"}],"about":[{"href":"https:\/\/www.ehu.eus\/cdsea\/web\/index.php\/wp-json\/wp\/v2\/types\/page"}],"author":[{"embeddable":true,"href":"https:\/\/www.ehu.eus\/cdsea\/web\/index.php\/wp-json\/wp\/v2\/users\/1"}],"replies":[{"embeddable":true,"href":"https:\/\/www.ehu.eus\/cdsea\/web\/index.php\/wp-json\/wp\/v2\/comments?post=4267"}],"version-history":[{"count":3,"href":"https:\/\/www.ehu.eus\/cdsea\/web\/index.php\/wp-json\/wp\/v2\/pages\/4267\/revisions"}],"predecessor-version":[{"id":4693,"href":"https:\/\/www.ehu.eus\/cdsea\/web\/index.php\/wp-json\/wp\/v2\/pages\/4267\/revisions\/4693"}],"wp:attachment":[{"href":"https:\/\/www.ehu.eus\/cdsea\/web\/index.php\/wp-json\/wp\/v2\/media?parent=4267"}],"curies":[{"name":"wp","href":"https:\/\/api.w.org\/{rel}","templated":true}]}}