{"id":4645,"date":"2017-10-03T17:03:08","date_gmt":"2017-10-03T17:03:08","guid":{"rendered":"http:\/\/www.ehu.eus\/cdsea\/web\/?page_id=4645"},"modified":"2017-10-03T17:03:08","modified_gmt":"2017-10-03T17:03:08","slug":"miren-onaindia","status":"publish","type":"page","link":"https:\/\/www.ehu.eus\/cdsea\/web\/index.php\/miren-onaindia\/","title":{"rendered":"Miren Onaindia"},"content":{"rendered":"<p>[vc_row][vc_column width=\u00bb1\/4&#8243;][vc_wp_custommenu nav_menu=\u00bb6&#8243;][\/vc_column][vc_column width=\u00bb3\/4&#8243;][vc_custom_heading text=\u00bbMiren Onaindia\u00bb font_container=\u00bbtag:h3|text_align:left|color:%23198c49&#8243; google_fonts=\u00bbfont_family:Droid%20Sans%3Aregular%2C700|font_style:400%20regular%3A400%3Anormal\u00bb][vc_column_text]<img loading=\"lazy\" decoding=\"async\" class=\"alignright wp-image-4646 size-full\" src=\"http:\/\/www.ehu.eus\/cdsea\/web\/wp-content\/uploads\/2017\/10\/MirenOnaindiaCV.png\" alt=\"\" width=\"139\" height=\"160\" \/><\/p>\n<p style=\"text-align: justify;\">Catedr\u00e1tica de Ecolog\u00eda en la Universidad del Pa\u00eds Vasco\/Euskal Herriko Unibertsitatea (UPVV\/EHU). Docente en la titulaci\u00f3n de Biolog\u00eda as\u00ed como en ense\u00f1anzas de Master y Doctorado. Es directora del Master en \u201cMedio Ambiente y Sostenibilidad\u201d de la UPV\/EHU. Ha sido profesora visitante en varias universidades:<\/p>\n<p style=\"text-align: justify;\">Universidad de Oxford (1990 y 1998), Universidad de Veracruz, M\u00e9xico (2003) y Universidad de Santo Domingo, Rep\u00fablica Dominicana (2004), Universidad de Nevada-Reno, USA (2014), Universidad Nacional de La Pampa, Argentina (2016), Universidad Regional Amaz\u00f3nica Ecuador (2017).<\/p>\n<p style=\"text-align: justify;\">La tem\u00e1tica de investigaci\u00f3n se centra en el estudio de la biodiversidad, paisaje y evaluaci\u00f3n de ecosistemas, con aplicaci\u00f3n a la ordenaci\u00f3n sostenible del territorio. Ha dirigido 14 Tesis doctorales y 30 Trabajos Fin de Master. Ha publicado un total de 70 art\u00edculos en revistas cient\u00edficas, libros y cap\u00edtulos de libro, y 20 publicaciones de car\u00e1cter docente. Es miembro del Consejo Cient\u00edfico del Comit\u00e9 Espa\u00f1ol del programa MaB-UNESCO de Reservas de Biosfera (Ministerio de Medio Ambiente Rural y Marino) desde 2008, del que fue presidenta entre 2008 y 2012. Representante de la universidad en el Patronato del Parque Natural de Arma\u00f1\u00f3n\/Bizkaia desde 2009 a 2017. Ha ocupado los cargos de Vicedecana de la Facultad de Ciencias (1997-2000), y Directora de Relaciones Internacionales de la UPV\/EHU (2000 -2001).<\/p>\n<p>[\/vc_column_text][\/vc_column][\/vc_row]<\/p>\n","protected":false},"excerpt":{"rendered":"<p>[vc_row][vc_column width=\u00bb1\/4&#8243;][vc_wp_custommenu nav_menu=\u00bb6&#8243;][\/vc_column][vc_column width=\u00bb3\/4&#8243;][vc_custom_heading text=\u00bbMiren Onaindia\u00bb font_container=\u00bbtag:h3|text_align:left|color:%23198c49&#8243; google_fonts=\u00bbfont_family:Droid%20Sans%3Aregular%2C700|font_style:400%20regular%3A400%3Anormal\u00bb][vc_column_text] Catedr\u00e1tica de Ecolog\u00eda en la Universidad del Pa\u00eds Vasco\/Euskal Herriko Unibertsitatea (UPVV\/EHU). Docente en la titulaci\u00f3n de Biolog\u00eda as\u00ed como en ense\u00f1anzas de Master y Doctorado. Es directora del Master en \u201cMedio Ambiente y Sostenibilidad\u201d de la UPV\/EHU. Ha sido profesora visitante en varias universidades: Universidad de [&hellip;]<\/p>\n","protected":false},"author":1,"featured_media":0,"parent":0,"menu_order":0,"comment_status":"closed","ping_status":"closed","template":"","meta":{"footnotes":""},"class_list":["post-4645","page","type-page","status-publish","hentry"],"_links":{"self":[{"href":"https:\/\/www.ehu.eus\/cdsea\/web\/index.php\/wp-json\/wp\/v2\/pages\/4645"}],"collection":[{"href":"https:\/\/www.ehu.eus\/cdsea\/web\/index.php\/wp-json\/wp\/v2\/pages"}],"about":[{"href":"https:\/\/www.ehu.eus\/cdsea\/web\/index.php\/wp-json\/wp\/v2\/types\/page"}],"author":[{"embeddable":true,"href":"https:\/\/www.ehu.eus\/cdsea\/web\/index.php\/wp-json\/wp\/v2\/users\/1"}],"replies":[{"embeddable":true,"href":"https:\/\/www.ehu.eus\/cdsea\/web\/index.php\/wp-json\/wp\/v2\/comments?post=4645"}],"version-history":[{"count":1,"href":"https:\/\/www.ehu.eus\/cdsea\/web\/index.php\/wp-json\/wp\/v2\/pages\/4645\/revisions"}],"predecessor-version":[{"id":4647,"href":"https:\/\/www.ehu.eus\/cdsea\/web\/index.php\/wp-json\/wp\/v2\/pages\/4645\/revisions\/4647"}],"wp:attachment":[{"href":"https:\/\/www.ehu.eus\/cdsea\/web\/index.php\/wp-json\/wp\/v2\/media?parent=4645"}],"curies":[{"name":"wp","href":"https:\/\/api.w.org\/{rel}","templated":true}]}}