{"id":48,"date":"2016-11-15T14:32:06","date_gmt":"2016-11-15T14:32:06","guid":{"rendered":"http:\/\/www.ehu.eus\/cdsea\/cdseawp\/?page_id=48"},"modified":"2024-10-28T14:29:52","modified_gmt":"2024-10-28T13:29:52","slug":"servicios-ecosistema-euskadi","status":"publish","type":"page","link":"https:\/\/www.ehu.eus\/cdsea\/web\/index.php\/investigacion\/servicios-ecosistema-euskadi\/","title":{"rendered":"Servicios Ecosistema Euskadi"},"content":{"rendered":"<nav class=\"is-responsive wp-block-navigation is-layout-flex wp-block-navigation-is-layout-flex\" aria-label=\"Servicios Ecosistemas Euskadi\" \n\t\t data-wp-interactive=\"core\/navigation\" data-wp-context='{\"overlayOpenedBy\":{\"click\":false,\"hover\":false,\"focus\":false},\"type\":\"overlay\",\"roleAttribute\":\"\",\"ariaLabel\":\"Men\\u00fa\"}'><button aria-haspopup=\"dialog\" aria-label=\"Abrir el men\u00fa\" class=\"wp-block-navigation__responsive-container-open \" \n\t\t\t\tdata-wp-on-async--click=\"actions.openMenuOnClick\"\n\t\t\t\tdata-wp-on--keydown=\"actions.handleMenuKeydown\"\n\t\t\t><svg width=\"24\" height=\"24\" xmlns=\"http:\/\/www.w3.org\/2000\/svg\" viewBox=\"0 0 24 24\" aria-hidden=\"true\" focusable=\"false\"><rect x=\"4\" y=\"7.5\" width=\"16\" height=\"1.5\" \/><rect x=\"4\" y=\"15\" width=\"16\" height=\"1.5\" \/><\/svg><\/button>\n\t\t\t\t<div class=\"wp-block-navigation__responsive-container  \"  id=\"modal-1\" \n\t\t\t\tdata-wp-class--has-modal-open=\"state.isMenuOpen\"\n\t\t\t\tdata-wp-class--is-menu-open=\"state.isMenuOpen\"\n\t\t\t\tdata-wp-watch=\"callbacks.initMenu\"\n\t\t\t\tdata-wp-on--keydown=\"actions.handleMenuKeydown\"\n\t\t\t\tdata-wp-on-async--focusout=\"actions.handleMenuFocusout\"\n\t\t\t\ttabindex=\"-1\"\n\t\t\t>\n\t\t\t\t\t<div class=\"wp-block-navigation__responsive-close\" tabindex=\"-1\">\n\t\t\t\t\t\t<div class=\"wp-block-navigation__responsive-dialog\" \n\t\t\t\tdata-wp-bind--aria-modal=\"state.ariaModal\"\n\t\t\t\tdata-wp-bind--aria-label=\"state.ariaLabel\"\n\t\t\t\tdata-wp-bind--role=\"state.roleAttribute\"\n\t\t\t>\n\t\t\t\t\t\t\t<button aria-label=\"Cerrar el men\u00fa\" class=\"wp-block-navigation__responsive-container-close\" \n\t\t\t\tdata-wp-on-async--click=\"actions.closeMenuOnClick\"\n\t\t\t><svg xmlns=\"http:\/\/www.w3.org\/2000\/svg\" viewBox=\"0 0 24 24\" width=\"24\" height=\"24\" aria-hidden=\"true\" focusable=\"false\"><path d=\"M13 11.8l6.1-6.3-1-1-6.1 6.2-6.1-6.2-1 1 6.1 6.3-6.5 6.7 1 1 6.5-6.6 6.5 6.6 1-1z\"><\/path><\/svg><\/button>\n\t\t\t\t\t\t\t<div class=\"wp-block-navigation__responsive-container-content\" \n\t\t\t\tdata-wp-watch=\"callbacks.focusFirstElement\"\n\t\t\t id=\"modal-1-content\">\n\t\t\t\t\t\t\t\t<ul class=\"wp-block-navigation__container is-responsive wp-block-navigation\"><li data-wp-context=\"{ &quot;submenuOpenedBy&quot;: { &quot;click&quot;: false, &quot;hover&quot;: false, &quot;focus&quot;: false }, &quot;type&quot;: &quot;submenu&quot; }\" data-wp-interactive=\"core\/navigation\" data-wp-on--focusout=\"actions.handleMenuFocusout\" data-wp-on--keydown=\"actions.handleMenuKeydown\" data-wp-on-async--mouseenter=\"actions.openMenuOnHover\" data-wp-on-async--mouseleave=\"actions.closeMenuOnHover\" data-wp-watch=\"callbacks.initMenu\" tabindex=\"-1\" class=\" wp-block-navigation-item has-child open-on-hover-click wp-block-navigation-submenu\"><a class=\"wp-block-navigation-item__content\" href=\"https:\/\/www.ehu.eus\/cdsea\/web\/index.php\/investigacion\/servicios-ecosistema-euskadi\/\">Servicios Ecosistema Euskadi<\/a><button data-wp-bind--aria-expanded=\"state.isMenuOpen\" data-wp-on-async--click=\"actions.toggleMenuOnClick\" aria-label=\"Submen\u00fa de Servicios Ecosistema Euskadi\" class=\"wp-block-navigation__submenu-icon wp-block-navigation-submenu__toggle\" ><svg xmlns=\"http:\/\/www.w3.org\/2000\/svg\" width=\"12\" height=\"12\" viewBox=\"0 0 12 12\" fill=\"none\" aria-hidden=\"true\" focusable=\"false\"><path d=\"M1.50002 4L6.00002 8L10.5 4\" stroke-width=\"1.5\"><\/path><\/svg><\/button><ul data-wp-on-async--focus=\"actions.openMenuOnFocus\" class=\"wp-block-navigation__submenu-container wp-block-navigation-submenu\"><li class=\" wp-block-navigation-item wp-block-navigation-link\"><a class=\"wp-block-navigation-item__content\"  href=\"https:\/\/www.ehu.eus\/cdsea\/web\/index.php\/servicios-de-los-ecosistemas-webmap\/\"><span class=\"wp-block-navigation-item__label\">Story Map<\/span><\/a><\/li><li class=\" wp-block-navigation-item wp-block-navigation-link\"><a class=\"wp-block-navigation-item__content\"  href=\"https:\/\/www.ehu.eus\/cdsea\/web\/index.php\/investigacion\/servicios-ecosistema-euskadi\/emm\/\"><span class=\"wp-block-navigation-item__label\">Evaluaci\u00f3n Milenio<\/span><\/a><\/li><li class=\" wp-block-navigation-item wp-block-navigation-link\"><a class=\"wp-block-navigation-item__content\"  href=\"https:\/\/www.ehu.eus\/cdsea\/web\/index.php\/investigacion\/servicios-ecosistema-euskadi\/contexto\/\"><span class=\"wp-block-navigation-item__label\">Contexto<\/span><\/a><\/li><li class=\" wp-block-navigation-item wp-block-navigation-link\"><a class=\"wp-block-navigation-item__content\"  href=\"https:\/\/www.ehu.eus\/cdsea\/web\/index.php\/investigacion\/servicios-ecosistema-euskadi\/marco-conceptual\/\"><span class=\"wp-block-navigation-item__label\">Marco conceptual<\/span><\/a><\/li><li class=\" wp-block-navigation-item wp-block-navigation-link\"><a class=\"wp-block-navigation-item__content\"  href=\"https:\/\/www.ehu.eus\/cdsea\/web\/index.php\/investigacion\/servicios-ecosistema-euskadi\/objetivos\/\"><span class=\"wp-block-navigation-item__label\">Objetivos y Resultados<\/span><\/a><\/li><li class=\" wp-block-navigation-item wp-block-navigation-link\"><a class=\"wp-block-navigation-item__content\"  href=\"https:\/\/www.ehu.eus\/cdsea\/web\/index.php\/investigacion\/servicios-ecosistema-euskadi\/difusion\/\"><span class=\"wp-block-navigation-item__label\">Difusi\u00f3n<\/span><\/a><\/li><li class=\" wp-block-navigation-item wp-block-navigation-link\"><a class=\"wp-block-navigation-item__content\"  href=\"https:\/\/www.ehu.eus\/cdsea\/web\/index.php\/investigacion\/servicios-ecosistema-euskadi\/webs-relacionadas\/\"><span class=\"wp-block-navigation-item__label\">Webs relacionadas<\/span><\/a><\/li><li class=\" wp-block-navigation-item wp-block-navigation-link\"><a class=\"wp-block-navigation-item__content\"  href=\"https:\/\/www.ehu.eus\/cdsea\/web\/index.php\/investigacion\/servicios-ecosistema-euskadi\/contacto\/\"><span class=\"wp-block-navigation-item__label\">Contacto<\/span><\/a><\/li><\/ul><\/li><\/ul>\n\t\t\t\t\t\t\t<\/div>\n\t\t\t\t\t\t<\/div>\n\t\t\t\t\t<\/div>\n\t\t\t\t<\/div><\/nav>\n\n\n<div class=\"wp-block-media-text is-stacked-on-mobile\"><figure class=\"wp-block-media-text__media\"><img loading=\"lazy\" decoding=\"async\" width=\"1024\" height=\"548\" src=\"http:\/\/www.ehu.eus\/cdsea\/web\/wp-content\/uploads\/2016\/11\/Logo_SEE-1024x548.jpg\" alt=\"\" class=\"wp-image-248 size-full\" srcset=\"https:\/\/www.ehu.eus\/cdsea\/web\/wp-content\/uploads\/2016\/11\/Logo_SEE-1024x548.jpg 1024w, https:\/\/www.ehu.eus\/cdsea\/web\/wp-content\/uploads\/2016\/11\/Logo_SEE-300x161.jpg 300w, https:\/\/www.ehu.eus\/cdsea\/web\/wp-content\/uploads\/2016\/11\/Logo_SEE-768x411.jpg 768w, https:\/\/www.ehu.eus\/cdsea\/web\/wp-content\/uploads\/2016\/11\/Logo_SEE-600x321.jpg 600w, https:\/\/www.ehu.eus\/cdsea\/web\/wp-content\/uploads\/2016\/11\/Logo_SEE.jpg 2048w\" sizes=\"(max-width: 1024px) 100vw, 1024px\" \/><\/figure><div class=\"wp-block-media-text__content\">\n<p><span style=\"font-size: 12pt;\">La C\u00e1tedra UNESCO sobre Desarrollo Sostenible y Educaci\u00f3n Ambiental de la Universidad del Pa\u00eds Vasco (UPV\/EHU), con el apoyo del Gobierno Vasco y la Diputaci\u00f3n Foral de Bizkaia est\u00e1 llevando a cabo el proyecto de investigaci\u00f3n <strong><em>de evaluaci\u00f3n de los \u00abServicios de los Ecosistemas de Euskadi\u201d.\u00a0<\/em><\/strong><\/span><\/p>\n<\/div><\/div>\n\n\n\n<p><span style=\"font-size: 12pt;\">La finalidad de este proyecto es desarrollar en Euskadi el marco conceptual y metodol\u00f3gico del Programa Cient\u00edfico Internacional de Naciones Unidas, <a href=\"http:\/\/www.millenniumassessment.org\/es\/\" target=\"_blank\" rel=\"noopener\"><em><strong>Evaluaci\u00f3n de los Ecosistemas del Milenio<\/strong>.<\/em><\/a> Este programa tiene como objetivo generar conocimiento cient\u00edfico aplicable en el \u00e1mbito p\u00fablico y privado, sobre las consecuencias de las alteraciones que se est\u00e1n generando en los ecosistemas y sus servicios (en su mayor parte debidas al impacto de las pol\u00edticas territoriales), as\u00ed como presentar posibles opciones de respuesta.&nbsp;<\/span><\/p>\n\n\n\n<p><span style=\"font-size: 12pt;\">El proyecto pretende ser un instrumento para la identificaci\u00f3n de acciones prioritarias que sirvan para evitar o minimizar los impactos humanos sobre los ecosistemas y sus servicios y, por otro lado, poner de relieve las pol\u00edticas y acciones que repercuten positivamente en la conservaci\u00f3n y uso sostenible del capital natural de Euskadi. Adem\u00e1s, persigue suministrar herramientas de planificaci\u00f3n y gesti\u00f3n, as\u00ed como ofrecer perspectivas de futuro (escenarios) sobre las consecuencias de las decisiones que afectan al flujo de servicios de los ecosistemas.<\/span><\/p>\n\n\n\n<p><span style=\"font-size: 12pt;\">Adem\u00e1s de la capacitaci\u00f3n pol\u00edtica e institucional, se pretende poner en valor entre la ciudadan\u00eda el valor intr\u00ednseco de nuestro capital natural a trav\u00e9s de la &nbsp;difusi\u00f3n de los resultados obtenidos en el proyecto.&nbsp;Esta difusi\u00f3n se lleva a cabo tanto a escala local, como nacional e internacional. Para ello, el proyecto se encuentra presente en diferentes redes internacionales relacionadas con la evaluaci\u00f3n de servicios, como son <a href=\"http:\/\/www.ecosystemassessments.net\/\" target=\"_blank\" rel=\"noopener\"><strong>la Sub-Global Assessment Network (SGA)<\/strong>(<\/a>miembros), <a href=\"http:\/\/es-partnership.org\/\" target=\"_blank\" rel=\"noopener\"><strong>The Ecosystem Service Partnership<\/strong> <\/a><a href=\"http:\/\/es-partnership.org\/\" target=\"_blank\" rel=\"noopener\"><strong>(ESP)<\/strong><\/a> (miembros) e <a href=\"http:\/\/www.ipbes.net\/\" target=\"_blank\" rel=\"noopener\"><strong>Intergovernmental Platform on Biodiversity &amp; Ecosystem Services (IPBES)<\/strong><\/a> (actuando como observadores en las reuniones).<\/span><\/p>\n\n\n\n<p><span style=\"font-size: 12pt;\"><strong>Entidades participantes en el proyecto:<\/strong><\/span><\/p>\n\n\n\n<figure class=\"wp-block-table\"><table class=\"has-fixed-layout\"><tbody><tr><td><img loading=\"lazy\" decoding=\"async\" class=\"aligncenter wp-image-242\" src=\"http:\/\/www.ehu.eus\/cdsea\/web\/wp-content\/uploads\/2016\/11\/Logo_Unesco-1-300x86.png\" alt=\"\" width=\"200\" height=\"58\" srcset=\"https:\/\/www.ehu.eus\/cdsea\/web\/wp-content\/uploads\/2016\/11\/Logo_Unesco-1-300x86.png 300w, https:\/\/www.ehu.eus\/cdsea\/web\/wp-content\/uploads\/2016\/11\/Logo_Unesco-1.png 514w\" sizes=\"(max-width: 200px) 100vw, 200px\" \/><\/td><td><img loading=\"lazy\" decoding=\"async\" class=\"wp-image-418 aligncenter\" src=\"http:\/\/www.ehu.eus\/cdsea\/web\/wp-content\/uploads\/2016\/11\/DFB-300x152.jpg\" width=\"110\" height=\"56\"><\/td><td><img loading=\"lazy\" decoding=\"async\" class=\"aligncenter wp-image-420\" src=\"http:\/\/www.ehu.eus\/cdsea\/web\/wp-content\/uploads\/2016\/11\/GV-300x147.jpg\" width=\"140\" height=\"69\"><\/td><td><img loading=\"lazy\" decoding=\"async\" class=\"wp-image-430 aligncenter\" src=\"http:\/\/www.ehu.eus\/cdsea\/web\/wp-content\/uploads\/2016\/11\/unescoetxea-300x154.jpg\" width=\"120\" height=\"62\"><\/td><\/tr><\/tbody><\/table><\/figure>\n","protected":false},"excerpt":{"rendered":"<p>La C\u00e1tedra UNESCO sobre Desarrollo Sostenible y Educaci\u00f3n Ambiental de la Universidad del Pa\u00eds Vasco (UPV\/EHU), con el apoyo del Gobierno Vasco y la Diputaci\u00f3n Foral de Bizkaia est\u00e1 llevando a cabo el proyecto de investigaci\u00f3n de evaluaci\u00f3n de los \u00abServicios de los Ecosistemas de Euskadi\u201d.\u00a0 La finalidad de este proyecto es desarrollar en Euskadi [&hellip;]<\/p>\n","protected":false},"author":1,"featured_media":0,"parent":9,"menu_order":1,"comment_status":"closed","ping_status":"closed","template":"","meta":{"footnotes":""},"class_list":["post-48","page","type-page","status-publish","hentry"],"_links":{"self":[{"href":"https:\/\/www.ehu.eus\/cdsea\/web\/index.php\/wp-json\/wp\/v2\/pages\/48"}],"collection":[{"href":"https:\/\/www.ehu.eus\/cdsea\/web\/index.php\/wp-json\/wp\/v2\/pages"}],"about":[{"href":"https:\/\/www.ehu.eus\/cdsea\/web\/index.php\/wp-json\/wp\/v2\/types\/page"}],"author":[{"embeddable":true,"href":"https:\/\/www.ehu.eus\/cdsea\/web\/index.php\/wp-json\/wp\/v2\/users\/1"}],"replies":[{"embeddable":true,"href":"https:\/\/www.ehu.eus\/cdsea\/web\/index.php\/wp-json\/wp\/v2\/comments?post=48"}],"version-history":[{"count":10,"href":"https:\/\/www.ehu.eus\/cdsea\/web\/index.php\/wp-json\/wp\/v2\/pages\/48\/revisions"}],"predecessor-version":[{"id":18533,"href":"https:\/\/www.ehu.eus\/cdsea\/web\/index.php\/wp-json\/wp\/v2\/pages\/48\/revisions\/18533"}],"up":[{"embeddable":true,"href":"https:\/\/www.ehu.eus\/cdsea\/web\/index.php\/wp-json\/wp\/v2\/pages\/9"}],"wp:attachment":[{"href":"https:\/\/www.ehu.eus\/cdsea\/web\/index.php\/wp-json\/wp\/v2\/media?parent=48"}],"curies":[{"name":"wp","href":"https:\/\/api.w.org\/{rel}","templated":true}]}}