{"id":5,"date":"2016-11-15T11:45:03","date_gmt":"2016-11-15T11:45:03","guid":{"rendered":"http:\/\/www.ehu.eus\/cdsea\/cdseawp\/?page_id=5"},"modified":"2026-03-05T13:19:21","modified_gmt":"2026-03-05T12:19:21","slug":"inicio","status":"publish","type":"page","link":"https:\/\/www.ehu.eus\/cdsea\/web\/","title":{"rendered":"C\u00e1tedra UNESCO sobre Desarrollo Sostenible y Educaci\u00f3n Ambiental"},"content":{"rendered":"\n<div class=\"wp-block-columns alignwide is-layout-flex wp-container-core-columns-is-layout-1 wp-block-columns-is-layout-flex\">\n<div class=\"wp-block-column is-vertically-aligned-top is-layout-flow wp-block-column-is-layout-flow\" style=\"border-style:none;border-width:0px;padding-top:0;padding-right:0;padding-bottom:0;padding-left:0;flex-basis:40%\">\n<h2 class=\"wp-block-heading\">Actualidad<\/h2>\n\n\n\n<figure class=\"wp-block-image aligncenter size-full\"><img loading=\"lazy\" decoding=\"async\" width=\"2560\" height=\"1440\" src=\"http:\/\/www.ehu.eus\/cdsea\/web\/wp-content\/uploads\/2025\/06\/cartel-preinscripcion-CASTELLANO-2--scaled.jpg\" alt=\"\" class=\"wp-image-18864\" srcset=\"https:\/\/www.ehu.eus\/cdsea\/web\/wp-content\/uploads\/2025\/06\/cartel-preinscripcion-CASTELLANO-2--scaled.jpg 2560w, https:\/\/www.ehu.eus\/cdsea\/web\/wp-content\/uploads\/2025\/06\/cartel-preinscripcion-CASTELLANO-2--300x169.jpg 300w, https:\/\/www.ehu.eus\/cdsea\/web\/wp-content\/uploads\/2025\/06\/cartel-preinscripcion-CASTELLANO-2--1024x576.jpg 1024w, https:\/\/www.ehu.eus\/cdsea\/web\/wp-content\/uploads\/2025\/06\/cartel-preinscripcion-CASTELLANO-2--768x432.jpg 768w, https:\/\/www.ehu.eus\/cdsea\/web\/wp-content\/uploads\/2025\/06\/cartel-preinscripcion-CASTELLANO-2--1536x864.jpg 1536w, https:\/\/www.ehu.eus\/cdsea\/web\/wp-content\/uploads\/2025\/06\/cartel-preinscripcion-CASTELLANO-2--2048x1152.jpg 2048w\" sizes=\"(max-width: 2560px) 100vw, 2560px\" \/><\/figure>\n\n\n\n<p><\/p>\n\n\n\n<p><\/p>\n\n\n\n<p><a href=\"http:\/\/www.ehu.eus\/cdsea\/web\/wp-content\/uploads\/2025\/06\/Programa-V-Asamblea-RCE-bidart.pdf\"><mark style=\"background-color:#a3a3a3\" class=\"has-inline-color\"><strong>27 de junio de 2025<\/strong>.  V Asamblea General semestral del Regional Centre of Expertise (RCE)<\/mark><\/a><\/p>\n\n\n\n<p><strong>0<a href=\"http:\/\/www.ehu.eus\/cdsea\/web\/wp-content\/uploads\/2025\/05\/El-test-del-juego-del-proyecto-Erasmus.pdf\">5\/5\/2025 El test del juego del proyecto Erasmus+ CC Believe ya est\u00e1 en marcha<\/a><\/strong><\/p>\n\n\n\n<p><strong><a href=\"https:\/\/www.ehu.eus\/cdsea\/web\/index.php\/congreso-5th-esp-europe-conference\/\">25\/11\/2024. Congreso 5th ESP Europe Conference \u201cEcosystem Services: One Planet, One Health\u201d. Wageningen (Holanda).<\/a><\/strong><\/p>\n\n\n\n<p><strong><a href=\"https:\/\/www.ehu.eus\/cdsea\/web\/index.php\/euskal-iria-congresua-2024\/\">12\/11\/2024. Euskal Iria Congresua 2024.<\/a><\/strong><\/p>\n\n\n\n<p><strong><a href=\"https:\/\/www.ehu.eus\/cdsea\/web\/index.php\/congreso-urban-transitions-2024\/\">5\/11: Congreso Urban Transitions 2024.<\/a><\/strong><\/p>\n\n\n\n<p><strong><a href=\"https:\/\/www.ehu.eus\/cdsea\/web\/index.php\/congreso-uhinak-vi-congreso-transfronterizo-sobre-cambio-climatico-y-litoral\/\">23\/10: Congreso UHINAK, VI Congreso transfronterizo sobre Cambio Clim\u00e1tico y Litoral<\/a><\/strong><\/p>\n\n\n\n<p><strong><a href=\"https:\/\/www.ehu.eus\/cdsea\/web\/index.php\/mejoras-dunas-gorliz\/\" data-type=\"page\" data-id=\"18488\">14\/10: Mejoras ecol\u00f3gicas en la Duna de Astondo.<\/a><\/strong><\/p>\n\n\n\n<p><strong><a href=\"https:\/\/www.ehu.eus\/cdsea\/web\/index.php\/proyecto-cc-believe\/\">04\/10: 2\u00ba Encuentro proyecto CC Believe<\/a><\/strong><\/p>\n\n\n\n<p><strong><a href=\"https:\/\/www.ehu.eus\/cdsea\/web\/index.php\/unicities-2023\/\">16\/09: UnicitiES 2023<\/a><\/strong><\/p>\n\n\n\n<p><a href=\"https:\/\/www.ehu.eus\/cdsea\/web\/index.php\/noche-europea-de-los-las-investigadores\/\" data-type=\"link\" data-id=\"https:\/\/www.ehu.eus\/cdsea\/web\/index.php\/noche-europea-de-los-las-investigadores\/\"><strong>09\/09: Noche Europea de los Investigadores.<\/strong><\/a> <\/p>\n\n\n\n<p><strong><a href=\"https:\/\/www.ehu.eus\/cdsea\/web\/index.php\/14th-european-conference-on-ecological-restoration\/\">26\/8: 14th European Conference on Ecological Restoration<\/a><\/strong><\/p>\n\n\n\n<p><strong>25\/07 :<\/strong> <strong><a href=\"https:\/\/www.ehu.eus\/cdsea\/web\/index.php\/erasmus-cc-believe-2\/\" data-type=\"link\" data-id=\"https:\/\/www.ehu.eus\/cdsea\/web\/index.php\/erasmus-cc-believe-2\/\">Encuentro de trabajo del proyecto ERASMUS+ CC Believe.<\/a><\/strong><\/p>\n\n\n\n<p><strong><a href=\"https:\/\/www.ehu.eus\/cdsea\/web\/wp-content\/uploads\/2017\/03\/Captura-de-carbono-Ibone.pdf\">19\/06: Reservas de la Biosfera 2024. Captura de Carbono Mercados y Emisiones<\/a><\/strong><\/p>\n\n\n\n<p><strong><a href=\"https:\/\/www.ehu.eus\/cdsea\/web\/index.php\/integrando-los-ods-en-ciencia-y-tecnologia-facultad-de-ciencia-y-tecnologia-upv-ehu\/\">17\/06: Integrando los ODS en Ciencia y Tecnolog\u00eda. Facultad de Ciencia y Tecnolog\u00eda. UPV\/EHU.<\/a><\/strong><\/p>\n\n\n\n<p><strong><a href=\"https:\/\/www.uik.eus\/es\/curso\/paisajes-margen-criterios-paisajisticos-proteccion-gestion-ordenacion-espacios-perifericos\">17\/06: VII. edici\u00f3n del anual Curso de Verano sobre Paisaje. Paisajes de margen. Criterios paisaj\u00edsticos de protecci\u00f3n, gesti\u00f3n y ordenaci\u00f3n de los espacios perif\u00e9ricos. UIK<\/a><\/strong><\/p>\n\n\n\n<p><strong><a href=\"https:\/\/www.pwc.com\/us\/en\/services\/esg\/library\/climate-week.html?WT.mc_id=GMO-CLM-NA-FY25-NZT-NYCW2024-T9-CI-ADV-WBP-GMOS00046-EN-PSEGL-T1&amp;gclid=CjwKCAjwxY-3BhAuEiwAu7Y6szu-bXNF3rSSZu7WhIM7r_6Es0fYtD0CyOS7DhHz-tqLqf-JpjfGXhoCFAwQAvD_BwE&amp;gclsrc=aw.ds\">07\/06: International Conference SOCIOECOS 2024. Climate Change, Sustainability and Socio-ecological Practices.<\/a><\/strong><\/p>\n\n\n\n<p><\/p>\n\n\n\n<p><\/p>\n<\/div>\n\n\n\n<div class=\"wp-block-column is-vertically-aligned-center is-layout-flow wp-block-column-is-layout-flow\" style=\"border-style:none;border-width:0px;flex-basis:30%\">\n<h2 class=\"wp-block-heading\">Publicaciones<\/h2>\n\n\n\n<figure class=\"wp-block-image aligncenter size-full is-resized\"><a href=\"https:\/\/www.ehu.eus\/cdsea\/web\/index.php\/guia-metodologica-servicios-ecosistemas-euskadi\/\"><img loading=\"lazy\" decoding=\"async\" width=\"613\" height=\"871\" src=\"https:\/\/www.ehu.eus\/cdsea\/web\/wp-content\/uploads\/2017\/03\/guia-metodologica-se-euskadi-23.png\" alt=\"\" class=\"wp-image-17488\" style=\"width:239px;height:auto\" srcset=\"https:\/\/www.ehu.eus\/cdsea\/web\/wp-content\/uploads\/2017\/03\/guia-metodologica-se-euskadi-23.png 613w, https:\/\/www.ehu.eus\/cdsea\/web\/wp-content\/uploads\/2017\/03\/guia-metodologica-se-euskadi-23-211x300.png 211w, https:\/\/www.ehu.eus\/cdsea\/web\/wp-content\/uploads\/2017\/03\/guia-metodologica-se-euskadi-23-600x853.png 600w\" sizes=\"(max-width: 613px) 100vw, 613px\" \/><\/a><\/figure>\n\n\n\n<figure class=\"wp-block-image aligncenter size-full is-resized\"><a href=\"https:\/\/www.ehu.eus\/cdsea\/web\/wp-content\/uploads\/2016\/12\/Libro_Bizkaia_Castellano.pdf\"><img loading=\"lazy\" decoding=\"async\" width=\"720\" height=\"960\" src=\"http:\/\/www.ehu.eus\/cdsea\/web\/wp-content\/uploads\/2016\/11\/Libro_Bizkaia-1.jpg\" alt=\"\" class=\"wp-image-1521\" style=\"width:239px;height:auto\" srcset=\"https:\/\/www.ehu.eus\/cdsea\/web\/wp-content\/uploads\/2016\/11\/Libro_Bizkaia-1.jpg 720w, https:\/\/www.ehu.eus\/cdsea\/web\/wp-content\/uploads\/2016\/11\/Libro_Bizkaia-1-225x300.jpg 225w, https:\/\/www.ehu.eus\/cdsea\/web\/wp-content\/uploads\/2016\/11\/Libro_Bizkaia-1-600x800.jpg 600w\" sizes=\"(max-width: 720px) 100vw, 720px\" \/><\/a><\/figure>\n\n\n\n<figure class=\"wp-block-image aligncenter size-medium is-resized\"><a href=\"https:\/\/www.ehu.eus\/cdsea\/web\/index.php\/publicaciones\/revista-forum-de-sostenibilidad\/\"><img loading=\"lazy\" decoding=\"async\" width=\"210\" height=\"300\" src=\"https:\/\/www.ehu.eus\/cdsea\/web\/wp-content\/uploads\/2017\/03\/portada-foruma-10-210x300.png\" alt=\"\" class=\"wp-image-16823\" style=\"width:226px;height:auto\" srcset=\"https:\/\/www.ehu.eus\/cdsea\/web\/wp-content\/uploads\/2017\/03\/portada-foruma-10-210x300.png 210w, https:\/\/www.ehu.eus\/cdsea\/web\/wp-content\/uploads\/2017\/03\/portada-foruma-10.png 551w\" sizes=\"(max-width: 210px) 100vw, 210px\" \/><\/a><\/figure>\n\n\n\n<figure class=\"wp-block-image aligncenter size-full is-resized\"><a href=\"http:\/\/www.ehu.eus\/cdsea\/web\/wp-content\/uploads\/2026\/03\/Guia_Municipal_2023.pdf\"><img loading=\"lazy\" decoding=\"async\" width=\"593\" height=\"849\" src=\"https:\/\/www.ehu.eus\/cdsea\/web\/wp-content\/uploads\/2026\/03\/Guia-municipal-2023-1-1.jpg\" alt=\"\" class=\"wp-image-19131\" style=\"width:224px;height:auto\" srcset=\"https:\/\/www.ehu.eus\/cdsea\/web\/wp-content\/uploads\/2026\/03\/Guia-municipal-2023-1-1.jpg 593w, https:\/\/www.ehu.eus\/cdsea\/web\/wp-content\/uploads\/2026\/03\/Guia-municipal-2023-1-1-210x300.jpg 210w\" sizes=\"(max-width: 593px) 100vw, 593px\" \/><\/a><\/figure>\n<\/div>\n\n\n\n<div class=\"wp-block-column is-vertically-aligned-top is-layout-flow wp-block-column-is-layout-flow\" style=\"flex-basis:30%\">\n<h2 class=\"wp-block-heading\">Proyectos<\/h2>\n\n\n\n<figure class=\"wp-block-image size-large\"><a href=\"https:\/\/www.ehu.eus\/cdsea\/web\/index.php\/investigacion\/servicios-ecosistema-euskadi\/\"><img loading=\"lazy\" decoding=\"async\" width=\"1024\" height=\"548\" src=\"http:\/\/www.ehu.eus\/cdsea\/web\/wp-content\/uploads\/2016\/11\/Logo_SEE-1024x548.jpg\" alt=\"\" class=\"wp-image-248\" srcset=\"https:\/\/www.ehu.eus\/cdsea\/web\/wp-content\/uploads\/2016\/11\/Logo_SEE-1024x548.jpg 1024w, https:\/\/www.ehu.eus\/cdsea\/web\/wp-content\/uploads\/2016\/11\/Logo_SEE-300x161.jpg 300w, https:\/\/www.ehu.eus\/cdsea\/web\/wp-content\/uploads\/2016\/11\/Logo_SEE-768x411.jpg 768w, https:\/\/www.ehu.eus\/cdsea\/web\/wp-content\/uploads\/2016\/11\/Logo_SEE-600x321.jpg 600w, https:\/\/www.ehu.eus\/cdsea\/web\/wp-content\/uploads\/2016\/11\/Logo_SEE.jpg 2048w\" sizes=\"(max-width: 1024px) 100vw, 1024px\" \/><\/a><\/figure>\n\n\n\n<figure class=\"wp-block-image aligncenter size-medium\"><a href=\"https:\/\/www.ehu.eus\/cdsea\/web\/index.php\/erasmus-cc-believe\/\"><img loading=\"lazy\" decoding=\"async\" width=\"300\" height=\"96\" src=\"https:\/\/www.ehu.eus\/cdsea\/web\/wp-content\/uploads\/2017\/03\/logo-europa-color-300x96.png\" alt=\"\" class=\"wp-image-17939\" srcset=\"https:\/\/www.ehu.eus\/cdsea\/web\/wp-content\/uploads\/2017\/03\/logo-europa-color-300x96.png 300w, https:\/\/www.ehu.eus\/cdsea\/web\/wp-content\/uploads\/2017\/03\/logo-europa-color-768x245.png 768w, https:\/\/www.ehu.eus\/cdsea\/web\/wp-content\/uploads\/2017\/03\/logo-europa-color-600x192.png 600w, https:\/\/www.ehu.eus\/cdsea\/web\/wp-content\/uploads\/2017\/03\/logo-europa-color.png 839w\" sizes=\"(max-width: 300px) 100vw, 300px\" \/><\/a><\/figure>\n\n\n\n<figure class=\"wp-block-gallery has-nested-images columns-default is-cropped wp-block-gallery-1 is-layout-flex wp-block-gallery-is-layout-flex\">\n<figure class=\"wp-block-image size-large\"><a href=\"http:\/\/www.ehu.eus\/cdsea\/web\/wp-content\/uploads\/2025\/11\/TITULO-DEL-PROYECTO-gure-weberako.pdf\"><img loading=\"lazy\" decoding=\"async\" width=\"1024\" height=\"55\" src=\"https:\/\/www.ehu.eus\/cdsea\/web\/wp-content\/uploads\/2025\/11\/FEDER_FB_Color_Banderas-1024x55.jpg\" alt=\"\" class=\"wp-image-19002\" srcset=\"https:\/\/www.ehu.eus\/cdsea\/web\/wp-content\/uploads\/2025\/11\/FEDER_FB_Color_Banderas-1024x55.jpg 1024w, https:\/\/www.ehu.eus\/cdsea\/web\/wp-content\/uploads\/2025\/11\/FEDER_FB_Color_Banderas-300x16.jpg 300w, https:\/\/www.ehu.eus\/cdsea\/web\/wp-content\/uploads\/2025\/11\/FEDER_FB_Color_Banderas-768x41.jpg 768w, https:\/\/www.ehu.eus\/cdsea\/web\/wp-content\/uploads\/2025\/11\/FEDER_FB_Color_Banderas-1536x82.jpg 1536w, https:\/\/www.ehu.eus\/cdsea\/web\/wp-content\/uploads\/2025\/11\/FEDER_FB_Color_Banderas-2048x109.jpg 2048w\" sizes=\"(max-width: 1024px) 100vw, 1024px\" \/><\/a><figcaption class=\"wp-element-caption\"><mark style=\"background-color:rgba(0, 0, 0, 0)\" class=\"has-inline-color has-contrast-color\"><strong>MERIA<\/strong><\/mark><\/figcaption><\/figure>\n<\/figure>\n\n\n\n<figure class=\"wp-block-image aligncenter size-full\"><a href=\"https:\/\/www.ehu.eus\/cdsea\/web\/index.php\/herramienta-para-la-evaluacion-de-la-infraestructura-verde-azul-a-escala-municipal-en-euskadi\/\"><img loading=\"lazy\" decoding=\"async\" width=\"742\" height=\"438\" src=\"http:\/\/www.ehu.eus\/cdsea\/web\/wp-content\/uploads\/2017\/03\/portada-herramienta.png\" alt=\"\" class=\"wp-image-17816\" srcset=\"https:\/\/www.ehu.eus\/cdsea\/web\/wp-content\/uploads\/2017\/03\/portada-herramienta.png 742w, https:\/\/www.ehu.eus\/cdsea\/web\/wp-content\/uploads\/2017\/03\/portada-herramienta-300x177.png 300w, https:\/\/www.ehu.eus\/cdsea\/web\/wp-content\/uploads\/2017\/03\/portada-herramienta-600x354.png 600w\" sizes=\"(max-width: 742px) 100vw, 742px\" \/><\/a><\/figure>\n\n\n\n<figure class=\"wp-block-image aligncenter size-full is-resized\"><img loading=\"lazy\" decoding=\"async\" width=\"227\" height=\"240\" src=\"http:\/\/www.ehu.eus\/cdsea\/web\/wp-content\/uploads\/2017\/11\/urdaibai-1.png\" alt=\"\" class=\"wp-image-5273\" style=\"width:181px;height:auto\"\/><\/figure>\n<\/div>\n<\/div>\n","protected":false},"excerpt":{"rendered":"<p>Actualidad 27 de junio de 2025. V Asamblea General semestral del Regional Centre of Expertise (RCE) 05\/5\/2025 El test del juego del proyecto Erasmus+ CC Believe ya est\u00e1 en marcha 25\/11\/2024. Congreso 5th ESP Europe Conference \u201cEcosystem Services: One Planet, One Health\u201d. Wageningen (Holanda). 12\/11\/2024. Euskal Iria Congresua 2024. 5\/11: Congreso Urban Transitions 2024. 23\/10: [&hellip;]<\/p>\n","protected":false},"author":1,"featured_media":17819,"parent":86,"menu_order":0,"comment_status":"closed","ping_status":"closed","template":"","meta":{"footnotes":""},"class_list":["post-5","page","type-page","status-publish","has-post-thumbnail","hentry"],"_links":{"self":[{"href":"https:\/\/www.ehu.eus\/cdsea\/web\/index.php\/wp-json\/wp\/v2\/pages\/5"}],"collection":[{"href":"https:\/\/www.ehu.eus\/cdsea\/web\/index.php\/wp-json\/wp\/v2\/pages"}],"about":[{"href":"https:\/\/www.ehu.eus\/cdsea\/web\/index.php\/wp-json\/wp\/v2\/types\/page"}],"author":[{"embeddable":true,"href":"https:\/\/www.ehu.eus\/cdsea\/web\/index.php\/wp-json\/wp\/v2\/users\/1"}],"replies":[{"embeddable":true,"href":"https:\/\/www.ehu.eus\/cdsea\/web\/index.php\/wp-json\/wp\/v2\/comments?post=5"}],"version-history":[{"count":1171,"href":"https:\/\/www.ehu.eus\/cdsea\/web\/index.php\/wp-json\/wp\/v2\/pages\/5\/revisions"}],"predecessor-version":[{"id":19135,"href":"https:\/\/www.ehu.eus\/cdsea\/web\/index.php\/wp-json\/wp\/v2\/pages\/5\/revisions\/19135"}],"up":[{"embeddable":true,"href":"https:\/\/www.ehu.eus\/cdsea\/web\/index.php\/wp-json\/wp\/v2\/pages\/86"}],"wp:featuredmedia":[{"embeddable":true,"href":"https:\/\/www.ehu.eus\/cdsea\/web\/index.php\/wp-json\/wp\/v2\/media\/17819"}],"wp:attachment":[{"href":"https:\/\/www.ehu.eus\/cdsea\/web\/index.php\/wp-json\/wp\/v2\/media?parent=5"}],"curies":[{"name":"wp","href":"https:\/\/api.w.org\/{rel}","templated":true}]}}