{"id":50,"date":"2016-11-15T14:32:37","date_gmt":"2016-11-15T14:32:37","guid":{"rendered":"http:\/\/www.ehu.eus\/cdsea\/cdseawp\/?page_id=50"},"modified":"2024-09-13T13:17:08","modified_gmt":"2024-09-13T11:17:08","slug":"emm","status":"publish","type":"page","link":"https:\/\/www.ehu.eus\/cdsea\/web\/index.php\/investigacion\/servicios-ecosistema-euskadi\/emm\/","title":{"rendered":"Evaluaci\u00f3n Milenio"},"content":{"rendered":"<nav class=\"is-responsive wp-block-navigation is-layout-flex wp-block-navigation-is-layout-flex\" aria-label=\"Servicios Ecosistemas Euskadi\" \n\t\t data-wp-interactive=\"core\/navigation\" data-wp-context='{\"overlayOpenedBy\":{\"click\":false,\"hover\":false,\"focus\":false},\"type\":\"overlay\",\"roleAttribute\":\"\",\"ariaLabel\":\"Men\\u00fa\"}'><button aria-haspopup=\"dialog\" aria-label=\"Abrir el men\u00fa\" class=\"wp-block-navigation__responsive-container-open \" \n\t\t\t\tdata-wp-on-async--click=\"actions.openMenuOnClick\"\n\t\t\t\tdata-wp-on--keydown=\"actions.handleMenuKeydown\"\n\t\t\t><svg width=\"24\" height=\"24\" xmlns=\"http:\/\/www.w3.org\/2000\/svg\" viewBox=\"0 0 24 24\" aria-hidden=\"true\" focusable=\"false\"><rect x=\"4\" y=\"7.5\" width=\"16\" height=\"1.5\" \/><rect x=\"4\" y=\"15\" width=\"16\" height=\"1.5\" \/><\/svg><\/button>\n\t\t\t\t<div class=\"wp-block-navigation__responsive-container  \"  id=\"modal-1\" \n\t\t\t\tdata-wp-class--has-modal-open=\"state.isMenuOpen\"\n\t\t\t\tdata-wp-class--is-menu-open=\"state.isMenuOpen\"\n\t\t\t\tdata-wp-watch=\"callbacks.initMenu\"\n\t\t\t\tdata-wp-on--keydown=\"actions.handleMenuKeydown\"\n\t\t\t\tdata-wp-on-async--focusout=\"actions.handleMenuFocusout\"\n\t\t\t\ttabindex=\"-1\"\n\t\t\t>\n\t\t\t\t\t<div class=\"wp-block-navigation__responsive-close\" tabindex=\"-1\">\n\t\t\t\t\t\t<div class=\"wp-block-navigation__responsive-dialog\" \n\t\t\t\tdata-wp-bind--aria-modal=\"state.ariaModal\"\n\t\t\t\tdata-wp-bind--aria-label=\"state.ariaLabel\"\n\t\t\t\tdata-wp-bind--role=\"state.roleAttribute\"\n\t\t\t>\n\t\t\t\t\t\t\t<button aria-label=\"Cerrar el men\u00fa\" class=\"wp-block-navigation__responsive-container-close\" \n\t\t\t\tdata-wp-on-async--click=\"actions.closeMenuOnClick\"\n\t\t\t><svg xmlns=\"http:\/\/www.w3.org\/2000\/svg\" viewBox=\"0 0 24 24\" width=\"24\" height=\"24\" aria-hidden=\"true\" focusable=\"false\"><path d=\"M13 11.8l6.1-6.3-1-1-6.1 6.2-6.1-6.2-1 1 6.1 6.3-6.5 6.7 1 1 6.5-6.6 6.5 6.6 1-1z\"><\/path><\/svg><\/button>\n\t\t\t\t\t\t\t<div class=\"wp-block-navigation__responsive-container-content\" \n\t\t\t\tdata-wp-watch=\"callbacks.focusFirstElement\"\n\t\t\t id=\"modal-1-content\">\n\t\t\t\t\t\t\t\t<ul class=\"wp-block-navigation__container is-responsive wp-block-navigation\"><li data-wp-context=\"{ &quot;submenuOpenedBy&quot;: { &quot;click&quot;: false, &quot;hover&quot;: false, &quot;focus&quot;: false }, &quot;type&quot;: &quot;submenu&quot; }\" data-wp-interactive=\"core\/navigation\" data-wp-on--focusout=\"actions.handleMenuFocusout\" data-wp-on--keydown=\"actions.handleMenuKeydown\" data-wp-on-async--mouseenter=\"actions.openMenuOnHover\" data-wp-on-async--mouseleave=\"actions.closeMenuOnHover\" data-wp-watch=\"callbacks.initMenu\" tabindex=\"-1\" class=\" wp-block-navigation-item has-child open-on-hover-click wp-block-navigation-submenu\"><a class=\"wp-block-navigation-item__content\" href=\"https:\/\/www.ehu.eus\/cdsea\/web\/index.php\/investigacion\/servicios-ecosistema-euskadi\/\">Servicios Ecosistema Euskadi<\/a><button data-wp-bind--aria-expanded=\"state.isMenuOpen\" data-wp-on-async--click=\"actions.toggleMenuOnClick\" aria-label=\"Submen\u00fa de Servicios Ecosistema Euskadi\" class=\"wp-block-navigation__submenu-icon wp-block-navigation-submenu__toggle\" ><svg xmlns=\"http:\/\/www.w3.org\/2000\/svg\" width=\"12\" height=\"12\" viewBox=\"0 0 12 12\" fill=\"none\" aria-hidden=\"true\" focusable=\"false\"><path d=\"M1.50002 4L6.00002 8L10.5 4\" stroke-width=\"1.5\"><\/path><\/svg><\/button><ul data-wp-on-async--focus=\"actions.openMenuOnFocus\" class=\"wp-block-navigation__submenu-container wp-block-navigation-submenu\"><li class=\" wp-block-navigation-item wp-block-navigation-link\"><a class=\"wp-block-navigation-item__content\"  href=\"https:\/\/www.ehu.eus\/cdsea\/web\/index.php\/servicios-de-los-ecosistemas-webmap\/\"><span class=\"wp-block-navigation-item__label\">Story Map<\/span><\/a><\/li><li class=\" wp-block-navigation-item wp-block-navigation-link\"><a class=\"wp-block-navigation-item__content\"  href=\"https:\/\/www.ehu.eus\/cdsea\/web\/index.php\/investigacion\/servicios-ecosistema-euskadi\/emm\/\"><span class=\"wp-block-navigation-item__label\">Evaluaci\u00f3n Milenio<\/span><\/a><\/li><li class=\" wp-block-navigation-item wp-block-navigation-link\"><a class=\"wp-block-navigation-item__content\"  href=\"https:\/\/www.ehu.eus\/cdsea\/web\/index.php\/investigacion\/servicios-ecosistema-euskadi\/contexto\/\"><span class=\"wp-block-navigation-item__label\">Contexto<\/span><\/a><\/li><li class=\" wp-block-navigation-item wp-block-navigation-link\"><a class=\"wp-block-navigation-item__content\"  href=\"https:\/\/www.ehu.eus\/cdsea\/web\/index.php\/investigacion\/servicios-ecosistema-euskadi\/marco-conceptual\/\"><span class=\"wp-block-navigation-item__label\">Marco conceptual<\/span><\/a><\/li><li class=\" wp-block-navigation-item wp-block-navigation-link\"><a class=\"wp-block-navigation-item__content\"  href=\"https:\/\/www.ehu.eus\/cdsea\/web\/index.php\/investigacion\/servicios-ecosistema-euskadi\/objetivos\/\"><span class=\"wp-block-navigation-item__label\">Objetivos y Resultados<\/span><\/a><\/li><li class=\" wp-block-navigation-item wp-block-navigation-link\"><a class=\"wp-block-navigation-item__content\"  href=\"https:\/\/www.ehu.eus\/cdsea\/web\/index.php\/investigacion\/servicios-ecosistema-euskadi\/difusion\/\"><span class=\"wp-block-navigation-item__label\">Difusi\u00f3n<\/span><\/a><\/li><li class=\" wp-block-navigation-item wp-block-navigation-link\"><a class=\"wp-block-navigation-item__content\"  href=\"https:\/\/www.ehu.eus\/cdsea\/web\/index.php\/investigacion\/servicios-ecosistema-euskadi\/webs-relacionadas\/\"><span class=\"wp-block-navigation-item__label\">Webs relacionadas<\/span><\/a><\/li><li class=\" wp-block-navigation-item wp-block-navigation-link\"><a class=\"wp-block-navigation-item__content\"  href=\"https:\/\/www.ehu.eus\/cdsea\/web\/index.php\/investigacion\/servicios-ecosistema-euskadi\/contacto\/\"><span class=\"wp-block-navigation-item__label\">Contacto<\/span><\/a><\/li><\/ul><\/li><\/ul>\n\t\t\t\t\t\t\t<\/div>\n\t\t\t\t\t\t<\/div>\n\t\t\t\t\t<\/div>\n\t\t\t\t<\/div><\/nav>\n\n<p style=\"text-align: justify;\"><span style=\"font-size: 12pt;\">No exist\u00eda una evaluaci\u00f3n global y sist\u00e9mica <img loading=\"lazy\" decoding=\"async\" class=\"alignright wp-image-580\" src=\"http:\/\/www.ehu.eus\/cdsea\/web\/wp-content\/uploads\/2016\/11\/Antecedetes-300x218.png\" alt=\"antecedetes\" width=\"260\" height=\"189\" srcset=\"https:\/\/www.ehu.eus\/cdsea\/web\/wp-content\/uploads\/2016\/11\/Antecedetes-300x218.png 300w, https:\/\/www.ehu.eus\/cdsea\/web\/wp-content\/uploads\/2016\/11\/Antecedetes-600x437.png 600w, https:\/\/www.ehu.eus\/cdsea\/web\/wp-content\/uploads\/2016\/11\/Antecedetes.png 739w\" sizes=\"(max-width: 260px) 100vw, 260px\" \/>sobre el estado de conservaci\u00f3n\u00a0de los ecosistemas del planeta hasta que en el a\u00f1o 2001 el Secretario General de Naciones Unidas, Kofi Annan, lanz\u00f3 el Programa cient\u00edfico internacional\u00a0<a href=\"http:\/\/www.millenniumassessment.org\/es\/\" target=\"_blank\" rel=\"noopener\"><strong><em>Evaluaci\u00f3n de los Ecosistemas del Milenio (EEM<\/em><\/strong><\/a><a href=\"http:\/\/www.millenniumassessment.org\/es\/\" target=\"_blank\" rel=\"noopener\"><strong><em>)<\/em><\/strong><\/a>. \u00a0El Programa se fundament\u00f3 en la realidad emp\u00edrica de que, dependiendo de su nivel de conservaci\u00f3n, los ecosistemas aportan a los seres humanos una serie de servicios como alimentos, madera, agua, secuestro de carbono para el control del clima global, la polinizaci\u00f3n para la producci\u00f3n de las cosechas, la depuraci\u00f3n del agua, la formaci\u00f3n de suelo, la asimilaci\u00f3n de nutrientes, etc., sin olvidarnos de sus valores est\u00e9ticos, educativos, recreativos o espirituales, que son fundamentales para su bienestar. Su finalidad fue, por un lado generar informaci\u00f3n robusta, validada cient\u00edficamente, para que los gestores, los pol\u00edticos y el p\u00fablico en general fueran conscientes de las consecuencias que los cambios en los ecosistemas del planeta tienen sobre el bienestar humano, y por otro lado, dar opciones para enfrentarse a estos cambios.<\/span><\/p>\n<p style=\"text-align: justify;\"><span style=\"font-size: 12pt;\">La Evaluaci\u00f3n ha involucrado hasta el momento a m\u00e1s de 1.300 cient\u00edficos y expertos de las ciencias biogeof\u00edsicas y sociales de 95 pa\u00edses y ha tenido un car\u00e1cter multiescalar abarcando las escalas local, nacional, regional y global. La evaluaci\u00f3n ha sido o est\u00e1 siendo realizada en m\u00e1s de 75 casos de estudio repartidos por diferentes pa\u00edses de todo el mundo.<\/span><\/p>\n<p style=\"text-align: justify;\"><span style=\"font-size: 12pt;\">En la actualidad se est\u00e1 llevando a cabo el programa de continuaci\u00f3n del mismo conocido como <em><strong>\u201cEcosystem Assessment Follow-up\u201d<\/strong><\/em>. Esta continuaci\u00f3n se est\u00e1 realizando mediante una serie de evaluaciones sub-globales (que pueden ser locales, nacionales o regionales) con el objetivo de promover la implementaci\u00f3n de las conclusiones y recomendaciones del EEM. \u00a0Dentro de estas evaluaciones sub-globales se est\u00e1 llevando a cabo la <a href=\"http:\/\/www.ecomilenio.es\/\" target=\"_blank\" rel=\"noopener\"><strong><em>Evaluaci\u00f3n de los Ecosistemas del Milenio en Espa\u00f1a<\/em><\/strong><\/a>, financiado por la Fundaci\u00f3n Biodiversidad y realizado por el laboratorio de socioecosistemas del Departamento Interuniversitario de Ecolog\u00eda de la Universidad Aut\u00f3noma de Madrid, y a nivel regional, la <em><a href=\"http:\/\/www.ehu.eus\/cdsea\/web\/index.php\/investigacion\/servicios-ecosistema-euskadi\/\" target=\"_blank\" rel=\"noopener\"><strong>Evaluaci\u00f3n de los Servicios de los Ecosistemas de Euskadi<\/strong><\/a><\/em>, financiado por el Gobierno Vasco y la Diputaci\u00f3n Foral de Bizkaia, y realizado por la C\u00e1tedra UNESCO de la Universidad del Pa\u00eds Vasco (UPV\/EHU).<\/span><\/p>","protected":false},"excerpt":{"rendered":"<p>No exist\u00eda una evaluaci\u00f3n global y sist\u00e9mica sobre el estado de conservaci\u00f3n\u00a0de los ecosistemas del planeta hasta que en el a\u00f1o 2001 el Secretario General de Naciones Unidas, Kofi Annan, lanz\u00f3 el Programa cient\u00edfico internacional\u00a0Evaluaci\u00f3n de los Ecosistemas del Milenio (EEM). \u00a0El Programa se fundament\u00f3 en la realidad emp\u00edrica de que, dependiendo de su nivel [&hellip;]<\/p>\n","protected":false},"author":1,"featured_media":0,"parent":48,"menu_order":1,"comment_status":"closed","ping_status":"closed","template":"","meta":{"footnotes":""},"class_list":["post-50","page","type-page","status-publish","hentry"],"_links":{"self":[{"href":"https:\/\/www.ehu.eus\/cdsea\/web\/index.php\/wp-json\/wp\/v2\/pages\/50"}],"collection":[{"href":"https:\/\/www.ehu.eus\/cdsea\/web\/index.php\/wp-json\/wp\/v2\/pages"}],"about":[{"href":"https:\/\/www.ehu.eus\/cdsea\/web\/index.php\/wp-json\/wp\/v2\/types\/page"}],"author":[{"embeddable":true,"href":"https:\/\/www.ehu.eus\/cdsea\/web\/index.php\/wp-json\/wp\/v2\/users\/1"}],"replies":[{"embeddable":true,"href":"https:\/\/www.ehu.eus\/cdsea\/web\/index.php\/wp-json\/wp\/v2\/comments?post=50"}],"version-history":[{"count":7,"href":"https:\/\/www.ehu.eus\/cdsea\/web\/index.php\/wp-json\/wp\/v2\/pages\/50\/revisions"}],"predecessor-version":[{"id":18292,"href":"https:\/\/www.ehu.eus\/cdsea\/web\/index.php\/wp-json\/wp\/v2\/pages\/50\/revisions\/18292"}],"up":[{"embeddable":true,"href":"https:\/\/www.ehu.eus\/cdsea\/web\/index.php\/wp-json\/wp\/v2\/pages\/48"}],"wp:attachment":[{"href":"https:\/\/www.ehu.eus\/cdsea\/web\/index.php\/wp-json\/wp\/v2\/media?parent=50"}],"curies":[{"name":"wp","href":"https:\/\/api.w.org\/{rel}","templated":true}]}}