{"id":5024,"date":"2017-11-05T17:02:58","date_gmt":"2017-11-05T17:02:58","guid":{"rendered":"http:\/\/www.ehu.eus\/cdsea\/web\/?page_id=5024"},"modified":"2017-12-01T12:41:06","modified_gmt":"2017-12-01T12:41:06","slug":"inscripciones","status":"publish","type":"page","link":"https:\/\/www.ehu.eus\/cdsea\/web\/index.php\/inscripciones\/","title":{"rendered":"Inscripciones"},"content":{"rendered":"<p>[vc_row css=\u00bb.vc_custom_1492713898867{margin-right: 60px !important;margin-left: 60px !important;}\u00bb][vc_column width=\u00bb1\/4&#8243;][\/vc_column][vc_column width=\u00bb1\/2&#8243;][us_single_image image=\u00bb5354&#8243; size=\u00bbfull\u00bb align=\u00bbcenter\u00bb onclick=\u00bbcustom_link\u00bb link=\u00bburl:http%3A%2F%2Fwww.ehu.eus%2Fcdsea%2Fweb%2Findex.php%2Fpresentacion-pice|||\u00bb][\/vc_column][vc_column width=\u00bb1\/12&#8243;][\/vc_column][vc_column width=\u00bb1\/6&#8243;][ult_createlink title=\u00bbEUS\u00bb btn_link=\u00bburl:http%3A%2F%2Fwww.ehu.eus%2Fcdsea%2Fweb%2Findex.php%2Fizen-ematea%2F%3Flang%3Deu|||\u00bb link_hover_style=\u00bbStyle_1&#8243; text_color=\u00bb#565656&#8243; text_hovercolor=\u00bb#35ad69&#8243; text_style=\u00bbright\u00bb title_font_size=\u00bbdesktop:10px;\u00bb][ult_createlink title=\u00bbES\u00bb btn_link=\u00bburl:http%3A%2F%2Fwww.ehu.eus%2Fcdsea%2Fweb%2Findex.php%2Fpresentacion-pice%2Finscripciones%2F|||\u00bb link_hover_style=\u00bbStyle_1&#8243; text_hovercolor=\u00bb#35ad69&#8243; text_style=\u00bbright\u00bb title_font_size=\u00bbdesktop:10px;\u00bb][\/vc_column][vc_column offset=\u00bbvc_hidden-sm vc_hidden-xs\u00bb][vc_empty_space height=\u00bb10px\u00bb][vc_column_text]<\/p>\n<p style=\"text-align: center;\"><strong>PROGRAMA DE INVESTIGACI\u00d3N CIENT\u00cdFICA DEL PICE<\/strong><br \/>\n<strong> Puentes entre investigaci\u00f3n y gesti\u00f3n<\/strong><\/p>\n<p>[\/vc_column_text][vc_empty_space height=\u00bb10px\u00bb][vc_wp_custommenu layout=\u00bbhor\u00bb align=\u00bbcenter\u00bb font_size=\u00bb108%\u00bb nav_menu=\u00bb101&#8243;][\/vc_column][vc_column][us_separator size=\u00bbsmall\u00bb color=\u00bbcustom\u00bb bdcolor=\u00bbrgba(55,178,129,0.49)\u00bb text=\u00bbINSCRIPCI\u00d3N\u00bb][vc_empty_space height=\u00bb18px\u00bb]<div role=\"form\" class=\"wpcf7\" id=\"wpcf7-f5023-o1\" lang=\"es-ES\" dir=\"ltr\">\n<div class=\"screen-reader-response\"><\/div>\n<form action=\"\/cdsea\/web\/index.php\/wp-json\/wp\/v2\/pages\/5024#wpcf7-f5023-o1\" method=\"post\" class=\"wpcf7-form\" novalidate=\"novalidate\">\n<div style=\"display: none;\">\n<input type=\"hidden\" name=\"_wpcf7\" value=\"5023\" \/>\n<input type=\"hidden\" name=\"_wpcf7_version\" value=\"4.9.2\" \/>\n<input type=\"hidden\" name=\"_wpcf7_locale\" value=\"es_ES\" \/>\n<input type=\"hidden\" name=\"_wpcf7_unit_tag\" value=\"wpcf7-f5023-o1\" \/>\n<input type=\"hidden\" name=\"_wpcf7_container_post\" value=\"0\" \/>\n<\/div>\n<p><label> Nombre (requerido)<br \/>\n    <span class=\"wpcf7-form-control-wrap your-name\"><input type=\"text\" name=\"your-name\" value=\"\" size=\"40\" class=\"wpcf7-form-control wpcf7-text wpcf7-validates-as-required\" aria-required=\"true\" aria-invalid=\"false\" \/><\/span> <\/label><\/p>\n<p><label> Apellidos (requerido)<br \/>\n    <span class=\"wpcf7-form-control-wrap your-surname\"><input type=\"text\" name=\"your-surname\" value=\"\" size=\"40\" class=\"wpcf7-form-control wpcf7-text wpcf7-validates-as-required\" aria-required=\"true\" aria-invalid=\"false\" \/><\/span> <\/label><\/p>\n<p><label> Instituci\u00f3n\/Empresa (requerido)<br \/>\n    <span class=\"wpcf7-form-control-wrap your-organization\"><input type=\"text\" name=\"your-organization\" value=\"\" size=\"40\" class=\"wpcf7-form-control wpcf7-text wpcf7-validates-as-required\" aria-required=\"true\" aria-invalid=\"false\" \/><\/span> <\/label><\/p>\n<p><label> Email (requerido)<br \/>\n    <span class=\"wpcf7-form-control-wrap your-email\"><input type=\"email\" name=\"your-email\" value=\"\" size=\"40\" class=\"wpcf7-form-control wpcf7-text wpcf7-email wpcf7-validates-as-required wpcf7-validates-as-email\" aria-required=\"true\" aria-invalid=\"false\" \/><\/span> <\/label><\/p>\n<p>\u00bfHa realizado\/colaborado en actividades de investigaci\u00f3n en la Reserva de la Biosfera de Urdaibai?: (requerido)<br \/>\n<span class=\"wpcf7-form-control-wrap checkbox-298\"><span class=\"wpcf7-form-control wpcf7-checkbox wpcf7-validates-as-required\"><span class=\"wpcf7-list-item first\"><input type=\"checkbox\" name=\"checkbox-298[]\" value=\"Si\" \/><span class=\"wpcf7-list-item-label\">Si<\/span><\/span><span class=\"wpcf7-list-item last\"><input type=\"checkbox\" name=\"checkbox-298[]\" value=\"No\" \/><span class=\"wpcf7-list-item-label\">No<\/span><\/span><\/span><\/span><\/p>\n<p><input type=\"submit\" value=\"Enviar\" class=\"wpcf7-form-control wpcf7-submit\" \/><\/p>\n<p style=\"display: none !important;\" class=\"akismet-fields-container\" data-prefix=\"_wpcf7_ak_\"><label>&#916;<textarea name=\"_wpcf7_ak_hp_textarea\" cols=\"45\" rows=\"8\" maxlength=\"100\"><\/textarea><\/label><input type=\"hidden\" id=\"ak_js_1\" name=\"_wpcf7_ak_js\" value=\"202\"\/><script>document.getElementById( \"ak_js_1\" ).setAttribute( \"value\", ( new Date() ).getTime() );<\/script><\/p><div class=\"wpcf7-response-output wpcf7-display-none\"><\/div><\/form><\/div>[\/vc_column][\/vc_row][vc_row][vc_column][vc_column_text]<\/p>\n<p>[\/vc_column_text][\/vc_column][\/vc_row]<\/p>\n","protected":false},"excerpt":{"rendered":"<p>[vc_row css=\u00bb.vc_custom_1492713898867{margin-right: 60px !important;margin-left: 60px !important;}\u00bb][vc_column width=\u00bb1\/4&#8243;][\/vc_column][vc_column width=\u00bb1\/2&#8243;][us_single_image image=\u00bb5354&#8243; size=\u00bbfull\u00bb align=\u00bbcenter\u00bb onclick=\u00bbcustom_link\u00bb link=\u00bburl:http%3A%2F%2Fwww.ehu.eus%2Fcdsea%2Fweb%2Findex.php%2Fpresentacion-pice|||\u00bb][\/vc_column][vc_column width=\u00bb1\/12&#8243;][\/vc_column][vc_column width=\u00bb1\/6&#8243;][ult_createlink title=\u00bbEUS\u00bb btn_link=\u00bburl:http%3A%2F%2Fwww.ehu.eus%2Fcdsea%2Fweb%2Findex.php%2Fizen-ematea%2F%3Flang%3Deu|||\u00bb link_hover_style=\u00bbStyle_1&#8243; text_color=\u00bb#565656&#8243; text_hovercolor=\u00bb#35ad69&#8243; text_style=\u00bbright\u00bb title_font_size=\u00bbdesktop:10px;\u00bb][ult_createlink title=\u00bbES\u00bb btn_link=\u00bburl:http%3A%2F%2Fwww.ehu.eus%2Fcdsea%2Fweb%2Findex.php%2Fpresentacion-pice%2Finscripciones%2F|||\u00bb link_hover_style=\u00bbStyle_1&#8243; text_hovercolor=\u00bb#35ad69&#8243; text_style=\u00bbright\u00bb title_font_size=\u00bbdesktop:10px;\u00bb][\/vc_column][vc_column offset=\u00bbvc_hidden-sm vc_hidden-xs\u00bb][vc_empty_space height=\u00bb10px\u00bb][vc_column_text] PROGRAMA DE INVESTIGACI\u00d3N CIENT\u00cdFICA DEL PICE Puentes entre investigaci\u00f3n y gesti\u00f3n [\/vc_column_text][vc_empty_space height=\u00bb10px\u00bb][vc_wp_custommenu layout=\u00bbhor\u00bb align=\u00bbcenter\u00bb font_size=\u00bb108%\u00bb nav_menu=\u00bb101&#8243;][\/vc_column][vc_column][us_separator size=\u00bbsmall\u00bb color=\u00bbcustom\u00bb bdcolor=\u00bbrgba(55,178,129,0.49)\u00bb text=\u00bbINSCRIPCI\u00d3N\u00bb][vc_empty_space height=\u00bb18px\u00bb][\/vc_column][\/vc_row][vc_row][vc_column][vc_column_text] [\/vc_column_text][\/vc_column][\/vc_row]<\/p>\n","protected":false},"author":1,"featured_media":0,"parent":0,"menu_order":0,"comment_status":"closed","ping_status":"closed","template":"","meta":{"footnotes":""},"class_list":["post-5024","page","type-page","status-publish","hentry"],"_links":{"self":[{"href":"https:\/\/www.ehu.eus\/cdsea\/web\/index.php\/wp-json\/wp\/v2\/pages\/5024"}],"collection":[{"href":"https:\/\/www.ehu.eus\/cdsea\/web\/index.php\/wp-json\/wp\/v2\/pages"}],"about":[{"href":"https:\/\/www.ehu.eus\/cdsea\/web\/index.php\/wp-json\/wp\/v2\/types\/page"}],"author":[{"embeddable":true,"href":"https:\/\/www.ehu.eus\/cdsea\/web\/index.php\/wp-json\/wp\/v2\/users\/1"}],"replies":[{"embeddable":true,"href":"https:\/\/www.ehu.eus\/cdsea\/web\/index.php\/wp-json\/wp\/v2\/comments?post=5024"}],"version-history":[{"count":15,"href":"https:\/\/www.ehu.eus\/cdsea\/web\/index.php\/wp-json\/wp\/v2\/pages\/5024\/revisions"}],"predecessor-version":[{"id":5743,"href":"https:\/\/www.ehu.eus\/cdsea\/web\/index.php\/wp-json\/wp\/v2\/pages\/5024\/revisions\/5743"}],"wp:attachment":[{"href":"https:\/\/www.ehu.eus\/cdsea\/web\/index.php\/wp-json\/wp\/v2\/media?parent=5024"}],"curies":[{"name":"wp","href":"https:\/\/api.w.org\/{rel}","templated":true}]}}