{"id":5037,"date":"2017-11-05T17:26:57","date_gmt":"2017-11-05T17:26:57","guid":{"rendered":"http:\/\/www.ehu.eus\/cdsea\/web\/?page_id=5037"},"modified":"2017-12-29T12:09:44","modified_gmt":"2017-12-29T12:09:44","slug":"informacion-util","status":"publish","type":"page","link":"https:\/\/www.ehu.eus\/cdsea\/web\/index.php\/presentacion-pice\/informacion-util\/","title":{"rendered":"Informaci\u00f3n \u00fatil"},"content":{"rendered":"<p>[vc_row css=\u00bb.vc_custom_1492713898867{margin-right: 60px !important;margin-left: 60px !important;}\u00bb][vc_column width=\u00bb1\/4&#8243;][\/vc_column][vc_column width=\u00bb1\/2&#8243;][us_single_image image=\u00bb5354&#8243; size=\u00bbfull\u00bb align=\u00bbcenter\u00bb onclick=\u00bbcustom_link\u00bb link=\u00bburl:http%3A%2F%2Fwww.ehu.eus%2Fcdsea%2Fweb%2Findex.php%2Fpresentacion-pice%2F|||\u00bb][\/vc_column][vc_column width=\u00bb1\/12&#8243;][\/vc_column][vc_column width=\u00bb1\/6&#8243;][ult_createlink title=\u00bbEUS\u00bb btn_link=\u00bburl:http%3A%2F%2Fwww.ehu.eus%2Fcdsea%2Fweb%2Findex.php%2Fpresentacion-pice%2Finformacion-util%2F%3Flang%3Deu|||\u00bb link_hover_style=\u00bbStyle_1&#8243; text_color=\u00bb#565656&#8243; text_hovercolor=\u00bb#35ad69&#8243; text_style=\u00bbright\u00bb title_font_size=\u00bbdesktop:10px;\u00bb][ult_createlink title=\u00bbES\u00bb btn_link=\u00bburl:http%3A%2F%2Fwww.ehu.eus%2Fcdsea%2Fweb%2Findex.php%2Fpresentacion-pice%2Finformacion-util%2F|||\u00bb link_hover_style=\u00bbStyle_1&#8243; text_hovercolor=\u00bb#35ad69&#8243; text_style=\u00bbright\u00bb title_font_size=\u00bbdesktop:10px;\u00bb][\/vc_column][vc_column offset=\u00bbvc_hidden-sm vc_hidden-xs\u00bb][vc_empty_space height=\u00bb10px\u00bb][vc_column_text 0=\u00bb\u00bb]<\/p>\n<p style=\"text-align: center;\"><strong>PROGRAMA DE INVESTIGACI\u00d3N CIENT\u00cdFICA DEL PICE<\/strong><br \/>\n<strong> Puentes entre investigaci\u00f3n y gesti\u00f3n<\/strong><\/p>\n<p>[\/vc_column_text][vc_empty_space height=\u00bb10px\u00bb][vc_wp_custommenu layout=\u00bbhor\u00bb align=\u00bbcenter\u00bb font_size=\u00bb108%\u00bb nav_menu=\u00bb101&#8243;][\/vc_column][vc_column 0=\u00bb\u00bb][us_separator size=\u00bbsmall\u00bb color=\u00bbcustom\u00bb bdcolor=\u00bbrgba(55,178,129,0.49)\u00bb text=\u00bbINFORMACI\u00d3N \u00daTIL\u00bb][vc_tta_tabs layout=\u00bbmodern\u00bb stretch=\u00bb1&#8243;][vc_tta_section title=\u00bbFechas\u00bb tab_id=\u00bb1495652735639-606d7663-308e\u00bb][vc_column_text 0=\u00bb\u00bb]<span style=\"font-size: 12pt;\"><strong>14-15 de diciembre del 2017:<\/strong><\/span><\/p>\n<ul>\n<li><span style=\"font-size: 12pt;\">Jueves 14: 8:30-13:30<\/span><\/li>\n<li><span style=\"font-size: 12pt;\">Viernes 15: 9:30-13:30h.<\/span><\/li>\n<\/ul>\n<p>[\/vc_column_text][\/vc_tta_section][vc_tta_section title=\u00bbSede del evento\u00bb tab_id=\u00bb1495652735707-52172b3b-0a59&#8243;][vc_column_text 0=\u00bb\u00bb]<span style=\"font-size: 12pt;\"><strong><img loading=\"lazy\" decoding=\"async\" class=\"alignright wp-image-5039\" src=\"http:\/\/www.ehu.eus\/cdsea\/web\/wp-content\/uploads\/2017\/11\/Torre_Madariaga-300x223.png\" alt=\"\" width=\"250\" height=\"186\" srcset=\"https:\/\/www.ehu.eus\/cdsea\/web\/wp-content\/uploads\/2017\/11\/Torre_Madariaga-300x223.png 300w, https:\/\/www.ehu.eus\/cdsea\/web\/wp-content\/uploads\/2017\/11\/Torre_Madariaga.png 379w\" sizes=\"(max-width: 250px) 100vw, 250px\" \/><\/strong><\/span><\/p>\n<p><span style=\"font-size: 12pt;\"><strong>Torre Madariaga, en la Reserva de la Biosfera de Urdaibai. <\/strong><\/span><\/p>\n<p><span style=\"font-size: 12pt;\">Carretera Gernika-Bermeo z\/g 48350 BUSTURIA (Bizkaia).<\/span>[\/vc_column_text][us_gmaps marker_address=\u00bbCentro de Biodiversidad de Euskadi &#8211; Torre Madariaga\u00bb marker_text=\u00bb\u00bb height=\u00bb400&#8243; zoom=\u00bb14&#8243; markers=\u00bb%5B%7B%7D%5D\u00bb][\/vc_tta_section][vc_tta_section title=\u00bbC\u00f3mo llegar\u00bb tab_id=\u00bb1495653800362-d580094d-0e41&#8243;][vc_column_text 0=\u00bb\u00bb]<span style=\"font-size: 14pt;\"><strong>Autom\u00f3vil<\/strong><\/span><\/p>\n<p><span style=\"font-size: 12pt;\"><u>Desde Bilbao<\/u>:<\/span><\/p>\n<ul>\n<li><span style=\"font-size: 12pt;\">Opci\u00f3n 1: tomando la AP-8 y posteriormente la BI-635<\/span><\/li>\n<li><span style=\"font-size: 12pt;\">Opci\u00f3n 2: tomando la BI-3123<\/span><\/li>\n<\/ul>\n<p><span style=\"font-size: 12pt;\"><u>Desde Donostia-San Sebasti\u00e1n<\/u>:<\/span><\/p>\n<ul>\n<li><span style=\"font-size: 12pt;\">Opci\u00f3n 1: tomando la AP-8.<\/span><\/li>\n<li><span style=\"font-size: 12pt;\">Opci\u00f3n 2: tomando la AP-8 y la BI-2224.<\/span><\/li>\n<\/ul>\n<p><span style=\"font-size: 12pt;\"><u>Desde Vitoria-Gasteiz<\/u>:<\/span><\/p>\n<ul>\n<li><span style=\"font-size: 12pt;\">Opci\u00f3n 1: tomando la BI-623<\/span><\/li>\n<li><span style=\"font-size: 12pt;\">Opci\u00f3n 2: Tomando la P-8<\/span><\/li>\n<li><span style=\"font-size: 12pt;\">Opci\u00f3n 3: Tomando la AP-1 y luego la AP-8.<\/span><\/li>\n<\/ul>\n<p><span style=\"font-size: 14pt;\"><strong>Transporte publico<\/strong><\/span><\/p>\n<p><span style=\"font-size: 12pt;\"><strong><u>Bizkaibus<\/u><\/strong>: 3514 (Bilbao-Amorebieta-Gernika), 3515 (Bilbao-Amorebieta-Gernika-Bermeo).<\/span><\/p>\n<p><span style=\"font-size: 12pt;\"><strong><u>Euskotren<\/u><\/strong>: l\u00ednea 3 (Bilbao-Bermeo) desde Bilbao.<\/span>[\/vc_column_text][\/vc_tta_section][vc_tta_section indents=\u00bbnone\u00bb title=\u00bbAgentes Investigadores en la RBU\u00bb tab_id=\u00bb1510310991268-8dca3e6c-bf32&#8243;][vc_raw_html css=\u00bb.vc_custom_1510313190365{margin-top: 0px !important;margin-right: 0px !important;margin-bottom: 0px !important;margin-left: 0px !important;border-top-width: 0px !important;border-right-width: 0px !important;border-bottom-width: 0px !important;border-left-width: 0px !important;padding-top: 0px !important;padding-right: 0px !important;padding-bottom: 0px !important;padding-left: 0px !important;}\u00bb]JTNDcCUzRSUzQ2lmcmFtZSUyMHNyYyUzRCUyMmh0dHBzJTNBJTJGJTJGd3d3Lmdvb2dsZS5jb20lMkZtYXBzJTJGZCUyRnUlMkYxJTJGZW1iZWQlM0ZtaWQlM0QxYUpvY1hNb1dZZWpnWGZ6QXVycmU5cFpid3NNJTIyJTIwd2lkdGglM0QlMjI2NDAlMjIlMjBoZWlnaHQlM0QlMjI0ODAlMjIlM0UlM0MlMkZpZnJhbWUlM0UlM0MlMkZwJTNF[\/vc_raw_html][vc_column_text]<strong>Vista alternativa:<\/strong><a href=\"https:\/\/www.google.com\/maps\/d\/u\/1\/edit?hl=es&amp;mid=1aJocXMoWYejgXfzAurre9pZbwsM&amp;ll=43.14146097163729%2C-2.868115773892214&amp;z=7\"> Mapa Agentes Urdaibai<\/a>[\/vc_column_text][\/vc_tta_section][vc_tta_section title=\u00bbDescargas\u00bb tab_id=\u00bb1514375624913-b3c34096-7346&#8243;][vc_column_text]Enlace para la visualizaci\u00f3n de las ponencias: <a href=\"https:\/\/piceighp.nirestream.com\/\">https:\/\/piceighp.nirestream.com\/<\/a>[\/vc_column_text][vc_column_text]<a href=\"http:\/\/www.ehu.eus\/cdsea\/web\/wp-content\/uploads\/2017\/03\/Conclusiones-del-Workshop-final-castellano.pdf\">Conclusiones de la jornada<\/a>[\/vc_column_text][us_gallery ids=\u00bb5925,5924,5927,5928,5929,5930,5931,5932,5933,5934,5935,5936,5937,5938,5939,5940,5941&#8243; layout=\u00bbmasonry\u00bb columns=\u00bb6&#8243; indents=\u00bb1&#8243;][\/vc_tta_section][\/vc_tta_tabs][\/vc_column][\/vc_row]<\/p>\n","protected":false},"excerpt":{"rendered":"<p>[vc_row css=\u00bb.vc_custom_1492713898867{margin-right: 60px !important;margin-left: 60px !important;}\u00bb][vc_column width=\u00bb1\/4&#8243;][\/vc_column][vc_column width=\u00bb1\/2&#8243;][us_single_image image=\u00bb5354&#8243; size=\u00bbfull\u00bb align=\u00bbcenter\u00bb onclick=\u00bbcustom_link\u00bb link=\u00bburl:http%3A%2F%2Fwww.ehu.eus%2Fcdsea%2Fweb%2Findex.php%2Fpresentacion-pice%2F|||\u00bb][\/vc_column][vc_column width=\u00bb1\/12&#8243;][\/vc_column][vc_column width=\u00bb1\/6&#8243;][ult_createlink title=\u00bbEUS\u00bb btn_link=\u00bburl:http%3A%2F%2Fwww.ehu.eus%2Fcdsea%2Fweb%2Findex.php%2Fpresentacion-pice%2Finformacion-util%2F%3Flang%3Deu|||\u00bb link_hover_style=\u00bbStyle_1&#8243; text_color=\u00bb#565656&#8243; text_hovercolor=\u00bb#35ad69&#8243; text_style=\u00bbright\u00bb title_font_size=\u00bbdesktop:10px;\u00bb][ult_createlink title=\u00bbES\u00bb btn_link=\u00bburl:http%3A%2F%2Fwww.ehu.eus%2Fcdsea%2Fweb%2Findex.php%2Fpresentacion-pice%2Finformacion-util%2F|||\u00bb link_hover_style=\u00bbStyle_1&#8243; text_hovercolor=\u00bb#35ad69&#8243; text_style=\u00bbright\u00bb title_font_size=\u00bbdesktop:10px;\u00bb][\/vc_column][vc_column offset=\u00bbvc_hidden-sm vc_hidden-xs\u00bb][vc_empty_space height=\u00bb10px\u00bb][vc_column_text 0=\u00bb\u00bb] PROGRAMA DE INVESTIGACI\u00d3N CIENT\u00cdFICA DEL PICE Puentes entre investigaci\u00f3n y gesti\u00f3n [\/vc_column_text][vc_empty_space height=\u00bb10px\u00bb][vc_wp_custommenu layout=\u00bbhor\u00bb align=\u00bbcenter\u00bb font_size=\u00bb108%\u00bb nav_menu=\u00bb101&#8243;][\/vc_column][vc_column 0=\u00bb\u00bb][us_separator size=\u00bbsmall\u00bb color=\u00bbcustom\u00bb bdcolor=\u00bbrgba(55,178,129,0.49)\u00bb text=\u00bbINFORMACI\u00d3N \u00daTIL\u00bb][vc_tta_tabs [&hellip;]<\/p>\n","protected":false},"author":1,"featured_media":0,"parent":4993,"menu_order":0,"comment_status":"closed","ping_status":"closed","template":"","meta":{"footnotes":""},"class_list":["post-5037","page","type-page","status-publish","hentry"],"_links":{"self":[{"href":"https:\/\/www.ehu.eus\/cdsea\/web\/index.php\/wp-json\/wp\/v2\/pages\/5037"}],"collection":[{"href":"https:\/\/www.ehu.eus\/cdsea\/web\/index.php\/wp-json\/wp\/v2\/pages"}],"about":[{"href":"https:\/\/www.ehu.eus\/cdsea\/web\/index.php\/wp-json\/wp\/v2\/types\/page"}],"author":[{"embeddable":true,"href":"https:\/\/www.ehu.eus\/cdsea\/web\/index.php\/wp-json\/wp\/v2\/users\/1"}],"replies":[{"embeddable":true,"href":"https:\/\/www.ehu.eus\/cdsea\/web\/index.php\/wp-json\/wp\/v2\/comments?post=5037"}],"version-history":[{"count":27,"href":"https:\/\/www.ehu.eus\/cdsea\/web\/index.php\/wp-json\/wp\/v2\/pages\/5037\/revisions"}],"predecessor-version":[{"id":5948,"href":"https:\/\/www.ehu.eus\/cdsea\/web\/index.php\/wp-json\/wp\/v2\/pages\/5037\/revisions\/5948"}],"up":[{"embeddable":true,"href":"https:\/\/www.ehu.eus\/cdsea\/web\/index.php\/wp-json\/wp\/v2\/pages\/4993"}],"wp:attachment":[{"href":"https:\/\/www.ehu.eus\/cdsea\/web\/index.php\/wp-json\/wp\/v2\/media?parent=5037"}],"curies":[{"name":"wp","href":"https:\/\/api.w.org\/{rel}","templated":true}]}}