{"id":5173,"date":"2017-11-07T19:18:30","date_gmt":"2017-11-07T19:18:30","guid":{"rendered":"http:\/\/www.ehu.eus\/cdsea\/web\/?page_id=5173"},"modified":"2017-11-07T19:18:30","modified_gmt":"2017-11-07T19:18:30","slug":"25-aniversario-del-programa-de-catedras-unescounitwin","status":"publish","type":"page","link":"https:\/\/www.ehu.eus\/cdsea\/web\/index.php\/25-aniversario-del-programa-de-catedras-unescounitwin\/","title":{"rendered":"25 ANIVERSARIO DEL PROGRAMA DE C\u00c1TEDRAS UNESCO\/UNITWIN"},"content":{"rendered":"<p>[vc_row][vc_column][vc_custom_heading text=\u00bb25 ANIVERSARIO DEL PROGRAMA DE C\u00c1TEDRAS UNESCO\/UNITWIN\u00bb font_container=\u00bbtag:h3|text_align:left|color:%23198c49&#8243; google_fonts=\u00bbfont_family:Droid%20Sans%3Aregular%2C700|font_style:400%20regular%3A400%3Anormal\u00bb][vc_column_text]<\/p>\n<p style=\"text-align: justify;\"><span style=\"font-weight: 400; font-size: 12pt;\">En el marco de la 39\u00aa Conferencia General de la UNESCO (30 octubre- 14 noviembre 2017) tuvo lugar el 31 de octubre, en Par\u00eds, la conferencia aniversario del programa de C\u00e1tedras UNESCO\/UNITWIN. <\/span><\/p>\n<p style=\"text-align: justify;\"><span style=\"font-weight: 400; font-size: 12pt;\">Con esta celebraci\u00f3n se rememoraron los logros del Programa UNITWIN durante los \u00faltimos 25 a\u00f1os, y se reflexion\u00f3 sobre la contribuci\u00f3n de las C\u00e1tedras UNESCO y las Redes UNITWIN a la Agenda 2030 para el Desarrollo Sostenible.<\/span><\/p>\n<p style=\"text-align: justify;\"><span style=\"font-size: 12pt;\"><span style=\"font-weight: 400;\">En la misma tom\u00f3 parte la C\u00e1tedra UNESCO sobre Desarrollo Sostenible y Educaci\u00f3n Ambiental de la UPV\/EHU, siendo representada por Jasone Unzueta, y con la presentaci\u00f3n de un <\/span><strong><a href=\"http:\/\/www.ehu.eus\/cdsea\/web\/wp-content\/uploads\/2017\/03\/UNESCO-CHAIR-BASQUE-COUNTRY-SPN-UNITWIN-25-Anniversary-Event-General-Conference-04-09-17.pdf\" target=\"_blank\" rel=\"noopener\">p\u00f3ster<\/a><\/strong><span style=\"font-weight: 400;\"> que fue proyectado en pantallas durante la celebraci\u00f3n del evento.<\/span><\/span><\/p>\n<p style=\"text-align: justify;\"><span style=\"font-weight: 400; font-size: 12pt;\">En la conferencia se cont\u00f3, entre otros, \u00a0con la participaci\u00f3n de la ministra de Educaci\u00f3n \u00a0y Ciencia de Rusia, Olga Vasilieva; el director de la red UNITWIN-GUNI, Josep M. Vilalta, y David Atchoarena, director de la divisi\u00f3n para las pol\u00edticas y sistemas de aprendizaje de la UNESCO.<\/span><\/p>\n<p>[\/vc_column_text][\/vc_column][\/vc_row]<\/p>\n","protected":false},"excerpt":{"rendered":"<p>[vc_row][vc_column][vc_custom_heading text=\u00bb25 ANIVERSARIO DEL PROGRAMA DE C\u00c1TEDRAS UNESCO\/UNITWIN\u00bb font_container=\u00bbtag:h3|text_align:left|color:%23198c49&#8243; google_fonts=\u00bbfont_family:Droid%20Sans%3Aregular%2C700|font_style:400%20regular%3A400%3Anormal\u00bb][vc_column_text] En el marco de la 39\u00aa Conferencia General de la UNESCO (30 octubre- 14 noviembre 2017) tuvo lugar el 31 de octubre, en Par\u00eds, la conferencia aniversario del programa de C\u00e1tedras UNESCO\/UNITWIN. Con esta celebraci\u00f3n se rememoraron los logros del Programa UNITWIN durante los \u00faltimos [&hellip;]<\/p>\n","protected":false},"author":1,"featured_media":0,"parent":0,"menu_order":0,"comment_status":"closed","ping_status":"closed","template":"","meta":{"footnotes":""},"class_list":["post-5173","page","type-page","status-publish","hentry"],"_links":{"self":[{"href":"https:\/\/www.ehu.eus\/cdsea\/web\/index.php\/wp-json\/wp\/v2\/pages\/5173"}],"collection":[{"href":"https:\/\/www.ehu.eus\/cdsea\/web\/index.php\/wp-json\/wp\/v2\/pages"}],"about":[{"href":"https:\/\/www.ehu.eus\/cdsea\/web\/index.php\/wp-json\/wp\/v2\/types\/page"}],"author":[{"embeddable":true,"href":"https:\/\/www.ehu.eus\/cdsea\/web\/index.php\/wp-json\/wp\/v2\/users\/1"}],"replies":[{"embeddable":true,"href":"https:\/\/www.ehu.eus\/cdsea\/web\/index.php\/wp-json\/wp\/v2\/comments?post=5173"}],"version-history":[{"count":1,"href":"https:\/\/www.ehu.eus\/cdsea\/web\/index.php\/wp-json\/wp\/v2\/pages\/5173\/revisions"}],"predecessor-version":[{"id":5174,"href":"https:\/\/www.ehu.eus\/cdsea\/web\/index.php\/wp-json\/wp\/v2\/pages\/5173\/revisions\/5174"}],"wp:attachment":[{"href":"https:\/\/www.ehu.eus\/cdsea\/web\/index.php\/wp-json\/wp\/v2\/media?parent=5173"}],"curies":[{"name":"wp","href":"https:\/\/api.w.org\/{rel}","templated":true}]}}