{"id":5189,"date":"2017-11-07T19:39:40","date_gmt":"2017-11-07T19:39:40","guid":{"rendered":"http:\/\/www.ehu.eus\/cdsea\/web\/?page_id=5189"},"modified":"2017-11-27T20:45:41","modified_gmt":"2017-11-27T20:45:41","slug":"06-11-2017-euskal-herriko-unesco-sarea-ehus","status":"publish","type":"page","link":"https:\/\/www.ehu.eus\/cdsea\/web\/index.php\/06-11-2017-euskal-herriko-unesco-sarea-ehus\/","title":{"rendered":"Euskal Herriko UNESCO Sarea (EHUS)"},"content":{"rendered":"<p>[vc_row][vc_column][vc_custom_heading text=\u00bbEUSKAL HERRIKO UNESCO SAREA (EHUS)\u00bb font_container=\u00bbtag:h3|text_align:left|color:%23198c49&#8243; google_fonts=\u00bbfont_family:Droid%20Sans%3Aregular%2C700|font_style:400%20regular%3A400%3Anormal\u00bb][vc_column_text]<\/p>\n<p style=\"text-align: justify;\"><span style=\"font-size: 12pt;\"><i><span style=\"font-weight: 400;\"><img loading=\"lazy\" decoding=\"async\" class=\"size-medium wp-image-5641 alignright\" src=\"http:\/\/www.ehu.eus\/cdsea\/web\/wp-content\/uploads\/2017\/11\/fotozestona2-300x169.jpg\" alt=\"\" width=\"300\" height=\"169\" srcset=\"https:\/\/www.ehu.eus\/cdsea\/web\/wp-content\/uploads\/2017\/11\/fotozestona2-300x169.jpg 300w, https:\/\/www.ehu.eus\/cdsea\/web\/wp-content\/uploads\/2017\/11\/fotozestona2-600x338.jpg 600w, https:\/\/www.ehu.eus\/cdsea\/web\/wp-content\/uploads\/2017\/11\/fotozestona2.jpg 617w\" sizes=\"(max-width: 300px) 100vw, 300px\" \/>Euskal Herriko UNESCO Sarea (EHUS)<\/span><\/i><span style=\"font-weight: 400;\"> es una red formada por 19 instituciones p\u00fablicas y privadas vascas vinculadas a UNESCO: Escuelas Asociadas a la Red PEAS, Bibliotecas Asociadas, C\u00e1tedras UNESCO, Centros y Clubes UNESCO, Reservas de la Biosfera, Geoparques, sitios Patrimonio Mundial y Red de Ciudades Creativas. <\/span><\/span><\/p>\n<p style=\"text-align: justify;\"><span style=\"font-weight: 400; font-size: 12pt;\">A esta red pertenece la C\u00e1tedra UNESCO, y con motivo del encuentro anual que este a\u00f1o tendr\u00e1 lugar en Zestoa, el 6 de noviembre, la C\u00e1tedra tomar\u00e1 parte con una intervenci\u00f3n en la que tratar\u00e1 nuestra contribuci\u00f3n, a trav\u00e9s de las actividades y proyectos, a la consecuci\u00f3n de los Objetivos de Desarrollo Sostenible (ODS).<\/span><\/p>\n<p>[\/vc_column_text][\/vc_column][\/vc_row]<\/p>\n","protected":false},"excerpt":{"rendered":"<p>[vc_row][vc_column][vc_custom_heading text=\u00bbEUSKAL HERRIKO UNESCO SAREA (EHUS)\u00bb font_container=\u00bbtag:h3|text_align:left|color:%23198c49&#8243; google_fonts=\u00bbfont_family:Droid%20Sans%3Aregular%2C700|font_style:400%20regular%3A400%3Anormal\u00bb][vc_column_text] Euskal Herriko UNESCO Sarea (EHUS) es una red formada por 19 instituciones p\u00fablicas y privadas vascas vinculadas a UNESCO: Escuelas Asociadas a la Red PEAS, Bibliotecas Asociadas, C\u00e1tedras UNESCO, Centros y Clubes UNESCO, Reservas de la Biosfera, Geoparques, sitios Patrimonio Mundial y Red de Ciudades Creativas. A [&hellip;]<\/p>\n","protected":false},"author":1,"featured_media":0,"parent":0,"menu_order":0,"comment_status":"closed","ping_status":"closed","template":"","meta":{"footnotes":""},"class_list":["post-5189","page","type-page","status-publish","hentry"],"_links":{"self":[{"href":"https:\/\/www.ehu.eus\/cdsea\/web\/index.php\/wp-json\/wp\/v2\/pages\/5189"}],"collection":[{"href":"https:\/\/www.ehu.eus\/cdsea\/web\/index.php\/wp-json\/wp\/v2\/pages"}],"about":[{"href":"https:\/\/www.ehu.eus\/cdsea\/web\/index.php\/wp-json\/wp\/v2\/types\/page"}],"author":[{"embeddable":true,"href":"https:\/\/www.ehu.eus\/cdsea\/web\/index.php\/wp-json\/wp\/v2\/users\/1"}],"replies":[{"embeddable":true,"href":"https:\/\/www.ehu.eus\/cdsea\/web\/index.php\/wp-json\/wp\/v2\/comments?post=5189"}],"version-history":[{"count":2,"href":"https:\/\/www.ehu.eus\/cdsea\/web\/index.php\/wp-json\/wp\/v2\/pages\/5189\/revisions"}],"predecessor-version":[{"id":5642,"href":"https:\/\/www.ehu.eus\/cdsea\/web\/index.php\/wp-json\/wp\/v2\/pages\/5189\/revisions\/5642"}],"wp:attachment":[{"href":"https:\/\/www.ehu.eus\/cdsea\/web\/index.php\/wp-json\/wp\/v2\/media?parent=5189"}],"curies":[{"name":"wp","href":"https:\/\/api.w.org\/{rel}","templated":true}]}}