{"id":52,"date":"2016-11-15T14:33:03","date_gmt":"2016-11-15T14:33:03","guid":{"rendered":"http:\/\/www.ehu.eus\/cdsea\/cdseawp\/?page_id=52"},"modified":"2024-09-13T13:18:23","modified_gmt":"2024-09-13T11:18:23","slug":"contexto","status":"publish","type":"page","link":"https:\/\/www.ehu.eus\/cdsea\/web\/index.php\/investigacion\/servicios-ecosistema-euskadi\/contexto\/","title":{"rendered":"Contexto"},"content":{"rendered":"<nav class=\"is-responsive wp-block-navigation is-layout-flex wp-block-navigation-is-layout-flex\" aria-label=\"Servicios Ecosistemas Euskadi\" \n\t\t data-wp-interactive=\"core\/navigation\" data-wp-context='{\"overlayOpenedBy\":{\"click\":false,\"hover\":false,\"focus\":false},\"type\":\"overlay\",\"roleAttribute\":\"\",\"ariaLabel\":\"Men\\u00fa\"}'><button aria-haspopup=\"dialog\" aria-label=\"Abrir el men\u00fa\" class=\"wp-block-navigation__responsive-container-open \" \n\t\t\t\tdata-wp-on-async--click=\"actions.openMenuOnClick\"\n\t\t\t\tdata-wp-on--keydown=\"actions.handleMenuKeydown\"\n\t\t\t><svg width=\"24\" height=\"24\" xmlns=\"http:\/\/www.w3.org\/2000\/svg\" viewBox=\"0 0 24 24\" aria-hidden=\"true\" focusable=\"false\"><rect x=\"4\" y=\"7.5\" width=\"16\" height=\"1.5\" \/><rect x=\"4\" y=\"15\" width=\"16\" height=\"1.5\" \/><\/svg><\/button>\n\t\t\t\t<div class=\"wp-block-navigation__responsive-container  \"  id=\"modal-1\" \n\t\t\t\tdata-wp-class--has-modal-open=\"state.isMenuOpen\"\n\t\t\t\tdata-wp-class--is-menu-open=\"state.isMenuOpen\"\n\t\t\t\tdata-wp-watch=\"callbacks.initMenu\"\n\t\t\t\tdata-wp-on--keydown=\"actions.handleMenuKeydown\"\n\t\t\t\tdata-wp-on-async--focusout=\"actions.handleMenuFocusout\"\n\t\t\t\ttabindex=\"-1\"\n\t\t\t>\n\t\t\t\t\t<div class=\"wp-block-navigation__responsive-close\" tabindex=\"-1\">\n\t\t\t\t\t\t<div class=\"wp-block-navigation__responsive-dialog\" \n\t\t\t\tdata-wp-bind--aria-modal=\"state.ariaModal\"\n\t\t\t\tdata-wp-bind--aria-label=\"state.ariaLabel\"\n\t\t\t\tdata-wp-bind--role=\"state.roleAttribute\"\n\t\t\t>\n\t\t\t\t\t\t\t<button aria-label=\"Cerrar el men\u00fa\" class=\"wp-block-navigation__responsive-container-close\" \n\t\t\t\tdata-wp-on-async--click=\"actions.closeMenuOnClick\"\n\t\t\t><svg xmlns=\"http:\/\/www.w3.org\/2000\/svg\" viewBox=\"0 0 24 24\" width=\"24\" height=\"24\" aria-hidden=\"true\" focusable=\"false\"><path d=\"M13 11.8l6.1-6.3-1-1-6.1 6.2-6.1-6.2-1 1 6.1 6.3-6.5 6.7 1 1 6.5-6.6 6.5 6.6 1-1z\"><\/path><\/svg><\/button>\n\t\t\t\t\t\t\t<div class=\"wp-block-navigation__responsive-container-content\" \n\t\t\t\tdata-wp-watch=\"callbacks.focusFirstElement\"\n\t\t\t id=\"modal-1-content\">\n\t\t\t\t\t\t\t\t<ul class=\"wp-block-navigation__container is-responsive wp-block-navigation\"><li data-wp-context=\"{ &quot;submenuOpenedBy&quot;: { &quot;click&quot;: false, &quot;hover&quot;: false, &quot;focus&quot;: false }, &quot;type&quot;: &quot;submenu&quot; }\" data-wp-interactive=\"core\/navigation\" data-wp-on--focusout=\"actions.handleMenuFocusout\" data-wp-on--keydown=\"actions.handleMenuKeydown\" data-wp-on-async--mouseenter=\"actions.openMenuOnHover\" data-wp-on-async--mouseleave=\"actions.closeMenuOnHover\" data-wp-watch=\"callbacks.initMenu\" tabindex=\"-1\" class=\" wp-block-navigation-item has-child open-on-hover-click wp-block-navigation-submenu\"><a class=\"wp-block-navigation-item__content\" href=\"https:\/\/www.ehu.eus\/cdsea\/web\/index.php\/investigacion\/servicios-ecosistema-euskadi\/\">Servicios Ecosistema Euskadi<\/a><button data-wp-bind--aria-expanded=\"state.isMenuOpen\" data-wp-on-async--click=\"actions.toggleMenuOnClick\" aria-label=\"Submen\u00fa de Servicios Ecosistema Euskadi\" class=\"wp-block-navigation__submenu-icon wp-block-navigation-submenu__toggle\" ><svg xmlns=\"http:\/\/www.w3.org\/2000\/svg\" width=\"12\" height=\"12\" viewBox=\"0 0 12 12\" fill=\"none\" aria-hidden=\"true\" focusable=\"false\"><path d=\"M1.50002 4L6.00002 8L10.5 4\" stroke-width=\"1.5\"><\/path><\/svg><\/button><ul data-wp-on-async--focus=\"actions.openMenuOnFocus\" class=\"wp-block-navigation__submenu-container wp-block-navigation-submenu\"><li class=\" wp-block-navigation-item wp-block-navigation-link\"><a class=\"wp-block-navigation-item__content\"  href=\"https:\/\/www.ehu.eus\/cdsea\/web\/index.php\/servicios-de-los-ecosistemas-webmap\/\"><span class=\"wp-block-navigation-item__label\">Story Map<\/span><\/a><\/li><li class=\" wp-block-navigation-item wp-block-navigation-link\"><a class=\"wp-block-navigation-item__content\"  href=\"https:\/\/www.ehu.eus\/cdsea\/web\/index.php\/investigacion\/servicios-ecosistema-euskadi\/emm\/\"><span class=\"wp-block-navigation-item__label\">Evaluaci\u00f3n Milenio<\/span><\/a><\/li><li class=\" wp-block-navigation-item wp-block-navigation-link\"><a class=\"wp-block-navigation-item__content\"  href=\"https:\/\/www.ehu.eus\/cdsea\/web\/index.php\/investigacion\/servicios-ecosistema-euskadi\/contexto\/\"><span class=\"wp-block-navigation-item__label\">Contexto<\/span><\/a><\/li><li class=\" wp-block-navigation-item wp-block-navigation-link\"><a class=\"wp-block-navigation-item__content\"  href=\"https:\/\/www.ehu.eus\/cdsea\/web\/index.php\/investigacion\/servicios-ecosistema-euskadi\/marco-conceptual\/\"><span class=\"wp-block-navigation-item__label\">Marco conceptual<\/span><\/a><\/li><li class=\" wp-block-navigation-item wp-block-navigation-link\"><a class=\"wp-block-navigation-item__content\"  href=\"https:\/\/www.ehu.eus\/cdsea\/web\/index.php\/investigacion\/servicios-ecosistema-euskadi\/objetivos\/\"><span class=\"wp-block-navigation-item__label\">Objetivos y Resultados<\/span><\/a><\/li><li class=\" wp-block-navigation-item wp-block-navigation-link\"><a class=\"wp-block-navigation-item__content\"  href=\"https:\/\/www.ehu.eus\/cdsea\/web\/index.php\/investigacion\/servicios-ecosistema-euskadi\/difusion\/\"><span class=\"wp-block-navigation-item__label\">Difusi\u00f3n<\/span><\/a><\/li><li class=\" wp-block-navigation-item wp-block-navigation-link\"><a class=\"wp-block-navigation-item__content\"  href=\"https:\/\/www.ehu.eus\/cdsea\/web\/index.php\/investigacion\/servicios-ecosistema-euskadi\/webs-relacionadas\/\"><span class=\"wp-block-navigation-item__label\">Webs relacionadas<\/span><\/a><\/li><li class=\" wp-block-navigation-item wp-block-navigation-link\"><a class=\"wp-block-navigation-item__content\"  href=\"https:\/\/www.ehu.eus\/cdsea\/web\/index.php\/investigacion\/servicios-ecosistema-euskadi\/contacto\/\"><span class=\"wp-block-navigation-item__label\">Contacto<\/span><\/a><\/li><\/ul><\/li><\/ul>\n\t\t\t\t\t\t\t<\/div>\n\t\t\t\t\t\t<\/div>\n\t\t\t\t\t<\/div>\n\t\t\t\t<\/div><\/nav>\n\n<p style=\"text-align: justify;\"><span style=\"font-size: 12pt;\"><img loading=\"lazy\" decoding=\"async\" class=\"size-medium wp-image-592 alignright\" src=\"http:\/\/www.ehu.eus\/cdsea\/web\/wp-content\/uploads\/2016\/11\/Logo_Bizkaia-300x122.jpg\" alt=\"logo_bizkaia\" width=\"300\" height=\"122\" srcset=\"https:\/\/www.ehu.eus\/cdsea\/web\/wp-content\/uploads\/2016\/11\/Logo_Bizkaia-300x122.jpg 300w, https:\/\/www.ehu.eus\/cdsea\/web\/wp-content\/uploads\/2016\/11\/Logo_Bizkaia.jpg 340w\" sizes=\"(max-width: 300px) 100vw, 300px\" \/>El proyecto <strong><em><a href=\"http:\/\/www.ehu.eus\/cdsea\/web\/index.php\/investigacion\/servicios-ecosistema-euskadi\/\" target=\"_blank\" rel=\"noopener\">Evaluaci\u00f3n de los Servicios de los Ecosistemas de Euskadi<\/a>\u00a0<\/em><\/strong>comenz\u00f3 su andadura en el a\u00f1o 2008 con el proyecto denominado <em><a href=\"http:\/\/www.ehu.eus\/cdsea\/web\/index.php\/investigacion\/servicios-ecosistemas-bizkaia\/\" target=\"_blank\" rel=\"noopener\"><strong>Evaluaci\u00f3n de los Ecosistemas del Milenio en Bizkaia (EEM Bizkaia)<\/strong><\/a><\/em>financiado por la Diputaci\u00f3n Foral de Bizkaia y realizado por la C\u00e1tedra UNESCO (UPV\/EHU). La EEM Bizkaia se enmarc\u00f3 dentro del Programa Cient\u00edfico Internacional de Naciones Unidas, <a href=\"http:\/\/www.millenniumassessment.org\/es\/\" target=\"_blank\" rel=\"noopener\"><strong><em>Evaluaci\u00f3n de los Ecosistemas del Milenio (EEM)<\/em><\/strong><\/a> con el objetivo de generar conocimiento cient\u00edfico sobre las consecuencias de las alteraciones en los ecosistemas debidas al impacto de las pol\u00edticas de gesti\u00f3n que pueda ser aplicado en el \u00e1mbito p\u00fablico y privado, as\u00ed como presentar posibles opciones de respuesta.<\/span><\/p>\n<p style=\"text-align: justify;\"><span style=\"font-size: 12pt;\">La EEM Bizkaia fue aceptada como evaluaci\u00f3n sub-global (SGA)en el marco del proceso<strong> \u201c<em>Ecosystem Assessment Follow-up<\/em>\u201d<\/strong> el 1 de diciembre de 2009. En ella participaron adem\u00e1s de investigadores de la C\u00e1tedra UNESCO (UPV\/EHU), los responsables de la <a href=\"http:\/\/www.ecomilenio.es\/\" target=\"_blank\" rel=\"noopener\"><em><strong>Evaluaci\u00f3n de los Ecosistemas del Milenio en Espa\u00f1a<\/strong><\/em><\/a><strong>,<\/strong> principalmente en cuestiones relacionadas con asesoramiento y unificaci\u00f3n de metodolog\u00edas y criterios, as\u00ed como UNESCO Etxea (Centro UNESCO Pa\u00eds Vasco) mediante la difusi\u00f3n del proyecto y puesta en valor del mismo a nivel internacional.<\/span><\/p>\n<p style=\"text-align: justify;\"><span style=\"font-size: 12pt;\"><img loading=\"lazy\" decoding=\"async\" class=\"size-medium wp-image-248 alignleft\" src=\"http:\/\/www.ehu.eus\/cdsea\/web\/wp-content\/uploads\/2016\/11\/Logo_SEE-300x161.jpg\" alt=\"logo_see\" width=\"300\" height=\"161\" srcset=\"https:\/\/www.ehu.eus\/cdsea\/web\/wp-content\/uploads\/2016\/11\/Logo_SEE-300x161.jpg 300w, https:\/\/www.ehu.eus\/cdsea\/web\/wp-content\/uploads\/2016\/11\/Logo_SEE-768x411.jpg 768w, https:\/\/www.ehu.eus\/cdsea\/web\/wp-content\/uploads\/2016\/11\/Logo_SEE-1024x548.jpg 1024w, https:\/\/www.ehu.eus\/cdsea\/web\/wp-content\/uploads\/2016\/11\/Logo_SEE-600x321.jpg 600w, https:\/\/www.ehu.eus\/cdsea\/web\/wp-content\/uploads\/2016\/11\/Logo_SEE.jpg 2048w\" sizes=\"(max-width: 300px) 100vw, 300px\" \/>En el a\u00f1o 2011 se comenz\u00f3 paralelamente con la EEM Bizkaia el proyecto <em><strong>Evaluaci\u00f3n de los Ecosistemas del Milenio en la CAPV<\/strong> <\/em>financiado por el Gobierno Vasco. Los objetivos que se persegu\u00edan eran los mismos, aunque las l\u00edneas de trabajo algo diferentes ya que se quer\u00eda trabajar a una escala m\u00e1s grande, como era Euskadi, para buscar la aplicabilidad de los resultados en las pol\u00edticas y en la gesti\u00f3n sostenible de todo el territorio.<\/span><\/p>\n<p style=\"text-align: justify;\"><span style=\"font-size: 12pt;\">En el a\u00f1o 2014 finalmente se comenzaron los tr\u00e1mites para comenzar una nueva andadura juntos de la mano ambos proyectos y en 2015 se comenz\u00f3 con el proyecto <em><a href=\"http:\/\/www.ehu.eus\/cdsea\/web\/index.php\/investigacion\/servicios-ecosistema-euskadi\/\" target=\"_blank\" rel=\"noopener\"><strong>Evaluaci\u00f3n de los Servicios de los Ecosistemas de Euskadi <\/strong><\/a><\/em>en el que se aunaron esfuerzos, metodolog\u00edas, equipos y financiaci\u00f3n para conseguir los objetivos comunes y cumplir con las acciones marcadas desde Europa.<\/span><\/p>\n<p style=\"text-align: justify;\"><span style=\"font-size: 12pt;\">En la Estrategia de Biodiversidad para el 2020 desarrollada por la Comisi\u00f3n Europea, en su acci\u00f3n 5, se insta a los Estados Miembros a evaluar cuantitativamente y cartografiar los servicios de los ecosistemas para el 2020. Esta Estrategia es la base para el desarrollo de nuevas pol\u00edticas (marco del agua, cambio clim\u00e1tico, pol\u00edticas agr\u00edcolas y marinas, etc.), por lo que cumplir con las acciones marcadas en ella es un reto muy importante para Euskadi.<\/span><\/p>","protected":false},"excerpt":{"rendered":"<p>El proyecto Evaluaci\u00f3n de los Servicios de los Ecosistemas de Euskadi\u00a0comenz\u00f3 su andadura en el a\u00f1o 2008 con el proyecto denominado Evaluaci\u00f3n de los Ecosistemas del Milenio en Bizkaia (EEM Bizkaia)financiado por la Diputaci\u00f3n Foral de Bizkaia y realizado por la C\u00e1tedra UNESCO (UPV\/EHU). La EEM Bizkaia se enmarc\u00f3 dentro del Programa Cient\u00edfico Internacional de [&hellip;]<\/p>\n","protected":false},"author":1,"featured_media":0,"parent":48,"menu_order":2,"comment_status":"closed","ping_status":"closed","template":"","meta":{"footnotes":""},"class_list":["post-52","page","type-page","status-publish","hentry"],"_links":{"self":[{"href":"https:\/\/www.ehu.eus\/cdsea\/web\/index.php\/wp-json\/wp\/v2\/pages\/52"}],"collection":[{"href":"https:\/\/www.ehu.eus\/cdsea\/web\/index.php\/wp-json\/wp\/v2\/pages"}],"about":[{"href":"https:\/\/www.ehu.eus\/cdsea\/web\/index.php\/wp-json\/wp\/v2\/types\/page"}],"author":[{"embeddable":true,"href":"https:\/\/www.ehu.eus\/cdsea\/web\/index.php\/wp-json\/wp\/v2\/users\/1"}],"replies":[{"embeddable":true,"href":"https:\/\/www.ehu.eus\/cdsea\/web\/index.php\/wp-json\/wp\/v2\/comments?post=52"}],"version-history":[{"count":6,"href":"https:\/\/www.ehu.eus\/cdsea\/web\/index.php\/wp-json\/wp\/v2\/pages\/52\/revisions"}],"predecessor-version":[{"id":18293,"href":"https:\/\/www.ehu.eus\/cdsea\/web\/index.php\/wp-json\/wp\/v2\/pages\/52\/revisions\/18293"}],"up":[{"embeddable":true,"href":"https:\/\/www.ehu.eus\/cdsea\/web\/index.php\/wp-json\/wp\/v2\/pages\/48"}],"wp:attachment":[{"href":"https:\/\/www.ehu.eus\/cdsea\/web\/index.php\/wp-json\/wp\/v2\/media?parent=52"}],"curies":[{"name":"wp","href":"https:\/\/api.w.org\/{rel}","templated":true}]}}