{"id":56,"date":"2016-11-15T14:33:42","date_gmt":"2016-11-15T14:33:42","guid":{"rendered":"http:\/\/www.ehu.eus\/cdsea\/cdseawp\/?page_id=56"},"modified":"2024-09-13T13:20:20","modified_gmt":"2024-09-13T11:20:20","slug":"objetivos","status":"publish","type":"page","link":"https:\/\/www.ehu.eus\/cdsea\/web\/index.php\/investigacion\/servicios-ecosistema-euskadi\/objetivos\/","title":{"rendered":"Objetivos y Resultados"},"content":{"rendered":"<nav class=\"is-responsive wp-block-navigation is-layout-flex wp-block-navigation-is-layout-flex\" aria-label=\"Servicios Ecosistemas Euskadi\" \n\t\t data-wp-interactive=\"core\/navigation\" data-wp-context='{\"overlayOpenedBy\":{\"click\":false,\"hover\":false,\"focus\":false},\"type\":\"overlay\",\"roleAttribute\":\"\",\"ariaLabel\":\"Men\\u00fa\"}'><button aria-haspopup=\"dialog\" aria-label=\"Abrir el men\u00fa\" class=\"wp-block-navigation__responsive-container-open \" \n\t\t\t\tdata-wp-on-async--click=\"actions.openMenuOnClick\"\n\t\t\t\tdata-wp-on--keydown=\"actions.handleMenuKeydown\"\n\t\t\t><svg width=\"24\" height=\"24\" xmlns=\"http:\/\/www.w3.org\/2000\/svg\" viewBox=\"0 0 24 24\" aria-hidden=\"true\" focusable=\"false\"><rect x=\"4\" y=\"7.5\" width=\"16\" height=\"1.5\" \/><rect x=\"4\" y=\"15\" width=\"16\" height=\"1.5\" \/><\/svg><\/button>\n\t\t\t\t<div class=\"wp-block-navigation__responsive-container  \"  id=\"modal-1\" \n\t\t\t\tdata-wp-class--has-modal-open=\"state.isMenuOpen\"\n\t\t\t\tdata-wp-class--is-menu-open=\"state.isMenuOpen\"\n\t\t\t\tdata-wp-watch=\"callbacks.initMenu\"\n\t\t\t\tdata-wp-on--keydown=\"actions.handleMenuKeydown\"\n\t\t\t\tdata-wp-on-async--focusout=\"actions.handleMenuFocusout\"\n\t\t\t\ttabindex=\"-1\"\n\t\t\t>\n\t\t\t\t\t<div class=\"wp-block-navigation__responsive-close\" tabindex=\"-1\">\n\t\t\t\t\t\t<div class=\"wp-block-navigation__responsive-dialog\" \n\t\t\t\tdata-wp-bind--aria-modal=\"state.ariaModal\"\n\t\t\t\tdata-wp-bind--aria-label=\"state.ariaLabel\"\n\t\t\t\tdata-wp-bind--role=\"state.roleAttribute\"\n\t\t\t>\n\t\t\t\t\t\t\t<button aria-label=\"Cerrar el men\u00fa\" class=\"wp-block-navigation__responsive-container-close\" \n\t\t\t\tdata-wp-on-async--click=\"actions.closeMenuOnClick\"\n\t\t\t><svg xmlns=\"http:\/\/www.w3.org\/2000\/svg\" viewBox=\"0 0 24 24\" width=\"24\" height=\"24\" aria-hidden=\"true\" focusable=\"false\"><path d=\"M13 11.8l6.1-6.3-1-1-6.1 6.2-6.1-6.2-1 1 6.1 6.3-6.5 6.7 1 1 6.5-6.6 6.5 6.6 1-1z\"><\/path><\/svg><\/button>\n\t\t\t\t\t\t\t<div class=\"wp-block-navigation__responsive-container-content\" \n\t\t\t\tdata-wp-watch=\"callbacks.focusFirstElement\"\n\t\t\t id=\"modal-1-content\">\n\t\t\t\t\t\t\t\t<ul class=\"wp-block-navigation__container is-responsive wp-block-navigation\"><li data-wp-context=\"{ &quot;submenuOpenedBy&quot;: { &quot;click&quot;: false, &quot;hover&quot;: false, &quot;focus&quot;: false }, &quot;type&quot;: &quot;submenu&quot; }\" data-wp-interactive=\"core\/navigation\" data-wp-on--focusout=\"actions.handleMenuFocusout\" data-wp-on--keydown=\"actions.handleMenuKeydown\" data-wp-on-async--mouseenter=\"actions.openMenuOnHover\" data-wp-on-async--mouseleave=\"actions.closeMenuOnHover\" data-wp-watch=\"callbacks.initMenu\" tabindex=\"-1\" class=\" wp-block-navigation-item has-child open-on-hover-click wp-block-navigation-submenu\"><a class=\"wp-block-navigation-item__content\" href=\"https:\/\/www.ehu.eus\/cdsea\/web\/index.php\/investigacion\/servicios-ecosistema-euskadi\/\">Servicios Ecosistema Euskadi<\/a><button data-wp-bind--aria-expanded=\"state.isMenuOpen\" data-wp-on-async--click=\"actions.toggleMenuOnClick\" aria-label=\"Submen\u00fa de Servicios Ecosistema Euskadi\" class=\"wp-block-navigation__submenu-icon wp-block-navigation-submenu__toggle\" ><svg xmlns=\"http:\/\/www.w3.org\/2000\/svg\" width=\"12\" height=\"12\" viewBox=\"0 0 12 12\" fill=\"none\" aria-hidden=\"true\" focusable=\"false\"><path d=\"M1.50002 4L6.00002 8L10.5 4\" stroke-width=\"1.5\"><\/path><\/svg><\/button><ul data-wp-on-async--focus=\"actions.openMenuOnFocus\" class=\"wp-block-navigation__submenu-container wp-block-navigation-submenu\"><li class=\" wp-block-navigation-item wp-block-navigation-link\"><a class=\"wp-block-navigation-item__content\"  href=\"https:\/\/www.ehu.eus\/cdsea\/web\/index.php\/servicios-de-los-ecosistemas-webmap\/\"><span class=\"wp-block-navigation-item__label\">Story Map<\/span><\/a><\/li><li class=\" wp-block-navigation-item wp-block-navigation-link\"><a class=\"wp-block-navigation-item__content\"  href=\"https:\/\/www.ehu.eus\/cdsea\/web\/index.php\/investigacion\/servicios-ecosistema-euskadi\/emm\/\"><span class=\"wp-block-navigation-item__label\">Evaluaci\u00f3n Milenio<\/span><\/a><\/li><li class=\" wp-block-navigation-item wp-block-navigation-link\"><a class=\"wp-block-navigation-item__content\"  href=\"https:\/\/www.ehu.eus\/cdsea\/web\/index.php\/investigacion\/servicios-ecosistema-euskadi\/contexto\/\"><span class=\"wp-block-navigation-item__label\">Contexto<\/span><\/a><\/li><li class=\" wp-block-navigation-item wp-block-navigation-link\"><a class=\"wp-block-navigation-item__content\"  href=\"https:\/\/www.ehu.eus\/cdsea\/web\/index.php\/investigacion\/servicios-ecosistema-euskadi\/marco-conceptual\/\"><span class=\"wp-block-navigation-item__label\">Marco conceptual<\/span><\/a><\/li><li class=\" wp-block-navigation-item wp-block-navigation-link\"><a class=\"wp-block-navigation-item__content\"  href=\"https:\/\/www.ehu.eus\/cdsea\/web\/index.php\/investigacion\/servicios-ecosistema-euskadi\/objetivos\/\"><span class=\"wp-block-navigation-item__label\">Objetivos y Resultados<\/span><\/a><\/li><li class=\" wp-block-navigation-item wp-block-navigation-link\"><a class=\"wp-block-navigation-item__content\"  href=\"https:\/\/www.ehu.eus\/cdsea\/web\/index.php\/investigacion\/servicios-ecosistema-euskadi\/difusion\/\"><span class=\"wp-block-navigation-item__label\">Difusi\u00f3n<\/span><\/a><\/li><li class=\" wp-block-navigation-item wp-block-navigation-link\"><a class=\"wp-block-navigation-item__content\"  href=\"https:\/\/www.ehu.eus\/cdsea\/web\/index.php\/investigacion\/servicios-ecosistema-euskadi\/webs-relacionadas\/\"><span class=\"wp-block-navigation-item__label\">Webs relacionadas<\/span><\/a><\/li><li class=\" wp-block-navigation-item wp-block-navigation-link\"><a class=\"wp-block-navigation-item__content\"  href=\"https:\/\/www.ehu.eus\/cdsea\/web\/index.php\/investigacion\/servicios-ecosistema-euskadi\/contacto\/\"><span class=\"wp-block-navigation-item__label\">Contacto<\/span><\/a><\/li><\/ul><\/li><\/ul>\n\t\t\t\t\t\t\t<\/div>\n\t\t\t\t\t\t<\/div>\n\t\t\t\t\t<\/div>\n\t\t\t\t<\/div><\/nav>\n\n\n<p>S\u00edguenos en:<\/p>\n\n\n\n<ul class=\"wp-block-social-links aligncenter is-content-justification-center is-layout-flex wp-container-core-social-links-is-layout-1 wp-block-social-links-is-layout-flex\"><li class=\"wp-social-link wp-social-link-facebook  wp-block-social-link\"><a href=\"https:\/\/www.facebook.com\/ecosistemas.eus\/?locale=es_LA\" class=\"wp-block-social-link-anchor\"><svg width=\"24\" height=\"24\" viewBox=\"0 0 24 24\" version=\"1.1\" xmlns=\"http:\/\/www.w3.org\/2000\/svg\" aria-hidden=\"true\" focusable=\"false\"><path d=\"M12 2C6.5 2 2 6.5 2 12c0 5 3.7 9.1 8.4 9.9v-7H7.9V12h2.5V9.8c0-2.5 1.5-3.9 3.8-3.9 1.1 0 2.2.2 2.2.2v2.5h-1.3c-1.2 0-1.6.8-1.6 1.6V12h2.8l-.4 2.9h-2.3v7C18.3 21.1 22 17 22 12c0-5.5-4.5-10-10-10z\"><\/path><\/svg><span class=\"wp-block-social-link-label screen-reader-text\">Facebook<\/span><\/a><\/li>\n\n<li class=\"wp-social-link wp-social-link-twitter  wp-block-social-link\"><a href=\"https:\/\/x.com\/ecosistemas_eus?lang=es\" class=\"wp-block-social-link-anchor\"><svg width=\"24\" height=\"24\" viewBox=\"0 0 24 24\" version=\"1.1\" xmlns=\"http:\/\/www.w3.org\/2000\/svg\" aria-hidden=\"true\" focusable=\"false\"><path d=\"M22.23,5.924c-0.736,0.326-1.527,0.547-2.357,0.646c0.847-0.508,1.498-1.312,1.804-2.27 c-0.793,0.47-1.671,0.812-2.606,0.996C18.324,4.498,17.257,4,16.077,4c-2.266,0-4.103,1.837-4.103,4.103 c0,0.322,0.036,0.635,0.106,0.935C8.67,8.867,5.647,7.234,3.623,4.751C3.27,5.357,3.067,6.062,3.067,6.814 c0,1.424,0.724,2.679,1.825,3.415c-0.673-0.021-1.305-0.206-1.859-0.513c0,0.017,0,0.034,0,0.052c0,1.988,1.414,3.647,3.292,4.023 c-0.344,0.094-0.707,0.144-1.081,0.144c-0.264,0-0.521-0.026-0.772-0.074c0.522,1.63,2.038,2.816,3.833,2.85 c-1.404,1.1-3.174,1.756-5.096,1.756c-0.331,0-0.658-0.019-0.979-0.057c1.816,1.164,3.973,1.843,6.29,1.843 c7.547,0,11.675-6.252,11.675-11.675c0-0.178-0.004-0.355-0.012-0.531C20.985,7.47,21.68,6.747,22.23,5.924z\"><\/path><\/svg><span class=\"wp-block-social-link-label screen-reader-text\">Twitter<\/span><\/a><\/li><\/ul>\n\n\n\n<p><span style=\"font-size: 12pt;\"><strong>1.- <\/strong>Definir <a href=\"http:\/\/www.ehu.eus\/cdsea\/web\/wp-content\/uploads\/2017\/03\/1.Conceptos.pdf\"><strong>conceptos<\/strong><\/a> relacionados con los SE.<\/span><\/p>\n\n\n\n<p><span style=\"font-size: 12pt;\"><strong>2.- <\/strong><a href=\"http:\/\/www.ehu.eus\/cdsea\/web\/wp-content\/uploads\/2017\/03\/2.Identificacion.pdf\"><strong>Identificar ecosistemas<\/strong> y sus<strong> SE<\/strong><\/a>: <strong><a href=\"http:\/\/www.ehu.eus\/cdsea\/web\/wp-content\/uploads\/2017\/03\/CatalogoServicios.pdf\">Mapa de ecosistemas y Cat\u00e1logo de SE<\/a>.<\/strong><\/span><\/p>\n\n\n\n<p><span style=\"font-size: 12pt;\"><strong>3.- <\/strong>Analizar el <a href=\"http:\/\/www.ehu.eus\/cdsea\/web\/wp-content\/uploads\/2017\/03\/3.Evolucion.pdf\"><strong>estado actual y la evoluci\u00f3n de los SE<\/strong><\/a> y de sus principales <a href=\"http:\/\/www.ehu.eus\/cdsea\/web\/wp-content\/uploads\/2017\/03\/3.Evolucion.pdf\"><strong>impulsores directos de cambio<\/strong><\/a> durante las \u00faltimas d\u00e9cadas utilizando diferentes <strong>indicadores.<\/strong><\/span><\/p>\n\n\n\n<p><span style=\"font-size: 12pt;\"><strong>4.- <\/strong>Definir criterios y generar herramientas y modelos para la toma de decisiones relacionadas con la planificaci\u00f3n y gesti\u00f3n integrada del territorio, mediante la <a href=\"http:\/\/www.ehu.eus\/cdsea\/web\/wp-content\/uploads\/2017\/03\/4.Cartografiado.pdf\"><strong>valoraci\u00f3n y cartografiado<\/strong><\/a> de los principales SE <a href=\"https:\/\/web-argitalpena.adm.ehu.es\/listaproductos.asp?IdProducts=UBIPD235827&amp;titulo=Gu%EDa%20metodol%F3gica%20para%20el%20cartografiado%20de%20los%20Servicios%20de%20los%20Ecosistemas%20en%20Euskadi.%20Evaluaci%F3n%20de%20los%20Servicios%20de%20los%20Ecosistemas%20en%20Euskadi\"><strong>(Gu\u00eda metodol\u00f3gica)<\/strong> <\/a>para:<\/span><\/p>\n\n\n\n<ul class=\"wp-block-list\">\n<li><span style=\"font-size: 12pt;\">Conocer la distribuci\u00f3n espacial de los SE.<\/span><\/li>\n\n\n\n<li><span style=\"font-size: 12pt;\">Proponer una Infraestructura Verde a distintas escalas basada en \u00e1reas multifuncionales (m\u00faltiples SE).<\/span><\/li>\n\n\n\n<li><span style=\"font-size: 12pt;\">Analizar las sinergias y trade-offs para aumentar la oferta de SE.<\/span><\/li>\n\n\n\n<li><span style=\"font-size: 12pt;\">Analizar los conflictos entre la oferta y la demanda de SE para priorizar acciones.<\/span><\/li>\n\n\n\n<li><span style=\"font-size: 12pt;\">Analizar escenarios de futuro para identificar opciones de respuesta.<\/span><\/li>\n<\/ul>\n\n\n\n<p><span style=\"font-size: 12pt;\"><strong>5.- <\/strong>Analizar <a href=\"http:\/\/www.ehu.eus\/cdsea\/web\/wp-content\/uploads\/2017\/03\/5.Mecanismos.pdf\"><strong>mecanismos de integraci\u00f3n del enfoque de SE en la gesti\u00f3n:<\/strong><\/a><\/span><\/p>\n\n\n\n<ul class=\"wp-block-list\">\n<li><span style=\"font-size: 12pt;\">Desarrollar un indicador de multifuncionalidad del territorio a escala municipal para priorizar subvenciones, acciones, etc.<\/span><\/li>\n\n\n\n<li><span style=\"font-size: 12pt;\">Incluir el enfoque de SE en las directrices y planes territoriales (DOT, PTP, PRUG\u2026.). <strong>Gu\u00eda pr\u00e1ctica para la formulaci\u00f3n de planes y programas territoriales y urban\u00edsticos con perspectiva de SE.<\/strong><\/span><\/li>\n\n\n\n<li><span style=\"font-size: 12pt;\">Desarrollar un modelo para cuantificar el valor de los SE perdidos por el desarrollo de una carretera y la adecuaci\u00f3n de las medidascompensatorias propuestas para compensar esa p\u00e9rdida.<\/span><\/li>\n\n\n\n<li><span style=\"font-size: 12pt;\">Desarrollar una <a href=\"https:\/\/www.ehu.eus\/cdsea\/web\/index.php\/herramienta-para-la-evaluacion-de-la-infraestructura-verde-azul-a-escala-municipal-en-euskadi\/\"><b>herramienta para la evaluaci\u00f3n de la&nbsp;Infraestructura Verde-Azul&nbsp;a escala municipal en Euskadi <\/b><\/a>con el objetivo de que los municipios puedan evaluar la Infraestructura Verde-Azul potencial que poseen, as\u00ed como evaluar qu\u00e9 actuaciones son las m\u00e1s adecuadas desarrollar en sus municipios para aumentar y mejorar esa Infraestructura Verde-Azul en funci\u00f3n de las necesidades que posean en sus territorios.&nbsp;Esta herramienta lleva asociada una gu\u00eda<i> <\/i>en la que se explica paso por paso la herramienta, as\u00ed como la metodolog\u00eda y la informaci\u00f3n utilizada para desarrollarla.<\/span>\n<ul class=\"wp-block-list\">\n<li><a href=\"http:\/\/www.ehu.eus\/cdsea\/web\/wp-content\/uploads\/2017\/03\/Modelo_Final_2022.xlsx\">Herramienta para la evaluaci\u00f3n de la infraestructura verde-azul a escala municipal en Euskadi.<\/a><\/li>\n\n\n\n<li><a href=\"http:\/\/www.ehu.eus\/cdsea\/web\/wp-content\/uploads\/2017\/03\/Guia_Modelo_2022.pdf\">Gu\u00eda de la herramienta para la evaluaci\u00f3n de la infraestructura verde-azul a escala municipal en Euskadi.&nbsp;<\/a><\/li>\n<\/ul>\n<\/li>\n<\/ul>\n\n\n\n<p><span style=\"font-size: 12pt;\"><strong>6.- <\/strong>Conocer la <a href=\"http:\/\/www.ehu.eus\/cdsea\/web\/wp-content\/uploads\/2017\/03\/6.Percepci\u00f3n.pdf\"><strong>percepci\u00f3n de la sociedad<\/strong><\/a> sobre los SE: encuestas, talleres y cursos.<\/span><\/p>\n\n\n\n<p><span style=\"font-size: 12pt;\"><strong>7.- <\/strong>Analizar los SE a distintas escalas: <a href=\"http:\/\/www.ehu.eus\/cdsea\/web\/wp-content\/uploads\/2017\/03\/7.Escalas.pdf\"><strong>Urdaibai, Red Natura 2000, Agroecosistemas, Cintur\u00f3n Verde del Bilbao Metropolitano, \u00c1rea Funcional de Urola Costa, Ecosistemas urbanos, Ecosistemas acu\u00e1ticos.<\/strong><\/a><\/span><\/p>\n\n\n\n<p><span style=\"font-size: 12pt;\"><strong>8.- <\/strong>Dar a conocer los resultados del proyecto mediante una <a href=\"http:\/\/www.ehu.eus\/cdsea\/web\/wp-content\/uploads\/2017\/03\/8.Difusion.pdf\"><strong>estrategia de difusi\u00f3n <\/strong>y<strong> formaci\u00f3n<\/strong> <\/a>a nivel internacional, nacional y local.<\/span><\/p>\n\n\n\n<p><span style=\"font-size: 12pt;\"><strong>9.- <\/strong>Impulsar estudios en la <a href=\"http:\/\/www.ehu.eus\/cdsea\/web\/wp-content\/uploads\/2017\/03\/9.Urdaibai.pdf\"><strong>Reserva de la Biosfera de Urdaibai.<\/strong><\/a><\/span><\/p>\n","protected":false},"excerpt":{"rendered":"<p>S\u00edguenos en: 1.- Definir conceptos relacionados con los SE. 2.- Identificar ecosistemas y sus SE: Mapa de ecosistemas y Cat\u00e1logo de SE. 3.- Analizar el estado actual y la evoluci\u00f3n de los SE y de sus principales impulsores directos de cambio durante las \u00faltimas d\u00e9cadas utilizando diferentes indicadores. 4.- Definir criterios y generar herramientas y [&hellip;]<\/p>\n","protected":false},"author":1,"featured_media":0,"parent":48,"menu_order":4,"comment_status":"closed","ping_status":"closed","template":"","meta":{"footnotes":""},"class_list":["post-56","page","type-page","status-publish","hentry"],"_links":{"self":[{"href":"https:\/\/www.ehu.eus\/cdsea\/web\/index.php\/wp-json\/wp\/v2\/pages\/56"}],"collection":[{"href":"https:\/\/www.ehu.eus\/cdsea\/web\/index.php\/wp-json\/wp\/v2\/pages"}],"about":[{"href":"https:\/\/www.ehu.eus\/cdsea\/web\/index.php\/wp-json\/wp\/v2\/types\/page"}],"author":[{"embeddable":true,"href":"https:\/\/www.ehu.eus\/cdsea\/web\/index.php\/wp-json\/wp\/v2\/users\/1"}],"replies":[{"embeddable":true,"href":"https:\/\/www.ehu.eus\/cdsea\/web\/index.php\/wp-json\/wp\/v2\/comments?post=56"}],"version-history":[{"count":31,"href":"https:\/\/www.ehu.eus\/cdsea\/web\/index.php\/wp-json\/wp\/v2\/pages\/56\/revisions"}],"predecessor-version":[{"id":18296,"href":"https:\/\/www.ehu.eus\/cdsea\/web\/index.php\/wp-json\/wp\/v2\/pages\/56\/revisions\/18296"}],"up":[{"embeddable":true,"href":"https:\/\/www.ehu.eus\/cdsea\/web\/index.php\/wp-json\/wp\/v2\/pages\/48"}],"wp:attachment":[{"href":"https:\/\/www.ehu.eus\/cdsea\/web\/index.php\/wp-json\/wp\/v2\/media?parent=56"}],"curies":[{"name":"wp","href":"https:\/\/api.w.org\/{rel}","templated":true}]}}