{"id":6812,"date":"2018-05-29T13:33:15","date_gmt":"2018-05-29T13:33:15","guid":{"rendered":"http:\/\/www.ehu.eus\/cdsea\/web\/?page_id=6812"},"modified":"2018-05-29T13:33:15","modified_gmt":"2018-05-29T13:33:15","slug":"sdg-lab-campus-uam","status":"publish","type":"page","link":"https:\/\/www.ehu.eus\/cdsea\/web\/index.php\/sdg-lab-campus-uam\/","title":{"rendered":"SDG Lab Campus UAM"},"content":{"rendered":"<p style=\"text-align: justify;\"><strong><span style=\"font-size: 14pt;\">SDG Lab Campus UAM<\/span><\/strong><\/p>\n<p style=\"text-align: justify;\"><span style=\"font-size: 12pt;\">Miren Onaindia e Ibone Ametzaga, de la C\u00e1tedra UNESCO, participaron el mi\u00e9rcoles, 16 de mayo a trav\u00e9s de videoconferencia en las jornadas organizadas por el SDG Lab Campus de la Universidad Aut\u00f3noma de Madrid (UAM). Durante su intervenci\u00f3n, tanto Miren como Ibone presentaron las diferentes actividades llevadas a cabo por la C\u00e1tedra en el \u00e1mbito de la investigaci\u00f3n, la formaci\u00f3n y la sensibilizaci\u00f3n; y su contribuci\u00f3n a los Objetivos de Desarrollo Sostenible (ODS)<\/span><\/p>\n<p style=\"text-align: justify;\"><span style=\"font-size: 12pt;\">El <a href=\"http:\/\/sdglab-campusuam.es\/\">SDGLab Campus UAM<\/a> es un taller en el que se pretende explorar c\u00f3mo reforzar y potenciar los servicios ecosist\u00e9micos de los campus de la UAM mediante relaciones de colaboraci\u00f3n entre los distintos miembros de la comunidad universitaria, que redunden en propuestas de medidas que mejoren los procesos que permiten un funcionamiento m\u00e1s sostenible de los ecosistemas de los campus de la UAM.<\/span><\/p>\n","protected":false},"excerpt":{"rendered":"<p>SDG Lab Campus UAM Miren Onaindia e Ibone Ametzaga, de la C\u00e1tedra UNESCO, participaron el mi\u00e9rcoles, 16 de mayo a trav\u00e9s de videoconferencia en las jornadas organizadas por el SDG Lab Campus de la Universidad Aut\u00f3noma de Madrid (UAM). Durante su intervenci\u00f3n, tanto Miren como Ibone presentaron las diferentes actividades llevadas a cabo por la [&hellip;]<\/p>\n","protected":false},"author":4,"featured_media":0,"parent":0,"menu_order":0,"comment_status":"closed","ping_status":"closed","template":"","meta":{"footnotes":""},"class_list":["post-6812","page","type-page","status-publish","hentry"],"_links":{"self":[{"href":"https:\/\/www.ehu.eus\/cdsea\/web\/index.php\/wp-json\/wp\/v2\/pages\/6812"}],"collection":[{"href":"https:\/\/www.ehu.eus\/cdsea\/web\/index.php\/wp-json\/wp\/v2\/pages"}],"about":[{"href":"https:\/\/www.ehu.eus\/cdsea\/web\/index.php\/wp-json\/wp\/v2\/types\/page"}],"author":[{"embeddable":true,"href":"https:\/\/www.ehu.eus\/cdsea\/web\/index.php\/wp-json\/wp\/v2\/users\/4"}],"replies":[{"embeddable":true,"href":"https:\/\/www.ehu.eus\/cdsea\/web\/index.php\/wp-json\/wp\/v2\/comments?post=6812"}],"version-history":[{"count":1,"href":"https:\/\/www.ehu.eus\/cdsea\/web\/index.php\/wp-json\/wp\/v2\/pages\/6812\/revisions"}],"predecessor-version":[{"id":6813,"href":"https:\/\/www.ehu.eus\/cdsea\/web\/index.php\/wp-json\/wp\/v2\/pages\/6812\/revisions\/6813"}],"wp:attachment":[{"href":"https:\/\/www.ehu.eus\/cdsea\/web\/index.php\/wp-json\/wp\/v2\/media?parent=6812"}],"curies":[{"name":"wp","href":"https:\/\/api.w.org\/{rel}","templated":true}]}}