{"id":7,"date":"2016-11-15T11:45:32","date_gmt":"2016-11-15T11:45:32","guid":{"rendered":"http:\/\/www.ehu.eus\/cdsea\/cdseawp\/?page_id=7"},"modified":"2024-07-09T12:09:42","modified_gmt":"2024-07-09T12:09:42","slug":"conocenos","status":"publish","type":"page","link":"https:\/\/www.ehu.eus\/cdsea\/web\/index.php\/conocenos\/","title":{"rendered":"Con\u00f3cenos"},"content":{"rendered":"<p style=\"text-align: justify;\"><span style=\"font-size: 12pt;\"><img loading=\"lazy\" decoding=\"async\" class=\"wp-image-2038 aligncenter\" src=\"http:\/\/www.ehu.eus\/cdsea\/web\/wp-content\/uploads\/2016\/11\/Equipoportada-300x128.jpg\" width=\"540\" height=\"230\" srcset=\"https:\/\/www.ehu.eus\/cdsea\/web\/wp-content\/uploads\/2016\/11\/Equipoportada-300x128.jpg 300w, https:\/\/www.ehu.eus\/cdsea\/web\/wp-content\/uploads\/2016\/11\/Equipoportada-768x327.jpg 768w, https:\/\/www.ehu.eus\/cdsea\/web\/wp-content\/uploads\/2016\/11\/Equipoportada-1024x436.jpg 1024w, https:\/\/www.ehu.eus\/cdsea\/web\/wp-content\/uploads\/2016\/11\/Equipoportada-600x255.jpg 600w, https:\/\/www.ehu.eus\/cdsea\/web\/wp-content\/uploads\/2016\/11\/Equipoportada.jpg 1422w\" sizes=\"(max-width: 540px) 100vw, 540px\" \/><\/span><\/p>\n<p style=\"text-align: justify;\"><span style=\"font-size: 12pt;\">La C\u00e1tedra UNESCO sobre\u00a0Desarrollo Sostenible y Educaci\u00f3n Ambiental\u00a0se plantea\u00a0el reto de <strong>profundizar en la investigaci\u00f3n y los estudios especializados sobre Sostenibilidad y Educaci\u00f3n Ambiental<\/strong> desde una \u00f3ptica interdisciplinar, englobando las ciencias naturales y sociales. Tenemos como metodolog\u00eda de trabajo la <strong>colaboraci\u00f3n entre el mundo acad\u00e9mico, los agentes sociales y pol\u00edticos, y la sociedad<\/strong> en general, ya que todas las actividades est\u00e1n enfocadas a contribuir a la soluci\u00f3n de problemas reales.<\/span><\/p>\n<p style=\"text-align: justify;\"><span style=\"font-size: 12pt;\">Los proyectos de investigaci\u00f3n se orientan a la comprensi\u00f3n y resoluci\u00f3n de problemas relacionados con el desarrollo sostenible en el Pa\u00eds Vasco, y en especial, en la <strong>Reserva de la Biosfera de Urdaibai<\/strong> cuyo territorio se utiliza como lugar de ensayo y demostraci\u00f3n de experiencias. Asimismo, se potencia la cooperaci\u00f3n cient\u00edfica y la transferencia de resultados y experiencias de desarrollo sostenible a trav\u00e9s de la <strong>Red de C\u00e1tedras y de la Red Mundial de Reservas de la Biosfera<\/strong>, ambas de la UNESCO, as\u00ed como de otras Redes acad\u00e9micas y\/o cient\u00edficas.<\/span><\/p>\n","protected":false},"excerpt":{"rendered":"<p>La C\u00e1tedra UNESCO sobre\u00a0Desarrollo Sostenible y Educaci\u00f3n Ambiental\u00a0se plantea\u00a0el reto de profundizar en la investigaci\u00f3n y los estudios especializados sobre Sostenibilidad y Educaci\u00f3n Ambiental desde una \u00f3ptica interdisciplinar, englobando las ciencias naturales y sociales. Tenemos como metodolog\u00eda de trabajo la colaboraci\u00f3n entre el mundo acad\u00e9mico, los agentes sociales y pol\u00edticos, y la sociedad en general, [&hellip;]<\/p>\n","protected":false},"author":1,"featured_media":0,"parent":0,"menu_order":0,"comment_status":"closed","ping_status":"closed","template":"","meta":{"footnotes":""},"class_list":["post-7","page","type-page","status-publish","hentry"],"_links":{"self":[{"href":"https:\/\/www.ehu.eus\/cdsea\/web\/index.php\/wp-json\/wp\/v2\/pages\/7"}],"collection":[{"href":"https:\/\/www.ehu.eus\/cdsea\/web\/index.php\/wp-json\/wp\/v2\/pages"}],"about":[{"href":"https:\/\/www.ehu.eus\/cdsea\/web\/index.php\/wp-json\/wp\/v2\/types\/page"}],"author":[{"embeddable":true,"href":"https:\/\/www.ehu.eus\/cdsea\/web\/index.php\/wp-json\/wp\/v2\/users\/1"}],"replies":[{"embeddable":true,"href":"https:\/\/www.ehu.eus\/cdsea\/web\/index.php\/wp-json\/wp\/v2\/comments?post=7"}],"version-history":[{"count":2,"href":"https:\/\/www.ehu.eus\/cdsea\/web\/index.php\/wp-json\/wp\/v2\/pages\/7\/revisions"}],"predecessor-version":[{"id":18079,"href":"https:\/\/www.ehu.eus\/cdsea\/web\/index.php\/wp-json\/wp\/v2\/pages\/7\/revisions\/18079"}],"wp:attachment":[{"href":"https:\/\/www.ehu.eus\/cdsea\/web\/index.php\/wp-json\/wp\/v2\/media?parent=7"}],"curies":[{"name":"wp","href":"https:\/\/api.w.org\/{rel}","templated":true}]}}