{"id":7417,"date":"2018-10-05T12:09:07","date_gmt":"2018-10-05T12:09:07","guid":{"rendered":"http:\/\/www.ehu.eus\/cdsea\/web\/?page_id=7417"},"modified":"2018-10-05T14:31:28","modified_gmt":"2018-10-05T14:31:28","slug":"18-09-2018-defensa-trabajos-fin-de-master-2017-2018","status":"publish","type":"page","link":"https:\/\/www.ehu.eus\/cdsea\/web\/index.php\/18-09-2018-defensa-trabajos-fin-de-master-2017-2018\/","title":{"rendered":"18\/09\/2018: DEFENSA TRABAJOS FIN DE MASTER (2017-2018)"},"content":{"rendered":"<p>[vc_row][vc_column][vc_column_text]<strong>18\/09\/2018: DEFENSA TRABAJOS FIN DE MASTER (2017-2018)<\/strong><\/p>\n<p>En el marco de la segunda edici\u00f3n del m\u00e1ster en Medio Ambiente y Sostenibilidad de la UPV\/EHU, el martes 18 de septiembre tuvo lugar la defensa de los Trabajos Fin de M\u00e1ster. La defensa tuvo lugar en la Sala Adela Moyua de la Facultad de Ciencia y Tecnolog\u00eda.<\/p>\n<p>Se presentaron 12 trabajos con tem\u00e1ticas tales como educaci\u00f3n, gobernanza, cambio clim\u00e1tico, infraestructura verde urbana para amortiguar elevadas temperaturas,<\/p>\n<p>Enhorabuena a todos\/as por vuestros trabajos!![\/vc_column_text][\/vc_column][\/vc_row][vc_row][vc_column][us_gallery ids=\u00bb7439,7440&#8243; columns=\u00bb2&#8243;][\/vc_column][\/vc_row]<\/p>\n","protected":false},"excerpt":{"rendered":"<p>[vc_row][vc_column][vc_column_text]18\/09\/2018: DEFENSA TRABAJOS FIN DE MASTER (2017-2018) En el marco de la segunda edici\u00f3n del m\u00e1ster en Medio Ambiente y Sostenibilidad de la UPV\/EHU, el martes 18 de septiembre tuvo lugar la defensa de los Trabajos Fin de M\u00e1ster. La defensa tuvo lugar en la Sala Adela Moyua de la Facultad de Ciencia y Tecnolog\u00eda. [&hellip;]<\/p>\n","protected":false},"author":4,"featured_media":0,"parent":0,"menu_order":0,"comment_status":"closed","ping_status":"closed","template":"","meta":{"footnotes":""},"class_list":["post-7417","page","type-page","status-publish","hentry"],"_links":{"self":[{"href":"https:\/\/www.ehu.eus\/cdsea\/web\/index.php\/wp-json\/wp\/v2\/pages\/7417"}],"collection":[{"href":"https:\/\/www.ehu.eus\/cdsea\/web\/index.php\/wp-json\/wp\/v2\/pages"}],"about":[{"href":"https:\/\/www.ehu.eus\/cdsea\/web\/index.php\/wp-json\/wp\/v2\/types\/page"}],"author":[{"embeddable":true,"href":"https:\/\/www.ehu.eus\/cdsea\/web\/index.php\/wp-json\/wp\/v2\/users\/4"}],"replies":[{"embeddable":true,"href":"https:\/\/www.ehu.eus\/cdsea\/web\/index.php\/wp-json\/wp\/v2\/comments?post=7417"}],"version-history":[{"count":2,"href":"https:\/\/www.ehu.eus\/cdsea\/web\/index.php\/wp-json\/wp\/v2\/pages\/7417\/revisions"}],"predecessor-version":[{"id":7444,"href":"https:\/\/www.ehu.eus\/cdsea\/web\/index.php\/wp-json\/wp\/v2\/pages\/7417\/revisions\/7444"}],"wp:attachment":[{"href":"https:\/\/www.ehu.eus\/cdsea\/web\/index.php\/wp-json\/wp\/v2\/media?parent=7417"}],"curies":[{"name":"wp","href":"https:\/\/api.w.org\/{rel}","templated":true}]}}