{"id":7838,"date":"2018-11-19T08:23:00","date_gmt":"2018-11-19T08:23:00","guid":{"rendered":"http:\/\/www.ehu.eus\/cdsea\/web\/?page_id=7838"},"modified":"2018-11-19T08:23:00","modified_gmt":"2018-11-19T08:23:00","slug":"i-congreso-de-estudiantes-de-la-upv-ehu","status":"publish","type":"page","link":"https:\/\/www.ehu.eus\/cdsea\/web\/index.php\/i-congreso-de-estudiantes-de-la-upv-ehu\/","title":{"rendered":"I. Congreso de Estudiantes de la UPV\/EHU"},"content":{"rendered":"<p><strong>I. Congreso de Estudiantes de la UPV\/EHU <\/strong><\/p>\n<p>En el marco del <a href=\"https:\/\/www.ehu.eus\/es\/web\/berrikuntza-gizarte-konpromiso-eta-kulturgintza-errektoreordetza\/1-congreso-estudiantes-upv-ehu\/programa\">I. Congreso de Estudiantes de la UPV\/EHU<\/a> celebrado los d\u00edas 24 y 25 de octubre, la C\u00e1tedra UNESCO particip\u00f3 en la mesa redonda \u201cLa contribuci\u00f3n de la UPV\/EHU al Plan de Acci\u00f3n para la Agenda 2030\u201d de la jornada inaugural llevada a cabo en la Facultad de Farmacia de Vitoria-Gasteiz.<\/p>\n<p>Durante la intervenci\u00f3n de la C\u00e1tedra se presentaron las diferentes <a href=\"https:\/\/www.ehu.eus\/es\/web\/gizartea\/upv-ehuko-unesco-katedrak\">C\u00e1tedras UNESCO adscritas a la UPV\/EHU<\/a>, y los proyectos que llevan a cabo en l\u00ednea con los Objetivos de Desarrollo Sostenible (ODS).<\/p>\n<p>Se hizo especial hincapi\u00e9 en el hecho de que las C\u00e1tedras UNESCO-UPV\/EHU, al ser instituciones universitarias, tienen como funci\u00f3n principal la investigaci\u00f3n y la divulgaci\u00f3n social de conocimiento. Pero sobre todo, estas C\u00e1tedras UNESCO est\u00e1n siendo claves en promover, entre otros, el ODS n\u00famero 17, centrado en Crear Alianzas para lograr los Objetivos. Y es que todas estas C\u00e1tedras utilizan sus investigaciones para asesorar en la toma de decisiones a numerosas administraciones p\u00fablicas: con los estudios aplicados, se genera conocimiento \u00fatil para la toma de decisiones y para orientar las pol\u00edticas p\u00fablicas hacia el desarrollo sostenible.<\/p>\n","protected":false},"excerpt":{"rendered":"<p>I. Congreso de Estudiantes de la UPV\/EHU En el marco del I. Congreso de Estudiantes de la UPV\/EHU celebrado los d\u00edas 24 y 25 de octubre, la C\u00e1tedra UNESCO particip\u00f3 en la mesa redonda \u201cLa contribuci\u00f3n de la UPV\/EHU al Plan de Acci\u00f3n para la Agenda 2030\u201d de la jornada inaugural llevada a cabo en [&hellip;]<\/p>\n","protected":false},"author":4,"featured_media":0,"parent":0,"menu_order":0,"comment_status":"closed","ping_status":"closed","template":"","meta":{"footnotes":""},"class_list":["post-7838","page","type-page","status-publish","hentry"],"_links":{"self":[{"href":"https:\/\/www.ehu.eus\/cdsea\/web\/index.php\/wp-json\/wp\/v2\/pages\/7838"}],"collection":[{"href":"https:\/\/www.ehu.eus\/cdsea\/web\/index.php\/wp-json\/wp\/v2\/pages"}],"about":[{"href":"https:\/\/www.ehu.eus\/cdsea\/web\/index.php\/wp-json\/wp\/v2\/types\/page"}],"author":[{"embeddable":true,"href":"https:\/\/www.ehu.eus\/cdsea\/web\/index.php\/wp-json\/wp\/v2\/users\/4"}],"replies":[{"embeddable":true,"href":"https:\/\/www.ehu.eus\/cdsea\/web\/index.php\/wp-json\/wp\/v2\/comments?post=7838"}],"version-history":[{"count":1,"href":"https:\/\/www.ehu.eus\/cdsea\/web\/index.php\/wp-json\/wp\/v2\/pages\/7838\/revisions"}],"predecessor-version":[{"id":7839,"href":"https:\/\/www.ehu.eus\/cdsea\/web\/index.php\/wp-json\/wp\/v2\/pages\/7838\/revisions\/7839"}],"wp:attachment":[{"href":"https:\/\/www.ehu.eus\/cdsea\/web\/index.php\/wp-json\/wp\/v2\/media?parent=7838"}],"curies":[{"name":"wp","href":"https:\/\/api.w.org\/{rel}","templated":true}]}}