{"id":7844,"date":"2018-11-19T08:24:57","date_gmt":"2018-11-19T08:24:57","guid":{"rendered":"http:\/\/www.ehu.eus\/cdsea\/web\/?page_id=7844"},"modified":"2018-11-19T08:25:15","modified_gmt":"2018-11-19T08:25:15","slug":"curso-economia-ecologica","status":"publish","type":"page","link":"https:\/\/www.ehu.eus\/cdsea\/web\/index.php\/curso-economia-ecologica\/","title":{"rendered":"Curso econom\u00eda ecol\u00f3gica"},"content":{"rendered":"<p><strong>Curso econom\u00eda ecol\u00f3gica<\/strong><\/p>\n<p>Beatriz Fern\u00e1ndez de Manuel y Nekane Castillo, en representaci\u00f3n de la C\u00e1tedra UNESCO, participar\u00e1n con la charla titulada \u201cServicios de los Ecosistemas de Euskadi\u201d, el 21 de noviembre, a las 11.30, en el curso de <a href=\"https:\/\/www.ehu.eus\/es\/web\/iraunkortasuna\/ekonomia-ekologikoko-ikastaroak\">Econom\u00eda Ecol\u00f3gica<\/a> organizado por el grupo de investigaci\u00f3n EKOPOL (Econom\u00eda Ecol\u00f3gica y Ecolog\u00eda Pol\u00edtica) y los departamentos de Econom\u00eda Aplicada III y M\u00e1quinas y Motores T\u00e9rmicos<\/p>\n<p>Este curso pretende ofrecer una introducci\u00f3n a la econom\u00eda ecol\u00f3gica, un campo de estudio transdisciplinar que permite abordar problemas complejos como los actuales mediante el di\u00e1logo entre distintas disciplinas. De esta forma, el marco de an\u00e1lisis econ\u00f3mico convencional se enriquece con el conocimiento aportado por otros campos del conocimiento como la biolog\u00eda, la f\u00edsica, la qu\u00edmica, la geolog\u00eda, la sociolog\u00eda, etc. Adem\u00e1s, el curso cuenta con una jornada profesional donde poder encontrar salidas profesionales en el campo de la econom\u00eda ecol\u00f3gica.<\/p>\n","protected":false},"excerpt":{"rendered":"<p>Curso econom\u00eda ecol\u00f3gica Beatriz Fern\u00e1ndez de Manuel y Nekane Castillo, en representaci\u00f3n de la C\u00e1tedra UNESCO, participar\u00e1n con la charla titulada \u201cServicios de los Ecosistemas de Euskadi\u201d, el 21 de noviembre, a las 11.30, en el curso de Econom\u00eda Ecol\u00f3gica organizado por el grupo de investigaci\u00f3n EKOPOL (Econom\u00eda Ecol\u00f3gica y Ecolog\u00eda Pol\u00edtica) y los departamentos [&hellip;]<\/p>\n","protected":false},"author":4,"featured_media":0,"parent":0,"menu_order":0,"comment_status":"closed","ping_status":"closed","template":"","meta":{"footnotes":""},"class_list":["post-7844","page","type-page","status-publish","hentry"],"_links":{"self":[{"href":"https:\/\/www.ehu.eus\/cdsea\/web\/index.php\/wp-json\/wp\/v2\/pages\/7844"}],"collection":[{"href":"https:\/\/www.ehu.eus\/cdsea\/web\/index.php\/wp-json\/wp\/v2\/pages"}],"about":[{"href":"https:\/\/www.ehu.eus\/cdsea\/web\/index.php\/wp-json\/wp\/v2\/types\/page"}],"author":[{"embeddable":true,"href":"https:\/\/www.ehu.eus\/cdsea\/web\/index.php\/wp-json\/wp\/v2\/users\/4"}],"replies":[{"embeddable":true,"href":"https:\/\/www.ehu.eus\/cdsea\/web\/index.php\/wp-json\/wp\/v2\/comments?post=7844"}],"version-history":[{"count":1,"href":"https:\/\/www.ehu.eus\/cdsea\/web\/index.php\/wp-json\/wp\/v2\/pages\/7844\/revisions"}],"predecessor-version":[{"id":7845,"href":"https:\/\/www.ehu.eus\/cdsea\/web\/index.php\/wp-json\/wp\/v2\/pages\/7844\/revisions\/7845"}],"wp:attachment":[{"href":"https:\/\/www.ehu.eus\/cdsea\/web\/index.php\/wp-json\/wp\/v2\/media?parent=7844"}],"curies":[{"name":"wp","href":"https:\/\/api.w.org\/{rel}","templated":true}]}}