{"id":7850,"date":"2018-11-19T08:25:51","date_gmt":"2018-11-19T08:25:51","guid":{"rendered":"http:\/\/www.ehu.eus\/cdsea\/web\/?page_id=7850"},"modified":"2018-11-19T08:26:09","modified_gmt":"2018-11-19T08:26:09","slug":"foro-cambio-climatico","status":"publish","type":"page","link":"https:\/\/www.ehu.eus\/cdsea\/web\/index.php\/foro-cambio-climatico\/","title":{"rendered":"Foro Cambio Clim\u00e1tico"},"content":{"rendered":"<p><strong>Foro Cambio Clim\u00e1tico<\/strong><\/p>\n<p>La C\u00e1tedra UNESCO ha sido invitada a participar en la jornada de constituci\u00f3n del <a href=\"https:\/\/www.donostia.eus\/ataria\/es\/web\/ingurumena\/klima-aldaketa\/klima-DSS-2050\">Foro del Cambio Clim\u00e1tico <\/a>, organizada por el \u00e1rea de Medio Ambiente del Ayuntamiento de Donostia, y que tendr\u00e1 lugar el viernes, 23 de noviembre a las 09.30hrs.<\/p>\n","protected":false},"excerpt":{"rendered":"<p>Foro Cambio Clim\u00e1tico La C\u00e1tedra UNESCO ha sido invitada a participar en la jornada de constituci\u00f3n del Foro del Cambio Clim\u00e1tico , organizada por el \u00e1rea de Medio Ambiente del Ayuntamiento de Donostia, y que tendr\u00e1 lugar el viernes, 23 de noviembre a las 09.30hrs.<\/p>\n","protected":false},"author":4,"featured_media":0,"parent":0,"menu_order":0,"comment_status":"closed","ping_status":"closed","template":"","meta":{"footnotes":""},"class_list":["post-7850","page","type-page","status-publish","hentry"],"_links":{"self":[{"href":"https:\/\/www.ehu.eus\/cdsea\/web\/index.php\/wp-json\/wp\/v2\/pages\/7850"}],"collection":[{"href":"https:\/\/www.ehu.eus\/cdsea\/web\/index.php\/wp-json\/wp\/v2\/pages"}],"about":[{"href":"https:\/\/www.ehu.eus\/cdsea\/web\/index.php\/wp-json\/wp\/v2\/types\/page"}],"author":[{"embeddable":true,"href":"https:\/\/www.ehu.eus\/cdsea\/web\/index.php\/wp-json\/wp\/v2\/users\/4"}],"replies":[{"embeddable":true,"href":"https:\/\/www.ehu.eus\/cdsea\/web\/index.php\/wp-json\/wp\/v2\/comments?post=7850"}],"version-history":[{"count":1,"href":"https:\/\/www.ehu.eus\/cdsea\/web\/index.php\/wp-json\/wp\/v2\/pages\/7850\/revisions"}],"predecessor-version":[{"id":7851,"href":"https:\/\/www.ehu.eus\/cdsea\/web\/index.php\/wp-json\/wp\/v2\/pages\/7850\/revisions\/7851"}],"wp:attachment":[{"href":"https:\/\/www.ehu.eus\/cdsea\/web\/index.php\/wp-json\/wp\/v2\/media?parent=7850"}],"curies":[{"name":"wp","href":"https:\/\/api.w.org\/{rel}","templated":true}]}}