{"id":79,"date":"2016-11-15T14:38:44","date_gmt":"2016-11-15T14:38:44","guid":{"rendered":"http:\/\/www.ehu.eus\/cdsea\/cdseawp\/?page_id=79"},"modified":"2024-09-13T13:23:58","modified_gmt":"2024-09-13T11:23:58","slug":"webs-relacionadas","status":"publish","type":"page","link":"https:\/\/www.ehu.eus\/cdsea\/web\/index.php\/investigacion\/servicios-ecosistema-euskadi\/webs-relacionadas\/","title":{"rendered":"Webs relacionadas"},"content":{"rendered":"<nav class=\"is-responsive wp-block-navigation is-layout-flex wp-block-navigation-is-layout-flex\" aria-label=\"Servicios Ecosistemas Euskadi\" \n\t\t data-wp-interactive=\"core\/navigation\" data-wp-context='{\"overlayOpenedBy\":{\"click\":false,\"hover\":false,\"focus\":false},\"type\":\"overlay\",\"roleAttribute\":\"\",\"ariaLabel\":\"Men\\u00fa\"}'><button aria-haspopup=\"dialog\" aria-label=\"Abrir el men\u00fa\" class=\"wp-block-navigation__responsive-container-open \" \n\t\t\t\tdata-wp-on-async--click=\"actions.openMenuOnClick\"\n\t\t\t\tdata-wp-on--keydown=\"actions.handleMenuKeydown\"\n\t\t\t><svg width=\"24\" height=\"24\" xmlns=\"http:\/\/www.w3.org\/2000\/svg\" viewBox=\"0 0 24 24\" aria-hidden=\"true\" focusable=\"false\"><rect x=\"4\" y=\"7.5\" width=\"16\" height=\"1.5\" \/><rect x=\"4\" y=\"15\" width=\"16\" height=\"1.5\" \/><\/svg><\/button>\n\t\t\t\t<div class=\"wp-block-navigation__responsive-container  \"  id=\"modal-1\" \n\t\t\t\tdata-wp-class--has-modal-open=\"state.isMenuOpen\"\n\t\t\t\tdata-wp-class--is-menu-open=\"state.isMenuOpen\"\n\t\t\t\tdata-wp-watch=\"callbacks.initMenu\"\n\t\t\t\tdata-wp-on--keydown=\"actions.handleMenuKeydown\"\n\t\t\t\tdata-wp-on-async--focusout=\"actions.handleMenuFocusout\"\n\t\t\t\ttabindex=\"-1\"\n\t\t\t>\n\t\t\t\t\t<div class=\"wp-block-navigation__responsive-close\" tabindex=\"-1\">\n\t\t\t\t\t\t<div class=\"wp-block-navigation__responsive-dialog\" \n\t\t\t\tdata-wp-bind--aria-modal=\"state.ariaModal\"\n\t\t\t\tdata-wp-bind--aria-label=\"state.ariaLabel\"\n\t\t\t\tdata-wp-bind--role=\"state.roleAttribute\"\n\t\t\t>\n\t\t\t\t\t\t\t<button aria-label=\"Cerrar el men\u00fa\" class=\"wp-block-navigation__responsive-container-close\" \n\t\t\t\tdata-wp-on-async--click=\"actions.closeMenuOnClick\"\n\t\t\t><svg xmlns=\"http:\/\/www.w3.org\/2000\/svg\" viewBox=\"0 0 24 24\" width=\"24\" height=\"24\" aria-hidden=\"true\" focusable=\"false\"><path d=\"M13 11.8l6.1-6.3-1-1-6.1 6.2-6.1-6.2-1 1 6.1 6.3-6.5 6.7 1 1 6.5-6.6 6.5 6.6 1-1z\"><\/path><\/svg><\/button>\n\t\t\t\t\t\t\t<div class=\"wp-block-navigation__responsive-container-content\" \n\t\t\t\tdata-wp-watch=\"callbacks.focusFirstElement\"\n\t\t\t id=\"modal-1-content\">\n\t\t\t\t\t\t\t\t<ul class=\"wp-block-navigation__container is-responsive wp-block-navigation\"><li data-wp-context=\"{ &quot;submenuOpenedBy&quot;: { &quot;click&quot;: false, &quot;hover&quot;: false, &quot;focus&quot;: false }, &quot;type&quot;: &quot;submenu&quot; }\" data-wp-interactive=\"core\/navigation\" data-wp-on--focusout=\"actions.handleMenuFocusout\" data-wp-on--keydown=\"actions.handleMenuKeydown\" data-wp-on-async--mouseenter=\"actions.openMenuOnHover\" data-wp-on-async--mouseleave=\"actions.closeMenuOnHover\" data-wp-watch=\"callbacks.initMenu\" tabindex=\"-1\" class=\" wp-block-navigation-item has-child open-on-hover-click wp-block-navigation-submenu\"><a class=\"wp-block-navigation-item__content\" href=\"https:\/\/www.ehu.eus\/cdsea\/web\/index.php\/investigacion\/servicios-ecosistema-euskadi\/\">Servicios Ecosistema Euskadi<\/a><button data-wp-bind--aria-expanded=\"state.isMenuOpen\" data-wp-on-async--click=\"actions.toggleMenuOnClick\" aria-label=\"Submen\u00fa de Servicios Ecosistema Euskadi\" class=\"wp-block-navigation__submenu-icon wp-block-navigation-submenu__toggle\" ><svg xmlns=\"http:\/\/www.w3.org\/2000\/svg\" width=\"12\" height=\"12\" viewBox=\"0 0 12 12\" fill=\"none\" aria-hidden=\"true\" focusable=\"false\"><path d=\"M1.50002 4L6.00002 8L10.5 4\" stroke-width=\"1.5\"><\/path><\/svg><\/button><ul data-wp-on-async--focus=\"actions.openMenuOnFocus\" class=\"wp-block-navigation__submenu-container wp-block-navigation-submenu\"><li class=\" wp-block-navigation-item wp-block-navigation-link\"><a class=\"wp-block-navigation-item__content\"  href=\"https:\/\/www.ehu.eus\/cdsea\/web\/index.php\/servicios-de-los-ecosistemas-webmap\/\"><span class=\"wp-block-navigation-item__label\">Story Map<\/span><\/a><\/li><li class=\" wp-block-navigation-item wp-block-navigation-link\"><a class=\"wp-block-navigation-item__content\"  href=\"https:\/\/www.ehu.eus\/cdsea\/web\/index.php\/investigacion\/servicios-ecosistema-euskadi\/emm\/\"><span class=\"wp-block-navigation-item__label\">Evaluaci\u00f3n Milenio<\/span><\/a><\/li><li class=\" wp-block-navigation-item wp-block-navigation-link\"><a class=\"wp-block-navigation-item__content\"  href=\"https:\/\/www.ehu.eus\/cdsea\/web\/index.php\/investigacion\/servicios-ecosistema-euskadi\/contexto\/\"><span class=\"wp-block-navigation-item__label\">Contexto<\/span><\/a><\/li><li class=\" wp-block-navigation-item wp-block-navigation-link\"><a class=\"wp-block-navigation-item__content\"  href=\"https:\/\/www.ehu.eus\/cdsea\/web\/index.php\/investigacion\/servicios-ecosistema-euskadi\/marco-conceptual\/\"><span class=\"wp-block-navigation-item__label\">Marco conceptual<\/span><\/a><\/li><li class=\" wp-block-navigation-item wp-block-navigation-link\"><a class=\"wp-block-navigation-item__content\"  href=\"https:\/\/www.ehu.eus\/cdsea\/web\/index.php\/investigacion\/servicios-ecosistema-euskadi\/objetivos\/\"><span class=\"wp-block-navigation-item__label\">Objetivos y Resultados<\/span><\/a><\/li><li class=\" wp-block-navigation-item wp-block-navigation-link\"><a class=\"wp-block-navigation-item__content\"  href=\"https:\/\/www.ehu.eus\/cdsea\/web\/index.php\/investigacion\/servicios-ecosistema-euskadi\/difusion\/\"><span class=\"wp-block-navigation-item__label\">Difusi\u00f3n<\/span><\/a><\/li><li class=\" wp-block-navigation-item wp-block-navigation-link\"><a class=\"wp-block-navigation-item__content\"  href=\"https:\/\/www.ehu.eus\/cdsea\/web\/index.php\/investigacion\/servicios-ecosistema-euskadi\/webs-relacionadas\/\"><span class=\"wp-block-navigation-item__label\">Webs relacionadas<\/span><\/a><\/li><li class=\" wp-block-navigation-item wp-block-navigation-link\"><a class=\"wp-block-navigation-item__content\"  href=\"https:\/\/www.ehu.eus\/cdsea\/web\/index.php\/investigacion\/servicios-ecosistema-euskadi\/contacto\/\"><span class=\"wp-block-navigation-item__label\">Contacto<\/span><\/a><\/li><\/ul><\/li><\/ul>\n\t\t\t\t\t\t\t<\/div>\n\t\t\t\t\t\t<\/div>\n\t\t\t\t\t<\/div>\n\t\t\t\t<\/div><\/nav>\n\n<p class=\"stunning-item-title\"><span style=\"font-size: 12pt;\"><strong><img loading=\"lazy\" decoding=\"async\" class=\"alignleft wp-image-16066 size-medium\" src=\"http:\/\/www.ehu.eus\/cdsea\/web\/wp-content\/uploads\/2017\/03\/logo-sare-berdeak-300x300.png\" alt=\"\" width=\"300\" height=\"300\" srcset=\"https:\/\/www.ehu.eus\/cdsea\/web\/wp-content\/uploads\/2017\/03\/logo-sare-berdeak-300x300.png 300w, https:\/\/www.ehu.eus\/cdsea\/web\/wp-content\/uploads\/2017\/03\/logo-sare-berdeak-150x150.png 150w, https:\/\/www.ehu.eus\/cdsea\/web\/wp-content\/uploads\/2017\/03\/logo-sare-berdeak-350x350.png 350w, https:\/\/www.ehu.eus\/cdsea\/web\/wp-content\/uploads\/2017\/03\/logo-sare-berdeak.png 512w\" sizes=\"(max-width: 300px) 100vw, 300px\" \/>Sare Berdeak<\/strong> es un mecanismo para empoderar a las personas que deseen involucrar a su entorno en cambios hacia la sostenibilidad.<\/span><\/p>\n<p class=\"stunning-item-title\"><span style=\"font-size: 12pt;\">Por el medio ambiente \u00a1Enr\u00e9date con Sare Berdeak!<\/span><\/p>\n<p class=\"stunning-item-title\"><a href=\"http:\/\/www.sareberdeak.eus\" target=\"_blank\" rel=\"noopener\" data-saferedirecturl=\"https:\/\/www.google.com\/url?q=http:\/\/www.sareberdeak.eus&amp;source=gmail&amp;ust=1656755780575000&amp;usg=AOvVaw3L_yiMGpI7D8-MSCOax_tx\"><span style=\"font-size: 12pt;\">www.sareberdeak.eus<\/span><\/a><\/p>\n<table style=\"width: 736px; height: 302px;\">\n<tbody>\n<tr>\n<td style=\"width: 240px; text-align: justify;\"><span style=\"font-size: 12pt;\"><img loading=\"lazy\" decoding=\"async\" class=\"size-medium wp-image-942 aligncenter\" src=\"http:\/\/www.ehu.eus\/cdsea\/web\/wp-content\/uploads\/2016\/11\/EME-300x31.gif\" alt=\"eme\" width=\"300\" height=\"31\" \/><\/span><\/td>\n<td style=\"width: 488px; text-align: justify;\"><span style=\"font-size: 12pt;\"><a href=\"http:\/\/www.unep.org\/maweb\/es\/About.aspx\" target=\"_blank\" rel=\"noopener\"><strong>Evaluaci\u00f3n Internacional de los Ecosistemas del Milenio (EM)\u00a0<\/strong><\/a><strong>\u00a0<\/strong><\/span><span style=\"font-size: 12pt;\">Es el Programa Cient\u00edfico Internacional de las Naciones Unidas en el que se ha \u00a0evaluado por \u00a0primera vez los servicios de los ecosistemas a nivel mundial. El resto de evaluaciones intentan seguir su marco conceptual y metodol\u00f3gico.<\/span><\/td>\n<\/tr>\n<tr>\n<td style=\"width: 240px;\"><span style=\"font-size: 12pt;\"><img loading=\"lazy\" decoding=\"async\" class=\"wp-image-423 size-full aligncenter\" src=\"http:\/\/www.ehu.eus\/cdsea\/web\/wp-content\/uploads\/2016\/11\/logo_SGA-e1479462648872.png\" alt=\"logo_sga\" width=\"200\" height=\"135\" \/><\/span><\/td>\n<td style=\"width: 488px;\">\n<p style=\"text-align: justify;\"><span style=\"font-size: 12pt;\"><strong><a href=\"http:\/\/www.ecosystemassessments.net\/\" target=\"_blank\" rel=\"noopener\">Red de Evaluaciones Sub-Globales o Sub-Global Assessment Network (SGA)<br \/>\n<\/a><\/strong><\/span><\/p>\n<p style=\"text-align: justify;\"><span style=\"font-size: 12pt;\">La SGA trabaja por consolidar una plataforma com\u00fan para los profesionales (personas y organizaciones) que participan en la Evaluaci\u00f3n de los Ecosistemas del Milenio a nivel regional, subregional, nacional y sub-nacional. La intenci\u00f3n es promover y facilitar la mejora de la capacidad en la realizaci\u00f3n y el uso de las evaluaciones.<\/span><\/p>\n<\/td>\n<\/tr>\n<tr>\n<td style=\"width: 240px;\"><span style=\"font-size: 12pt;\"><img loading=\"lazy\" decoding=\"async\" class=\"size-full wp-image-421 aligncenter\" src=\"http:\/\/www.ehu.eus\/cdsea\/web\/wp-content\/uploads\/2016\/11\/Logo-ESP-e1479462668402.jpg\" alt=\"logo-esp\" width=\"150\" height=\"150\" \/><\/span><\/td>\n<td style=\"width: 488px; text-align: justify;\">\n<p style=\"text-align: justify;\"><span style=\"font-size: 12pt;\"><strong><a href=\"http:\/\/www.fsd.nl\/esp\/\" target=\"_blank\" rel=\"noopener\">The Ecoystem Services Partnership (ESP)<\/a><\/strong><\/span><\/p>\n<p style=\"text-align: justify;\"><span style=\"font-size: 12pt;\">El ESP es una organizaci\u00f3n en red que une a investigadores que est\u00e1n trabajando por un mejor entendimiento y aplicaci\u00f3n del concepto \u201cservicios de los ecosistemas\u201d con las ONG, agencias medioambientales, educadores, formuladores de pol\u00edticas, pol\u00edticos y el p\u00fablico general, con el objetivo de implementar mejores pr\u00e1cticas para gestionar los servicios de los ecosistemas y conservar y mejorar nuestro capital natural. Actualmente, m\u00e1s de 50 organizaciones y 200 personas son miembros del ESP.<\/span><\/p>\n<\/td>\n<\/tr>\n<tr>\n<td style=\"width: 240px;\"><span style=\"font-size: 12pt;\"><img loading=\"lazy\" decoding=\"async\" class=\"wp-image-425 size-full aligncenter\" src=\"http:\/\/www.ehu.eus\/cdsea\/web\/wp-content\/uploads\/2016\/11\/LogoIPBES-e1479462626415.jpg\" alt=\"logoipbes\" width=\"200\" height=\"140\" \/><\/span><\/td>\n<td style=\"width: 488px; text-align: justify;\"><span style=\"font-size: 12pt;\"><a href=\"http:\/\/www.ipbes.net\/\" target=\"_blank\" rel=\"noopener\"><strong>Plataforma Intergubernamental sobre Biodiversidad y Servicios de los Ecosistemas (IPBES)<\/strong><\/a><\/span><span style=\"font-size: 12pt;\">La IPBES act\u00faa de plataforma entre la comunidad cient\u00edfica y los encargados de formular pol\u00edticas y tiene por objetivo la creaci\u00f3n de capacidad y un mayor uso de la ciencia en la elaboraci\u00f3n de pol\u00edticas. Numerosas organizaciones e iniciativas contribuyen con sus aportaciones a esta interfaz cient\u00edfico-normativa sobre diversidad biol\u00f3gica y servicios de los ecosistemas.<\/span><\/td>\n<\/tr>\n<tr>\n<td style=\"width: 240px;\"><span style=\"font-size: 12pt;\"><img loading=\"lazy\" decoding=\"async\" class=\"wp-image-946 size-full aligncenter\" src=\"http:\/\/www.ehu.eus\/cdsea\/web\/wp-content\/uploads\/2016\/11\/TEEB-e1479903287371.jpg\" alt=\"teeb\" width=\"200\" height=\"177\" \/><\/span><\/td>\n<td style=\"width: 488px;\">\n<p style=\"text-align: justify;\"><span style=\"font-size: 12pt;\"><a href=\"http:\/\/www.teebweb.org\/\" target=\"_blank\" rel=\"noopener\"><strong>The Economics of Ecosystems and Biodiversity<\/strong><strong> (<\/strong><strong>TEEB)<\/strong><\/a>\u00a0\u00a0<strong>\u00a0<\/strong><\/span><\/p>\n<p style=\"text-align: justify;\"><span style=\"font-size: 12pt;\">Es la principal iniciativa internacional destinada a calcular los beneficios (monetarios) de la biodiversidad, con el objetivo de conocer los costes (monetarios) de la p\u00e9rdida de la biodiversidad y la degradaci\u00f3n de los ecosistemas.<\/span><\/p>\n<\/td>\n<\/tr>\n<tr>\n<td style=\"width: 240px;\"><span style=\"font-size: 12pt;\"><img loading=\"lazy\" decoding=\"async\" class=\"size-full wp-image-940 aligncenter\" src=\"http:\/\/www.ehu.eus\/cdsea\/web\/wp-content\/uploads\/2016\/11\/BISE.jpg\" alt=\"bise\" width=\"167\" height=\"140\" \/><\/span><\/td>\n<td style=\"width: 488px;\">\n<p style=\"text-align: justify;\"><span style=\"font-size: 12pt;\"><a href=\"http:\/\/biodiversity.europa.eu\/maes\" target=\"_blank\" rel=\"noopener\"><strong>Biodiversity Information System for Europe (BISE)<\/strong><\/a><\/span><\/p>\n<p style=\"text-align: justify;\"><span style=\"font-size: 12pt;\">El BISE es un punto de entrada \u00fanico para los datos e informaci\u00f3n sobre biodiversidad y los servicios de los ecosistemas en la UE. Su principal finalidad es el fortalecimiento de la base de conocimientos y el apoyo a la toma de decisiones sobre biodiversidad.<\/span><\/p>\n<\/td>\n<\/tr>\n<tr>\n<td style=\"width: 240px;\"><span style=\"font-size: 12pt;\"><img loading=\"lazy\" decoding=\"async\" class=\"aligncenter wp-image-943\" src=\"http:\/\/www.ehu.eus\/cdsea\/web\/wp-content\/uploads\/2016\/11\/Natural.jpg\" alt=\"natural\" width=\"150\" height=\"155\" \/><\/span><\/td>\n<td style=\"width: 488px;\">\n<p style=\"text-align: justify;\"><span style=\"font-size: 12pt;\"><strong><a href=\"http:\/\/www.naturalcapitalproject.org\/\" target=\"_blank\" rel=\"noopener\">Proyecto Capital Natural<\/a><\/strong><\/span><\/p>\n<p style=\"text-align: justify;\"><span style=\"font-size: 12pt;\">Este proyecto est\u00e1 encaminado al desarrollo de herramientas para incorporar la importancia del capital natural a la toma de decisiones.<\/span><\/p>\n<\/td>\n<\/tr>\n<tr>\n<td style=\"width: 240px;\"><span style=\"font-size: 12pt;\"><img loading=\"lazy\" decoding=\"async\" class=\"wp-image-945 size-full aligncenter\" src=\"http:\/\/www.ehu.eus\/cdsea\/web\/wp-content\/uploads\/2016\/11\/Rubicode-e1479903421913.jpg\" alt=\"rubicode\" width=\"200\" height=\"159\" \/><\/span><\/td>\n<td style=\"width: 488px;\">\n<p style=\"text-align: justify;\"><span style=\"font-size: 12pt;\"><a href=\"http:\/\/www.rubicode.net\/rubicode\/index.html\" target=\"_blank\" rel=\"noopener\"><strong>Rationalising Biodiversity Conservation in Dynamic Ecosystems (RUBICODE)<\/strong><\/a><\/span><\/p>\n<p style=\"text-align: justify;\"><span style=\"font-size: 12pt;\">Este proyecto est\u00e1 encaminado a conocer lo que hace la biodiversidad por los seres humanos, definiendo y evaluando los componentes de la biodiversidad que proporcionan servicios a la sociedad.<\/span><\/p>\n<\/td>\n<\/tr>\n<tr>\n<td style=\"width: 240px;\"><span style=\"font-size: 12pt;\"><img loading=\"lazy\" decoding=\"async\" class=\"wp-image-941 size-full aligncenter\" src=\"http:\/\/www.ehu.eus\/cdsea\/web\/wp-content\/uploads\/2016\/11\/EEM.jpg\" alt=\"eem\" width=\"141\" height=\"214\" \/><\/span><\/td>\n<td style=\"width: 488px; text-align: justify;\"><span style=\"font-size: 12pt;\"><a href=\"http:\/\/www.ecomilenio.es\/\" target=\"_blank\" rel=\"noopener\"><strong>Evaluaci\u00f3n de los Ecosistemas del Milenio de Espa\u00f1a (EME)<\/strong><\/a><\/span><span style=\"font-size: 12pt;\">La EME es un proyecto interdisciplinario impulsado por la Fundaci\u00f3n Biodiversidad del Ministerio de Medio Ambiente Rural y Marino. A trav\u00e9s de \u00e9l se pretende recopilar y ordenar una gran parte del conocimiento cient\u00edfico que se ha ido acumulando en los \u00faltimos a\u00f1os sobre las relaciones entre naturaleza y sociedad en Espa\u00f1a, de modo que se traslade a gestores y t\u00e9cnicos la informaci\u00f3n disponible en cada momento, y se informe a la sociedad sobre el modo en que afecta la degradaci\u00f3n de los ecosistemas a su calidad de vida.<\/span><\/td>\n<\/tr>\n<tr>\n<td style=\"width: 240px;\"><span style=\"font-size: 12pt;\"><img loading=\"lazy\" decoding=\"async\" class=\"wp-image-944 size-full aligncenter\" src=\"http:\/\/www.ehu.eus\/cdsea\/web\/wp-content\/uploads\/2016\/11\/Reino-Unido-e1479903524603.jpg\" alt=\"reino-unido\" width=\"200\" height=\"66\" \/><\/span><\/td>\n<td style=\"width: 488px; text-align: justify;\"><span style=\"font-size: 12pt;\">\u00a0<a href=\"http:\/\/uknea.unep-wcmc.org\/\" target=\"_blank\" rel=\"noopener\"><strong>Evaluaci\u00f3n de los Ecosistemas del Milenio del Reino Unido<\/strong><\/a><\/span><\/td>\n<\/tr>\n<tr>\n<td style=\"width: 240px;\"><span style=\"font-size: 12pt;\"><img loading=\"lazy\" decoding=\"async\" class=\"wp-image-592 aligncenter\" src=\"http:\/\/www.ehu.eus\/cdsea\/web\/wp-content\/uploads\/2016\/11\/Logo_Bizkaia-300x122.jpg\" alt=\"logo_bizkaia\" width=\"200\" height=\"81\" srcset=\"https:\/\/www.ehu.eus\/cdsea\/web\/wp-content\/uploads\/2016\/11\/Logo_Bizkaia-300x122.jpg 300w, https:\/\/www.ehu.eus\/cdsea\/web\/wp-content\/uploads\/2016\/11\/Logo_Bizkaia.jpg 340w\" sizes=\"(max-width: 200px) 100vw, 200px\" \/><\/span><\/td>\n<td style=\"width: 488px; text-align: justify;\">\n<p style=\"text-align: justify;\"><span style=\"font-size: 12pt;\"><a href=\"http:\/\/www.ehu.eus\/cdsea\/web\/index.php\/es\/component\/content\/article?id=305\" target=\"_blank\" rel=\"noopener\"><strong>Evaluaci\u00f3n de los Ecosistemas del Milenio de Bizkaia<\/strong><\/a><\/span><\/p>\n<\/td>\n<\/tr>\n<tr>\n<td style=\"width: 240px;\"><span style=\"font-size: 12pt;\"><img loading=\"lazy\" decoding=\"async\" class=\"wp-image-420 size-full aligncenter\" src=\"http:\/\/www.ehu.eus\/cdsea\/web\/wp-content\/uploads\/2016\/11\/GV-e1479461764562.jpg\" alt=\"gv\" width=\"200\" height=\"98\" \/><\/span><\/td>\n<td style=\"width: 488px;\"><span style=\"font-size: 12pt;\">\u00a0<a href=\"http:\/\/www.ingurumena.ejgv.euskadi.eus\/r49-ekosist\/es\" target=\"_blank\" rel=\"noopener\"><strong>Departamento de Medio Ambiente del Gobierno Vasco<\/strong><\/a><\/span><\/td>\n<\/tr>\n<tr>\n<td style=\"width: 240px;\"><span style=\"font-size: 12pt;\">\u00a0<img loading=\"lazy\" decoding=\"async\" class=\"aligncenter wp-image-430 size-full\" src=\"http:\/\/www.ehu.eus\/cdsea\/web\/wp-content\/uploads\/2016\/11\/unescoetxea-e1479461947550.jpg\" alt=\"unescoetxea\" width=\"200\" height=\"103\" \/><\/span><\/td>\n<td style=\"width: 488px; text-align: justify;\">\n<p style=\"text-align: justify;\"><span style=\"font-size: 12pt;\"><a href=\"http:\/\/www.unescoetxea.org\/\" target=\"_blank\" rel=\"noopener\"><strong>Centro UNESCO del Pa\u00eds Vasco (UNESCO Etxea)<\/strong><\/a><\/span><\/p>\n<\/td>\n<\/tr>\n<\/tbody>\n<\/table>","protected":false},"excerpt":{"rendered":"<p>Sare Berdeak es un mecanismo para empoderar a las personas que deseen involucrar a su entorno en cambios hacia la sostenibilidad. Por el medio ambiente \u00a1Enr\u00e9date con Sare Berdeak! www.sareberdeak.eus Evaluaci\u00f3n Internacional de los Ecosistemas del Milenio (EM)\u00a0\u00a0Es el Programa Cient\u00edfico Internacional de las Naciones Unidas en el que se ha \u00a0evaluado por \u00a0primera vez [&hellip;]<\/p>\n","protected":false},"author":1,"featured_media":0,"parent":48,"menu_order":7,"comment_status":"closed","ping_status":"closed","template":"","meta":{"footnotes":""},"class_list":["post-79","page","type-page","status-publish","hentry"],"_links":{"self":[{"href":"https:\/\/www.ehu.eus\/cdsea\/web\/index.php\/wp-json\/wp\/v2\/pages\/79"}],"collection":[{"href":"https:\/\/www.ehu.eus\/cdsea\/web\/index.php\/wp-json\/wp\/v2\/pages"}],"about":[{"href":"https:\/\/www.ehu.eus\/cdsea\/web\/index.php\/wp-json\/wp\/v2\/types\/page"}],"author":[{"embeddable":true,"href":"https:\/\/www.ehu.eus\/cdsea\/web\/index.php\/wp-json\/wp\/v2\/users\/1"}],"replies":[{"embeddable":true,"href":"https:\/\/www.ehu.eus\/cdsea\/web\/index.php\/wp-json\/wp\/v2\/comments?post=79"}],"version-history":[{"count":8,"href":"https:\/\/www.ehu.eus\/cdsea\/web\/index.php\/wp-json\/wp\/v2\/pages\/79\/revisions"}],"predecessor-version":[{"id":18299,"href":"https:\/\/www.ehu.eus\/cdsea\/web\/index.php\/wp-json\/wp\/v2\/pages\/79\/revisions\/18299"}],"up":[{"embeddable":true,"href":"https:\/\/www.ehu.eus\/cdsea\/web\/index.php\/wp-json\/wp\/v2\/pages\/48"}],"wp:attachment":[{"href":"https:\/\/www.ehu.eus\/cdsea\/web\/index.php\/wp-json\/wp\/v2\/media?parent=79"}],"curies":[{"name":"wp","href":"https:\/\/api.w.org\/{rel}","templated":true}]}}