{"id":8388,"date":"2019-02-08T12:04:18","date_gmt":"2019-02-08T12:04:18","guid":{"rendered":"http:\/\/www.ehu.eus\/cdsea\/web\/?page_id=8388"},"modified":"2019-06-12T09:37:50","modified_gmt":"2019-06-12T09:37:50","slug":"reunion-sociedad-iberica","status":"publish","type":"page","link":"https:\/\/www.ehu.eus\/cdsea\/web\/index.php\/reunion-sociedad-iberica\/","title":{"rendered":"REUNION SOCIEDAD IB\u00c9RICA"},"content":{"rendered":"<p style=\"text-align: justify;\"><span style=\"font-size: 14pt; color: #003300;\"><strong>PRIMERA REUNI\u00d3N DE LA SOCIEDAD IB\u00c9RICA DE ECOLOG\u00cdA &amp; XIV REUNI\u00d3N DE LA AEET DE ECOLOG\u00cdA<\/strong><\/span><\/p>\n<p style=\"text-align: justify;\"><span style=\"font-size: 12pt;\"><img loading=\"lazy\" decoding=\"async\" class=\"alignleft wp-image-8390\" src=\"http:\/\/www.ehu.eus\/cdsea\/web\/wp-content\/uploads\/2017\/03\/fotoreunionsociedadiberica-300x169.jpg\" alt=\"\" width=\"274\" height=\"154\" srcset=\"https:\/\/www.ehu.eus\/cdsea\/web\/wp-content\/uploads\/2017\/03\/fotoreunionsociedadiberica-300x169.jpg 300w, https:\/\/www.ehu.eus\/cdsea\/web\/wp-content\/uploads\/2017\/03\/fotoreunionsociedadiberica-768x432.jpg 768w, https:\/\/www.ehu.eus\/cdsea\/web\/wp-content\/uploads\/2017\/03\/fotoreunionsociedadiberica-1024x576.jpg 1024w, https:\/\/www.ehu.eus\/cdsea\/web\/wp-content\/uploads\/2017\/03\/fotoreunionsociedadiberica-600x338.jpg 600w, https:\/\/www.ehu.eus\/cdsea\/web\/wp-content\/uploads\/2017\/03\/fotoreunionsociedadiberica.jpg 1600w\" sizes=\"(max-width: 274px) 100vw, 274px\" \/>Representantes de la C\u00e1tedra UNESCO participar\u00e1n en la <a href=\"http:\/\/congresosociedadibericaecologia2019.net\/\"><strong>1st Meeting of the Iberian Ecological Society &amp; XIV AEET Meeting Ecology: an integrative science in the Anthropocene<\/strong><\/a> -Barcelona del 4 al 7 de febrero- con la presentaci\u00f3n oral <strong>\u201c<a href=\"http:\/\/www.ehu.eus\/cdsea\/web\/wp-content\/uploads\/2017\/03\/pagina-78.pdf\"><em>Model based on Ecosystem Services for the implementation of compensatory measures<\/em>\u201d<\/a>.<\/strong><\/span><\/p>\n<p style=\"text-align: justify;\"><span style=\"font-size: 12pt;\">El objetivo de la conferencia es destacar los conceptos ecol\u00f3gicos transversales compartidos por las diferentes ramas de esta disciplina (limnolog\u00eda, ecolog\u00eda marina, ecolog\u00eda terrestre, ecolog\u00eda te\u00f3rica), independientemente del sistema de estudio. Se busca intercambiar ideas y enfoques que sean comunes a las diferentes especialidades en ecolog\u00eda, y proporcionar una plataforma para discutir c\u00f3mo las ciencias ecol\u00f3gicas pueden ayudar a enfrentar l<\/span><span style=\"font-size: 12pt;\">as enormes transformaciones ambientales inducidas por las sociedades humanas.<\/span><\/p>\n<p><strong><a href=\"http:\/\/www.ehu.eus\/cdsea\/web\/wp-content\/uploads\/2017\/03\/Abstract20Book20SIBECOL2019.pdf\"><span style=\"font-size: 14pt;\">Abstract book <span style=\"color: #ffffff;\">d<\/span><\/span><\/a><span style=\"color: #ffffff;\"><a style=\"color: #ffffff;\" href=\"http:\/\/www.ehu.eus\/cdsea\/web\/wp-content\/uploads\/2017\/03\/Abstract20Book20SIBECOL2019.pdf\"><span style=\"font-size: 12pt;\"><img loading=\"lazy\" decoding=\"async\" class=\"wp-image-9635 alignleft\" src=\"http:\/\/www.ehu.eus\/cdsea\/web\/wp-content\/uploads\/2017\/03\/portadalibroabstract-208x300.jpg\" alt=\"\" width=\"110\" height=\"159\" srcset=\"https:\/\/www.ehu.eus\/cdsea\/web\/wp-content\/uploads\/2017\/03\/portadalibroabstract-208x300.jpg 208w, https:\/\/www.ehu.eus\/cdsea\/web\/wp-content\/uploads\/2017\/03\/portadalibroabstract.jpg 448w\" sizes=\"(max-width: 110px) 100vw, 110px\" \/><\/span><\/a><\/span><\/strong><span style=\"color: #ffffff;\"><a style=\"color: #ffffff;\" href=\"http:\/\/www.ehu.eus\/cdsea\/web\/wp-content\/uploads\/2017\/03\/Abstract20Book20SIBECOL2019.pdf\"><span style=\"font-size: 14pt;\"><strong>e abstracts<\/strong><\/span><\/a><\/span><\/p>\n<p>Meeting of the Iberian Ecological Society &amp; XIV AEET Meeting Ecology: an integrative science in the Anthropocene<\/p>\n","protected":false},"excerpt":{"rendered":"<p>PRIMERA REUNI\u00d3N DE LA SOCIEDAD IB\u00c9RICA DE ECOLOG\u00cdA &amp; XIV REUNI\u00d3N DE LA AEET DE ECOLOG\u00cdA Representantes de la C\u00e1tedra UNESCO participar\u00e1n en la 1st Meeting of the Iberian Ecological Society &amp; XIV AEET Meeting Ecology: an integrative science in the Anthropocene -Barcelona del 4 al 7 de febrero- con la presentaci\u00f3n oral \u201cModel based [&hellip;]<\/p>\n","protected":false},"author":4,"featured_media":0,"parent":0,"menu_order":0,"comment_status":"closed","ping_status":"closed","template":"","meta":{"footnotes":""},"class_list":["post-8388","page","type-page","status-publish","hentry"],"_links":{"self":[{"href":"https:\/\/www.ehu.eus\/cdsea\/web\/index.php\/wp-json\/wp\/v2\/pages\/8388"}],"collection":[{"href":"https:\/\/www.ehu.eus\/cdsea\/web\/index.php\/wp-json\/wp\/v2\/pages"}],"about":[{"href":"https:\/\/www.ehu.eus\/cdsea\/web\/index.php\/wp-json\/wp\/v2\/types\/page"}],"author":[{"embeddable":true,"href":"https:\/\/www.ehu.eus\/cdsea\/web\/index.php\/wp-json\/wp\/v2\/users\/4"}],"replies":[{"embeddable":true,"href":"https:\/\/www.ehu.eus\/cdsea\/web\/index.php\/wp-json\/wp\/v2\/comments?post=8388"}],"version-history":[{"count":15,"href":"https:\/\/www.ehu.eus\/cdsea\/web\/index.php\/wp-json\/wp\/v2\/pages\/8388\/revisions"}],"predecessor-version":[{"id":9645,"href":"https:\/\/www.ehu.eus\/cdsea\/web\/index.php\/wp-json\/wp\/v2\/pages\/8388\/revisions\/9645"}],"wp:attachment":[{"href":"https:\/\/www.ehu.eus\/cdsea\/web\/index.php\/wp-json\/wp\/v2\/media?parent=8388"}],"curies":[{"name":"wp","href":"https:\/\/api.w.org\/{rel}","templated":true}]}}